{"id":690,"date":"2020-10-28T13:13:32","date_gmt":"2020-10-28T12:13:32","guid":{"rendered":"https:\/\/avmedical.ma\/?post_type=product&#038;p=690"},"modified":"2024-02-25T19:12:44","modified_gmt":"2024-02-25T18:12:44","slug":"bandelettes-diagnostiques-bio-fluoro","status":"publish","type":"product","link":"https:\/\/avmedical.ma\/ar\/product\/bandelettes-diagnostiques-bio-fluoro\/","title":{"rendered":"Bio Fluoro"},"content":{"rendered":"<p align=\"justify\">Les bandelettes diagnostiques sont utilis\u00e9es pour visualiser les d\u00e9fauts ou les aberrations de l&rsquo;\u00e9pith\u00e9lium corn\u00e9en en colorant les zones de perte cellulaire. Ils sont disponibles sous forme de bandelettes st\u00e9riles dans des sachets individuels pelables.<\/p>\n<p style=\"text-align: center;\"><strong>Indication:<\/strong><br \/>\nPour la pose de lentilles de contact.<\/p>\n<p style=\"text-align: center;\"><strong>Composition par bandelette:<\/strong><br \/>\nChaque bandelette est impr\u00e9gn\u00e9e de 1,0 mg de Fluoresc\u00e9ine Sodique<\/p>\n<p style=\"text-align: center;\"><strong>Emballage:<\/strong><br \/>\nBo\u00eete de 100 bandelettes st\u00e9riles emball\u00e9es individuellement.<\/p>","protected":false},"excerpt":{"rendered":"<p>Les bandelettes diagnostiques sont utilis\u00e9es pour visualiser les d\u00e9fauts ou les &#8230; <\/p>","protected":false},"featured_media":1690,"comment_status":"open","ping_status":"closed","template":"","meta":[],"product_brand":[],"product_cat":[294,283],"product_tag":[],"class_list":{"0":"post-690","1":"product","2":"type-product","3":"status-publish","4":"has-post-thumbnail","6":"product_cat-bande-ophtalmique","7":"product_cat-ophtalmologie","9":"first","10":"instock","11":"shipping-taxable","12":"product-type-simple"},"yoast_head":"<!-- This site is optimized with the Yoast SEO plugin v27.2 - https:\/\/yoast.com\/product\/yoast-seo-wordpress\/ -->\n<title>Bio Fluoro - AV MEDICAL<\/title>\n<meta name=\"robots\" content=\"index, follow, max-snippet:-1, max-image-preview:large, max-video-preview:-1\" \/>\n<link rel=\"canonical\" href=\"https:\/\/avmedical.ma\/ar\/product\/bandelettes-diagnostiques-bio-fluoro\/\" \/>\n<meta property=\"og:locale\" content=\"ar_AR\" \/>\n<meta property=\"og:type\" content=\"article\" \/>\n<meta property=\"og:title\" content=\"Bio Fluoro - AV MEDICAL\" \/>\n<meta property=\"og:description\" content=\"Les bandelettes diagnostiques sont utilis\u00e9es pour visualiser les d\u00e9fauts ou les ...\" \/>\n<meta property=\"og:url\" content=\"https:\/\/avmedical.ma\/ar\/product\/bandelettes-diagnostiques-bio-fluoro\/\" \/>\n<meta property=\"og:site_name\" content=\"AV MEDICAL\" \/>\n<meta property=\"article:modified_time\" content=\"2024-02-25T18:12:44+00:00\" \/>\n<meta property=\"og:image\" content=\"https:\/\/avmedical.ma\/wp-content\/uploads\/2024\/02\/bio-fluoro_resize.jpg\" \/>\n\t<meta property=\"og:image:width\" content=\"385\" \/>\n\t<meta property=\"og:image:height\" content=\"345\" \/>\n\t<meta property=\"og:image:type\" content=\"image\/jpeg\" \/>\n<meta name=\"twitter:card\" content=\"summary_large_image\" \/>\n<script type=\"application\/ld+json\" class=\"yoast-schema-graph\">{\"@context\":\"https:\/\/schema.org\",\"@graph\":[{\"@type\":\"WebPage\",\"@id\":\"https:\/\/avmedical.ma\/produit\/bandelettes-diagnostiques-bio-fluoro\/\",\"url\":\"https:\/\/avmedical.ma\/produit\/bandelettes-diagnostiques-bio-fluoro\/\",\"name\":\"Bio Fluoro - AV MEDICAL\",\"isPartOf\":{\"@id\":\"https:\/\/avmedical.ma\/#website\"},\"primaryImageOfPage\":{\"@id\":\"https:\/\/avmedical.ma\/produit\/bandelettes-diagnostiques-bio-fluoro\/#primaryimage\"},\"image\":{\"@id\":\"https:\/\/avmedical.ma\/produit\/bandelettes-diagnostiques-bio-fluoro\/#primaryimage\"},\"thumbnailUrl\":\"https:\/\/avmedical.ma\/wp-content\/uploads\/2024\/02\/bio-fluoro_resize.jpg\",\"datePublished\":\"2020-10-28T12:13:32+00:00\",\"dateModified\":\"2024-02-25T18:12:44+00:00\",\"breadcrumb\":{\"@id\":\"https:\/\/avmedical.ma\/produit\/bandelettes-diagnostiques-bio-fluoro\/#breadcrumb\"},\"inLanguage\":\"ar\",\"potentialAction\":[{\"@type\":\"ReadAction\",\"target\":[\"https:\/\/avmedical.ma\/produit\/bandelettes-diagnostiques-bio-fluoro\/\"]}]},{\"@type\":\"ImageObject\",\"inLanguage\":\"ar\",\"@id\":\"https:\/\/avmedical.ma\/produit\/bandelettes-diagnostiques-bio-fluoro\/#primaryimage\",\"url\":\"https:\/\/avmedical.ma\/wp-content\/uploads\/2024\/02\/bio-fluoro_resize.jpg\",\"contentUrl\":\"https:\/\/avmedical.ma\/wp-content\/uploads\/2024\/02\/bio-fluoro_resize.jpg\",\"width\":385,\"height\":345},{\"@type\":\"BreadcrumbList\",\"@id\":\"https:\/\/avmedical.ma\/produit\/bandelettes-diagnostiques-bio-fluoro\/#breadcrumb\",\"itemListElement\":[{\"@type\":\"ListItem\",\"position\":1,\"name\":\"Accueil\",\"item\":\"https:\/\/avmedical.ma\/\"},{\"@type\":\"ListItem\",\"position\":2,\"name\":\"Shop\",\"item\":\"https:\/\/avmedical.ma\/shop\/\"},{\"@type\":\"ListItem\",\"position\":3,\"name\":\"Bio Fluoro\"}]},{\"@type\":\"WebSite\",\"@id\":\"https:\/\/avmedical.ma\/#website\",\"url\":\"https:\/\/avmedical.ma\/\",\"name\":\"AVMEDICAL Maroc\",\"description\":\"\",\"publisher\":{\"@id\":\"https:\/\/avmedical.ma\/#organization\"},\"potentialAction\":[{\"@type\":\"SearchAction\",\"target\":{\"@type\":\"EntryPoint\",\"urlTemplate\":\"https:\/\/avmedical.ma\/?s={search_term_string}\"},\"query-input\":{\"@type\":\"PropertyValueSpecification\",\"valueRequired\":true,\"valueName\":\"search_term_string\"}}],\"inLanguage\":\"ar\"},{\"@type\":\"Organization\",\"@id\":\"https:\/\/avmedical.ma\/#organization\",\"name\":\"AVMEDICAL\",\"url\":\"https:\/\/avmedical.ma\/\",\"logo\":{\"@type\":\"ImageObject\",\"inLanguage\":\"ar\",\"@id\":\"https:\/\/avmedical.ma\/#\/schema\/logo\/image\/\",\"url\":\"https:\/\/avmedical.ma\/wp-content\/uploads\/2024\/02\/logo_avmedical_new.png\",\"contentUrl\":\"https:\/\/avmedical.ma\/wp-content\/uploads\/2024\/02\/logo_avmedical_new.png\",\"width\":420,\"height\":95,\"caption\":\"AVMEDICAL\"},\"image\":{\"@id\":\"https:\/\/avmedical.ma\/#\/schema\/logo\/image\/\"}}]}<\/script>\n<!-- \/ Yoast SEO plugin. -->","yoast_head_json":{"title":"Bio Fluoro - AV MEDICAL","robots":{"index":"index","follow":"follow","max-snippet":"max-snippet:-1","max-image-preview":"max-image-preview:large","max-video-preview":"max-video-preview:-1"},"canonical":"https:\/\/avmedical.ma\/ar\/product\/bandelettes-diagnostiques-bio-fluoro\/","og_locale":"ar_AR","og_type":"article","og_title":"Bio Fluoro - AV MEDICAL","og_description":"Les bandelettes diagnostiques sont utilis\u00e9es pour visualiser les d\u00e9fauts ou les ...","og_url":"https:\/\/avmedical.ma\/ar\/product\/bandelettes-diagnostiques-bio-fluoro\/","og_site_name":"AV MEDICAL","article_modified_time":"2024-02-25T18:12:44+00:00","og_image":[{"width":385,"height":345,"url":"https:\/\/avmedical.ma\/wp-content\/uploads\/2024\/02\/bio-fluoro_resize.jpg","type":"image\/jpeg"}],"twitter_card":"summary_large_image","schema":{"@context":"https:\/\/schema.org","@graph":[{"@type":"WebPage","@id":"https:\/\/avmedical.ma\/produit\/bandelettes-diagnostiques-bio-fluoro\/","url":"https:\/\/avmedical.ma\/produit\/bandelettes-diagnostiques-bio-fluoro\/","name":"Bio Fluoro - AV MEDICAL","isPartOf":{"@id":"https:\/\/avmedical.ma\/#website"},"primaryImageOfPage":{"@id":"https:\/\/avmedical.ma\/produit\/bandelettes-diagnostiques-bio-fluoro\/#primaryimage"},"image":{"@id":"https:\/\/avmedical.ma\/produit\/bandelettes-diagnostiques-bio-fluoro\/#primaryimage"},"thumbnailUrl":"https:\/\/avmedical.ma\/wp-content\/uploads\/2024\/02\/bio-fluoro_resize.jpg","datePublished":"2020-10-28T12:13:32+00:00","dateModified":"2024-02-25T18:12:44+00:00","breadcrumb":{"@id":"https:\/\/avmedical.ma\/produit\/bandelettes-diagnostiques-bio-fluoro\/#breadcrumb"},"inLanguage":"ar","potentialAction":[{"@type":"ReadAction","target":["https:\/\/avmedical.ma\/produit\/bandelettes-diagnostiques-bio-fluoro\/"]}]},{"@type":"ImageObject","inLanguage":"ar","@id":"https:\/\/avmedical.ma\/produit\/bandelettes-diagnostiques-bio-fluoro\/#primaryimage","url":"https:\/\/avmedical.ma\/wp-content\/uploads\/2024\/02\/bio-fluoro_resize.jpg","contentUrl":"https:\/\/avmedical.ma\/wp-content\/uploads\/2024\/02\/bio-fluoro_resize.jpg","width":385,"height":345},{"@type":"BreadcrumbList","@id":"https:\/\/avmedical.ma\/produit\/bandelettes-diagnostiques-bio-fluoro\/#breadcrumb","itemListElement":[{"@type":"ListItem","position":1,"name":"Accueil","item":"https:\/\/avmedical.ma\/"},{"@type":"ListItem","position":2,"name":"Shop","item":"https:\/\/avmedical.ma\/shop\/"},{"@type":"ListItem","position":3,"name":"Bio Fluoro"}]},{"@type":"WebSite","@id":"https:\/\/avmedical.ma\/#website","url":"https:\/\/avmedical.ma\/","name":"AVMEDICAL Maroc","description":"","publisher":{"@id":"https:\/\/avmedical.ma\/#organization"},"potentialAction":[{"@type":"SearchAction","target":{"@type":"EntryPoint","urlTemplate":"https:\/\/avmedical.ma\/?s={search_term_string}"},"query-input":{"@type":"PropertyValueSpecification","valueRequired":true,"valueName":"search_term_string"}}],"inLanguage":"ar"},{"@type":"Organization","@id":"https:\/\/avmedical.ma\/#organization","name":"AVMEDICAL","url":"https:\/\/avmedical.ma\/","logo":{"@type":"ImageObject","inLanguage":"ar","@id":"https:\/\/avmedical.ma\/#\/schema\/logo\/image\/","url":"https:\/\/avmedical.ma\/wp-content\/uploads\/2024\/02\/logo_avmedical_new.png","contentUrl":"https:\/\/avmedical.ma\/wp-content\/uploads\/2024\/02\/logo_avmedical_new.png","width":420,"height":95,"caption":"AVMEDICAL"},"image":{"@id":"https:\/\/avmedical.ma\/#\/schema\/logo\/image\/"}}]}},"_links":{"self":[{"href":"https:\/\/avmedical.ma\/ar\/wp-json\/wp\/v2\/product\/690","targetHints":{"allow":["GET"]}}],"collection":[{"href":"https:\/\/avmedical.ma\/ar\/wp-json\/wp\/v2\/product"}],"about":[{"href":"https:\/\/avmedical.ma\/ar\/wp-json\/wp\/v2\/types\/product"}],"replies":[{"embeddable":true,"href":"https:\/\/avmedical.ma\/ar\/wp-json\/wp\/v2\/comments?post=690"}],"wp:featuredmedia":[{"embeddable":true,"href":"https:\/\/avmedical.ma\/ar\/wp-json\/wp\/v2\/media\/1690"}],"wp:attachment":[{"href":"https:\/\/avmedical.ma\/ar\/wp-json\/wp\/v2\/media?parent=690"}],"wp:term":[{"taxonomy":"product_brand","embeddable":true,"href":"https:\/\/avmedical.ma\/ar\/wp-json\/wp\/v2\/product_brand?post=690"},{"taxonomy":"product_cat","embeddable":true,"href":"https:\/\/avmedical.ma\/ar\/wp-json\/wp\/v2\/product_cat?post=690"},{"taxonomy":"product_tag","embeddable":true,"href":"https:\/\/avmedical.ma\/ar\/wp-json\/wp\/v2\/product_tag?post=690"}],"curies":[{"name":"wp","href":"https:\/\/api.w.org\/{rel}","templated":true}]}}