{"id":681,"date":"2020-10-28T12:49:49","date_gmt":"2020-10-28T11:49:49","guid":{"rendered":"https:\/\/avmedical.ma\/?post_type=product&#038;p=681"},"modified":"2024-02-25T19:12:44","modified_gmt":"2024-02-25T18:12:44","slug":"bio-hyalur-duo","status":"publish","type":"product","link":"https:\/\/avmedical.ma\/ar\/product\/bio-hyalur-duo\/","title":{"rendered":"Bio-Hyalur Duo"},"content":{"rendered":"<p align=\"justify\">Solution visco\u00e9lastique de hyaluronate de sodium pour les proc\u00e9dures ophtalmiques du segment ant\u00e9rieur, Bio-Hyalur DUO est destin\u00e9 \u00e0 \u00eatre utilis\u00e9 lors d&rsquo;une intervention chirurgicale dans le segment ant\u00e9rieur de l&rsquo;\u0153il humain. Il est con\u00e7u pour cr\u00e9er et maintenir la profondeur et la visibilit\u00e9 de la chambre ant\u00e9rieure, prot\u00e9ger les cellules endoth\u00e9liales corn\u00e9ennes, les autres tissus intraoculaires et minimiser les interactions entre les tissus pendant la manipulation chirurgicale.<\/p>\n<ul>\n<li>Bio Hyalur DUO offre des propri\u00e9t\u00e9s uniques qui fonctionnent ensemble et offrent une protection, un contr\u00f4le, une clart\u00e9 et une facilit\u00e9 d&rsquo;utilisation ultimes pour chaque proc\u00e9dure de cataracte et de phaco\u00e9mulsification.<\/li>\n<li>La combinaison permet une utilisation visco\u00e9lastique id\u00e9ale pendant chaque phase de la chirurgie recherch\u00e9e par le chirurgien<\/li>\n<\/ul>","protected":false},"excerpt":{"rendered":"<p>Solution visco\u00e9lastique de hyaluronate de sodium pour les proc\u00e9dures ophtalmiques du &#8230; <\/p>","protected":false},"featured_media":1686,"comment_status":"open","ping_status":"closed","template":"","meta":[],"product_brand":[],"product_cat":[283,161],"product_tag":[],"class_list":{"0":"post-681","1":"product","2":"type-product","3":"status-publish","4":"has-post-thumbnail","6":"product_cat-ophtalmologie","7":"product_cat-solution-ophtalmique","9":"first","10":"instock","11":"shipping-taxable","12":"product-type-simple"},"yoast_head":"<!-- This site is optimized with the Yoast SEO plugin v27.2 - https:\/\/yoast.com\/product\/yoast-seo-wordpress\/ -->\n<title>Bio-Hyalur Duo - AV MEDICAL<\/title>\n<meta name=\"robots\" content=\"index, follow, max-snippet:-1, max-image-preview:large, max-video-preview:-1\" \/>\n<link rel=\"canonical\" href=\"https:\/\/avmedical.ma\/ar\/product\/bio-hyalur-duo\/\" \/>\n<meta property=\"og:locale\" content=\"ar_AR\" \/>\n<meta property=\"og:type\" content=\"article\" \/>\n<meta property=\"og:title\" content=\"Bio-Hyalur Duo - AV MEDICAL\" \/>\n<meta property=\"og:description\" content=\"Solution visco\u00e9lastique de hyaluronate de sodium pour les proc\u00e9dures ophtalmiques du ...\" \/>\n<meta property=\"og:url\" content=\"https:\/\/avmedical.ma\/ar\/product\/bio-hyalur-duo\/\" \/>\n<meta property=\"og:site_name\" content=\"AV MEDICAL\" \/>\n<meta property=\"article:modified_time\" content=\"2024-02-25T18:12:44+00:00\" \/>\n<meta property=\"og:image\" content=\"https:\/\/avmedical.ma\/wp-content\/uploads\/2024\/02\/biohy_range_resize.jpg\" \/>\n\t<meta property=\"og:image:width\" content=\"385\" \/>\n\t<meta property=\"og:image:height\" content=\"345\" \/>\n\t<meta property=\"og:image:type\" content=\"image\/jpeg\" \/>\n<meta name=\"twitter:card\" content=\"summary_large_image\" \/>\n<meta name=\"twitter:label1\" content=\"\u0648\u0642\u062a \u0627\u0644\u0642\u0631\u0627\u0621\u0629 \u0627\u0644\u0645\u064f\u0642\u062f\u0651\u0631\" \/>\n\t<meta name=\"twitter:data1\" content=\"\u062f\u0642\u064a\u0642\u0629 \u0648\u0627\u062d\u062f\u0629\" \/>\n<script type=\"application\/ld+json\" class=\"yoast-schema-graph\">{\"@context\":\"https:\/\/schema.org\",\"@graph\":[{\"@type\":\"WebPage\",\"@id\":\"https:\/\/avmedical.ma\/produit\/bio-hyalur-duo\/\",\"url\":\"https:\/\/avmedical.ma\/produit\/bio-hyalur-duo\/\",\"name\":\"Bio-Hyalur Duo - AV MEDICAL\",\"isPartOf\":{\"@id\":\"https:\/\/avmedical.ma\/#website\"},\"primaryImageOfPage\":{\"@id\":\"https:\/\/avmedical.ma\/produit\/bio-hyalur-duo\/#primaryimage\"},\"image\":{\"@id\":\"https:\/\/avmedical.ma\/produit\/bio-hyalur-duo\/#primaryimage\"},\"thumbnailUrl\":\"https:\/\/avmedical.ma\/wp-content\/uploads\/2024\/02\/biohy_range_resize.jpg\",\"datePublished\":\"2020-10-28T11:49:49+00:00\",\"dateModified\":\"2024-02-25T18:12:44+00:00\",\"breadcrumb\":{\"@id\":\"https:\/\/avmedical.ma\/produit\/bio-hyalur-duo\/#breadcrumb\"},\"inLanguage\":\"ar\",\"potentialAction\":[{\"@type\":\"ReadAction\",\"target\":[\"https:\/\/avmedical.ma\/produit\/bio-hyalur-duo\/\"]}]},{\"@type\":\"ImageObject\",\"inLanguage\":\"ar\",\"@id\":\"https:\/\/avmedical.ma\/produit\/bio-hyalur-duo\/#primaryimage\",\"url\":\"https:\/\/avmedical.ma\/wp-content\/uploads\/2024\/02\/biohy_range_resize.jpg\",\"contentUrl\":\"https:\/\/avmedical.ma\/wp-content\/uploads\/2024\/02\/biohy_range_resize.jpg\",\"width\":385,\"height\":345},{\"@type\":\"BreadcrumbList\",\"@id\":\"https:\/\/avmedical.ma\/produit\/bio-hyalur-duo\/#breadcrumb\",\"itemListElement\":[{\"@type\":\"ListItem\",\"position\":1,\"name\":\"Accueil\",\"item\":\"https:\/\/avmedical.ma\/\"},{\"@type\":\"ListItem\",\"position\":2,\"name\":\"Shop\",\"item\":\"https:\/\/avmedical.ma\/shop\/\"},{\"@type\":\"ListItem\",\"position\":3,\"name\":\"Bio-Hyalur Duo\"}]},{\"@type\":\"WebSite\",\"@id\":\"https:\/\/avmedical.ma\/#website\",\"url\":\"https:\/\/avmedical.ma\/\",\"name\":\"AVMEDICAL Maroc\",\"description\":\"\",\"publisher\":{\"@id\":\"https:\/\/avmedical.ma\/#organization\"},\"potentialAction\":[{\"@type\":\"SearchAction\",\"target\":{\"@type\":\"EntryPoint\",\"urlTemplate\":\"https:\/\/avmedical.ma\/?s={search_term_string}\"},\"query-input\":{\"@type\":\"PropertyValueSpecification\",\"valueRequired\":true,\"valueName\":\"search_term_string\"}}],\"inLanguage\":\"ar\"},{\"@type\":\"Organization\",\"@id\":\"https:\/\/avmedical.ma\/#organization\",\"name\":\"AVMEDICAL\",\"url\":\"https:\/\/avmedical.ma\/\",\"logo\":{\"@type\":\"ImageObject\",\"inLanguage\":\"ar\",\"@id\":\"https:\/\/avmedical.ma\/#\/schema\/logo\/image\/\",\"url\":\"https:\/\/avmedical.ma\/wp-content\/uploads\/2024\/02\/logo_avmedical_new.png\",\"contentUrl\":\"https:\/\/avmedical.ma\/wp-content\/uploads\/2024\/02\/logo_avmedical_new.png\",\"width\":420,\"height\":95,\"caption\":\"AVMEDICAL\"},\"image\":{\"@id\":\"https:\/\/avmedical.ma\/#\/schema\/logo\/image\/\"}}]}<\/script>\n<!-- \/ Yoast SEO plugin. -->","yoast_head_json":{"title":"Bio-Hyalur Duo - AV MEDICAL","robots":{"index":"index","follow":"follow","max-snippet":"max-snippet:-1","max-image-preview":"max-image-preview:large","max-video-preview":"max-video-preview:-1"},"canonical":"https:\/\/avmedical.ma\/ar\/product\/bio-hyalur-duo\/","og_locale":"ar_AR","og_type":"article","og_title":"Bio-Hyalur Duo - AV MEDICAL","og_description":"Solution visco\u00e9lastique de hyaluronate de sodium pour les proc\u00e9dures ophtalmiques du ...","og_url":"https:\/\/avmedical.ma\/ar\/product\/bio-hyalur-duo\/","og_site_name":"AV MEDICAL","article_modified_time":"2024-02-25T18:12:44+00:00","og_image":[{"width":385,"height":345,"url":"https:\/\/avmedical.ma\/wp-content\/uploads\/2024\/02\/biohy_range_resize.jpg","type":"image\/jpeg"}],"twitter_card":"summary_large_image","twitter_misc":{"\u0648\u0642\u062a \u0627\u0644\u0642\u0631\u0627\u0621\u0629 \u0627\u0644\u0645\u064f\u0642\u062f\u0651\u0631":"\u062f\u0642\u064a\u0642\u0629 \u0648\u0627\u062d\u062f\u0629"},"schema":{"@context":"https:\/\/schema.org","@graph":[{"@type":"WebPage","@id":"https:\/\/avmedical.ma\/produit\/bio-hyalur-duo\/","url":"https:\/\/avmedical.ma\/produit\/bio-hyalur-duo\/","name":"Bio-Hyalur Duo - AV MEDICAL","isPartOf":{"@id":"https:\/\/avmedical.ma\/#website"},"primaryImageOfPage":{"@id":"https:\/\/avmedical.ma\/produit\/bio-hyalur-duo\/#primaryimage"},"image":{"@id":"https:\/\/avmedical.ma\/produit\/bio-hyalur-duo\/#primaryimage"},"thumbnailUrl":"https:\/\/avmedical.ma\/wp-content\/uploads\/2024\/02\/biohy_range_resize.jpg","datePublished":"2020-10-28T11:49:49+00:00","dateModified":"2024-02-25T18:12:44+00:00","breadcrumb":{"@id":"https:\/\/avmedical.ma\/produit\/bio-hyalur-duo\/#breadcrumb"},"inLanguage":"ar","potentialAction":[{"@type":"ReadAction","target":["https:\/\/avmedical.ma\/produit\/bio-hyalur-duo\/"]}]},{"@type":"ImageObject","inLanguage":"ar","@id":"https:\/\/avmedical.ma\/produit\/bio-hyalur-duo\/#primaryimage","url":"https:\/\/avmedical.ma\/wp-content\/uploads\/2024\/02\/biohy_range_resize.jpg","contentUrl":"https:\/\/avmedical.ma\/wp-content\/uploads\/2024\/02\/biohy_range_resize.jpg","width":385,"height":345},{"@type":"BreadcrumbList","@id":"https:\/\/avmedical.ma\/produit\/bio-hyalur-duo\/#breadcrumb","itemListElement":[{"@type":"ListItem","position":1,"name":"Accueil","item":"https:\/\/avmedical.ma\/"},{"@type":"ListItem","position":2,"name":"Shop","item":"https:\/\/avmedical.ma\/shop\/"},{"@type":"ListItem","position":3,"name":"Bio-Hyalur Duo"}]},{"@type":"WebSite","@id":"https:\/\/avmedical.ma\/#website","url":"https:\/\/avmedical.ma\/","name":"AVMEDICAL Maroc","description":"","publisher":{"@id":"https:\/\/avmedical.ma\/#organization"},"potentialAction":[{"@type":"SearchAction","target":{"@type":"EntryPoint","urlTemplate":"https:\/\/avmedical.ma\/?s={search_term_string}"},"query-input":{"@type":"PropertyValueSpecification","valueRequired":true,"valueName":"search_term_string"}}],"inLanguage":"ar"},{"@type":"Organization","@id":"https:\/\/avmedical.ma\/#organization","name":"AVMEDICAL","url":"https:\/\/avmedical.ma\/","logo":{"@type":"ImageObject","inLanguage":"ar","@id":"https:\/\/avmedical.ma\/#\/schema\/logo\/image\/","url":"https:\/\/avmedical.ma\/wp-content\/uploads\/2024\/02\/logo_avmedical_new.png","contentUrl":"https:\/\/avmedical.ma\/wp-content\/uploads\/2024\/02\/logo_avmedical_new.png","width":420,"height":95,"caption":"AVMEDICAL"},"image":{"@id":"https:\/\/avmedical.ma\/#\/schema\/logo\/image\/"}}]}},"_links":{"self":[{"href":"https:\/\/avmedical.ma\/ar\/wp-json\/wp\/v2\/product\/681","targetHints":{"allow":["GET"]}}],"collection":[{"href":"https:\/\/avmedical.ma\/ar\/wp-json\/wp\/v2\/product"}],"about":[{"href":"https:\/\/avmedical.ma\/ar\/wp-json\/wp\/v2\/types\/product"}],"replies":[{"embeddable":true,"href":"https:\/\/avmedical.ma\/ar\/wp-json\/wp\/v2\/comments?post=681"}],"wp:featuredmedia":[{"embeddable":true,"href":"https:\/\/avmedical.ma\/ar\/wp-json\/wp\/v2\/media\/1686"}],"wp:attachment":[{"href":"https:\/\/avmedical.ma\/ar\/wp-json\/wp\/v2\/media?parent=681"}],"wp:term":[{"taxonomy":"product_brand","embeddable":true,"href":"https:\/\/avmedical.ma\/ar\/wp-json\/wp\/v2\/product_brand?post=681"},{"taxonomy":"product_cat","embeddable":true,"href":"https:\/\/avmedical.ma\/ar\/wp-json\/wp\/v2\/product_cat?post=681"},{"taxonomy":"product_tag","embeddable":true,"href":"https:\/\/avmedical.ma\/ar\/wp-json\/wp\/v2\/product_tag?post=681"}],"curies":[{"name":"wp","href":"https:\/\/api.w.org\/{rel}","templated":true}]}}