{"id":671,"date":"2020-10-28T00:32:37","date_gmt":"2020-10-27T23:32:37","guid":{"rendered":"https:\/\/avmedical.ma\/?post_type=product&#038;p=671"},"modified":"2024-02-25T18:56:24","modified_gmt":"2024-02-25T17:56:24","slug":"lentilles-intraoculaires-eyecryl-plus-clear","status":"publish","type":"product","link":"https:\/\/avmedical.ma\/ar\/product\/lentilles-intraoculaires-eyecryl-plus-clear\/","title":{"rendered":"Eyecryl Plus Clear"},"content":{"rendered":"<p align=\"justify\">Les LIO Eyecryl Plus Clear sont des LIO sans aberration avec optique asph\u00e9rique. La conception sans aberration offre de bonnes performances et une bonne vision, m\u00eame en cas de faiblesse zonulaire, de pupilles d\u00e9centr\u00e9es et d&rsquo;inclinaison de la lentille. Les LIO Eyecryl Plus Clear ont \u00e9t\u00e9 test\u00e9es pour +0,5 mm de d\u00e9centration et 5 \u00b0 d&rsquo;inclinaison. La fonction visuelle dans toutes les conditions d&rsquo;\u00e9clairage s&rsquo;am\u00e9liore consid\u00e9rablement.<\/p>\n<ul>\n<li>Optique sans aberration pour une meilleure profondeur de champ visuel<\/li>\n<li>Bord carr\u00e9 \u00e0 360 \u00b0 avec surface hydrophobe pour reporter le PC<\/li>\n<li>Am\u00e9liore la sensibilit\u00e9 au contraste, la nettet\u00e9 et la clart\u00e9 dans toutes les conditions d&rsquo;\u00e9clairage<\/li>\n<li>Puret\u00e9 optique, pas de vacuoles<\/li>\n<li>La surface lisse de la lentille r\u00e9duit l&rsquo;adh\u00e9rence bact\u00e9rienne et la r\u00e9ponse cellulaire inflammatoire<\/li>\n<li>Un angle de contact plus \u00e9lev\u00e9 augmente l&rsquo;hydrophobicit\u00e9<\/li>\n<li>Une \u00e9nergie de surface plus faible inhibe la croissance cellulaire et l&rsquo;adh\u00e9rence cellulaire, retardant ainsi le PCO<\/li>\n<li>R\u00e9sistance \u00e0 l&rsquo;adh\u00e9rence de l&rsquo;huile de silicone<\/li>\n<li>Biocompatibilit\u00e9 \u00e9lev\u00e9e<\/li>\n<\/ul>","protected":false},"excerpt":{"rendered":"<p>Les LIO Eyecryl Plus Clear sont des LIO sans aberration avec &#8230; <\/p>","protected":false},"featured_media":1682,"comment_status":"open","ping_status":"closed","template":"","meta":[],"product_brand":[],"product_cat":[283],"product_tag":[],"class_list":{"0":"post-671","1":"product","2":"type-product","3":"status-publish","4":"has-post-thumbnail","6":"product_cat-ophtalmologie","8":"first","9":"instock","10":"shipping-taxable","11":"product-type-simple"},"yoast_head":"<!-- This site is optimized with the Yoast SEO plugin v27.2 - https:\/\/yoast.com\/product\/yoast-seo-wordpress\/ -->\n<title>Eyecryl Plus Clear - AV MEDICAL<\/title>\n<meta name=\"robots\" content=\"index, follow, max-snippet:-1, max-image-preview:large, max-video-preview:-1\" \/>\n<link rel=\"canonical\" href=\"https:\/\/avmedical.ma\/ar\/product\/lentilles-intraoculaires-eyecryl-plus-clear\/\" \/>\n<meta property=\"og:locale\" content=\"ar_AR\" \/>\n<meta property=\"og:type\" content=\"article\" \/>\n<meta property=\"og:title\" content=\"Eyecryl Plus Clear - AV MEDICAL\" \/>\n<meta property=\"og:description\" content=\"Les LIO Eyecryl Plus Clear sont des LIO sans aberration avec ...\" \/>\n<meta property=\"og:url\" content=\"https:\/\/avmedical.ma\/ar\/product\/lentilles-intraoculaires-eyecryl-plus-clear\/\" \/>\n<meta property=\"og:site_name\" content=\"AV MEDICAL\" \/>\n<meta property=\"article:modified_time\" content=\"2024-02-25T17:56:24+00:00\" \/>\n<meta property=\"og:image\" content=\"https:\/\/avmedical.ma\/wp-content\/uploads\/2024\/02\/eyecryl-plus-clear_resize.jpg\" \/>\n\t<meta property=\"og:image:width\" content=\"385\" \/>\n\t<meta property=\"og:image:height\" content=\"345\" \/>\n\t<meta property=\"og:image:type\" content=\"image\/jpeg\" \/>\n<meta name=\"twitter:card\" content=\"summary_large_image\" \/>\n<meta name=\"twitter:label1\" content=\"\u0648\u0642\u062a \u0627\u0644\u0642\u0631\u0627\u0621\u0629 \u0627\u0644\u0645\u064f\u0642\u062f\u0651\u0631\" \/>\n\t<meta name=\"twitter:data1\" content=\"\u062f\u0642\u064a\u0642\u0629 \u0648\u0627\u062d\u062f\u0629\" \/>\n<script type=\"application\/ld+json\" class=\"yoast-schema-graph\">{\"@context\":\"https:\/\/schema.org\",\"@graph\":[{\"@type\":\"WebPage\",\"@id\":\"https:\/\/avmedical.ma\/produit\/lentilles-intraoculaires-eyecryl-plus-clear\/\",\"url\":\"https:\/\/avmedical.ma\/produit\/lentilles-intraoculaires-eyecryl-plus-clear\/\",\"name\":\"Eyecryl Plus Clear - AV MEDICAL\",\"isPartOf\":{\"@id\":\"https:\/\/avmedical.ma\/#website\"},\"primaryImageOfPage\":{\"@id\":\"https:\/\/avmedical.ma\/produit\/lentilles-intraoculaires-eyecryl-plus-clear\/#primaryimage\"},\"image\":{\"@id\":\"https:\/\/avmedical.ma\/produit\/lentilles-intraoculaires-eyecryl-plus-clear\/#primaryimage\"},\"thumbnailUrl\":\"https:\/\/avmedical.ma\/wp-content\/uploads\/2024\/02\/eyecryl-plus-clear_resize.jpg\",\"datePublished\":\"2020-10-27T23:32:37+00:00\",\"dateModified\":\"2024-02-25T17:56:24+00:00\",\"breadcrumb\":{\"@id\":\"https:\/\/avmedical.ma\/produit\/lentilles-intraoculaires-eyecryl-plus-clear\/#breadcrumb\"},\"inLanguage\":\"ar\",\"potentialAction\":[{\"@type\":\"ReadAction\",\"target\":[\"https:\/\/avmedical.ma\/produit\/lentilles-intraoculaires-eyecryl-plus-clear\/\"]}]},{\"@type\":\"ImageObject\",\"inLanguage\":\"ar\",\"@id\":\"https:\/\/avmedical.ma\/produit\/lentilles-intraoculaires-eyecryl-plus-clear\/#primaryimage\",\"url\":\"https:\/\/avmedical.ma\/wp-content\/uploads\/2024\/02\/eyecryl-plus-clear_resize.jpg\",\"contentUrl\":\"https:\/\/avmedical.ma\/wp-content\/uploads\/2024\/02\/eyecryl-plus-clear_resize.jpg\",\"width\":385,\"height\":345},{\"@type\":\"BreadcrumbList\",\"@id\":\"https:\/\/avmedical.ma\/produit\/lentilles-intraoculaires-eyecryl-plus-clear\/#breadcrumb\",\"itemListElement\":[{\"@type\":\"ListItem\",\"position\":1,\"name\":\"Accueil\",\"item\":\"https:\/\/avmedical.ma\/\"},{\"@type\":\"ListItem\",\"position\":2,\"name\":\"Shop\",\"item\":\"https:\/\/avmedical.ma\/shop\/\"},{\"@type\":\"ListItem\",\"position\":3,\"name\":\"Eyecryl Plus Clear\"}]},{\"@type\":\"WebSite\",\"@id\":\"https:\/\/avmedical.ma\/#website\",\"url\":\"https:\/\/avmedical.ma\/\",\"name\":\"AVMEDICAL Maroc\",\"description\":\"\",\"publisher\":{\"@id\":\"https:\/\/avmedical.ma\/#organization\"},\"potentialAction\":[{\"@type\":\"SearchAction\",\"target\":{\"@type\":\"EntryPoint\",\"urlTemplate\":\"https:\/\/avmedical.ma\/?s={search_term_string}\"},\"query-input\":{\"@type\":\"PropertyValueSpecification\",\"valueRequired\":true,\"valueName\":\"search_term_string\"}}],\"inLanguage\":\"ar\"},{\"@type\":\"Organization\",\"@id\":\"https:\/\/avmedical.ma\/#organization\",\"name\":\"AVMEDICAL\",\"url\":\"https:\/\/avmedical.ma\/\",\"logo\":{\"@type\":\"ImageObject\",\"inLanguage\":\"ar\",\"@id\":\"https:\/\/avmedical.ma\/#\/schema\/logo\/image\/\",\"url\":\"https:\/\/avmedical.ma\/wp-content\/uploads\/2024\/02\/logo_avmedical_new.png\",\"contentUrl\":\"https:\/\/avmedical.ma\/wp-content\/uploads\/2024\/02\/logo_avmedical_new.png\",\"width\":420,\"height\":95,\"caption\":\"AVMEDICAL\"},\"image\":{\"@id\":\"https:\/\/avmedical.ma\/#\/schema\/logo\/image\/\"}}]}<\/script>\n<!-- \/ Yoast SEO plugin. -->","yoast_head_json":{"title":"Eyecryl Plus Clear - AV MEDICAL","robots":{"index":"index","follow":"follow","max-snippet":"max-snippet:-1","max-image-preview":"max-image-preview:large","max-video-preview":"max-video-preview:-1"},"canonical":"https:\/\/avmedical.ma\/ar\/product\/lentilles-intraoculaires-eyecryl-plus-clear\/","og_locale":"ar_AR","og_type":"article","og_title":"Eyecryl Plus Clear - AV MEDICAL","og_description":"Les LIO Eyecryl Plus Clear sont des LIO sans aberration avec ...","og_url":"https:\/\/avmedical.ma\/ar\/product\/lentilles-intraoculaires-eyecryl-plus-clear\/","og_site_name":"AV MEDICAL","article_modified_time":"2024-02-25T17:56:24+00:00","og_image":[{"width":385,"height":345,"url":"https:\/\/avmedical.ma\/wp-content\/uploads\/2024\/02\/eyecryl-plus-clear_resize.jpg","type":"image\/jpeg"}],"twitter_card":"summary_large_image","twitter_misc":{"\u0648\u0642\u062a \u0627\u0644\u0642\u0631\u0627\u0621\u0629 \u0627\u0644\u0645\u064f\u0642\u062f\u0651\u0631":"\u062f\u0642\u064a\u0642\u0629 \u0648\u0627\u062d\u062f\u0629"},"schema":{"@context":"https:\/\/schema.org","@graph":[{"@type":"WebPage","@id":"https:\/\/avmedical.ma\/produit\/lentilles-intraoculaires-eyecryl-plus-clear\/","url":"https:\/\/avmedical.ma\/produit\/lentilles-intraoculaires-eyecryl-plus-clear\/","name":"Eyecryl Plus Clear - AV MEDICAL","isPartOf":{"@id":"https:\/\/avmedical.ma\/#website"},"primaryImageOfPage":{"@id":"https:\/\/avmedical.ma\/produit\/lentilles-intraoculaires-eyecryl-plus-clear\/#primaryimage"},"image":{"@id":"https:\/\/avmedical.ma\/produit\/lentilles-intraoculaires-eyecryl-plus-clear\/#primaryimage"},"thumbnailUrl":"https:\/\/avmedical.ma\/wp-content\/uploads\/2024\/02\/eyecryl-plus-clear_resize.jpg","datePublished":"2020-10-27T23:32:37+00:00","dateModified":"2024-02-25T17:56:24+00:00","breadcrumb":{"@id":"https:\/\/avmedical.ma\/produit\/lentilles-intraoculaires-eyecryl-plus-clear\/#breadcrumb"},"inLanguage":"ar","potentialAction":[{"@type":"ReadAction","target":["https:\/\/avmedical.ma\/produit\/lentilles-intraoculaires-eyecryl-plus-clear\/"]}]},{"@type":"ImageObject","inLanguage":"ar","@id":"https:\/\/avmedical.ma\/produit\/lentilles-intraoculaires-eyecryl-plus-clear\/#primaryimage","url":"https:\/\/avmedical.ma\/wp-content\/uploads\/2024\/02\/eyecryl-plus-clear_resize.jpg","contentUrl":"https:\/\/avmedical.ma\/wp-content\/uploads\/2024\/02\/eyecryl-plus-clear_resize.jpg","width":385,"height":345},{"@type":"BreadcrumbList","@id":"https:\/\/avmedical.ma\/produit\/lentilles-intraoculaires-eyecryl-plus-clear\/#breadcrumb","itemListElement":[{"@type":"ListItem","position":1,"name":"Accueil","item":"https:\/\/avmedical.ma\/"},{"@type":"ListItem","position":2,"name":"Shop","item":"https:\/\/avmedical.ma\/shop\/"},{"@type":"ListItem","position":3,"name":"Eyecryl Plus Clear"}]},{"@type":"WebSite","@id":"https:\/\/avmedical.ma\/#website","url":"https:\/\/avmedical.ma\/","name":"AVMEDICAL Maroc","description":"","publisher":{"@id":"https:\/\/avmedical.ma\/#organization"},"potentialAction":[{"@type":"SearchAction","target":{"@type":"EntryPoint","urlTemplate":"https:\/\/avmedical.ma\/?s={search_term_string}"},"query-input":{"@type":"PropertyValueSpecification","valueRequired":true,"valueName":"search_term_string"}}],"inLanguage":"ar"},{"@type":"Organization","@id":"https:\/\/avmedical.ma\/#organization","name":"AVMEDICAL","url":"https:\/\/avmedical.ma\/","logo":{"@type":"ImageObject","inLanguage":"ar","@id":"https:\/\/avmedical.ma\/#\/schema\/logo\/image\/","url":"https:\/\/avmedical.ma\/wp-content\/uploads\/2024\/02\/logo_avmedical_new.png","contentUrl":"https:\/\/avmedical.ma\/wp-content\/uploads\/2024\/02\/logo_avmedical_new.png","width":420,"height":95,"caption":"AVMEDICAL"},"image":{"@id":"https:\/\/avmedical.ma\/#\/schema\/logo\/image\/"}}]}},"_links":{"self":[{"href":"https:\/\/avmedical.ma\/ar\/wp-json\/wp\/v2\/product\/671","targetHints":{"allow":["GET"]}}],"collection":[{"href":"https:\/\/avmedical.ma\/ar\/wp-json\/wp\/v2\/product"}],"about":[{"href":"https:\/\/avmedical.ma\/ar\/wp-json\/wp\/v2\/types\/product"}],"replies":[{"embeddable":true,"href":"https:\/\/avmedical.ma\/ar\/wp-json\/wp\/v2\/comments?post=671"}],"wp:featuredmedia":[{"embeddable":true,"href":"https:\/\/avmedical.ma\/ar\/wp-json\/wp\/v2\/media\/1682"}],"wp:attachment":[{"href":"https:\/\/avmedical.ma\/ar\/wp-json\/wp\/v2\/media?parent=671"}],"wp:term":[{"taxonomy":"product_brand","embeddable":true,"href":"https:\/\/avmedical.ma\/ar\/wp-json\/wp\/v2\/product_brand?post=671"},{"taxonomy":"product_cat","embeddable":true,"href":"https:\/\/avmedical.ma\/ar\/wp-json\/wp\/v2\/product_cat?post=671"},{"taxonomy":"product_tag","embeddable":true,"href":"https:\/\/avmedical.ma\/ar\/wp-json\/wp\/v2\/product_tag?post=671"}],"curies":[{"name":"wp","href":"https:\/\/api.w.org\/{rel}","templated":true}]}}