{"id":664,"date":"2020-10-27T17:46:08","date_gmt":"2020-10-27T16:46:08","guid":{"rendered":"https:\/\/avmedical.ma\/?post_type=product&#038;p=664"},"modified":"2024-02-25T18:58:14","modified_gmt":"2024-02-25T17:58:14","slug":"lentilles-intraoculaires-optiflex-genesis-comfort","status":"publish","type":"product","link":"https:\/\/avmedical.ma\/ar\/product\/lentilles-intraoculaires-optiflex-genesis-comfort\/","title":{"rendered":"Optiflex Genesis Comfort"},"content":{"rendered":"<section class=\"av_textblock_section\">\n<div class=\"avia_textblock\">\n<p>Optiflex Genesis Comfort NY est un syst\u00e8me d&rsquo;administration pr\u00e9charg\u00e9 contenant une lentille intra-oculaire jaune naturelle asph\u00e9rique hydrophobe.<\/p>\n<ul>\n<li>S\u00fbr et fiable<\/li>\n<li>Facile \u00e0 utiliser<\/li>\n<li>Syst\u00e8me pr\u00e9charg\u00e9 \u00e0 usage unique pour \u00e9liminer la contamination crois\u00e9e<\/li>\n<li>Pr\u00e9-charg\u00e9 de LIO hydrophobe asph\u00e9rique jaune naturel<\/li>\n<li>Livraison dans le sac<\/li>\n<\/ul>\n<\/div>\n<\/section>","protected":false},"excerpt":{"rendered":"<p>Optiflex Genesis Comfort NY est un syst\u00e8me d&rsquo;administration pr\u00e9charg\u00e9 contenant une &#8230; <\/p>","protected":false},"featured_media":1679,"comment_status":"open","ping_status":"closed","template":"","meta":[],"product_brand":[],"product_cat":[283],"product_tag":[],"class_list":{"0":"post-664","1":"product","2":"type-product","3":"status-publish","4":"has-post-thumbnail","6":"product_cat-ophtalmologie","8":"first","9":"instock","10":"shipping-taxable","11":"product-type-simple"},"yoast_head":"<!-- This site is optimized with the Yoast SEO plugin v27.2 - https:\/\/yoast.com\/product\/yoast-seo-wordpress\/ -->\n<title>Optiflex Genesis Comfort - AV MEDICAL<\/title>\n<meta name=\"robots\" content=\"index, follow, max-snippet:-1, max-image-preview:large, max-video-preview:-1\" \/>\n<link rel=\"canonical\" href=\"https:\/\/avmedical.ma\/ar\/product\/lentilles-intraoculaires-optiflex-genesis-comfort\/\" \/>\n<meta property=\"og:locale\" content=\"ar_AR\" \/>\n<meta property=\"og:type\" content=\"article\" \/>\n<meta property=\"og:title\" content=\"Optiflex Genesis Comfort - AV MEDICAL\" \/>\n<meta property=\"og:description\" content=\"Optiflex Genesis Comfort NY est un syst\u00e8me d&rsquo;administration pr\u00e9charg\u00e9 contenant une ...\" \/>\n<meta property=\"og:url\" content=\"https:\/\/avmedical.ma\/ar\/product\/lentilles-intraoculaires-optiflex-genesis-comfort\/\" \/>\n<meta property=\"og:site_name\" content=\"AV MEDICAL\" \/>\n<meta property=\"article:modified_time\" content=\"2024-02-25T17:58:14+00:00\" \/>\n<meta property=\"og:image\" content=\"https:\/\/avmedical.ma\/wp-content\/uploads\/2024\/02\/optiflex-genesis.jpg\" \/>\n\t<meta property=\"og:image:width\" content=\"400\" \/>\n\t<meta property=\"og:image:height\" content=\"400\" \/>\n\t<meta property=\"og:image:type\" content=\"image\/jpeg\" \/>\n<meta name=\"twitter:card\" content=\"summary_large_image\" \/>\n<script type=\"application\/ld+json\" class=\"yoast-schema-graph\">{\"@context\":\"https:\/\/schema.org\",\"@graph\":[{\"@type\":\"WebPage\",\"@id\":\"https:\/\/avmedical.ma\/produit\/lentilles-intraoculaires-optiflex-genesis-comfort\/\",\"url\":\"https:\/\/avmedical.ma\/produit\/lentilles-intraoculaires-optiflex-genesis-comfort\/\",\"name\":\"Optiflex Genesis Comfort - AV MEDICAL\",\"isPartOf\":{\"@id\":\"https:\/\/avmedical.ma\/#website\"},\"primaryImageOfPage\":{\"@id\":\"https:\/\/avmedical.ma\/produit\/lentilles-intraoculaires-optiflex-genesis-comfort\/#primaryimage\"},\"image\":{\"@id\":\"https:\/\/avmedical.ma\/produit\/lentilles-intraoculaires-optiflex-genesis-comfort\/#primaryimage\"},\"thumbnailUrl\":\"https:\/\/avmedical.ma\/wp-content\/uploads\/2024\/02\/optiflex-genesis.jpg\",\"datePublished\":\"2020-10-27T16:46:08+00:00\",\"dateModified\":\"2024-02-25T17:58:14+00:00\",\"breadcrumb\":{\"@id\":\"https:\/\/avmedical.ma\/produit\/lentilles-intraoculaires-optiflex-genesis-comfort\/#breadcrumb\"},\"inLanguage\":\"ar\",\"potentialAction\":[{\"@type\":\"ReadAction\",\"target\":[\"https:\/\/avmedical.ma\/produit\/lentilles-intraoculaires-optiflex-genesis-comfort\/\"]}]},{\"@type\":\"ImageObject\",\"inLanguage\":\"ar\",\"@id\":\"https:\/\/avmedical.ma\/produit\/lentilles-intraoculaires-optiflex-genesis-comfort\/#primaryimage\",\"url\":\"https:\/\/avmedical.ma\/wp-content\/uploads\/2024\/02\/optiflex-genesis.jpg\",\"contentUrl\":\"https:\/\/avmedical.ma\/wp-content\/uploads\/2024\/02\/optiflex-genesis.jpg\",\"width\":400,\"height\":400},{\"@type\":\"BreadcrumbList\",\"@id\":\"https:\/\/avmedical.ma\/produit\/lentilles-intraoculaires-optiflex-genesis-comfort\/#breadcrumb\",\"itemListElement\":[{\"@type\":\"ListItem\",\"position\":1,\"name\":\"Accueil\",\"item\":\"https:\/\/avmedical.ma\/\"},{\"@type\":\"ListItem\",\"position\":2,\"name\":\"Shop\",\"item\":\"https:\/\/avmedical.ma\/shop\/\"},{\"@type\":\"ListItem\",\"position\":3,\"name\":\"Optiflex Genesis Comfort\"}]},{\"@type\":\"WebSite\",\"@id\":\"https:\/\/avmedical.ma\/#website\",\"url\":\"https:\/\/avmedical.ma\/\",\"name\":\"AVMEDICAL Maroc\",\"description\":\"\",\"publisher\":{\"@id\":\"https:\/\/avmedical.ma\/#organization\"},\"potentialAction\":[{\"@type\":\"SearchAction\",\"target\":{\"@type\":\"EntryPoint\",\"urlTemplate\":\"https:\/\/avmedical.ma\/?s={search_term_string}\"},\"query-input\":{\"@type\":\"PropertyValueSpecification\",\"valueRequired\":true,\"valueName\":\"search_term_string\"}}],\"inLanguage\":\"ar\"},{\"@type\":\"Organization\",\"@id\":\"https:\/\/avmedical.ma\/#organization\",\"name\":\"AVMEDICAL\",\"url\":\"https:\/\/avmedical.ma\/\",\"logo\":{\"@type\":\"ImageObject\",\"inLanguage\":\"ar\",\"@id\":\"https:\/\/avmedical.ma\/#\/schema\/logo\/image\/\",\"url\":\"https:\/\/avmedical.ma\/wp-content\/uploads\/2024\/02\/logo_avmedical_new.png\",\"contentUrl\":\"https:\/\/avmedical.ma\/wp-content\/uploads\/2024\/02\/logo_avmedical_new.png\",\"width\":420,\"height\":95,\"caption\":\"AVMEDICAL\"},\"image\":{\"@id\":\"https:\/\/avmedical.ma\/#\/schema\/logo\/image\/\"}}]}<\/script>\n<!-- \/ Yoast SEO plugin. -->","yoast_head_json":{"title":"Optiflex Genesis Comfort - AV MEDICAL","robots":{"index":"index","follow":"follow","max-snippet":"max-snippet:-1","max-image-preview":"max-image-preview:large","max-video-preview":"max-video-preview:-1"},"canonical":"https:\/\/avmedical.ma\/ar\/product\/lentilles-intraoculaires-optiflex-genesis-comfort\/","og_locale":"ar_AR","og_type":"article","og_title":"Optiflex Genesis Comfort - AV MEDICAL","og_description":"Optiflex Genesis Comfort NY est un syst\u00e8me d&rsquo;administration pr\u00e9charg\u00e9 contenant une ...","og_url":"https:\/\/avmedical.ma\/ar\/product\/lentilles-intraoculaires-optiflex-genesis-comfort\/","og_site_name":"AV MEDICAL","article_modified_time":"2024-02-25T17:58:14+00:00","og_image":[{"width":400,"height":400,"url":"https:\/\/avmedical.ma\/wp-content\/uploads\/2024\/02\/optiflex-genesis.jpg","type":"image\/jpeg"}],"twitter_card":"summary_large_image","schema":{"@context":"https:\/\/schema.org","@graph":[{"@type":"WebPage","@id":"https:\/\/avmedical.ma\/produit\/lentilles-intraoculaires-optiflex-genesis-comfort\/","url":"https:\/\/avmedical.ma\/produit\/lentilles-intraoculaires-optiflex-genesis-comfort\/","name":"Optiflex Genesis Comfort - AV MEDICAL","isPartOf":{"@id":"https:\/\/avmedical.ma\/#website"},"primaryImageOfPage":{"@id":"https:\/\/avmedical.ma\/produit\/lentilles-intraoculaires-optiflex-genesis-comfort\/#primaryimage"},"image":{"@id":"https:\/\/avmedical.ma\/produit\/lentilles-intraoculaires-optiflex-genesis-comfort\/#primaryimage"},"thumbnailUrl":"https:\/\/avmedical.ma\/wp-content\/uploads\/2024\/02\/optiflex-genesis.jpg","datePublished":"2020-10-27T16:46:08+00:00","dateModified":"2024-02-25T17:58:14+00:00","breadcrumb":{"@id":"https:\/\/avmedical.ma\/produit\/lentilles-intraoculaires-optiflex-genesis-comfort\/#breadcrumb"},"inLanguage":"ar","potentialAction":[{"@type":"ReadAction","target":["https:\/\/avmedical.ma\/produit\/lentilles-intraoculaires-optiflex-genesis-comfort\/"]}]},{"@type":"ImageObject","inLanguage":"ar","@id":"https:\/\/avmedical.ma\/produit\/lentilles-intraoculaires-optiflex-genesis-comfort\/#primaryimage","url":"https:\/\/avmedical.ma\/wp-content\/uploads\/2024\/02\/optiflex-genesis.jpg","contentUrl":"https:\/\/avmedical.ma\/wp-content\/uploads\/2024\/02\/optiflex-genesis.jpg","width":400,"height":400},{"@type":"BreadcrumbList","@id":"https:\/\/avmedical.ma\/produit\/lentilles-intraoculaires-optiflex-genesis-comfort\/#breadcrumb","itemListElement":[{"@type":"ListItem","position":1,"name":"Accueil","item":"https:\/\/avmedical.ma\/"},{"@type":"ListItem","position":2,"name":"Shop","item":"https:\/\/avmedical.ma\/shop\/"},{"@type":"ListItem","position":3,"name":"Optiflex Genesis Comfort"}]},{"@type":"WebSite","@id":"https:\/\/avmedical.ma\/#website","url":"https:\/\/avmedical.ma\/","name":"AVMEDICAL Maroc","description":"","publisher":{"@id":"https:\/\/avmedical.ma\/#organization"},"potentialAction":[{"@type":"SearchAction","target":{"@type":"EntryPoint","urlTemplate":"https:\/\/avmedical.ma\/?s={search_term_string}"},"query-input":{"@type":"PropertyValueSpecification","valueRequired":true,"valueName":"search_term_string"}}],"inLanguage":"ar"},{"@type":"Organization","@id":"https:\/\/avmedical.ma\/#organization","name":"AVMEDICAL","url":"https:\/\/avmedical.ma\/","logo":{"@type":"ImageObject","inLanguage":"ar","@id":"https:\/\/avmedical.ma\/#\/schema\/logo\/image\/","url":"https:\/\/avmedical.ma\/wp-content\/uploads\/2024\/02\/logo_avmedical_new.png","contentUrl":"https:\/\/avmedical.ma\/wp-content\/uploads\/2024\/02\/logo_avmedical_new.png","width":420,"height":95,"caption":"AVMEDICAL"},"image":{"@id":"https:\/\/avmedical.ma\/#\/schema\/logo\/image\/"}}]}},"_links":{"self":[{"href":"https:\/\/avmedical.ma\/ar\/wp-json\/wp\/v2\/product\/664","targetHints":{"allow":["GET"]}}],"collection":[{"href":"https:\/\/avmedical.ma\/ar\/wp-json\/wp\/v2\/product"}],"about":[{"href":"https:\/\/avmedical.ma\/ar\/wp-json\/wp\/v2\/types\/product"}],"replies":[{"embeddable":true,"href":"https:\/\/avmedical.ma\/ar\/wp-json\/wp\/v2\/comments?post=664"}],"wp:featuredmedia":[{"embeddable":true,"href":"https:\/\/avmedical.ma\/ar\/wp-json\/wp\/v2\/media\/1679"}],"wp:attachment":[{"href":"https:\/\/avmedical.ma\/ar\/wp-json\/wp\/v2\/media?parent=664"}],"wp:term":[{"taxonomy":"product_brand","embeddable":true,"href":"https:\/\/avmedical.ma\/ar\/wp-json\/wp\/v2\/product_brand?post=664"},{"taxonomy":"product_cat","embeddable":true,"href":"https:\/\/avmedical.ma\/ar\/wp-json\/wp\/v2\/product_cat?post=664"},{"taxonomy":"product_tag","embeddable":true,"href":"https:\/\/avmedical.ma\/ar\/wp-json\/wp\/v2\/product_tag?post=664"}],"curies":[{"name":"wp","href":"https:\/\/api.w.org\/{rel}","templated":true}]}}