{"id":532,"date":"2020-10-24T16:35:34","date_gmt":"2020-10-24T14:35:34","guid":{"rendered":"https:\/\/avmedical.ma\/?post_type=product&#038;p=532"},"modified":"2024-02-19T22:49:21","modified_gmt":"2024-02-19T21:49:21","slug":"kit-de-traction-cervicale-assis","status":"publish","type":"product","link":"https:\/\/avmedical.ma\/ar\/product\/kit-de-traction-cervicale-assis\/","title":{"rendered":"Kit de traction cervicale"},"content":{"rendered":"<p align=\"justify\">Le Kit de traction cervicale est un appareil complet con\u00e7u pour fournir une traction aux vert\u00e8bres cervicales et dorsales sup\u00e9rieures. Il soulage la pression en \u00e9tirant la musculature et les composants du tissu conjonctif de la colonne cervicale. Il \u00e9largit l&rsquo;espace articulaire intervert\u00e9bral et soulage la pression sur les corps vert\u00e9braux ant\u00e9rieurs.<\/p>\n<ul>\n<li>Kit maison \/ h\u00f4pital facile \u00e0 utiliser<\/li>\n<li>Adaptable \u00e0 la plupart des lits<\/li>\n<li>Traction contr\u00f4l\u00e9e et uniforme<\/li>\n<li>Focalisation pr\u00e9cise de la force de traction<\/li>\n<\/ul>\n<p>Utilisation \u00e0 domicile pratique<\/p>\n<ul>\n<li>Traction continue contr\u00f4l\u00e9e<\/li>\n<li>Retrait et application faciles<\/li>\n<li>R\u00e9duction des pertes par frottement<\/li>\n<\/ul>","protected":false},"excerpt":{"rendered":"<p>Le Kit de traction cervicale est un appareil complet con\u00e7u pour &#8230; <\/p>","protected":false},"featured_media":1603,"comment_status":"open","ping_status":"closed","template":"","meta":[],"product_brand":[],"product_cat":[115,114],"product_tag":[119],"class_list":{"0":"post-532","1":"product","2":"type-product","3":"status-publish","4":"has-post-thumbnail","6":"product_cat-kit-de-traction","7":"product_cat-orthopedie","8":"product_tag-g-25","10":"first","11":"instock","12":"shipping-taxable","13":"product-type-simple"},"yoast_head":"<!-- This site is optimized with the Yoast SEO plugin v27.2 - https:\/\/yoast.com\/product\/yoast-seo-wordpress\/ -->\n<title>Kit de traction cervicale - AV MEDICAL<\/title>\n<meta name=\"robots\" content=\"index, follow, max-snippet:-1, max-image-preview:large, max-video-preview:-1\" \/>\n<link rel=\"canonical\" href=\"https:\/\/avmedical.ma\/ar\/product\/kit-de-traction-cervicale-assis\/\" \/>\n<meta property=\"og:locale\" content=\"ar_AR\" \/>\n<meta property=\"og:type\" content=\"article\" \/>\n<meta property=\"og:title\" content=\"Kit de traction cervicale - AV MEDICAL\" \/>\n<meta property=\"og:description\" content=\"Le Kit de traction cervicale est un appareil complet con\u00e7u pour ...\" \/>\n<meta property=\"og:url\" content=\"https:\/\/avmedical.ma\/ar\/product\/kit-de-traction-cervicale-assis\/\" \/>\n<meta property=\"og:site_name\" content=\"AV MEDICAL\" \/>\n<meta property=\"article:modified_time\" content=\"2024-02-19T21:49:21+00:00\" \/>\n<meta property=\"og:image\" content=\"https:\/\/avmedical.ma\/wp-content\/uploads\/2024\/02\/kit-de-traction-cervical_assis_resize.jpg\" \/>\n\t<meta property=\"og:image:width\" content=\"385\" \/>\n\t<meta property=\"og:image:height\" content=\"345\" \/>\n\t<meta property=\"og:image:type\" content=\"image\/jpeg\" \/>\n<meta name=\"twitter:card\" content=\"summary_large_image\" \/>\n<meta name=\"twitter:label1\" content=\"\u0648\u0642\u062a \u0627\u0644\u0642\u0631\u0627\u0621\u0629 \u0627\u0644\u0645\u064f\u0642\u062f\u0651\u0631\" \/>\n\t<meta name=\"twitter:data1\" content=\"\u062f\u0642\u064a\u0642\u0629 \u0648\u0627\u062d\u062f\u0629\" \/>\n<script type=\"application\/ld+json\" class=\"yoast-schema-graph\">{\"@context\":\"https:\/\/schema.org\",\"@graph\":[{\"@type\":\"WebPage\",\"@id\":\"https:\/\/avmedical.ma\/produit\/kit-de-traction-cervicale-assis\/\",\"url\":\"https:\/\/avmedical.ma\/produit\/kit-de-traction-cervicale-assis\/\",\"name\":\"Kit de traction cervicale - AV MEDICAL\",\"isPartOf\":{\"@id\":\"https:\/\/avmedical.ma\/#website\"},\"primaryImageOfPage\":{\"@id\":\"https:\/\/avmedical.ma\/produit\/kit-de-traction-cervicale-assis\/#primaryimage\"},\"image\":{\"@id\":\"https:\/\/avmedical.ma\/produit\/kit-de-traction-cervicale-assis\/#primaryimage\"},\"thumbnailUrl\":\"https:\/\/avmedical.ma\/wp-content\/uploads\/2024\/02\/kit-de-traction-cervical_assis_resize.jpg\",\"datePublished\":\"2020-10-24T14:35:34+00:00\",\"dateModified\":\"2024-02-19T21:49:21+00:00\",\"breadcrumb\":{\"@id\":\"https:\/\/avmedical.ma\/produit\/kit-de-traction-cervicale-assis\/#breadcrumb\"},\"inLanguage\":\"ar\",\"potentialAction\":[{\"@type\":\"ReadAction\",\"target\":[\"https:\/\/avmedical.ma\/produit\/kit-de-traction-cervicale-assis\/\"]}]},{\"@type\":\"ImageObject\",\"inLanguage\":\"ar\",\"@id\":\"https:\/\/avmedical.ma\/produit\/kit-de-traction-cervicale-assis\/#primaryimage\",\"url\":\"https:\/\/avmedical.ma\/wp-content\/uploads\/2024\/02\/kit-de-traction-cervical_assis_resize.jpg\",\"contentUrl\":\"https:\/\/avmedical.ma\/wp-content\/uploads\/2024\/02\/kit-de-traction-cervical_assis_resize.jpg\",\"width\":385,\"height\":345},{\"@type\":\"BreadcrumbList\",\"@id\":\"https:\/\/avmedical.ma\/produit\/kit-de-traction-cervicale-assis\/#breadcrumb\",\"itemListElement\":[{\"@type\":\"ListItem\",\"position\":1,\"name\":\"Accueil\",\"item\":\"https:\/\/avmedical.ma\/\"},{\"@type\":\"ListItem\",\"position\":2,\"name\":\"Shop\",\"item\":\"https:\/\/avmedical.ma\/shop\/\"},{\"@type\":\"ListItem\",\"position\":3,\"name\":\"Kit de traction cervicale\"}]},{\"@type\":\"WebSite\",\"@id\":\"https:\/\/avmedical.ma\/#website\",\"url\":\"https:\/\/avmedical.ma\/\",\"name\":\"AVMEDICAL Maroc\",\"description\":\"\",\"publisher\":{\"@id\":\"https:\/\/avmedical.ma\/#organization\"},\"potentialAction\":[{\"@type\":\"SearchAction\",\"target\":{\"@type\":\"EntryPoint\",\"urlTemplate\":\"https:\/\/avmedical.ma\/?s={search_term_string}\"},\"query-input\":{\"@type\":\"PropertyValueSpecification\",\"valueRequired\":true,\"valueName\":\"search_term_string\"}}],\"inLanguage\":\"ar\"},{\"@type\":\"Organization\",\"@id\":\"https:\/\/avmedical.ma\/#organization\",\"name\":\"AVMEDICAL\",\"url\":\"https:\/\/avmedical.ma\/\",\"logo\":{\"@type\":\"ImageObject\",\"inLanguage\":\"ar\",\"@id\":\"https:\/\/avmedical.ma\/#\/schema\/logo\/image\/\",\"url\":\"https:\/\/avmedical.ma\/wp-content\/uploads\/2024\/02\/logo_avmedical_new.png\",\"contentUrl\":\"https:\/\/avmedical.ma\/wp-content\/uploads\/2024\/02\/logo_avmedical_new.png\",\"width\":420,\"height\":95,\"caption\":\"AVMEDICAL\"},\"image\":{\"@id\":\"https:\/\/avmedical.ma\/#\/schema\/logo\/image\/\"}}]}<\/script>\n<!-- \/ Yoast SEO plugin. -->","yoast_head_json":{"title":"Kit de traction cervicale - AV MEDICAL","robots":{"index":"index","follow":"follow","max-snippet":"max-snippet:-1","max-image-preview":"max-image-preview:large","max-video-preview":"max-video-preview:-1"},"canonical":"https:\/\/avmedical.ma\/ar\/product\/kit-de-traction-cervicale-assis\/","og_locale":"ar_AR","og_type":"article","og_title":"Kit de traction cervicale - AV MEDICAL","og_description":"Le Kit de traction cervicale est un appareil complet con\u00e7u pour ...","og_url":"https:\/\/avmedical.ma\/ar\/product\/kit-de-traction-cervicale-assis\/","og_site_name":"AV MEDICAL","article_modified_time":"2024-02-19T21:49:21+00:00","og_image":[{"width":385,"height":345,"url":"https:\/\/avmedical.ma\/wp-content\/uploads\/2024\/02\/kit-de-traction-cervical_assis_resize.jpg","type":"image\/jpeg"}],"twitter_card":"summary_large_image","twitter_misc":{"\u0648\u0642\u062a \u0627\u0644\u0642\u0631\u0627\u0621\u0629 \u0627\u0644\u0645\u064f\u0642\u062f\u0651\u0631":"\u062f\u0642\u064a\u0642\u0629 \u0648\u0627\u062d\u062f\u0629"},"schema":{"@context":"https:\/\/schema.org","@graph":[{"@type":"WebPage","@id":"https:\/\/avmedical.ma\/produit\/kit-de-traction-cervicale-assis\/","url":"https:\/\/avmedical.ma\/produit\/kit-de-traction-cervicale-assis\/","name":"Kit de traction cervicale - AV MEDICAL","isPartOf":{"@id":"https:\/\/avmedical.ma\/#website"},"primaryImageOfPage":{"@id":"https:\/\/avmedical.ma\/produit\/kit-de-traction-cervicale-assis\/#primaryimage"},"image":{"@id":"https:\/\/avmedical.ma\/produit\/kit-de-traction-cervicale-assis\/#primaryimage"},"thumbnailUrl":"https:\/\/avmedical.ma\/wp-content\/uploads\/2024\/02\/kit-de-traction-cervical_assis_resize.jpg","datePublished":"2020-10-24T14:35:34+00:00","dateModified":"2024-02-19T21:49:21+00:00","breadcrumb":{"@id":"https:\/\/avmedical.ma\/produit\/kit-de-traction-cervicale-assis\/#breadcrumb"},"inLanguage":"ar","potentialAction":[{"@type":"ReadAction","target":["https:\/\/avmedical.ma\/produit\/kit-de-traction-cervicale-assis\/"]}]},{"@type":"ImageObject","inLanguage":"ar","@id":"https:\/\/avmedical.ma\/produit\/kit-de-traction-cervicale-assis\/#primaryimage","url":"https:\/\/avmedical.ma\/wp-content\/uploads\/2024\/02\/kit-de-traction-cervical_assis_resize.jpg","contentUrl":"https:\/\/avmedical.ma\/wp-content\/uploads\/2024\/02\/kit-de-traction-cervical_assis_resize.jpg","width":385,"height":345},{"@type":"BreadcrumbList","@id":"https:\/\/avmedical.ma\/produit\/kit-de-traction-cervicale-assis\/#breadcrumb","itemListElement":[{"@type":"ListItem","position":1,"name":"Accueil","item":"https:\/\/avmedical.ma\/"},{"@type":"ListItem","position":2,"name":"Shop","item":"https:\/\/avmedical.ma\/shop\/"},{"@type":"ListItem","position":3,"name":"Kit de traction cervicale"}]},{"@type":"WebSite","@id":"https:\/\/avmedical.ma\/#website","url":"https:\/\/avmedical.ma\/","name":"AVMEDICAL Maroc","description":"","publisher":{"@id":"https:\/\/avmedical.ma\/#organization"},"potentialAction":[{"@type":"SearchAction","target":{"@type":"EntryPoint","urlTemplate":"https:\/\/avmedical.ma\/?s={search_term_string}"},"query-input":{"@type":"PropertyValueSpecification","valueRequired":true,"valueName":"search_term_string"}}],"inLanguage":"ar"},{"@type":"Organization","@id":"https:\/\/avmedical.ma\/#organization","name":"AVMEDICAL","url":"https:\/\/avmedical.ma\/","logo":{"@type":"ImageObject","inLanguage":"ar","@id":"https:\/\/avmedical.ma\/#\/schema\/logo\/image\/","url":"https:\/\/avmedical.ma\/wp-content\/uploads\/2024\/02\/logo_avmedical_new.png","contentUrl":"https:\/\/avmedical.ma\/wp-content\/uploads\/2024\/02\/logo_avmedical_new.png","width":420,"height":95,"caption":"AVMEDICAL"},"image":{"@id":"https:\/\/avmedical.ma\/#\/schema\/logo\/image\/"}}]}},"_links":{"self":[{"href":"https:\/\/avmedical.ma\/ar\/wp-json\/wp\/v2\/product\/532","targetHints":{"allow":["GET"]}}],"collection":[{"href":"https:\/\/avmedical.ma\/ar\/wp-json\/wp\/v2\/product"}],"about":[{"href":"https:\/\/avmedical.ma\/ar\/wp-json\/wp\/v2\/types\/product"}],"replies":[{"embeddable":true,"href":"https:\/\/avmedical.ma\/ar\/wp-json\/wp\/v2\/comments?post=532"}],"wp:featuredmedia":[{"embeddable":true,"href":"https:\/\/avmedical.ma\/ar\/wp-json\/wp\/v2\/media\/1603"}],"wp:attachment":[{"href":"https:\/\/avmedical.ma\/ar\/wp-json\/wp\/v2\/media?parent=532"}],"wp:term":[{"taxonomy":"product_brand","embeddable":true,"href":"https:\/\/avmedical.ma\/ar\/wp-json\/wp\/v2\/product_brand?post=532"},{"taxonomy":"product_cat","embeddable":true,"href":"https:\/\/avmedical.ma\/ar\/wp-json\/wp\/v2\/product_cat?post=532"},{"taxonomy":"product_tag","embeddable":true,"href":"https:\/\/avmedical.ma\/ar\/wp-json\/wp\/v2\/product_tag?post=532"}],"curies":[{"name":"wp","href":"https:\/\/api.w.org\/{rel}","templated":true}]}}