{"id":2978,"date":"2026-03-02T01:37:57","date_gmt":"2026-03-02T00:37:57","guid":{"rendered":"https:\/\/avmedical.ma\/?post_type=product&#038;p=2978"},"modified":"2026-03-13T23:46:39","modified_gmt":"2026-03-13T22:46:39","slug":"fraxel-ftx","status":"publish","type":"product","link":"https:\/\/avmedical.ma\/ar\/product\/fraxel-ftx\/","title":{"rendered":"Fraxel FTX"},"content":{"rendered":"<p>Fraxel FTX TM est un traitement esth\u00e9tique tr\u00e8s polyvalent et reconnu, offrant des r\u00e9sultats exceptionnels.<\/p>\n<p>Se distingue par sa pr\u00e9cision, mais son v\u00e9ritable impact r\u00e9side dans sa capacit\u00e9 \u00e0 traiter les probl\u00e8mes cutan\u00e9s courants li\u00e9s aux dommages caus\u00e9s par le soleil et au vieillissement, chez les personnes de tous horizons et de toutes carnations.<\/p>\n<p>Le traitement Fraxel\u00ae am\u00e9liore le teint, la texture et l&rsquo;\u00e9clat des peaux matures, ab\u00eem\u00e9es par le soleil ou pr\u00e9sentant des cicatrices. Fraxel est id\u00e9al pour celles et ceux qui souhaitent para\u00eetre plus jeunes sans transformation radicale ni convalescence prolong\u00e9e.<\/p>","protected":false},"excerpt":{"rendered":"<p>Fraxel FTX TM est un traitement esth\u00e9tique tr\u00e8s polyvalent et reconnu, &#8230; <\/p>","protected":false},"featured_media":2979,"comment_status":"open","ping_status":"closed","template":"","meta":[],"product_brand":[],"product_cat":[326,15],"product_tag":[],"class_list":{"0":"post-2978","1":"product","2":"type-product","3":"status-publish","4":"has-post-thumbnail","6":"product_cat-laser-dermatologique","7":"product_cat-non-classe","9":"first","10":"instock","11":"featured","12":"shipping-taxable","13":"product-type-simple"},"yoast_head":"<!-- This site is optimized with the Yoast SEO plugin v27.2 - https:\/\/yoast.com\/product\/yoast-seo-wordpress\/ -->\n<title>Fraxel FTX - AV MEDICAL<\/title>\n<meta name=\"robots\" content=\"index, follow, max-snippet:-1, max-image-preview:large, max-video-preview:-1\" \/>\n<link rel=\"canonical\" href=\"https:\/\/avmedical.ma\/ar\/product\/fraxel-ftx\/\" \/>\n<meta property=\"og:locale\" content=\"ar_AR\" \/>\n<meta property=\"og:type\" content=\"article\" \/>\n<meta property=\"og:title\" content=\"Fraxel FTX - AV MEDICAL\" \/>\n<meta property=\"og:description\" content=\"Fraxel FTX TM est un traitement esth\u00e9tique tr\u00e8s polyvalent et reconnu, ...\" \/>\n<meta property=\"og:url\" content=\"https:\/\/avmedical.ma\/ar\/product\/fraxel-ftx\/\" \/>\n<meta property=\"og:site_name\" content=\"AV MEDICAL\" \/>\n<meta property=\"article:modified_time\" content=\"2026-03-13T22:46:39+00:00\" \/>\n<meta property=\"og:image\" content=\"https:\/\/avmedical.ma\/wp-content\/uploads\/2026\/03\/fraxel-ftx-maroc.jpg\" \/>\n\t<meta property=\"og:image:width\" content=\"700\" \/>\n\t<meta property=\"og:image:height\" content=\"700\" \/>\n\t<meta property=\"og:image:type\" content=\"image\/jpeg\" \/>\n<meta name=\"twitter:card\" content=\"summary_large_image\" \/>\n<meta name=\"twitter:label1\" content=\"\u0648\u0642\u062a \u0627\u0644\u0642\u0631\u0627\u0621\u0629 \u0627\u0644\u0645\u064f\u0642\u062f\u0651\u0631\" \/>\n\t<meta name=\"twitter:data1\" content=\"\u062f\u0642\u064a\u0642\u0629 \u0648\u0627\u062d\u062f\u0629\" \/>\n<script type=\"application\/ld+json\" class=\"yoast-schema-graph\">{\"@context\":\"https:\/\/schema.org\",\"@graph\":[{\"@type\":\"WebPage\",\"@id\":\"https:\/\/avmedical.ma\/produit\/fraxel-ftx\/\",\"url\":\"https:\/\/avmedical.ma\/produit\/fraxel-ftx\/\",\"name\":\"Fraxel FTX - AV MEDICAL\",\"isPartOf\":{\"@id\":\"https:\/\/avmedical.ma\/#website\"},\"primaryImageOfPage\":{\"@id\":\"https:\/\/avmedical.ma\/produit\/fraxel-ftx\/#primaryimage\"},\"image\":{\"@id\":\"https:\/\/avmedical.ma\/produit\/fraxel-ftx\/#primaryimage\"},\"thumbnailUrl\":\"https:\/\/avmedical.ma\/wp-content\/uploads\/2026\/03\/fraxel-ftx-maroc.jpg\",\"datePublished\":\"2026-03-02T00:37:57+00:00\",\"dateModified\":\"2026-03-13T22:46:39+00:00\",\"breadcrumb\":{\"@id\":\"https:\/\/avmedical.ma\/produit\/fraxel-ftx\/#breadcrumb\"},\"inLanguage\":\"ar\",\"potentialAction\":[{\"@type\":\"ReadAction\",\"target\":[\"https:\/\/avmedical.ma\/produit\/fraxel-ftx\/\"]}]},{\"@type\":\"ImageObject\",\"inLanguage\":\"ar\",\"@id\":\"https:\/\/avmedical.ma\/produit\/fraxel-ftx\/#primaryimage\",\"url\":\"https:\/\/avmedical.ma\/wp-content\/uploads\/2026\/03\/fraxel-ftx-maroc.jpg\",\"contentUrl\":\"https:\/\/avmedical.ma\/wp-content\/uploads\/2026\/03\/fraxel-ftx-maroc.jpg\",\"width\":700,\"height\":700},{\"@type\":\"BreadcrumbList\",\"@id\":\"https:\/\/avmedical.ma\/produit\/fraxel-ftx\/#breadcrumb\",\"itemListElement\":[{\"@type\":\"ListItem\",\"position\":1,\"name\":\"Accueil\",\"item\":\"https:\/\/avmedical.ma\/\"},{\"@type\":\"ListItem\",\"position\":2,\"name\":\"Shop\",\"item\":\"https:\/\/avmedical.ma\/shop\/\"},{\"@type\":\"ListItem\",\"position\":3,\"name\":\"Fraxel FTX\"}]},{\"@type\":\"WebSite\",\"@id\":\"https:\/\/avmedical.ma\/#website\",\"url\":\"https:\/\/avmedical.ma\/\",\"name\":\"AVMEDICAL Maroc\",\"description\":\"\",\"publisher\":{\"@id\":\"https:\/\/avmedical.ma\/#organization\"},\"potentialAction\":[{\"@type\":\"SearchAction\",\"target\":{\"@type\":\"EntryPoint\",\"urlTemplate\":\"https:\/\/avmedical.ma\/?s={search_term_string}\"},\"query-input\":{\"@type\":\"PropertyValueSpecification\",\"valueRequired\":true,\"valueName\":\"search_term_string\"}}],\"inLanguage\":\"ar\"},{\"@type\":\"Organization\",\"@id\":\"https:\/\/avmedical.ma\/#organization\",\"name\":\"AVMEDICAL\",\"url\":\"https:\/\/avmedical.ma\/\",\"logo\":{\"@type\":\"ImageObject\",\"inLanguage\":\"ar\",\"@id\":\"https:\/\/avmedical.ma\/#\/schema\/logo\/image\/\",\"url\":\"https:\/\/avmedical.ma\/wp-content\/uploads\/2024\/02\/logo_avmedical_new.png\",\"contentUrl\":\"https:\/\/avmedical.ma\/wp-content\/uploads\/2024\/02\/logo_avmedical_new.png\",\"width\":420,\"height\":95,\"caption\":\"AVMEDICAL\"},\"image\":{\"@id\":\"https:\/\/avmedical.ma\/#\/schema\/logo\/image\/\"}}]}<\/script>\n<!-- \/ Yoast SEO plugin. -->","yoast_head_json":{"title":"Fraxel FTX - AV MEDICAL","robots":{"index":"index","follow":"follow","max-snippet":"max-snippet:-1","max-image-preview":"max-image-preview:large","max-video-preview":"max-video-preview:-1"},"canonical":"https:\/\/avmedical.ma\/ar\/product\/fraxel-ftx\/","og_locale":"ar_AR","og_type":"article","og_title":"Fraxel FTX - AV MEDICAL","og_description":"Fraxel FTX TM est un traitement esth\u00e9tique tr\u00e8s polyvalent et reconnu, ...","og_url":"https:\/\/avmedical.ma\/ar\/product\/fraxel-ftx\/","og_site_name":"AV MEDICAL","article_modified_time":"2026-03-13T22:46:39+00:00","og_image":[{"width":700,"height":700,"url":"https:\/\/avmedical.ma\/wp-content\/uploads\/2026\/03\/fraxel-ftx-maroc.jpg","type":"image\/jpeg"}],"twitter_card":"summary_large_image","twitter_misc":{"\u0648\u0642\u062a \u0627\u0644\u0642\u0631\u0627\u0621\u0629 \u0627\u0644\u0645\u064f\u0642\u062f\u0651\u0631":"\u062f\u0642\u064a\u0642\u0629 \u0648\u0627\u062d\u062f\u0629"},"schema":{"@context":"https:\/\/schema.org","@graph":[{"@type":"WebPage","@id":"https:\/\/avmedical.ma\/produit\/fraxel-ftx\/","url":"https:\/\/avmedical.ma\/produit\/fraxel-ftx\/","name":"Fraxel FTX - AV MEDICAL","isPartOf":{"@id":"https:\/\/avmedical.ma\/#website"},"primaryImageOfPage":{"@id":"https:\/\/avmedical.ma\/produit\/fraxel-ftx\/#primaryimage"},"image":{"@id":"https:\/\/avmedical.ma\/produit\/fraxel-ftx\/#primaryimage"},"thumbnailUrl":"https:\/\/avmedical.ma\/wp-content\/uploads\/2026\/03\/fraxel-ftx-maroc.jpg","datePublished":"2026-03-02T00:37:57+00:00","dateModified":"2026-03-13T22:46:39+00:00","breadcrumb":{"@id":"https:\/\/avmedical.ma\/produit\/fraxel-ftx\/#breadcrumb"},"inLanguage":"ar","potentialAction":[{"@type":"ReadAction","target":["https:\/\/avmedical.ma\/produit\/fraxel-ftx\/"]}]},{"@type":"ImageObject","inLanguage":"ar","@id":"https:\/\/avmedical.ma\/produit\/fraxel-ftx\/#primaryimage","url":"https:\/\/avmedical.ma\/wp-content\/uploads\/2026\/03\/fraxel-ftx-maroc.jpg","contentUrl":"https:\/\/avmedical.ma\/wp-content\/uploads\/2026\/03\/fraxel-ftx-maroc.jpg","width":700,"height":700},{"@type":"BreadcrumbList","@id":"https:\/\/avmedical.ma\/produit\/fraxel-ftx\/#breadcrumb","itemListElement":[{"@type":"ListItem","position":1,"name":"Accueil","item":"https:\/\/avmedical.ma\/"},{"@type":"ListItem","position":2,"name":"Shop","item":"https:\/\/avmedical.ma\/shop\/"},{"@type":"ListItem","position":3,"name":"Fraxel FTX"}]},{"@type":"WebSite","@id":"https:\/\/avmedical.ma\/#website","url":"https:\/\/avmedical.ma\/","name":"AVMEDICAL Maroc","description":"","publisher":{"@id":"https:\/\/avmedical.ma\/#organization"},"potentialAction":[{"@type":"SearchAction","target":{"@type":"EntryPoint","urlTemplate":"https:\/\/avmedical.ma\/?s={search_term_string}"},"query-input":{"@type":"PropertyValueSpecification","valueRequired":true,"valueName":"search_term_string"}}],"inLanguage":"ar"},{"@type":"Organization","@id":"https:\/\/avmedical.ma\/#organization","name":"AVMEDICAL","url":"https:\/\/avmedical.ma\/","logo":{"@type":"ImageObject","inLanguage":"ar","@id":"https:\/\/avmedical.ma\/#\/schema\/logo\/image\/","url":"https:\/\/avmedical.ma\/wp-content\/uploads\/2024\/02\/logo_avmedical_new.png","contentUrl":"https:\/\/avmedical.ma\/wp-content\/uploads\/2024\/02\/logo_avmedical_new.png","width":420,"height":95,"caption":"AVMEDICAL"},"image":{"@id":"https:\/\/avmedical.ma\/#\/schema\/logo\/image\/"}}]}},"_links":{"self":[{"href":"https:\/\/avmedical.ma\/ar\/wp-json\/wp\/v2\/product\/2978","targetHints":{"allow":["GET"]}}],"collection":[{"href":"https:\/\/avmedical.ma\/ar\/wp-json\/wp\/v2\/product"}],"about":[{"href":"https:\/\/avmedical.ma\/ar\/wp-json\/wp\/v2\/types\/product"}],"replies":[{"embeddable":true,"href":"https:\/\/avmedical.ma\/ar\/wp-json\/wp\/v2\/comments?post=2978"}],"wp:featuredmedia":[{"embeddable":true,"href":"https:\/\/avmedical.ma\/ar\/wp-json\/wp\/v2\/media\/2979"}],"wp:attachment":[{"href":"https:\/\/avmedical.ma\/ar\/wp-json\/wp\/v2\/media?parent=2978"}],"wp:term":[{"taxonomy":"product_brand","embeddable":true,"href":"https:\/\/avmedical.ma\/ar\/wp-json\/wp\/v2\/product_brand?post=2978"},{"taxonomy":"product_cat","embeddable":true,"href":"https:\/\/avmedical.ma\/ar\/wp-json\/wp\/v2\/product_cat?post=2978"},{"taxonomy":"product_tag","embeddable":true,"href":"https:\/\/avmedical.ma\/ar\/wp-json\/wp\/v2\/product_tag?post=2978"}],"curies":[{"name":"wp","href":"https:\/\/api.w.org\/{rel}","templated":true}]}}