{"id":2975,"date":"2026-03-02T01:28:51","date_gmt":"2026-03-02T00:28:51","guid":{"rendered":"https:\/\/avmedical.ma\/?post_type=product&#038;p=2975"},"modified":"2026-03-13T23:46:46","modified_gmt":"2026-03-13T22:46:46","slug":"thermage-flx","status":"publish","type":"product","link":"https:\/\/avmedical.ma\/ar\/product\/thermage-flx\/","title":{"rendered":"Thermage FLX"},"content":{"rendered":"<p>Thermage FLX est un appareil qui d\u00e9montre les effets rajeunissants de l&rsquo;\u00e9nergie radiofr\u00e9quence sur la peau. Il offre une solution efficace contre le rel\u00e2chement cutan\u00e9, les rides, les ridules et les d\u00e9pressions li\u00e9es au vieillissement, aidant ainsi \u00e0 retrouver une peau jeune et \u00e9clatante. Thermage FLX r\u00e9active le collag\u00e8ne perdu et propose un traitement pratique et non chirurgical. Gr\u00e2ce \u00e0 ses fonctions de refroidissement et de vibration, il garantit une s\u00e9ance confortable.<\/p>\n<p>Thermage FLX, une des technologies les plus r\u00e9centes en mati\u00e8re de raffermissement cutan\u00e9 non chirurgical, offre \u00e0 la peau rajeunie, \u00e9clat et fermet\u00e9. Gr\u00e2ce \u00e0 l&rsquo;\u00e9nergie de la radiofr\u00e9quence, Thermage FLX r\u00e9active le collag\u00e8ne perdu dans la peau. R\u00e9sultat : une peau plus lisse, plus ferme et plus \u00e9clatante.<\/p>","protected":false},"excerpt":{"rendered":"<p>Thermage FLX est un appareil qui d\u00e9montre les effets rajeunissants de &#8230; <\/p>","protected":false},"featured_media":2976,"comment_status":"open","ping_status":"closed","template":"","meta":[],"product_brand":[],"product_cat":[326],"product_tag":[],"class_list":{"0":"post-2975","1":"product","2":"type-product","3":"status-publish","4":"has-post-thumbnail","6":"product_cat-laser-dermatologique","8":"first","9":"instock","10":"featured","11":"shipping-taxable","12":"product-type-simple"},"yoast_head":"<!-- This site is optimized with the Yoast SEO plugin v27.2 - https:\/\/yoast.com\/product\/yoast-seo-wordpress\/ -->\n<title>Thermage FLX - AV MEDICAL<\/title>\n<meta name=\"robots\" content=\"index, follow, max-snippet:-1, max-image-preview:large, max-video-preview:-1\" \/>\n<link rel=\"canonical\" href=\"https:\/\/avmedical.ma\/ar\/product\/thermage-flx\/\" \/>\n<meta property=\"og:locale\" content=\"ar_AR\" \/>\n<meta property=\"og:type\" content=\"article\" \/>\n<meta property=\"og:title\" content=\"Thermage FLX - AV MEDICAL\" \/>\n<meta property=\"og:description\" content=\"Thermage FLX est un appareil qui d\u00e9montre les effets rajeunissants de ...\" \/>\n<meta property=\"og:url\" content=\"https:\/\/avmedical.ma\/ar\/product\/thermage-flx\/\" \/>\n<meta property=\"og:site_name\" content=\"AV MEDICAL\" \/>\n<meta property=\"article:modified_time\" content=\"2026-03-13T22:46:46+00:00\" \/>\n<meta property=\"og:image\" content=\"https:\/\/avmedical.ma\/wp-content\/uploads\/2026\/03\/thermage_flx.jpg\" \/>\n\t<meta property=\"og:image:width\" content=\"700\" \/>\n\t<meta property=\"og:image:height\" content=\"700\" \/>\n\t<meta property=\"og:image:type\" content=\"image\/jpeg\" \/>\n<meta name=\"twitter:card\" content=\"summary_large_image\" \/>\n<meta name=\"twitter:label1\" content=\"\u0648\u0642\u062a \u0627\u0644\u0642\u0631\u0627\u0621\u0629 \u0627\u0644\u0645\u064f\u0642\u062f\u0651\u0631\" \/>\n\t<meta name=\"twitter:data1\" content=\"\u062f\u0642\u064a\u0642\u0629 \u0648\u0627\u062d\u062f\u0629\" \/>\n<script type=\"application\/ld+json\" class=\"yoast-schema-graph\">{\"@context\":\"https:\/\/schema.org\",\"@graph\":[{\"@type\":\"WebPage\",\"@id\":\"https:\/\/avmedical.ma\/produit\/thermage-flx\/\",\"url\":\"https:\/\/avmedical.ma\/produit\/thermage-flx\/\",\"name\":\"Thermage FLX - AV MEDICAL\",\"isPartOf\":{\"@id\":\"https:\/\/avmedical.ma\/#website\"},\"primaryImageOfPage\":{\"@id\":\"https:\/\/avmedical.ma\/produit\/thermage-flx\/#primaryimage\"},\"image\":{\"@id\":\"https:\/\/avmedical.ma\/produit\/thermage-flx\/#primaryimage\"},\"thumbnailUrl\":\"https:\/\/avmedical.ma\/wp-content\/uploads\/2026\/03\/thermage_flx.jpg\",\"datePublished\":\"2026-03-02T00:28:51+00:00\",\"dateModified\":\"2026-03-13T22:46:46+00:00\",\"breadcrumb\":{\"@id\":\"https:\/\/avmedical.ma\/produit\/thermage-flx\/#breadcrumb\"},\"inLanguage\":\"ar\",\"potentialAction\":[{\"@type\":\"ReadAction\",\"target\":[\"https:\/\/avmedical.ma\/produit\/thermage-flx\/\"]}]},{\"@type\":\"ImageObject\",\"inLanguage\":\"ar\",\"@id\":\"https:\/\/avmedical.ma\/produit\/thermage-flx\/#primaryimage\",\"url\":\"https:\/\/avmedical.ma\/wp-content\/uploads\/2026\/03\/thermage_flx.jpg\",\"contentUrl\":\"https:\/\/avmedical.ma\/wp-content\/uploads\/2026\/03\/thermage_flx.jpg\",\"width\":700,\"height\":700},{\"@type\":\"BreadcrumbList\",\"@id\":\"https:\/\/avmedical.ma\/produit\/thermage-flx\/#breadcrumb\",\"itemListElement\":[{\"@type\":\"ListItem\",\"position\":1,\"name\":\"Accueil\",\"item\":\"https:\/\/avmedical.ma\/\"},{\"@type\":\"ListItem\",\"position\":2,\"name\":\"Shop\",\"item\":\"https:\/\/avmedical.ma\/shop\/\"},{\"@type\":\"ListItem\",\"position\":3,\"name\":\"Thermage FLX\"}]},{\"@type\":\"WebSite\",\"@id\":\"https:\/\/avmedical.ma\/#website\",\"url\":\"https:\/\/avmedical.ma\/\",\"name\":\"AVMEDICAL Maroc\",\"description\":\"\",\"publisher\":{\"@id\":\"https:\/\/avmedical.ma\/#organization\"},\"potentialAction\":[{\"@type\":\"SearchAction\",\"target\":{\"@type\":\"EntryPoint\",\"urlTemplate\":\"https:\/\/avmedical.ma\/?s={search_term_string}\"},\"query-input\":{\"@type\":\"PropertyValueSpecification\",\"valueRequired\":true,\"valueName\":\"search_term_string\"}}],\"inLanguage\":\"ar\"},{\"@type\":\"Organization\",\"@id\":\"https:\/\/avmedical.ma\/#organization\",\"name\":\"AVMEDICAL\",\"url\":\"https:\/\/avmedical.ma\/\",\"logo\":{\"@type\":\"ImageObject\",\"inLanguage\":\"ar\",\"@id\":\"https:\/\/avmedical.ma\/#\/schema\/logo\/image\/\",\"url\":\"https:\/\/avmedical.ma\/wp-content\/uploads\/2024\/02\/logo_avmedical_new.png\",\"contentUrl\":\"https:\/\/avmedical.ma\/wp-content\/uploads\/2024\/02\/logo_avmedical_new.png\",\"width\":420,\"height\":95,\"caption\":\"AVMEDICAL\"},\"image\":{\"@id\":\"https:\/\/avmedical.ma\/#\/schema\/logo\/image\/\"}}]}<\/script>\n<!-- \/ Yoast SEO plugin. -->","yoast_head_json":{"title":"Thermage FLX - AV MEDICAL","robots":{"index":"index","follow":"follow","max-snippet":"max-snippet:-1","max-image-preview":"max-image-preview:large","max-video-preview":"max-video-preview:-1"},"canonical":"https:\/\/avmedical.ma\/ar\/product\/thermage-flx\/","og_locale":"ar_AR","og_type":"article","og_title":"Thermage FLX - AV MEDICAL","og_description":"Thermage FLX est un appareil qui d\u00e9montre les effets rajeunissants de ...","og_url":"https:\/\/avmedical.ma\/ar\/product\/thermage-flx\/","og_site_name":"AV MEDICAL","article_modified_time":"2026-03-13T22:46:46+00:00","og_image":[{"width":700,"height":700,"url":"https:\/\/avmedical.ma\/wp-content\/uploads\/2026\/03\/thermage_flx.jpg","type":"image\/jpeg"}],"twitter_card":"summary_large_image","twitter_misc":{"\u0648\u0642\u062a \u0627\u0644\u0642\u0631\u0627\u0621\u0629 \u0627\u0644\u0645\u064f\u0642\u062f\u0651\u0631":"\u062f\u0642\u064a\u0642\u0629 \u0648\u0627\u062d\u062f\u0629"},"schema":{"@context":"https:\/\/schema.org","@graph":[{"@type":"WebPage","@id":"https:\/\/avmedical.ma\/produit\/thermage-flx\/","url":"https:\/\/avmedical.ma\/produit\/thermage-flx\/","name":"Thermage FLX - AV MEDICAL","isPartOf":{"@id":"https:\/\/avmedical.ma\/#website"},"primaryImageOfPage":{"@id":"https:\/\/avmedical.ma\/produit\/thermage-flx\/#primaryimage"},"image":{"@id":"https:\/\/avmedical.ma\/produit\/thermage-flx\/#primaryimage"},"thumbnailUrl":"https:\/\/avmedical.ma\/wp-content\/uploads\/2026\/03\/thermage_flx.jpg","datePublished":"2026-03-02T00:28:51+00:00","dateModified":"2026-03-13T22:46:46+00:00","breadcrumb":{"@id":"https:\/\/avmedical.ma\/produit\/thermage-flx\/#breadcrumb"},"inLanguage":"ar","potentialAction":[{"@type":"ReadAction","target":["https:\/\/avmedical.ma\/produit\/thermage-flx\/"]}]},{"@type":"ImageObject","inLanguage":"ar","@id":"https:\/\/avmedical.ma\/produit\/thermage-flx\/#primaryimage","url":"https:\/\/avmedical.ma\/wp-content\/uploads\/2026\/03\/thermage_flx.jpg","contentUrl":"https:\/\/avmedical.ma\/wp-content\/uploads\/2026\/03\/thermage_flx.jpg","width":700,"height":700},{"@type":"BreadcrumbList","@id":"https:\/\/avmedical.ma\/produit\/thermage-flx\/#breadcrumb","itemListElement":[{"@type":"ListItem","position":1,"name":"Accueil","item":"https:\/\/avmedical.ma\/"},{"@type":"ListItem","position":2,"name":"Shop","item":"https:\/\/avmedical.ma\/shop\/"},{"@type":"ListItem","position":3,"name":"Thermage FLX"}]},{"@type":"WebSite","@id":"https:\/\/avmedical.ma\/#website","url":"https:\/\/avmedical.ma\/","name":"AVMEDICAL Maroc","description":"","publisher":{"@id":"https:\/\/avmedical.ma\/#organization"},"potentialAction":[{"@type":"SearchAction","target":{"@type":"EntryPoint","urlTemplate":"https:\/\/avmedical.ma\/?s={search_term_string}"},"query-input":{"@type":"PropertyValueSpecification","valueRequired":true,"valueName":"search_term_string"}}],"inLanguage":"ar"},{"@type":"Organization","@id":"https:\/\/avmedical.ma\/#organization","name":"AVMEDICAL","url":"https:\/\/avmedical.ma\/","logo":{"@type":"ImageObject","inLanguage":"ar","@id":"https:\/\/avmedical.ma\/#\/schema\/logo\/image\/","url":"https:\/\/avmedical.ma\/wp-content\/uploads\/2024\/02\/logo_avmedical_new.png","contentUrl":"https:\/\/avmedical.ma\/wp-content\/uploads\/2024\/02\/logo_avmedical_new.png","width":420,"height":95,"caption":"AVMEDICAL"},"image":{"@id":"https:\/\/avmedical.ma\/#\/schema\/logo\/image\/"}}]}},"_links":{"self":[{"href":"https:\/\/avmedical.ma\/ar\/wp-json\/wp\/v2\/product\/2975","targetHints":{"allow":["GET"]}}],"collection":[{"href":"https:\/\/avmedical.ma\/ar\/wp-json\/wp\/v2\/product"}],"about":[{"href":"https:\/\/avmedical.ma\/ar\/wp-json\/wp\/v2\/types\/product"}],"replies":[{"embeddable":true,"href":"https:\/\/avmedical.ma\/ar\/wp-json\/wp\/v2\/comments?post=2975"}],"wp:featuredmedia":[{"embeddable":true,"href":"https:\/\/avmedical.ma\/ar\/wp-json\/wp\/v2\/media\/2976"}],"wp:attachment":[{"href":"https:\/\/avmedical.ma\/ar\/wp-json\/wp\/v2\/media?parent=2975"}],"wp:term":[{"taxonomy":"product_brand","embeddable":true,"href":"https:\/\/avmedical.ma\/ar\/wp-json\/wp\/v2\/product_brand?post=2975"},{"taxonomy":"product_cat","embeddable":true,"href":"https:\/\/avmedical.ma\/ar\/wp-json\/wp\/v2\/product_cat?post=2975"},{"taxonomy":"product_tag","embeddable":true,"href":"https:\/\/avmedical.ma\/ar\/wp-json\/wp\/v2\/product_tag?post=2975"}],"curies":[{"name":"wp","href":"https:\/\/api.w.org\/{rel}","templated":true}]}}