{"id":2945,"date":"2025-05-04T20:39:23","date_gmt":"2025-05-04T18:39:23","guid":{"rendered":"https:\/\/avmedical.ma\/?post_type=product&#038;p=2945"},"modified":"2025-05-04T20:46:13","modified_gmt":"2025-05-04T18:46:13","slug":"ceintureabdominalecompressive","status":"publish","type":"product","link":"https:\/\/avmedical.ma\/ar\/product\/ceintureabdominalecompressive\/","title":{"rendered":"Ceinture compressive"},"content":{"rendered":"<p>CAR \u2013 Ceinture abdominale compressive , utilis\u00e9e dans la premi\u00e8re \u00e9tape apr\u00e8s une intervention chirurgicale (4 \u00e0 6 semaines, selon la recommandation de votre m\u00e9decin) comme v\u00eatement de soutien apr\u00e8s une liposuccion (haut de l&rsquo;abdomen, bas de l&rsquo;abdomen), une abdominoplastie.  Ce v\u00eatement compressif aide \u00e0 am\u00e9liorer la circulation sanguine, minimise l\u2019enflure apr\u00e8s l\u2019intervention, \u00e9limine les fluides potentiellement nocifs du corps, acc\u00e9l\u00e8re le processus de gu\u00e9rison et permet au patient de reprendre ses activit\u00e9s quotidiennes plus rapidement.  Il apporte \u00e9galement un soutien aux zones chirurgicales pour plus de confort et r\u00e9duit la tension sur les cicatrices nouvellement form\u00e9es pour \u00e9viter qu&rsquo;elles ne s&rsquo;\u00e9tirent.  CARACT\u00c9RISTIQUES  \u2013 le v\u00eatement commence sous la poitrine \u2013 trois panneaux \u2013 il est disponible sur 3 hauteurs : 25 cm, 30 cm et 35 cm \u2013 tissu soyeux et doux \u2013 dispose d&rsquo;une fermeture velcro ouverte \u2013 il est r\u00e9glable par trois panneaux s\u00e9par\u00e9s \u2013 pour \u00e9viter que le classeur ne roule, il a un c\u00f4t\u00e9 flexible en plastique.  Le tissu est remarquablement l\u00e9ger et respirant pour vous garder propre, sec et frais toute la journ\u00e9e.<\/p>","protected":false},"excerpt":{"rendered":"<p>CAR \u2013 Ceinture abdominale compressive , utilis\u00e9e dans la premi\u00e8re \u00e9tape &#8230; <\/p>","protected":false},"featured_media":2932,"comment_status":"open","ping_status":"closed","template":"","meta":[],"product_brand":[],"product_cat":[289],"product_tag":[],"class_list":{"0":"post-2945","1":"product","2":"type-product","3":"status-publish","4":"has-post-thumbnail","6":"product_cat-chirurgie-plastique","8":"first","9":"instock","10":"shipping-taxable","11":"product-type-simple"},"yoast_head":"<!-- This site is optimized with the Yoast SEO plugin v27.2 - https:\/\/yoast.com\/product\/yoast-seo-wordpress\/ -->\n<title>Ceinture compressive - AV MEDICAL<\/title>\n<meta name=\"robots\" content=\"index, follow, max-snippet:-1, max-image-preview:large, max-video-preview:-1\" \/>\n<link rel=\"canonical\" href=\"https:\/\/avmedical.ma\/ar\/product\/ceintureabdominalecompressive\/\" \/>\n<meta property=\"og:locale\" content=\"ar_AR\" \/>\n<meta property=\"og:type\" content=\"article\" \/>\n<meta property=\"og:title\" content=\"Ceinture compressive - AV MEDICAL\" \/>\n<meta property=\"og:description\" content=\"CAR \u2013 Ceinture abdominale compressive , utilis\u00e9e dans la premi\u00e8re \u00e9tape ...\" \/>\n<meta property=\"og:url\" content=\"https:\/\/avmedical.ma\/ar\/product\/ceintureabdominalecompressive\/\" \/>\n<meta property=\"og:site_name\" content=\"AV MEDICAL\" \/>\n<meta property=\"article:modified_time\" content=\"2025-05-04T18:46:13+00:00\" \/>\n<meta property=\"og:image\" content=\"https:\/\/avmedical.ma\/wp-content\/uploads\/2025\/05\/ceintureabdominalecompressive.png\" \/>\n\t<meta property=\"og:image:width\" content=\"600\" \/>\n\t<meta property=\"og:image:height\" content=\"600\" \/>\n\t<meta property=\"og:image:type\" content=\"image\/png\" \/>\n<meta name=\"twitter:card\" content=\"summary_large_image\" \/>\n<meta name=\"twitter:label1\" content=\"\u0648\u0642\u062a \u0627\u0644\u0642\u0631\u0627\u0621\u0629 \u0627\u0644\u0645\u064f\u0642\u062f\u0651\u0631\" \/>\n\t<meta name=\"twitter:data1\" content=\"\u062f\u0642\u064a\u0642\u0629 \u0648\u0627\u062d\u062f\u0629\" \/>\n<script type=\"application\/ld+json\" class=\"yoast-schema-graph\">{\"@context\":\"https:\/\/schema.org\",\"@graph\":[{\"@type\":\"WebPage\",\"@id\":\"https:\/\/avmedical.ma\/produit\/ceintureabdominalecompressive\/\",\"url\":\"https:\/\/avmedical.ma\/produit\/ceintureabdominalecompressive\/\",\"name\":\"Ceinture compressive - AV MEDICAL\",\"isPartOf\":{\"@id\":\"https:\/\/avmedical.ma\/#website\"},\"primaryImageOfPage\":{\"@id\":\"https:\/\/avmedical.ma\/produit\/ceintureabdominalecompressive\/#primaryimage\"},\"image\":{\"@id\":\"https:\/\/avmedical.ma\/produit\/ceintureabdominalecompressive\/#primaryimage\"},\"thumbnailUrl\":\"https:\/\/avmedical.ma\/wp-content\/uploads\/2025\/05\/ceintureabdominalecompressive.png\",\"datePublished\":\"2025-05-04T18:39:23+00:00\",\"dateModified\":\"2025-05-04T18:46:13+00:00\",\"breadcrumb\":{\"@id\":\"https:\/\/avmedical.ma\/produit\/ceintureabdominalecompressive\/#breadcrumb\"},\"inLanguage\":\"ar\",\"potentialAction\":[{\"@type\":\"ReadAction\",\"target\":[\"https:\/\/avmedical.ma\/produit\/ceintureabdominalecompressive\/\"]}]},{\"@type\":\"ImageObject\",\"inLanguage\":\"ar\",\"@id\":\"https:\/\/avmedical.ma\/produit\/ceintureabdominalecompressive\/#primaryimage\",\"url\":\"https:\/\/avmedical.ma\/wp-content\/uploads\/2025\/05\/ceintureabdominalecompressive.png\",\"contentUrl\":\"https:\/\/avmedical.ma\/wp-content\/uploads\/2025\/05\/ceintureabdominalecompressive.png\",\"width\":600,\"height\":600},{\"@type\":\"BreadcrumbList\",\"@id\":\"https:\/\/avmedical.ma\/produit\/ceintureabdominalecompressive\/#breadcrumb\",\"itemListElement\":[{\"@type\":\"ListItem\",\"position\":1,\"name\":\"Accueil\",\"item\":\"https:\/\/avmedical.ma\/\"},{\"@type\":\"ListItem\",\"position\":2,\"name\":\"Shop\",\"item\":\"https:\/\/avmedical.ma\/shop\/\"},{\"@type\":\"ListItem\",\"position\":3,\"name\":\"Ceinture compressive\"}]},{\"@type\":\"WebSite\",\"@id\":\"https:\/\/avmedical.ma\/#website\",\"url\":\"https:\/\/avmedical.ma\/\",\"name\":\"AVMEDICAL Maroc\",\"description\":\"\",\"publisher\":{\"@id\":\"https:\/\/avmedical.ma\/#organization\"},\"potentialAction\":[{\"@type\":\"SearchAction\",\"target\":{\"@type\":\"EntryPoint\",\"urlTemplate\":\"https:\/\/avmedical.ma\/?s={search_term_string}\"},\"query-input\":{\"@type\":\"PropertyValueSpecification\",\"valueRequired\":true,\"valueName\":\"search_term_string\"}}],\"inLanguage\":\"ar\"},{\"@type\":\"Organization\",\"@id\":\"https:\/\/avmedical.ma\/#organization\",\"name\":\"AVMEDICAL\",\"url\":\"https:\/\/avmedical.ma\/\",\"logo\":{\"@type\":\"ImageObject\",\"inLanguage\":\"ar\",\"@id\":\"https:\/\/avmedical.ma\/#\/schema\/logo\/image\/\",\"url\":\"https:\/\/avmedical.ma\/wp-content\/uploads\/2024\/02\/logo_avmedical_new.png\",\"contentUrl\":\"https:\/\/avmedical.ma\/wp-content\/uploads\/2024\/02\/logo_avmedical_new.png\",\"width\":420,\"height\":95,\"caption\":\"AVMEDICAL\"},\"image\":{\"@id\":\"https:\/\/avmedical.ma\/#\/schema\/logo\/image\/\"}}]}<\/script>\n<!-- \/ Yoast SEO plugin. -->","yoast_head_json":{"title":"Ceinture compressive - AV MEDICAL","robots":{"index":"index","follow":"follow","max-snippet":"max-snippet:-1","max-image-preview":"max-image-preview:large","max-video-preview":"max-video-preview:-1"},"canonical":"https:\/\/avmedical.ma\/ar\/product\/ceintureabdominalecompressive\/","og_locale":"ar_AR","og_type":"article","og_title":"Ceinture compressive - AV MEDICAL","og_description":"CAR \u2013 Ceinture abdominale compressive , utilis\u00e9e dans la premi\u00e8re \u00e9tape ...","og_url":"https:\/\/avmedical.ma\/ar\/product\/ceintureabdominalecompressive\/","og_site_name":"AV MEDICAL","article_modified_time":"2025-05-04T18:46:13+00:00","og_image":[{"width":600,"height":600,"url":"https:\/\/avmedical.ma\/wp-content\/uploads\/2025\/05\/ceintureabdominalecompressive.png","type":"image\/png"}],"twitter_card":"summary_large_image","twitter_misc":{"\u0648\u0642\u062a \u0627\u0644\u0642\u0631\u0627\u0621\u0629 \u0627\u0644\u0645\u064f\u0642\u062f\u0651\u0631":"\u062f\u0642\u064a\u0642\u0629 \u0648\u0627\u062d\u062f\u0629"},"schema":{"@context":"https:\/\/schema.org","@graph":[{"@type":"WebPage","@id":"https:\/\/avmedical.ma\/produit\/ceintureabdominalecompressive\/","url":"https:\/\/avmedical.ma\/produit\/ceintureabdominalecompressive\/","name":"Ceinture compressive - AV MEDICAL","isPartOf":{"@id":"https:\/\/avmedical.ma\/#website"},"primaryImageOfPage":{"@id":"https:\/\/avmedical.ma\/produit\/ceintureabdominalecompressive\/#primaryimage"},"image":{"@id":"https:\/\/avmedical.ma\/produit\/ceintureabdominalecompressive\/#primaryimage"},"thumbnailUrl":"https:\/\/avmedical.ma\/wp-content\/uploads\/2025\/05\/ceintureabdominalecompressive.png","datePublished":"2025-05-04T18:39:23+00:00","dateModified":"2025-05-04T18:46:13+00:00","breadcrumb":{"@id":"https:\/\/avmedical.ma\/produit\/ceintureabdominalecompressive\/#breadcrumb"},"inLanguage":"ar","potentialAction":[{"@type":"ReadAction","target":["https:\/\/avmedical.ma\/produit\/ceintureabdominalecompressive\/"]}]},{"@type":"ImageObject","inLanguage":"ar","@id":"https:\/\/avmedical.ma\/produit\/ceintureabdominalecompressive\/#primaryimage","url":"https:\/\/avmedical.ma\/wp-content\/uploads\/2025\/05\/ceintureabdominalecompressive.png","contentUrl":"https:\/\/avmedical.ma\/wp-content\/uploads\/2025\/05\/ceintureabdominalecompressive.png","width":600,"height":600},{"@type":"BreadcrumbList","@id":"https:\/\/avmedical.ma\/produit\/ceintureabdominalecompressive\/#breadcrumb","itemListElement":[{"@type":"ListItem","position":1,"name":"Accueil","item":"https:\/\/avmedical.ma\/"},{"@type":"ListItem","position":2,"name":"Shop","item":"https:\/\/avmedical.ma\/shop\/"},{"@type":"ListItem","position":3,"name":"Ceinture compressive"}]},{"@type":"WebSite","@id":"https:\/\/avmedical.ma\/#website","url":"https:\/\/avmedical.ma\/","name":"AVMEDICAL Maroc","description":"","publisher":{"@id":"https:\/\/avmedical.ma\/#organization"},"potentialAction":[{"@type":"SearchAction","target":{"@type":"EntryPoint","urlTemplate":"https:\/\/avmedical.ma\/?s={search_term_string}"},"query-input":{"@type":"PropertyValueSpecification","valueRequired":true,"valueName":"search_term_string"}}],"inLanguage":"ar"},{"@type":"Organization","@id":"https:\/\/avmedical.ma\/#organization","name":"AVMEDICAL","url":"https:\/\/avmedical.ma\/","logo":{"@type":"ImageObject","inLanguage":"ar","@id":"https:\/\/avmedical.ma\/#\/schema\/logo\/image\/","url":"https:\/\/avmedical.ma\/wp-content\/uploads\/2024\/02\/logo_avmedical_new.png","contentUrl":"https:\/\/avmedical.ma\/wp-content\/uploads\/2024\/02\/logo_avmedical_new.png","width":420,"height":95,"caption":"AVMEDICAL"},"image":{"@id":"https:\/\/avmedical.ma\/#\/schema\/logo\/image\/"}}]}},"_links":{"self":[{"href":"https:\/\/avmedical.ma\/ar\/wp-json\/wp\/v2\/product\/2945","targetHints":{"allow":["GET"]}}],"collection":[{"href":"https:\/\/avmedical.ma\/ar\/wp-json\/wp\/v2\/product"}],"about":[{"href":"https:\/\/avmedical.ma\/ar\/wp-json\/wp\/v2\/types\/product"}],"replies":[{"embeddable":true,"href":"https:\/\/avmedical.ma\/ar\/wp-json\/wp\/v2\/comments?post=2945"}],"wp:featuredmedia":[{"embeddable":true,"href":"https:\/\/avmedical.ma\/ar\/wp-json\/wp\/v2\/media\/2932"}],"wp:attachment":[{"href":"https:\/\/avmedical.ma\/ar\/wp-json\/wp\/v2\/media?parent=2945"}],"wp:term":[{"taxonomy":"product_brand","embeddable":true,"href":"https:\/\/avmedical.ma\/ar\/wp-json\/wp\/v2\/product_brand?post=2945"},{"taxonomy":"product_cat","embeddable":true,"href":"https:\/\/avmedical.ma\/ar\/wp-json\/wp\/v2\/product_cat?post=2945"},{"taxonomy":"product_tag","embeddable":true,"href":"https:\/\/avmedical.ma\/ar\/wp-json\/wp\/v2\/product_tag?post=2945"}],"curies":[{"name":"wp","href":"https:\/\/api.w.org\/{rel}","templated":true}]}}