{"id":2943,"date":"2025-05-04T20:39:23","date_gmt":"2025-05-04T18:39:23","guid":{"rendered":"https:\/\/avmedical.ma\/?post_type=product&#038;p=2943"},"modified":"2025-05-04T20:48:23","modified_gmt":"2025-05-04T18:48:23","slug":"combinaisondecompression","status":"publish","type":"product","link":"https:\/\/avmedical.ma\/ar\/product\/combinaisondecompression\/","title":{"rendered":"Combinaison de compression"},"content":{"rendered":"<p>Combinaison de compression pour femme code MLPF03 (manches longues, dos haut, pantalon jusqu&rsquo;au niveau de la cheville) utilis\u00e9e au stade postop\u00e9ratoire I en chirurgie plastique et esth\u00e9tique (4-6 semaines, selon les recommandations de votre m\u00e9decin) comme soutien apr\u00e8s des op\u00e9rations telles que : Lifting du bas du corps, r\u00e9duction de la taille, liposuccion (abdomen sup\u00e9rieur et inf\u00e9rieur, dos, flanc), lipoplastie, liposculpture, interventions de chirurgie plastique apr\u00e8s pontage gastrique, chirurgie bariatrique, abdominoplastie.  MLPF03 fournit un soutien et une compression suppl\u00e9mentaires pendant la premi\u00e8re \u00e9tape postop\u00e9ratoire. Cet article a une large couverture sur les bras, le dos, la zone abdominale, la taille et les hanches, les genoux et les mollets pour fournir la compression n\u00e9cessaire dans les zones chirurgicales et r\u00e9duire la tension cr\u00e9\u00e9e par l&rsquo;intervention sur ces zones.  La combinaison de compression aide \u00e0 am\u00e9liorer la circulation, r\u00e9duit l&rsquo;enflure apr\u00e8s l&rsquo;intervention et pr\u00e9vient l&rsquo;apparition de liquides nocifs dans le corps.  Le produit est fabriqu\u00e9 avec des mat\u00e9riaux de haute qualit\u00e9, en tenant compte des id\u00e9es de m\u00e9decins sp\u00e9cialistes dans le domaine de la chirurgie plastique et esth\u00e9tique.   GARDER L&rsquo;HUMIDIT\u00c9 \u00c0 L&rsquo;\u00c9CART DU CORPS DUCTILIT\u00c9 ET \u00c9LASTICIT\u00c9 \u00c9LIMINE LES ODEURS D\u00c9SAGR\u00c9ABLES DUCTILIT\u00c9 ET \u00c9LASTICIT\u00c9 MAT\u00c9RIAU DE COMPRESSION<\/p>","protected":false},"excerpt":{"rendered":"<p>Combinaison de compression pour femme code MLPF03 (manches longues, dos haut, &#8230; <\/p>","protected":false},"featured_media":2933,"comment_status":"open","ping_status":"closed","template":"","meta":[],"product_brand":[],"product_cat":[289],"product_tag":[],"class_list":{"0":"post-2943","1":"product","2":"type-product","3":"status-publish","4":"has-post-thumbnail","6":"product_cat-chirurgie-plastique","8":"first","9":"instock","10":"shipping-taxable","11":"product-type-simple"},"yoast_head":"<!-- This site is optimized with the Yoast SEO plugin v27.2 - https:\/\/yoast.com\/product\/yoast-seo-wordpress\/ -->\n<title>Combinaison de compression - AV MEDICAL<\/title>\n<meta name=\"robots\" content=\"index, follow, max-snippet:-1, max-image-preview:large, max-video-preview:-1\" \/>\n<link rel=\"canonical\" href=\"https:\/\/avmedical.ma\/ar\/product\/combinaisondecompression\/\" \/>\n<meta property=\"og:locale\" content=\"ar_AR\" \/>\n<meta property=\"og:type\" content=\"article\" \/>\n<meta property=\"og:title\" content=\"Combinaison de compression - AV MEDICAL\" \/>\n<meta property=\"og:description\" content=\"Combinaison de compression pour femme code MLPF03 (manches longues, dos haut, ...\" \/>\n<meta property=\"og:url\" content=\"https:\/\/avmedical.ma\/ar\/product\/combinaisondecompression\/\" \/>\n<meta property=\"og:site_name\" content=\"AV MEDICAL\" \/>\n<meta property=\"article:modified_time\" content=\"2025-05-04T18:48:23+00:00\" \/>\n<meta property=\"og:image\" content=\"https:\/\/avmedical.ma\/wp-content\/uploads\/2025\/05\/combinaisondecompression.png\" \/>\n\t<meta property=\"og:image:width\" content=\"600\" \/>\n\t<meta property=\"og:image:height\" content=\"600\" \/>\n\t<meta property=\"og:image:type\" content=\"image\/png\" \/>\n<meta name=\"twitter:card\" content=\"summary_large_image\" \/>\n<meta name=\"twitter:label1\" content=\"\u0648\u0642\u062a \u0627\u0644\u0642\u0631\u0627\u0621\u0629 \u0627\u0644\u0645\u064f\u0642\u062f\u0651\u0631\" \/>\n\t<meta name=\"twitter:data1\" content=\"\u062f\u0642\u064a\u0642\u0629 \u0648\u0627\u062d\u062f\u0629\" \/>\n<script type=\"application\/ld+json\" class=\"yoast-schema-graph\">{\"@context\":\"https:\/\/schema.org\",\"@graph\":[{\"@type\":\"WebPage\",\"@id\":\"https:\/\/avmedical.ma\/produit\/combinaisondecompression\/\",\"url\":\"https:\/\/avmedical.ma\/produit\/combinaisondecompression\/\",\"name\":\"Combinaison de compression - AV MEDICAL\",\"isPartOf\":{\"@id\":\"https:\/\/avmedical.ma\/#website\"},\"primaryImageOfPage\":{\"@id\":\"https:\/\/avmedical.ma\/produit\/combinaisondecompression\/#primaryimage\"},\"image\":{\"@id\":\"https:\/\/avmedical.ma\/produit\/combinaisondecompression\/#primaryimage\"},\"thumbnailUrl\":\"https:\/\/avmedical.ma\/wp-content\/uploads\/2025\/05\/combinaisondecompression.png\",\"datePublished\":\"2025-05-04T18:39:23+00:00\",\"dateModified\":\"2025-05-04T18:48:23+00:00\",\"breadcrumb\":{\"@id\":\"https:\/\/avmedical.ma\/produit\/combinaisondecompression\/#breadcrumb\"},\"inLanguage\":\"ar\",\"potentialAction\":[{\"@type\":\"ReadAction\",\"target\":[\"https:\/\/avmedical.ma\/produit\/combinaisondecompression\/\"]}]},{\"@type\":\"ImageObject\",\"inLanguage\":\"ar\",\"@id\":\"https:\/\/avmedical.ma\/produit\/combinaisondecompression\/#primaryimage\",\"url\":\"https:\/\/avmedical.ma\/wp-content\/uploads\/2025\/05\/combinaisondecompression.png\",\"contentUrl\":\"https:\/\/avmedical.ma\/wp-content\/uploads\/2025\/05\/combinaisondecompression.png\",\"width\":600,\"height\":600},{\"@type\":\"BreadcrumbList\",\"@id\":\"https:\/\/avmedical.ma\/produit\/combinaisondecompression\/#breadcrumb\",\"itemListElement\":[{\"@type\":\"ListItem\",\"position\":1,\"name\":\"Accueil\",\"item\":\"https:\/\/avmedical.ma\/\"},{\"@type\":\"ListItem\",\"position\":2,\"name\":\"Shop\",\"item\":\"https:\/\/avmedical.ma\/shop\/\"},{\"@type\":\"ListItem\",\"position\":3,\"name\":\"Combinaison de compression\"}]},{\"@type\":\"WebSite\",\"@id\":\"https:\/\/avmedical.ma\/#website\",\"url\":\"https:\/\/avmedical.ma\/\",\"name\":\"AVMEDICAL Maroc\",\"description\":\"\",\"publisher\":{\"@id\":\"https:\/\/avmedical.ma\/#organization\"},\"potentialAction\":[{\"@type\":\"SearchAction\",\"target\":{\"@type\":\"EntryPoint\",\"urlTemplate\":\"https:\/\/avmedical.ma\/?s={search_term_string}\"},\"query-input\":{\"@type\":\"PropertyValueSpecification\",\"valueRequired\":true,\"valueName\":\"search_term_string\"}}],\"inLanguage\":\"ar\"},{\"@type\":\"Organization\",\"@id\":\"https:\/\/avmedical.ma\/#organization\",\"name\":\"AVMEDICAL\",\"url\":\"https:\/\/avmedical.ma\/\",\"logo\":{\"@type\":\"ImageObject\",\"inLanguage\":\"ar\",\"@id\":\"https:\/\/avmedical.ma\/#\/schema\/logo\/image\/\",\"url\":\"https:\/\/avmedical.ma\/wp-content\/uploads\/2024\/02\/logo_avmedical_new.png\",\"contentUrl\":\"https:\/\/avmedical.ma\/wp-content\/uploads\/2024\/02\/logo_avmedical_new.png\",\"width\":420,\"height\":95,\"caption\":\"AVMEDICAL\"},\"image\":{\"@id\":\"https:\/\/avmedical.ma\/#\/schema\/logo\/image\/\"}}]}<\/script>\n<!-- \/ Yoast SEO plugin. -->","yoast_head_json":{"title":"Combinaison de compression - AV MEDICAL","robots":{"index":"index","follow":"follow","max-snippet":"max-snippet:-1","max-image-preview":"max-image-preview:large","max-video-preview":"max-video-preview:-1"},"canonical":"https:\/\/avmedical.ma\/ar\/product\/combinaisondecompression\/","og_locale":"ar_AR","og_type":"article","og_title":"Combinaison de compression - AV MEDICAL","og_description":"Combinaison de compression pour femme code MLPF03 (manches longues, dos haut, ...","og_url":"https:\/\/avmedical.ma\/ar\/product\/combinaisondecompression\/","og_site_name":"AV MEDICAL","article_modified_time":"2025-05-04T18:48:23+00:00","og_image":[{"width":600,"height":600,"url":"https:\/\/avmedical.ma\/wp-content\/uploads\/2025\/05\/combinaisondecompression.png","type":"image\/png"}],"twitter_card":"summary_large_image","twitter_misc":{"\u0648\u0642\u062a \u0627\u0644\u0642\u0631\u0627\u0621\u0629 \u0627\u0644\u0645\u064f\u0642\u062f\u0651\u0631":"\u062f\u0642\u064a\u0642\u0629 \u0648\u0627\u062d\u062f\u0629"},"schema":{"@context":"https:\/\/schema.org","@graph":[{"@type":"WebPage","@id":"https:\/\/avmedical.ma\/produit\/combinaisondecompression\/","url":"https:\/\/avmedical.ma\/produit\/combinaisondecompression\/","name":"Combinaison de compression - AV MEDICAL","isPartOf":{"@id":"https:\/\/avmedical.ma\/#website"},"primaryImageOfPage":{"@id":"https:\/\/avmedical.ma\/produit\/combinaisondecompression\/#primaryimage"},"image":{"@id":"https:\/\/avmedical.ma\/produit\/combinaisondecompression\/#primaryimage"},"thumbnailUrl":"https:\/\/avmedical.ma\/wp-content\/uploads\/2025\/05\/combinaisondecompression.png","datePublished":"2025-05-04T18:39:23+00:00","dateModified":"2025-05-04T18:48:23+00:00","breadcrumb":{"@id":"https:\/\/avmedical.ma\/produit\/combinaisondecompression\/#breadcrumb"},"inLanguage":"ar","potentialAction":[{"@type":"ReadAction","target":["https:\/\/avmedical.ma\/produit\/combinaisondecompression\/"]}]},{"@type":"ImageObject","inLanguage":"ar","@id":"https:\/\/avmedical.ma\/produit\/combinaisondecompression\/#primaryimage","url":"https:\/\/avmedical.ma\/wp-content\/uploads\/2025\/05\/combinaisondecompression.png","contentUrl":"https:\/\/avmedical.ma\/wp-content\/uploads\/2025\/05\/combinaisondecompression.png","width":600,"height":600},{"@type":"BreadcrumbList","@id":"https:\/\/avmedical.ma\/produit\/combinaisondecompression\/#breadcrumb","itemListElement":[{"@type":"ListItem","position":1,"name":"Accueil","item":"https:\/\/avmedical.ma\/"},{"@type":"ListItem","position":2,"name":"Shop","item":"https:\/\/avmedical.ma\/shop\/"},{"@type":"ListItem","position":3,"name":"Combinaison de compression"}]},{"@type":"WebSite","@id":"https:\/\/avmedical.ma\/#website","url":"https:\/\/avmedical.ma\/","name":"AVMEDICAL Maroc","description":"","publisher":{"@id":"https:\/\/avmedical.ma\/#organization"},"potentialAction":[{"@type":"SearchAction","target":{"@type":"EntryPoint","urlTemplate":"https:\/\/avmedical.ma\/?s={search_term_string}"},"query-input":{"@type":"PropertyValueSpecification","valueRequired":true,"valueName":"search_term_string"}}],"inLanguage":"ar"},{"@type":"Organization","@id":"https:\/\/avmedical.ma\/#organization","name":"AVMEDICAL","url":"https:\/\/avmedical.ma\/","logo":{"@type":"ImageObject","inLanguage":"ar","@id":"https:\/\/avmedical.ma\/#\/schema\/logo\/image\/","url":"https:\/\/avmedical.ma\/wp-content\/uploads\/2024\/02\/logo_avmedical_new.png","contentUrl":"https:\/\/avmedical.ma\/wp-content\/uploads\/2024\/02\/logo_avmedical_new.png","width":420,"height":95,"caption":"AVMEDICAL"},"image":{"@id":"https:\/\/avmedical.ma\/#\/schema\/logo\/image\/"}}]}},"_links":{"self":[{"href":"https:\/\/avmedical.ma\/ar\/wp-json\/wp\/v2\/product\/2943","targetHints":{"allow":["GET"]}}],"collection":[{"href":"https:\/\/avmedical.ma\/ar\/wp-json\/wp\/v2\/product"}],"about":[{"href":"https:\/\/avmedical.ma\/ar\/wp-json\/wp\/v2\/types\/product"}],"replies":[{"embeddable":true,"href":"https:\/\/avmedical.ma\/ar\/wp-json\/wp\/v2\/comments?post=2943"}],"wp:featuredmedia":[{"embeddable":true,"href":"https:\/\/avmedical.ma\/ar\/wp-json\/wp\/v2\/media\/2933"}],"wp:attachment":[{"href":"https:\/\/avmedical.ma\/ar\/wp-json\/wp\/v2\/media?parent=2943"}],"wp:term":[{"taxonomy":"product_brand","embeddable":true,"href":"https:\/\/avmedical.ma\/ar\/wp-json\/wp\/v2\/product_brand?post=2943"},{"taxonomy":"product_cat","embeddable":true,"href":"https:\/\/avmedical.ma\/ar\/wp-json\/wp\/v2\/product_cat?post=2943"},{"taxonomy":"product_tag","embeddable":true,"href":"https:\/\/avmedical.ma\/ar\/wp-json\/wp\/v2\/product_tag?post=2943"}],"curies":[{"name":"wp","href":"https:\/\/api.w.org\/{rel}","templated":true}]}}