{"id":2941,"date":"2025-05-04T20:39:23","date_gmt":"2025-05-04T18:39:23","guid":{"rendered":"https:\/\/avmedical.ma\/?post_type=product&#038;p=2941"},"modified":"2025-05-04T20:46:39","modified_gmt":"2025-05-04T18:46:39","slug":"giletdecompression","status":"publish","type":"product","link":"https:\/\/avmedical.ma\/ar\/product\/giletdecompression\/","title":{"rendered":"Gilet de compression"},"content":{"rendered":"<p>Le gilet de compression avec bande \u00e9lastique attach\u00e9e , code VCO , est utilis\u00e9 au stade I. postop\u00e9ratoire en chirurgie plastique et esth\u00e9tique (4 \u00e0 6 semaines, selon les recommandations de votre m\u00e9decin) comme accompagnement apr\u00e8s des op\u00e9rations telles que : augmentation mammaire (augmentation mammaire) avec ou sans implant mammaire, mastopexie (lifting mammaire), r\u00e9duction mammaire ou reconstruction apr\u00e8s cancer du sein  Gilet m\u00e9dical compressif avec bande \u00e9lastique attach\u00e9e &#8211; VCO aide \u00e0 am\u00e9liorer la circulation, r\u00e9duit le gonflement apr\u00e8s la proc\u00e9dure et maintient l&rsquo;implant dans la bonne position. Il soutient \u00e9galement les zones sensibles et r\u00e9duit la tension sur les cicatrices nouvellement form\u00e9es, pour \u00e9viter leur propagation.  Le gilet est dot\u00e9 d&rsquo;une bande \u00e9lastique stabilisatrice attach\u00e9e au-dessus des seins. Celui-ci a pour r\u00f4le de stabiliser l\u2019implant mammaire et d\u2019\u00e9viter son soul\u00e8vement.<\/p>","protected":false},"excerpt":{"rendered":"<p>Le gilet de compression avec bande \u00e9lastique attach\u00e9e , code VCO &#8230; <\/p>","protected":false},"featured_media":2935,"comment_status":"open","ping_status":"closed","template":"","meta":[],"product_brand":[],"product_cat":[289],"product_tag":[],"class_list":{"0":"post-2941","1":"product","2":"type-product","3":"status-publish","4":"has-post-thumbnail","6":"product_cat-chirurgie-plastique","8":"first","9":"instock","10":"shipping-taxable","11":"product-type-simple"},"yoast_head":"<!-- This site is optimized with the Yoast SEO plugin v27.2 - https:\/\/yoast.com\/product\/yoast-seo-wordpress\/ -->\n<title>Gilet de compression - AV MEDICAL<\/title>\n<meta name=\"robots\" content=\"index, follow, max-snippet:-1, max-image-preview:large, max-video-preview:-1\" \/>\n<link rel=\"canonical\" href=\"https:\/\/avmedical.ma\/ar\/product\/giletdecompression\/\" \/>\n<meta property=\"og:locale\" content=\"ar_AR\" \/>\n<meta property=\"og:type\" content=\"article\" \/>\n<meta property=\"og:title\" content=\"Gilet de compression - AV MEDICAL\" \/>\n<meta property=\"og:description\" content=\"Le gilet de compression avec bande \u00e9lastique attach\u00e9e , code VCO ...\" \/>\n<meta property=\"og:url\" content=\"https:\/\/avmedical.ma\/ar\/product\/giletdecompression\/\" \/>\n<meta property=\"og:site_name\" content=\"AV MEDICAL\" \/>\n<meta property=\"article:modified_time\" content=\"2025-05-04T18:46:39+00:00\" \/>\n<meta property=\"og:image\" content=\"https:\/\/avmedical.ma\/wp-content\/uploads\/2025\/05\/giletdecompression.png\" \/>\n\t<meta property=\"og:image:width\" content=\"600\" \/>\n\t<meta property=\"og:image:height\" content=\"600\" \/>\n\t<meta property=\"og:image:type\" content=\"image\/png\" \/>\n<meta name=\"twitter:card\" content=\"summary_large_image\" \/>\n<meta name=\"twitter:label1\" content=\"\u0648\u0642\u062a \u0627\u0644\u0642\u0631\u0627\u0621\u0629 \u0627\u0644\u0645\u064f\u0642\u062f\u0651\u0631\" \/>\n\t<meta name=\"twitter:data1\" content=\"\u062f\u0642\u064a\u0642\u0629 \u0648\u0627\u062d\u062f\u0629\" \/>\n<script type=\"application\/ld+json\" class=\"yoast-schema-graph\">{\"@context\":\"https:\/\/schema.org\",\"@graph\":[{\"@type\":\"WebPage\",\"@id\":\"https:\/\/avmedical.ma\/produit\/giletdecompression\/\",\"url\":\"https:\/\/avmedical.ma\/produit\/giletdecompression\/\",\"name\":\"Gilet de compression - AV MEDICAL\",\"isPartOf\":{\"@id\":\"https:\/\/avmedical.ma\/#website\"},\"primaryImageOfPage\":{\"@id\":\"https:\/\/avmedical.ma\/produit\/giletdecompression\/#primaryimage\"},\"image\":{\"@id\":\"https:\/\/avmedical.ma\/produit\/giletdecompression\/#primaryimage\"},\"thumbnailUrl\":\"https:\/\/avmedical.ma\/wp-content\/uploads\/2025\/05\/giletdecompression.png\",\"datePublished\":\"2025-05-04T18:39:23+00:00\",\"dateModified\":\"2025-05-04T18:46:39+00:00\",\"breadcrumb\":{\"@id\":\"https:\/\/avmedical.ma\/produit\/giletdecompression\/#breadcrumb\"},\"inLanguage\":\"ar\",\"potentialAction\":[{\"@type\":\"ReadAction\",\"target\":[\"https:\/\/avmedical.ma\/produit\/giletdecompression\/\"]}]},{\"@type\":\"ImageObject\",\"inLanguage\":\"ar\",\"@id\":\"https:\/\/avmedical.ma\/produit\/giletdecompression\/#primaryimage\",\"url\":\"https:\/\/avmedical.ma\/wp-content\/uploads\/2025\/05\/giletdecompression.png\",\"contentUrl\":\"https:\/\/avmedical.ma\/wp-content\/uploads\/2025\/05\/giletdecompression.png\",\"width\":600,\"height\":600},{\"@type\":\"BreadcrumbList\",\"@id\":\"https:\/\/avmedical.ma\/produit\/giletdecompression\/#breadcrumb\",\"itemListElement\":[{\"@type\":\"ListItem\",\"position\":1,\"name\":\"Accueil\",\"item\":\"https:\/\/avmedical.ma\/\"},{\"@type\":\"ListItem\",\"position\":2,\"name\":\"Shop\",\"item\":\"https:\/\/avmedical.ma\/shop\/\"},{\"@type\":\"ListItem\",\"position\":3,\"name\":\"Gilet de compression\"}]},{\"@type\":\"WebSite\",\"@id\":\"https:\/\/avmedical.ma\/#website\",\"url\":\"https:\/\/avmedical.ma\/\",\"name\":\"AVMEDICAL Maroc\",\"description\":\"\",\"publisher\":{\"@id\":\"https:\/\/avmedical.ma\/#organization\"},\"potentialAction\":[{\"@type\":\"SearchAction\",\"target\":{\"@type\":\"EntryPoint\",\"urlTemplate\":\"https:\/\/avmedical.ma\/?s={search_term_string}\"},\"query-input\":{\"@type\":\"PropertyValueSpecification\",\"valueRequired\":true,\"valueName\":\"search_term_string\"}}],\"inLanguage\":\"ar\"},{\"@type\":\"Organization\",\"@id\":\"https:\/\/avmedical.ma\/#organization\",\"name\":\"AVMEDICAL\",\"url\":\"https:\/\/avmedical.ma\/\",\"logo\":{\"@type\":\"ImageObject\",\"inLanguage\":\"ar\",\"@id\":\"https:\/\/avmedical.ma\/#\/schema\/logo\/image\/\",\"url\":\"https:\/\/avmedical.ma\/wp-content\/uploads\/2024\/02\/logo_avmedical_new.png\",\"contentUrl\":\"https:\/\/avmedical.ma\/wp-content\/uploads\/2024\/02\/logo_avmedical_new.png\",\"width\":420,\"height\":95,\"caption\":\"AVMEDICAL\"},\"image\":{\"@id\":\"https:\/\/avmedical.ma\/#\/schema\/logo\/image\/\"}}]}<\/script>\n<!-- \/ Yoast SEO plugin. -->","yoast_head_json":{"title":"Gilet de compression - AV MEDICAL","robots":{"index":"index","follow":"follow","max-snippet":"max-snippet:-1","max-image-preview":"max-image-preview:large","max-video-preview":"max-video-preview:-1"},"canonical":"https:\/\/avmedical.ma\/ar\/product\/giletdecompression\/","og_locale":"ar_AR","og_type":"article","og_title":"Gilet de compression - AV MEDICAL","og_description":"Le gilet de compression avec bande \u00e9lastique attach\u00e9e , code VCO ...","og_url":"https:\/\/avmedical.ma\/ar\/product\/giletdecompression\/","og_site_name":"AV MEDICAL","article_modified_time":"2025-05-04T18:46:39+00:00","og_image":[{"width":600,"height":600,"url":"https:\/\/avmedical.ma\/wp-content\/uploads\/2025\/05\/giletdecompression.png","type":"image\/png"}],"twitter_card":"summary_large_image","twitter_misc":{"\u0648\u0642\u062a \u0627\u0644\u0642\u0631\u0627\u0621\u0629 \u0627\u0644\u0645\u064f\u0642\u062f\u0651\u0631":"\u062f\u0642\u064a\u0642\u0629 \u0648\u0627\u062d\u062f\u0629"},"schema":{"@context":"https:\/\/schema.org","@graph":[{"@type":"WebPage","@id":"https:\/\/avmedical.ma\/produit\/giletdecompression\/","url":"https:\/\/avmedical.ma\/produit\/giletdecompression\/","name":"Gilet de compression - AV MEDICAL","isPartOf":{"@id":"https:\/\/avmedical.ma\/#website"},"primaryImageOfPage":{"@id":"https:\/\/avmedical.ma\/produit\/giletdecompression\/#primaryimage"},"image":{"@id":"https:\/\/avmedical.ma\/produit\/giletdecompression\/#primaryimage"},"thumbnailUrl":"https:\/\/avmedical.ma\/wp-content\/uploads\/2025\/05\/giletdecompression.png","datePublished":"2025-05-04T18:39:23+00:00","dateModified":"2025-05-04T18:46:39+00:00","breadcrumb":{"@id":"https:\/\/avmedical.ma\/produit\/giletdecompression\/#breadcrumb"},"inLanguage":"ar","potentialAction":[{"@type":"ReadAction","target":["https:\/\/avmedical.ma\/produit\/giletdecompression\/"]}]},{"@type":"ImageObject","inLanguage":"ar","@id":"https:\/\/avmedical.ma\/produit\/giletdecompression\/#primaryimage","url":"https:\/\/avmedical.ma\/wp-content\/uploads\/2025\/05\/giletdecompression.png","contentUrl":"https:\/\/avmedical.ma\/wp-content\/uploads\/2025\/05\/giletdecompression.png","width":600,"height":600},{"@type":"BreadcrumbList","@id":"https:\/\/avmedical.ma\/produit\/giletdecompression\/#breadcrumb","itemListElement":[{"@type":"ListItem","position":1,"name":"Accueil","item":"https:\/\/avmedical.ma\/"},{"@type":"ListItem","position":2,"name":"Shop","item":"https:\/\/avmedical.ma\/shop\/"},{"@type":"ListItem","position":3,"name":"Gilet de compression"}]},{"@type":"WebSite","@id":"https:\/\/avmedical.ma\/#website","url":"https:\/\/avmedical.ma\/","name":"AVMEDICAL Maroc","description":"","publisher":{"@id":"https:\/\/avmedical.ma\/#organization"},"potentialAction":[{"@type":"SearchAction","target":{"@type":"EntryPoint","urlTemplate":"https:\/\/avmedical.ma\/?s={search_term_string}"},"query-input":{"@type":"PropertyValueSpecification","valueRequired":true,"valueName":"search_term_string"}}],"inLanguage":"ar"},{"@type":"Organization","@id":"https:\/\/avmedical.ma\/#organization","name":"AVMEDICAL","url":"https:\/\/avmedical.ma\/","logo":{"@type":"ImageObject","inLanguage":"ar","@id":"https:\/\/avmedical.ma\/#\/schema\/logo\/image\/","url":"https:\/\/avmedical.ma\/wp-content\/uploads\/2024\/02\/logo_avmedical_new.png","contentUrl":"https:\/\/avmedical.ma\/wp-content\/uploads\/2024\/02\/logo_avmedical_new.png","width":420,"height":95,"caption":"AVMEDICAL"},"image":{"@id":"https:\/\/avmedical.ma\/#\/schema\/logo\/image\/"}}]}},"_links":{"self":[{"href":"https:\/\/avmedical.ma\/ar\/wp-json\/wp\/v2\/product\/2941","targetHints":{"allow":["GET"]}}],"collection":[{"href":"https:\/\/avmedical.ma\/ar\/wp-json\/wp\/v2\/product"}],"about":[{"href":"https:\/\/avmedical.ma\/ar\/wp-json\/wp\/v2\/types\/product"}],"replies":[{"embeddable":true,"href":"https:\/\/avmedical.ma\/ar\/wp-json\/wp\/v2\/comments?post=2941"}],"wp:featuredmedia":[{"embeddable":true,"href":"https:\/\/avmedical.ma\/ar\/wp-json\/wp\/v2\/media\/2935"}],"wp:attachment":[{"href":"https:\/\/avmedical.ma\/ar\/wp-json\/wp\/v2\/media?parent=2941"}],"wp:term":[{"taxonomy":"product_brand","embeddable":true,"href":"https:\/\/avmedical.ma\/ar\/wp-json\/wp\/v2\/product_brand?post=2941"},{"taxonomy":"product_cat","embeddable":true,"href":"https:\/\/avmedical.ma\/ar\/wp-json\/wp\/v2\/product_cat?post=2941"},{"taxonomy":"product_tag","embeddable":true,"href":"https:\/\/avmedical.ma\/ar\/wp-json\/wp\/v2\/product_tag?post=2941"}],"curies":[{"name":"wp","href":"https:\/\/api.w.org\/{rel}","templated":true}]}}