{"id":2873,"date":"2025-05-02T16:08:54","date_gmt":"2025-05-02T14:08:54","guid":{"rendered":"https:\/\/avmedical.ma\/?post_type=product&#038;p=2873"},"modified":"2025-05-02T16:31:24","modified_gmt":"2025-05-02T14:31:24","slug":"skr-ib00","status":"publish","type":"product","link":"https:\/\/avmedical.ma\/ar\/product\/skr-ib00\/","title":{"rendered":"SKR-IB00"},"content":{"rendered":"<p>Chariot de d\u00e9m\u00e9nagement  CE \u00e0 bas prix pour poste de travail informatique  Le chariot \u00e0 m\u00e9dicaments de type Saikang est conforme aux principes d&rsquo;ergonomie, am\u00e9liorant la technologie de l&rsquo;information sur les soins de sant\u00e9, rendant l&rsquo;informatique confortable, pla\u00e7ant l&rsquo;\u00e9quipement informatique sur le chariot en fonction des besoins r\u00e9els, d\u00e9pla\u00e7ant le chariot librement, trouvant des informations sur le patient \u00e0 tout moment, travaillant efficacement.  Le chariot est fabriqu\u00e9 en alliage, en plastique de qualit\u00e9 et en acier galvanis\u00e9 pour r\u00e9pondre aux exigences des h\u00f4pitaux en mati\u00e8re de propret\u00e9 environnementale. Tous les mat\u00e9riaux sont conformes aux normes RoHS et REACH, et l&#8217;emballage est conforme \u00e0 la norme europ\u00e9enne 94\/62\/CE.  Le chariot Saikang utilise une technologie brevet\u00e9e de syst\u00e8me de c\u00e2bles dissimul\u00e9s et de r\u00e9glage constant de la hauteur \u00e0 double rail.<\/p>","protected":false},"excerpt":{"rendered":"<p>Chariot de d\u00e9m\u00e9nagement CE \u00e0 bas prix pour poste de travail &#8230; <\/p>","protected":false},"featured_media":2861,"comment_status":"open","ping_status":"closed","template":"","meta":[],"product_brand":[],"product_cat":[323],"product_tag":[],"class_list":{"0":"post-2873","1":"product","2":"type-product","3":"status-publish","4":"has-post-thumbnail","6":"product_cat-laptop-et-endoscopie","8":"first","9":"instock","10":"shipping-taxable","11":"product-type-simple"},"yoast_head":"<!-- This site is optimized with the Yoast SEO plugin v27.2 - https:\/\/yoast.com\/product\/yoast-seo-wordpress\/ -->\n<title>SKR-IB00 - AV MEDICAL<\/title>\n<meta name=\"robots\" content=\"index, follow, max-snippet:-1, max-image-preview:large, max-video-preview:-1\" \/>\n<link rel=\"canonical\" href=\"https:\/\/avmedical.ma\/ar\/product\/skr-ib00\/\" \/>\n<meta property=\"og:locale\" content=\"ar_AR\" \/>\n<meta property=\"og:type\" content=\"article\" \/>\n<meta property=\"og:title\" content=\"SKR-IB00 - AV MEDICAL\" \/>\n<meta property=\"og:description\" content=\"Chariot de d\u00e9m\u00e9nagement CE \u00e0 bas prix pour poste de travail ...\" \/>\n<meta property=\"og:url\" content=\"https:\/\/avmedical.ma\/ar\/product\/skr-ib00\/\" \/>\n<meta property=\"og:site_name\" content=\"AV MEDICAL\" \/>\n<meta property=\"article:modified_time\" content=\"2025-05-02T14:31:24+00:00\" \/>\n<meta property=\"og:image\" content=\"https:\/\/avmedical.ma\/wp-content\/uploads\/2025\/05\/skr-ib00.jpg\" \/>\n\t<meta property=\"og:image:width\" content=\"660\" \/>\n\t<meta property=\"og:image:height\" content=\"660\" \/>\n\t<meta property=\"og:image:type\" content=\"image\/jpeg\" \/>\n<meta name=\"twitter:card\" content=\"summary_large_image\" \/>\n<meta name=\"twitter:label1\" content=\"\u0648\u0642\u062a \u0627\u0644\u0642\u0631\u0627\u0621\u0629 \u0627\u0644\u0645\u064f\u0642\u062f\u0651\u0631\" \/>\n\t<meta name=\"twitter:data1\" content=\"\u062f\u0642\u064a\u0642\u0629 \u0648\u0627\u062d\u062f\u0629\" \/>\n<script type=\"application\/ld+json\" class=\"yoast-schema-graph\">{\"@context\":\"https:\/\/schema.org\",\"@graph\":[{\"@type\":\"WebPage\",\"@id\":\"https:\/\/avmedical.ma\/produit\/skr-ib00\/\",\"url\":\"https:\/\/avmedical.ma\/produit\/skr-ib00\/\",\"name\":\"SKR-IB00 - AV MEDICAL\",\"isPartOf\":{\"@id\":\"https:\/\/avmedical.ma\/#website\"},\"primaryImageOfPage\":{\"@id\":\"https:\/\/avmedical.ma\/produit\/skr-ib00\/#primaryimage\"},\"image\":{\"@id\":\"https:\/\/avmedical.ma\/produit\/skr-ib00\/#primaryimage\"},\"thumbnailUrl\":\"https:\/\/avmedical.ma\/wp-content\/uploads\/2025\/05\/skr-ib00.jpg\",\"datePublished\":\"2025-05-02T14:08:54+00:00\",\"dateModified\":\"2025-05-02T14:31:24+00:00\",\"breadcrumb\":{\"@id\":\"https:\/\/avmedical.ma\/produit\/skr-ib00\/#breadcrumb\"},\"inLanguage\":\"ar\",\"potentialAction\":[{\"@type\":\"ReadAction\",\"target\":[\"https:\/\/avmedical.ma\/produit\/skr-ib00\/\"]}]},{\"@type\":\"ImageObject\",\"inLanguage\":\"ar\",\"@id\":\"https:\/\/avmedical.ma\/produit\/skr-ib00\/#primaryimage\",\"url\":\"https:\/\/avmedical.ma\/wp-content\/uploads\/2025\/05\/skr-ib00.jpg\",\"contentUrl\":\"https:\/\/avmedical.ma\/wp-content\/uploads\/2025\/05\/skr-ib00.jpg\",\"width\":660,\"height\":660},{\"@type\":\"BreadcrumbList\",\"@id\":\"https:\/\/avmedical.ma\/produit\/skr-ib00\/#breadcrumb\",\"itemListElement\":[{\"@type\":\"ListItem\",\"position\":1,\"name\":\"Accueil\",\"item\":\"https:\/\/avmedical.ma\/\"},{\"@type\":\"ListItem\",\"position\":2,\"name\":\"Shop\",\"item\":\"https:\/\/avmedical.ma\/shop\/\"},{\"@type\":\"ListItem\",\"position\":3,\"name\":\"SKR-IB00\"}]},{\"@type\":\"WebSite\",\"@id\":\"https:\/\/avmedical.ma\/#website\",\"url\":\"https:\/\/avmedical.ma\/\",\"name\":\"AVMEDICAL Maroc\",\"description\":\"\",\"publisher\":{\"@id\":\"https:\/\/avmedical.ma\/#organization\"},\"potentialAction\":[{\"@type\":\"SearchAction\",\"target\":{\"@type\":\"EntryPoint\",\"urlTemplate\":\"https:\/\/avmedical.ma\/?s={search_term_string}\"},\"query-input\":{\"@type\":\"PropertyValueSpecification\",\"valueRequired\":true,\"valueName\":\"search_term_string\"}}],\"inLanguage\":\"ar\"},{\"@type\":\"Organization\",\"@id\":\"https:\/\/avmedical.ma\/#organization\",\"name\":\"AVMEDICAL\",\"url\":\"https:\/\/avmedical.ma\/\",\"logo\":{\"@type\":\"ImageObject\",\"inLanguage\":\"ar\",\"@id\":\"https:\/\/avmedical.ma\/#\/schema\/logo\/image\/\",\"url\":\"https:\/\/avmedical.ma\/wp-content\/uploads\/2024\/02\/logo_avmedical_new.png\",\"contentUrl\":\"https:\/\/avmedical.ma\/wp-content\/uploads\/2024\/02\/logo_avmedical_new.png\",\"width\":420,\"height\":95,\"caption\":\"AVMEDICAL\"},\"image\":{\"@id\":\"https:\/\/avmedical.ma\/#\/schema\/logo\/image\/\"}}]}<\/script>\n<!-- \/ Yoast SEO plugin. -->","yoast_head_json":{"title":"SKR-IB00 - AV MEDICAL","robots":{"index":"index","follow":"follow","max-snippet":"max-snippet:-1","max-image-preview":"max-image-preview:large","max-video-preview":"max-video-preview:-1"},"canonical":"https:\/\/avmedical.ma\/ar\/product\/skr-ib00\/","og_locale":"ar_AR","og_type":"article","og_title":"SKR-IB00 - AV MEDICAL","og_description":"Chariot de d\u00e9m\u00e9nagement CE \u00e0 bas prix pour poste de travail ...","og_url":"https:\/\/avmedical.ma\/ar\/product\/skr-ib00\/","og_site_name":"AV MEDICAL","article_modified_time":"2025-05-02T14:31:24+00:00","og_image":[{"width":660,"height":660,"url":"https:\/\/avmedical.ma\/wp-content\/uploads\/2025\/05\/skr-ib00.jpg","type":"image\/jpeg"}],"twitter_card":"summary_large_image","twitter_misc":{"\u0648\u0642\u062a \u0627\u0644\u0642\u0631\u0627\u0621\u0629 \u0627\u0644\u0645\u064f\u0642\u062f\u0651\u0631":"\u062f\u0642\u064a\u0642\u0629 \u0648\u0627\u062d\u062f\u0629"},"schema":{"@context":"https:\/\/schema.org","@graph":[{"@type":"WebPage","@id":"https:\/\/avmedical.ma\/produit\/skr-ib00\/","url":"https:\/\/avmedical.ma\/produit\/skr-ib00\/","name":"SKR-IB00 - AV MEDICAL","isPartOf":{"@id":"https:\/\/avmedical.ma\/#website"},"primaryImageOfPage":{"@id":"https:\/\/avmedical.ma\/produit\/skr-ib00\/#primaryimage"},"image":{"@id":"https:\/\/avmedical.ma\/produit\/skr-ib00\/#primaryimage"},"thumbnailUrl":"https:\/\/avmedical.ma\/wp-content\/uploads\/2025\/05\/skr-ib00.jpg","datePublished":"2025-05-02T14:08:54+00:00","dateModified":"2025-05-02T14:31:24+00:00","breadcrumb":{"@id":"https:\/\/avmedical.ma\/produit\/skr-ib00\/#breadcrumb"},"inLanguage":"ar","potentialAction":[{"@type":"ReadAction","target":["https:\/\/avmedical.ma\/produit\/skr-ib00\/"]}]},{"@type":"ImageObject","inLanguage":"ar","@id":"https:\/\/avmedical.ma\/produit\/skr-ib00\/#primaryimage","url":"https:\/\/avmedical.ma\/wp-content\/uploads\/2025\/05\/skr-ib00.jpg","contentUrl":"https:\/\/avmedical.ma\/wp-content\/uploads\/2025\/05\/skr-ib00.jpg","width":660,"height":660},{"@type":"BreadcrumbList","@id":"https:\/\/avmedical.ma\/produit\/skr-ib00\/#breadcrumb","itemListElement":[{"@type":"ListItem","position":1,"name":"Accueil","item":"https:\/\/avmedical.ma\/"},{"@type":"ListItem","position":2,"name":"Shop","item":"https:\/\/avmedical.ma\/shop\/"},{"@type":"ListItem","position":3,"name":"SKR-IB00"}]},{"@type":"WebSite","@id":"https:\/\/avmedical.ma\/#website","url":"https:\/\/avmedical.ma\/","name":"AVMEDICAL Maroc","description":"","publisher":{"@id":"https:\/\/avmedical.ma\/#organization"},"potentialAction":[{"@type":"SearchAction","target":{"@type":"EntryPoint","urlTemplate":"https:\/\/avmedical.ma\/?s={search_term_string}"},"query-input":{"@type":"PropertyValueSpecification","valueRequired":true,"valueName":"search_term_string"}}],"inLanguage":"ar"},{"@type":"Organization","@id":"https:\/\/avmedical.ma\/#organization","name":"AVMEDICAL","url":"https:\/\/avmedical.ma\/","logo":{"@type":"ImageObject","inLanguage":"ar","@id":"https:\/\/avmedical.ma\/#\/schema\/logo\/image\/","url":"https:\/\/avmedical.ma\/wp-content\/uploads\/2024\/02\/logo_avmedical_new.png","contentUrl":"https:\/\/avmedical.ma\/wp-content\/uploads\/2024\/02\/logo_avmedical_new.png","width":420,"height":95,"caption":"AVMEDICAL"},"image":{"@id":"https:\/\/avmedical.ma\/#\/schema\/logo\/image\/"}}]}},"_links":{"self":[{"href":"https:\/\/avmedical.ma\/ar\/wp-json\/wp\/v2\/product\/2873","targetHints":{"allow":["GET"]}}],"collection":[{"href":"https:\/\/avmedical.ma\/ar\/wp-json\/wp\/v2\/product"}],"about":[{"href":"https:\/\/avmedical.ma\/ar\/wp-json\/wp\/v2\/types\/product"}],"replies":[{"embeddable":true,"href":"https:\/\/avmedical.ma\/ar\/wp-json\/wp\/v2\/comments?post=2873"}],"wp:featuredmedia":[{"embeddable":true,"href":"https:\/\/avmedical.ma\/ar\/wp-json\/wp\/v2\/media\/2861"}],"wp:attachment":[{"href":"https:\/\/avmedical.ma\/ar\/wp-json\/wp\/v2\/media?parent=2873"}],"wp:term":[{"taxonomy":"product_brand","embeddable":true,"href":"https:\/\/avmedical.ma\/ar\/wp-json\/wp\/v2\/product_brand?post=2873"},{"taxonomy":"product_cat","embeddable":true,"href":"https:\/\/avmedical.ma\/ar\/wp-json\/wp\/v2\/product_cat?post=2873"},{"taxonomy":"product_tag","embeddable":true,"href":"https:\/\/avmedical.ma\/ar\/wp-json\/wp\/v2\/product_tag?post=2873"}],"curies":[{"name":"wp","href":"https:\/\/api.w.org\/{rel}","templated":true}]}}