{"id":2845,"date":"2025-05-02T16:00:13","date_gmt":"2025-05-02T14:00:13","guid":{"rendered":"https:\/\/avmedical.ma\/?post_type=product&#038;p=2845"},"modified":"2025-05-02T16:01:12","modified_gmt":"2025-05-02T14:01:12","slug":"x12","status":"publish","type":"product","link":"https:\/\/avmedical.ma\/ar\/product\/x12\/","title":{"rendered":"X12"},"content":{"rendered":"<p>Contr\u00f4le de qualit\u00e9 important :  4 caches-pieds anti-d\u00e9rapants pour le lit Ch\u00e2ssis en acier rev\u00eatu par poudre d\u2019une \u00e9paisseur de 1,2 \u00e0 1,5 mm, supporte une charge de 250 kg Niveau sonore inf\u00e9rieur \u00e0 50 dB R\u00e9sistant au feu, \u00e0 la couleur jaune, aux moisissures, \u00e0 la flexion et \u00e0 l\u2019abrasion sur 100 000 cycles Mousse haute densit\u00e9 de 10 cm d\u2019\u00e9paisseur, ignifug\u00e9e, avec une densit\u00e9 de 30 kg\/m\u00b3 Peinture \u00e9poxy en 11 \u00e9tapes Test\u00e9 selon les normes ASTM pour ses propri\u00e9t\u00e9s antibact\u00e9riennes \u00c9paisseur de la peinture de 0,12 mm, brillance \u00e0 60\u00b0 La peinture peut r\u00e9sister \u00e0 un impact de 50 kg Robot Panasonic assurant un soudage fluide \u00e0 360\u00b0 Acier Baosteel (class\u00e9 Fortune Global 500) Moteur am\u00e9ricain, conforme aux normes UL\/ROHS\/EN. Niveau sonore inf\u00e9rieur \u00e0 50 dB, dur\u00e9e de vie de 20 000 mouvements 1 fonction \u00e9lectrique Approuv\u00e9 par la FDA am\u00e9ricaine et conforme \u00e0 la norme EN60601  Param\u00e8tres techniques :  Dimensions externes (L x l x H) : 1900 x 600 x (500-730) mm<\/p>","protected":false},"excerpt":{"rendered":"<p>Contr\u00f4le de qualit\u00e9 important : 4 caches-pieds anti-d\u00e9rapants pour le lit &#8230; <\/p>","protected":false},"featured_media":2839,"comment_status":"open","ping_status":"closed","template":"","meta":[],"product_brand":[],"product_cat":[318],"product_tag":[],"class_list":{"0":"post-2845","1":"product","2":"type-product","3":"status-publish","4":"has-post-thumbnail","6":"product_cat-table-electrique","8":"first","9":"instock","10":"shipping-taxable","11":"product-type-simple"},"yoast_head":"<!-- This site is optimized with the Yoast SEO plugin v27.2 - https:\/\/yoast.com\/product\/yoast-seo-wordpress\/ -->\n<title>X12 - AV MEDICAL<\/title>\n<meta name=\"robots\" content=\"index, follow, max-snippet:-1, max-image-preview:large, max-video-preview:-1\" \/>\n<link rel=\"canonical\" href=\"https:\/\/avmedical.ma\/ar\/product\/x12\/\" \/>\n<meta property=\"og:locale\" content=\"ar_AR\" \/>\n<meta property=\"og:type\" content=\"article\" \/>\n<meta property=\"og:title\" content=\"X12 - AV MEDICAL\" \/>\n<meta property=\"og:description\" content=\"Contr\u00f4le de qualit\u00e9 important : 4 caches-pieds anti-d\u00e9rapants pour le lit ...\" \/>\n<meta property=\"og:url\" content=\"https:\/\/avmedical.ma\/ar\/product\/x12\/\" \/>\n<meta property=\"og:site_name\" content=\"AV MEDICAL\" \/>\n<meta property=\"article:modified_time\" content=\"2025-05-02T14:01:12+00:00\" \/>\n<meta property=\"og:image\" content=\"https:\/\/avmedical.ma\/wp-content\/uploads\/2025\/05\/x12.jpg\" \/>\n\t<meta property=\"og:image:width\" content=\"800\" \/>\n\t<meta property=\"og:image:height\" content=\"800\" \/>\n\t<meta property=\"og:image:type\" content=\"image\/jpeg\" \/>\n<meta name=\"twitter:card\" content=\"summary_large_image\" \/>\n<meta name=\"twitter:label1\" content=\"\u0648\u0642\u062a \u0627\u0644\u0642\u0631\u0627\u0621\u0629 \u0627\u0644\u0645\u064f\u0642\u062f\u0651\u0631\" \/>\n\t<meta name=\"twitter:data1\" content=\"\u062f\u0642\u064a\u0642\u0629 \u0648\u0627\u062d\u062f\u0629\" \/>\n<script type=\"application\/ld+json\" class=\"yoast-schema-graph\">{\"@context\":\"https:\/\/schema.org\",\"@graph\":[{\"@type\":\"WebPage\",\"@id\":\"https:\/\/avmedical.ma\/produit\/x12\/\",\"url\":\"https:\/\/avmedical.ma\/produit\/x12\/\",\"name\":\"X12 - AV MEDICAL\",\"isPartOf\":{\"@id\":\"https:\/\/avmedical.ma\/#website\"},\"primaryImageOfPage\":{\"@id\":\"https:\/\/avmedical.ma\/produit\/x12\/#primaryimage\"},\"image\":{\"@id\":\"https:\/\/avmedical.ma\/produit\/x12\/#primaryimage\"},\"thumbnailUrl\":\"https:\/\/avmedical.ma\/wp-content\/uploads\/2025\/05\/x12.jpg\",\"datePublished\":\"2025-05-02T14:00:13+00:00\",\"dateModified\":\"2025-05-02T14:01:12+00:00\",\"breadcrumb\":{\"@id\":\"https:\/\/avmedical.ma\/produit\/x12\/#breadcrumb\"},\"inLanguage\":\"ar\",\"potentialAction\":[{\"@type\":\"ReadAction\",\"target\":[\"https:\/\/avmedical.ma\/produit\/x12\/\"]}]},{\"@type\":\"ImageObject\",\"inLanguage\":\"ar\",\"@id\":\"https:\/\/avmedical.ma\/produit\/x12\/#primaryimage\",\"url\":\"https:\/\/avmedical.ma\/wp-content\/uploads\/2025\/05\/x12.jpg\",\"contentUrl\":\"https:\/\/avmedical.ma\/wp-content\/uploads\/2025\/05\/x12.jpg\",\"width\":800,\"height\":800},{\"@type\":\"BreadcrumbList\",\"@id\":\"https:\/\/avmedical.ma\/produit\/x12\/#breadcrumb\",\"itemListElement\":[{\"@type\":\"ListItem\",\"position\":1,\"name\":\"Accueil\",\"item\":\"https:\/\/avmedical.ma\/\"},{\"@type\":\"ListItem\",\"position\":2,\"name\":\"Shop\",\"item\":\"https:\/\/avmedical.ma\/shop\/\"},{\"@type\":\"ListItem\",\"position\":3,\"name\":\"X12\"}]},{\"@type\":\"WebSite\",\"@id\":\"https:\/\/avmedical.ma\/#website\",\"url\":\"https:\/\/avmedical.ma\/\",\"name\":\"AVMEDICAL Maroc\",\"description\":\"\",\"publisher\":{\"@id\":\"https:\/\/avmedical.ma\/#organization\"},\"potentialAction\":[{\"@type\":\"SearchAction\",\"target\":{\"@type\":\"EntryPoint\",\"urlTemplate\":\"https:\/\/avmedical.ma\/?s={search_term_string}\"},\"query-input\":{\"@type\":\"PropertyValueSpecification\",\"valueRequired\":true,\"valueName\":\"search_term_string\"}}],\"inLanguage\":\"ar\"},{\"@type\":\"Organization\",\"@id\":\"https:\/\/avmedical.ma\/#organization\",\"name\":\"AVMEDICAL\",\"url\":\"https:\/\/avmedical.ma\/\",\"logo\":{\"@type\":\"ImageObject\",\"inLanguage\":\"ar\",\"@id\":\"https:\/\/avmedical.ma\/#\/schema\/logo\/image\/\",\"url\":\"https:\/\/avmedical.ma\/wp-content\/uploads\/2024\/02\/logo_avmedical_new.png\",\"contentUrl\":\"https:\/\/avmedical.ma\/wp-content\/uploads\/2024\/02\/logo_avmedical_new.png\",\"width\":420,\"height\":95,\"caption\":\"AVMEDICAL\"},\"image\":{\"@id\":\"https:\/\/avmedical.ma\/#\/schema\/logo\/image\/\"}}]}<\/script>\n<!-- \/ Yoast SEO plugin. -->","yoast_head_json":{"title":"X12 - AV MEDICAL","robots":{"index":"index","follow":"follow","max-snippet":"max-snippet:-1","max-image-preview":"max-image-preview:large","max-video-preview":"max-video-preview:-1"},"canonical":"https:\/\/avmedical.ma\/ar\/product\/x12\/","og_locale":"ar_AR","og_type":"article","og_title":"X12 - AV MEDICAL","og_description":"Contr\u00f4le de qualit\u00e9 important : 4 caches-pieds anti-d\u00e9rapants pour le lit ...","og_url":"https:\/\/avmedical.ma\/ar\/product\/x12\/","og_site_name":"AV MEDICAL","article_modified_time":"2025-05-02T14:01:12+00:00","og_image":[{"width":800,"height":800,"url":"https:\/\/avmedical.ma\/wp-content\/uploads\/2025\/05\/x12.jpg","type":"image\/jpeg"}],"twitter_card":"summary_large_image","twitter_misc":{"\u0648\u0642\u062a \u0627\u0644\u0642\u0631\u0627\u0621\u0629 \u0627\u0644\u0645\u064f\u0642\u062f\u0651\u0631":"\u062f\u0642\u064a\u0642\u0629 \u0648\u0627\u062d\u062f\u0629"},"schema":{"@context":"https:\/\/schema.org","@graph":[{"@type":"WebPage","@id":"https:\/\/avmedical.ma\/produit\/x12\/","url":"https:\/\/avmedical.ma\/produit\/x12\/","name":"X12 - AV MEDICAL","isPartOf":{"@id":"https:\/\/avmedical.ma\/#website"},"primaryImageOfPage":{"@id":"https:\/\/avmedical.ma\/produit\/x12\/#primaryimage"},"image":{"@id":"https:\/\/avmedical.ma\/produit\/x12\/#primaryimage"},"thumbnailUrl":"https:\/\/avmedical.ma\/wp-content\/uploads\/2025\/05\/x12.jpg","datePublished":"2025-05-02T14:00:13+00:00","dateModified":"2025-05-02T14:01:12+00:00","breadcrumb":{"@id":"https:\/\/avmedical.ma\/produit\/x12\/#breadcrumb"},"inLanguage":"ar","potentialAction":[{"@type":"ReadAction","target":["https:\/\/avmedical.ma\/produit\/x12\/"]}]},{"@type":"ImageObject","inLanguage":"ar","@id":"https:\/\/avmedical.ma\/produit\/x12\/#primaryimage","url":"https:\/\/avmedical.ma\/wp-content\/uploads\/2025\/05\/x12.jpg","contentUrl":"https:\/\/avmedical.ma\/wp-content\/uploads\/2025\/05\/x12.jpg","width":800,"height":800},{"@type":"BreadcrumbList","@id":"https:\/\/avmedical.ma\/produit\/x12\/#breadcrumb","itemListElement":[{"@type":"ListItem","position":1,"name":"Accueil","item":"https:\/\/avmedical.ma\/"},{"@type":"ListItem","position":2,"name":"Shop","item":"https:\/\/avmedical.ma\/shop\/"},{"@type":"ListItem","position":3,"name":"X12"}]},{"@type":"WebSite","@id":"https:\/\/avmedical.ma\/#website","url":"https:\/\/avmedical.ma\/","name":"AVMEDICAL Maroc","description":"","publisher":{"@id":"https:\/\/avmedical.ma\/#organization"},"potentialAction":[{"@type":"SearchAction","target":{"@type":"EntryPoint","urlTemplate":"https:\/\/avmedical.ma\/?s={search_term_string}"},"query-input":{"@type":"PropertyValueSpecification","valueRequired":true,"valueName":"search_term_string"}}],"inLanguage":"ar"},{"@type":"Organization","@id":"https:\/\/avmedical.ma\/#organization","name":"AVMEDICAL","url":"https:\/\/avmedical.ma\/","logo":{"@type":"ImageObject","inLanguage":"ar","@id":"https:\/\/avmedical.ma\/#\/schema\/logo\/image\/","url":"https:\/\/avmedical.ma\/wp-content\/uploads\/2024\/02\/logo_avmedical_new.png","contentUrl":"https:\/\/avmedical.ma\/wp-content\/uploads\/2024\/02\/logo_avmedical_new.png","width":420,"height":95,"caption":"AVMEDICAL"},"image":{"@id":"https:\/\/avmedical.ma\/#\/schema\/logo\/image\/"}}]}},"_links":{"self":[{"href":"https:\/\/avmedical.ma\/ar\/wp-json\/wp\/v2\/product\/2845","targetHints":{"allow":["GET"]}}],"collection":[{"href":"https:\/\/avmedical.ma\/ar\/wp-json\/wp\/v2\/product"}],"about":[{"href":"https:\/\/avmedical.ma\/ar\/wp-json\/wp\/v2\/types\/product"}],"replies":[{"embeddable":true,"href":"https:\/\/avmedical.ma\/ar\/wp-json\/wp\/v2\/comments?post=2845"}],"wp:featuredmedia":[{"embeddable":true,"href":"https:\/\/avmedical.ma\/ar\/wp-json\/wp\/v2\/media\/2839"}],"wp:attachment":[{"href":"https:\/\/avmedical.ma\/ar\/wp-json\/wp\/v2\/media?parent=2845"}],"wp:term":[{"taxonomy":"product_brand","embeddable":true,"href":"https:\/\/avmedical.ma\/ar\/wp-json\/wp\/v2\/product_brand?post=2845"},{"taxonomy":"product_cat","embeddable":true,"href":"https:\/\/avmedical.ma\/ar\/wp-json\/wp\/v2\/product_cat?post=2845"},{"taxonomy":"product_tag","embeddable":true,"href":"https:\/\/avmedical.ma\/ar\/wp-json\/wp\/v2\/product_tag?post=2845"}],"curies":[{"name":"wp","href":"https:\/\/api.w.org\/{rel}","templated":true}]}}