{"id":2765,"date":"2025-04-30T13:49:36","date_gmt":"2025-04-30T11:49:36","guid":{"rendered":"https:\/\/avmedical.ma\/?post_type=product&#038;p=2765"},"modified":"2025-04-30T13:55:52","modified_gmt":"2025-04-30T11:55:52","slug":"tube-avec-canule-interne","status":"publish","type":"product","link":"https:\/\/avmedical.ma\/ar\/product\/tube-avec-canule-interne\/","title":{"rendered":"Tube avec canule interne"},"content":{"rendered":"<p>Le tube de trach\u00e9otomie Rota-Trach avec canule interne est dot\u00e9 d\u2019un cuff en polyur\u00e9thane (PU) ultra-fin et d\u2019un tube externe en PU plus respectueux des tissus, avec un syst\u00e8me de verrouillage par loquet qui connecte facilement et en toute s\u00e9curit\u00e9 la canule interne \u00e0 la canule externe.<\/p>\n<p>Tube de trach\u00e9otomie avec canule interne fabriqu\u00e9 en PU<br \/>\nValve sans m\u00e9tal pour une s\u00e9curit\u00e9 lors des tests IRM<br \/>\nCuff en PU ultra-fin<br \/>\nTube de gonflage radiopaque \u00e0 des fins radiologiques<br \/>\nBallonnet pilote avec indicateur de taille<br \/>\nSt\u00e9rile, usage unique par patient<br \/>\nAvec ou sans cuff ; fenestr\u00e9 ou non fenestr\u00e9<br \/>\nChaque emballage contient 2 canules internes, un obturateur, une cale de d\u00e9connexion et une sangle de cou souple et large (bouchon disponible pour le type fenestr\u00e9)<br \/>\nDispositif de verrouillage par \u00ab\u00a0poussoir-cliquet\u00a0\u00bb<\/p>","protected":false},"excerpt":{"rendered":"<p>Le tube de trach\u00e9otomie Rota-Trach avec canule interne est dot\u00e9 d\u2019un &#8230; <\/p>","protected":false},"featured_media":2762,"comment_status":"open","ping_status":"closed","template":"","meta":[],"product_brand":[],"product_cat":[312],"product_tag":[],"class_list":{"0":"post-2765","1":"product","2":"type-product","3":"status-publish","4":"has-post-thumbnail","6":"product_cat-canule-de-tracheotomie","8":"first","9":"instock","10":"shipping-taxable","11":"product-type-simple"},"yoast_head":"<!-- This site is optimized with the Yoast SEO plugin v27.2 - https:\/\/yoast.com\/product\/yoast-seo-wordpress\/ -->\n<title>Tube avec canule interne - AV MEDICAL<\/title>\n<meta name=\"robots\" content=\"index, follow, max-snippet:-1, max-image-preview:large, max-video-preview:-1\" \/>\n<link rel=\"canonical\" href=\"https:\/\/avmedical.ma\/ar\/product\/tube-avec-canule-interne\/\" \/>\n<meta property=\"og:locale\" content=\"ar_AR\" \/>\n<meta property=\"og:type\" content=\"article\" \/>\n<meta property=\"og:title\" content=\"Tube avec canule interne - AV MEDICAL\" \/>\n<meta property=\"og:description\" content=\"Le tube de trach\u00e9otomie Rota-Trach avec canule interne est dot\u00e9 d\u2019un ...\" \/>\n<meta property=\"og:url\" content=\"https:\/\/avmedical.ma\/ar\/product\/tube-avec-canule-interne\/\" \/>\n<meta property=\"og:site_name\" content=\"AV MEDICAL\" \/>\n<meta property=\"article:modified_time\" content=\"2025-04-30T11:55:52+00:00\" \/>\n<meta property=\"og:image\" content=\"https:\/\/avmedical.ma\/wp-content\/uploads\/2025\/04\/tube-avec-canule-interne.png\" \/>\n\t<meta property=\"og:image:width\" content=\"810\" \/>\n\t<meta property=\"og:image:height\" content=\"540\" \/>\n\t<meta property=\"og:image:type\" content=\"image\/png\" \/>\n<meta name=\"twitter:card\" content=\"summary_large_image\" \/>\n<meta name=\"twitter:label1\" content=\"\u0648\u0642\u062a \u0627\u0644\u0642\u0631\u0627\u0621\u0629 \u0627\u0644\u0645\u064f\u0642\u062f\u0651\u0631\" \/>\n\t<meta name=\"twitter:data1\" content=\"\u062f\u0642\u064a\u0642\u0629 \u0648\u0627\u062d\u062f\u0629\" \/>\n<script type=\"application\/ld+json\" class=\"yoast-schema-graph\">{\"@context\":\"https:\/\/schema.org\",\"@graph\":[{\"@type\":\"WebPage\",\"@id\":\"https:\/\/avmedical.ma\/produit\/tube-avec-canule-interne\/\",\"url\":\"https:\/\/avmedical.ma\/produit\/tube-avec-canule-interne\/\",\"name\":\"Tube avec canule interne - AV MEDICAL\",\"isPartOf\":{\"@id\":\"https:\/\/avmedical.ma\/#website\"},\"primaryImageOfPage\":{\"@id\":\"https:\/\/avmedical.ma\/produit\/tube-avec-canule-interne\/#primaryimage\"},\"image\":{\"@id\":\"https:\/\/avmedical.ma\/produit\/tube-avec-canule-interne\/#primaryimage\"},\"thumbnailUrl\":\"https:\/\/avmedical.ma\/wp-content\/uploads\/2025\/04\/tube-avec-canule-interne.png\",\"datePublished\":\"2025-04-30T11:49:36+00:00\",\"dateModified\":\"2025-04-30T11:55:52+00:00\",\"breadcrumb\":{\"@id\":\"https:\/\/avmedical.ma\/produit\/tube-avec-canule-interne\/#breadcrumb\"},\"inLanguage\":\"ar\",\"potentialAction\":[{\"@type\":\"ReadAction\",\"target\":[\"https:\/\/avmedical.ma\/produit\/tube-avec-canule-interne\/\"]}]},{\"@type\":\"ImageObject\",\"inLanguage\":\"ar\",\"@id\":\"https:\/\/avmedical.ma\/produit\/tube-avec-canule-interne\/#primaryimage\",\"url\":\"https:\/\/avmedical.ma\/wp-content\/uploads\/2025\/04\/tube-avec-canule-interne.png\",\"contentUrl\":\"https:\/\/avmedical.ma\/wp-content\/uploads\/2025\/04\/tube-avec-canule-interne.png\",\"width\":810,\"height\":540},{\"@type\":\"BreadcrumbList\",\"@id\":\"https:\/\/avmedical.ma\/produit\/tube-avec-canule-interne\/#breadcrumb\",\"itemListElement\":[{\"@type\":\"ListItem\",\"position\":1,\"name\":\"Accueil\",\"item\":\"https:\/\/avmedical.ma\/\"},{\"@type\":\"ListItem\",\"position\":2,\"name\":\"Shop\",\"item\":\"https:\/\/avmedical.ma\/shop\/\"},{\"@type\":\"ListItem\",\"position\":3,\"name\":\"Tube avec canule interne\"}]},{\"@type\":\"WebSite\",\"@id\":\"https:\/\/avmedical.ma\/#website\",\"url\":\"https:\/\/avmedical.ma\/\",\"name\":\"AVMEDICAL Maroc\",\"description\":\"\",\"publisher\":{\"@id\":\"https:\/\/avmedical.ma\/#organization\"},\"potentialAction\":[{\"@type\":\"SearchAction\",\"target\":{\"@type\":\"EntryPoint\",\"urlTemplate\":\"https:\/\/avmedical.ma\/?s={search_term_string}\"},\"query-input\":{\"@type\":\"PropertyValueSpecification\",\"valueRequired\":true,\"valueName\":\"search_term_string\"}}],\"inLanguage\":\"ar\"},{\"@type\":\"Organization\",\"@id\":\"https:\/\/avmedical.ma\/#organization\",\"name\":\"AVMEDICAL\",\"url\":\"https:\/\/avmedical.ma\/\",\"logo\":{\"@type\":\"ImageObject\",\"inLanguage\":\"ar\",\"@id\":\"https:\/\/avmedical.ma\/#\/schema\/logo\/image\/\",\"url\":\"https:\/\/avmedical.ma\/wp-content\/uploads\/2024\/02\/logo_avmedical_new.png\",\"contentUrl\":\"https:\/\/avmedical.ma\/wp-content\/uploads\/2024\/02\/logo_avmedical_new.png\",\"width\":420,\"height\":95,\"caption\":\"AVMEDICAL\"},\"image\":{\"@id\":\"https:\/\/avmedical.ma\/#\/schema\/logo\/image\/\"}}]}<\/script>\n<!-- \/ Yoast SEO plugin. -->","yoast_head_json":{"title":"Tube avec canule interne - AV MEDICAL","robots":{"index":"index","follow":"follow","max-snippet":"max-snippet:-1","max-image-preview":"max-image-preview:large","max-video-preview":"max-video-preview:-1"},"canonical":"https:\/\/avmedical.ma\/ar\/product\/tube-avec-canule-interne\/","og_locale":"ar_AR","og_type":"article","og_title":"Tube avec canule interne - AV MEDICAL","og_description":"Le tube de trach\u00e9otomie Rota-Trach avec canule interne est dot\u00e9 d\u2019un ...","og_url":"https:\/\/avmedical.ma\/ar\/product\/tube-avec-canule-interne\/","og_site_name":"AV MEDICAL","article_modified_time":"2025-04-30T11:55:52+00:00","og_image":[{"width":810,"height":540,"url":"https:\/\/avmedical.ma\/wp-content\/uploads\/2025\/04\/tube-avec-canule-interne.png","type":"image\/png"}],"twitter_card":"summary_large_image","twitter_misc":{"\u0648\u0642\u062a \u0627\u0644\u0642\u0631\u0627\u0621\u0629 \u0627\u0644\u0645\u064f\u0642\u062f\u0651\u0631":"\u062f\u0642\u064a\u0642\u0629 \u0648\u0627\u062d\u062f\u0629"},"schema":{"@context":"https:\/\/schema.org","@graph":[{"@type":"WebPage","@id":"https:\/\/avmedical.ma\/produit\/tube-avec-canule-interne\/","url":"https:\/\/avmedical.ma\/produit\/tube-avec-canule-interne\/","name":"Tube avec canule interne - AV MEDICAL","isPartOf":{"@id":"https:\/\/avmedical.ma\/#website"},"primaryImageOfPage":{"@id":"https:\/\/avmedical.ma\/produit\/tube-avec-canule-interne\/#primaryimage"},"image":{"@id":"https:\/\/avmedical.ma\/produit\/tube-avec-canule-interne\/#primaryimage"},"thumbnailUrl":"https:\/\/avmedical.ma\/wp-content\/uploads\/2025\/04\/tube-avec-canule-interne.png","datePublished":"2025-04-30T11:49:36+00:00","dateModified":"2025-04-30T11:55:52+00:00","breadcrumb":{"@id":"https:\/\/avmedical.ma\/produit\/tube-avec-canule-interne\/#breadcrumb"},"inLanguage":"ar","potentialAction":[{"@type":"ReadAction","target":["https:\/\/avmedical.ma\/produit\/tube-avec-canule-interne\/"]}]},{"@type":"ImageObject","inLanguage":"ar","@id":"https:\/\/avmedical.ma\/produit\/tube-avec-canule-interne\/#primaryimage","url":"https:\/\/avmedical.ma\/wp-content\/uploads\/2025\/04\/tube-avec-canule-interne.png","contentUrl":"https:\/\/avmedical.ma\/wp-content\/uploads\/2025\/04\/tube-avec-canule-interne.png","width":810,"height":540},{"@type":"BreadcrumbList","@id":"https:\/\/avmedical.ma\/produit\/tube-avec-canule-interne\/#breadcrumb","itemListElement":[{"@type":"ListItem","position":1,"name":"Accueil","item":"https:\/\/avmedical.ma\/"},{"@type":"ListItem","position":2,"name":"Shop","item":"https:\/\/avmedical.ma\/shop\/"},{"@type":"ListItem","position":3,"name":"Tube avec canule interne"}]},{"@type":"WebSite","@id":"https:\/\/avmedical.ma\/#website","url":"https:\/\/avmedical.ma\/","name":"AVMEDICAL Maroc","description":"","publisher":{"@id":"https:\/\/avmedical.ma\/#organization"},"potentialAction":[{"@type":"SearchAction","target":{"@type":"EntryPoint","urlTemplate":"https:\/\/avmedical.ma\/?s={search_term_string}"},"query-input":{"@type":"PropertyValueSpecification","valueRequired":true,"valueName":"search_term_string"}}],"inLanguage":"ar"},{"@type":"Organization","@id":"https:\/\/avmedical.ma\/#organization","name":"AVMEDICAL","url":"https:\/\/avmedical.ma\/","logo":{"@type":"ImageObject","inLanguage":"ar","@id":"https:\/\/avmedical.ma\/#\/schema\/logo\/image\/","url":"https:\/\/avmedical.ma\/wp-content\/uploads\/2024\/02\/logo_avmedical_new.png","contentUrl":"https:\/\/avmedical.ma\/wp-content\/uploads\/2024\/02\/logo_avmedical_new.png","width":420,"height":95,"caption":"AVMEDICAL"},"image":{"@id":"https:\/\/avmedical.ma\/#\/schema\/logo\/image\/"}}]}},"_links":{"self":[{"href":"https:\/\/avmedical.ma\/ar\/wp-json\/wp\/v2\/product\/2765","targetHints":{"allow":["GET"]}}],"collection":[{"href":"https:\/\/avmedical.ma\/ar\/wp-json\/wp\/v2\/product"}],"about":[{"href":"https:\/\/avmedical.ma\/ar\/wp-json\/wp\/v2\/types\/product"}],"replies":[{"embeddable":true,"href":"https:\/\/avmedical.ma\/ar\/wp-json\/wp\/v2\/comments?post=2765"}],"wp:featuredmedia":[{"embeddable":true,"href":"https:\/\/avmedical.ma\/ar\/wp-json\/wp\/v2\/media\/2762"}],"wp:attachment":[{"href":"https:\/\/avmedical.ma\/ar\/wp-json\/wp\/v2\/media?parent=2765"}],"wp:term":[{"taxonomy":"product_brand","embeddable":true,"href":"https:\/\/avmedical.ma\/ar\/wp-json\/wp\/v2\/product_brand?post=2765"},{"taxonomy":"product_cat","embeddable":true,"href":"https:\/\/avmedical.ma\/ar\/wp-json\/wp\/v2\/product_cat?post=2765"},{"taxonomy":"product_tag","embeddable":true,"href":"https:\/\/avmedical.ma\/ar\/wp-json\/wp\/v2\/product_tag?post=2765"}],"curies":[{"name":"wp","href":"https:\/\/api.w.org\/{rel}","templated":true}]}}