{"id":2699,"date":"2024-10-23T18:53:06","date_gmt":"2024-10-23T16:53:06","guid":{"rendered":"https:\/\/avmedical.ma\/?post_type=product&#038;p=2699"},"modified":"2026-03-02T07:45:50","modified_gmt":"2026-03-02T06:45:50","slug":"matelas-pneumatique-qdc-300b","status":"publish","type":"product","link":"https:\/\/avmedical.ma\/ar\/product\/matelas-pneumatique-qdc-300b\/","title":{"rendered":"Matelas Pneumatique QDC-300B"},"content":{"rendered":"<p>Matelas pneumatique de cellule m\u00e9dicale d&rsquo;h\u00f4pital de th\u00e9rapie de pression altern\u00e9e avec la pompe. Les 20 cellules de 9.5cm de hauteur en Nylon + PVC sont confortables. Ils sont fix\u00e9s au moyen de boutons-pression. Tr\u00e8s facile \u00e0 installer, \u00e0 utiliser et \u00e0 entretenir avec la possibilit\u00e9 d&rsquo;ajuster la pression en fonction du poids du patient. Ils sont \u00e9galement facilement interchangeables en cas de casse. La pompe peut \u00eatre accroch\u00e9e \u00e0 l&rsquo;extr\u00e9mit\u00e9 du lit au moyen de deux crochets.<\/p>","protected":false},"excerpt":{"rendered":"<p>Matelas pneumatique de cellule m\u00e9dicale d&rsquo;h\u00f4pital de th\u00e9rapie de pression altern\u00e9e &#8230; <\/p>","protected":false},"featured_media":2700,"comment_status":"open","ping_status":"closed","template":"","meta":[],"product_brand":[],"product_cat":[233],"product_tag":[],"class_list":{"0":"post-2699","1":"product","2":"type-product","3":"status-publish","4":"has-post-thumbnail","6":"product_cat-produits-allies","8":"first","9":"instock","10":"shipping-taxable","11":"product-type-simple"},"yoast_head":"<!-- This site is optimized with the Yoast SEO plugin v27.2 - https:\/\/yoast.com\/product\/yoast-seo-wordpress\/ -->\n<title>Matelas Pneumatique QDC-300B - AV MEDICAL<\/title>\n<meta name=\"robots\" content=\"index, follow, max-snippet:-1, max-image-preview:large, max-video-preview:-1\" \/>\n<link rel=\"canonical\" href=\"https:\/\/avmedical.ma\/ar\/product\/matelas-pneumatique-qdc-300b\/\" \/>\n<meta property=\"og:locale\" content=\"ar_AR\" \/>\n<meta property=\"og:type\" content=\"article\" \/>\n<meta property=\"og:title\" content=\"Matelas Pneumatique QDC-300B - AV MEDICAL\" \/>\n<meta property=\"og:description\" content=\"Matelas pneumatique de cellule m\u00e9dicale d&rsquo;h\u00f4pital de th\u00e9rapie de pression altern\u00e9e ...\" \/>\n<meta property=\"og:url\" content=\"https:\/\/avmedical.ma\/ar\/product\/matelas-pneumatique-qdc-300b\/\" \/>\n<meta property=\"og:site_name\" content=\"AV MEDICAL\" \/>\n<meta property=\"article:modified_time\" content=\"2026-03-02T06:45:50+00:00\" \/>\n<meta property=\"og:image\" content=\"https:\/\/avmedical.ma\/wp-content\/uploads\/2024\/10\/Tube-Air-Mattress.png\" \/>\n\t<meta property=\"og:image:width\" content=\"400\" \/>\n\t<meta property=\"og:image:height\" content=\"400\" \/>\n\t<meta property=\"og:image:type\" content=\"image\/png\" \/>\n<meta name=\"twitter:card\" content=\"summary_large_image\" \/>\n<meta name=\"twitter:label1\" content=\"\u0648\u0642\u062a \u0627\u0644\u0642\u0631\u0627\u0621\u0629 \u0627\u0644\u0645\u064f\u0642\u062f\u0651\u0631\" \/>\n\t<meta name=\"twitter:data1\" content=\"\u062f\u0642\u064a\u0642\u0629 \u0648\u0627\u062d\u062f\u0629\" \/>\n<script type=\"application\/ld+json\" class=\"yoast-schema-graph\">{\"@context\":\"https:\/\/schema.org\",\"@graph\":[{\"@type\":\"WebPage\",\"@id\":\"https:\/\/avmedical.ma\/produit\/matelas-pneumatique-qdc-300b\/\",\"url\":\"https:\/\/avmedical.ma\/produit\/matelas-pneumatique-qdc-300b\/\",\"name\":\"Matelas Pneumatique QDC-300B - AV MEDICAL\",\"isPartOf\":{\"@id\":\"https:\/\/avmedical.ma\/#website\"},\"primaryImageOfPage\":{\"@id\":\"https:\/\/avmedical.ma\/produit\/matelas-pneumatique-qdc-300b\/#primaryimage\"},\"image\":{\"@id\":\"https:\/\/avmedical.ma\/produit\/matelas-pneumatique-qdc-300b\/#primaryimage\"},\"thumbnailUrl\":\"https:\/\/avmedical.ma\/wp-content\/uploads\/2024\/10\/Tube-Air-Mattress.png\",\"datePublished\":\"2024-10-23T16:53:06+00:00\",\"dateModified\":\"2026-03-02T06:45:50+00:00\",\"breadcrumb\":{\"@id\":\"https:\/\/avmedical.ma\/produit\/matelas-pneumatique-qdc-300b\/#breadcrumb\"},\"inLanguage\":\"ar\",\"potentialAction\":[{\"@type\":\"ReadAction\",\"target\":[\"https:\/\/avmedical.ma\/produit\/matelas-pneumatique-qdc-300b\/\"]}]},{\"@type\":\"ImageObject\",\"inLanguage\":\"ar\",\"@id\":\"https:\/\/avmedical.ma\/produit\/matelas-pneumatique-qdc-300b\/#primaryimage\",\"url\":\"https:\/\/avmedical.ma\/wp-content\/uploads\/2024\/10\/Tube-Air-Mattress.png\",\"contentUrl\":\"https:\/\/avmedical.ma\/wp-content\/uploads\/2024\/10\/Tube-Air-Mattress.png\",\"width\":400,\"height\":400},{\"@type\":\"BreadcrumbList\",\"@id\":\"https:\/\/avmedical.ma\/produit\/matelas-pneumatique-qdc-300b\/#breadcrumb\",\"itemListElement\":[{\"@type\":\"ListItem\",\"position\":1,\"name\":\"Accueil\",\"item\":\"https:\/\/avmedical.ma\/\"},{\"@type\":\"ListItem\",\"position\":2,\"name\":\"Shop\",\"item\":\"https:\/\/avmedical.ma\/shop\/\"},{\"@type\":\"ListItem\",\"position\":3,\"name\":\"Matelas Pneumatique QDC-300B\"}]},{\"@type\":\"WebSite\",\"@id\":\"https:\/\/avmedical.ma\/#website\",\"url\":\"https:\/\/avmedical.ma\/\",\"name\":\"AVMEDICAL Maroc\",\"description\":\"\",\"publisher\":{\"@id\":\"https:\/\/avmedical.ma\/#organization\"},\"potentialAction\":[{\"@type\":\"SearchAction\",\"target\":{\"@type\":\"EntryPoint\",\"urlTemplate\":\"https:\/\/avmedical.ma\/?s={search_term_string}\"},\"query-input\":{\"@type\":\"PropertyValueSpecification\",\"valueRequired\":true,\"valueName\":\"search_term_string\"}}],\"inLanguage\":\"ar\"},{\"@type\":\"Organization\",\"@id\":\"https:\/\/avmedical.ma\/#organization\",\"name\":\"AVMEDICAL\",\"url\":\"https:\/\/avmedical.ma\/\",\"logo\":{\"@type\":\"ImageObject\",\"inLanguage\":\"ar\",\"@id\":\"https:\/\/avmedical.ma\/#\/schema\/logo\/image\/\",\"url\":\"https:\/\/avmedical.ma\/wp-content\/uploads\/2024\/02\/logo_avmedical_new.png\",\"contentUrl\":\"https:\/\/avmedical.ma\/wp-content\/uploads\/2024\/02\/logo_avmedical_new.png\",\"width\":420,\"height\":95,\"caption\":\"AVMEDICAL\"},\"image\":{\"@id\":\"https:\/\/avmedical.ma\/#\/schema\/logo\/image\/\"}}]}<\/script>\n<!-- \/ Yoast SEO plugin. -->","yoast_head_json":{"title":"Matelas Pneumatique QDC-300B - AV MEDICAL","robots":{"index":"index","follow":"follow","max-snippet":"max-snippet:-1","max-image-preview":"max-image-preview:large","max-video-preview":"max-video-preview:-1"},"canonical":"https:\/\/avmedical.ma\/ar\/product\/matelas-pneumatique-qdc-300b\/","og_locale":"ar_AR","og_type":"article","og_title":"Matelas Pneumatique QDC-300B - AV MEDICAL","og_description":"Matelas pneumatique de cellule m\u00e9dicale d&rsquo;h\u00f4pital de th\u00e9rapie de pression altern\u00e9e ...","og_url":"https:\/\/avmedical.ma\/ar\/product\/matelas-pneumatique-qdc-300b\/","og_site_name":"AV MEDICAL","article_modified_time":"2026-03-02T06:45:50+00:00","og_image":[{"width":400,"height":400,"url":"https:\/\/avmedical.ma\/wp-content\/uploads\/2024\/10\/Tube-Air-Mattress.png","type":"image\/png"}],"twitter_card":"summary_large_image","twitter_misc":{"\u0648\u0642\u062a \u0627\u0644\u0642\u0631\u0627\u0621\u0629 \u0627\u0644\u0645\u064f\u0642\u062f\u0651\u0631":"\u062f\u0642\u064a\u0642\u0629 \u0648\u0627\u062d\u062f\u0629"},"schema":{"@context":"https:\/\/schema.org","@graph":[{"@type":"WebPage","@id":"https:\/\/avmedical.ma\/produit\/matelas-pneumatique-qdc-300b\/","url":"https:\/\/avmedical.ma\/produit\/matelas-pneumatique-qdc-300b\/","name":"Matelas Pneumatique QDC-300B - AV MEDICAL","isPartOf":{"@id":"https:\/\/avmedical.ma\/#website"},"primaryImageOfPage":{"@id":"https:\/\/avmedical.ma\/produit\/matelas-pneumatique-qdc-300b\/#primaryimage"},"image":{"@id":"https:\/\/avmedical.ma\/produit\/matelas-pneumatique-qdc-300b\/#primaryimage"},"thumbnailUrl":"https:\/\/avmedical.ma\/wp-content\/uploads\/2024\/10\/Tube-Air-Mattress.png","datePublished":"2024-10-23T16:53:06+00:00","dateModified":"2026-03-02T06:45:50+00:00","breadcrumb":{"@id":"https:\/\/avmedical.ma\/produit\/matelas-pneumatique-qdc-300b\/#breadcrumb"},"inLanguage":"ar","potentialAction":[{"@type":"ReadAction","target":["https:\/\/avmedical.ma\/produit\/matelas-pneumatique-qdc-300b\/"]}]},{"@type":"ImageObject","inLanguage":"ar","@id":"https:\/\/avmedical.ma\/produit\/matelas-pneumatique-qdc-300b\/#primaryimage","url":"https:\/\/avmedical.ma\/wp-content\/uploads\/2024\/10\/Tube-Air-Mattress.png","contentUrl":"https:\/\/avmedical.ma\/wp-content\/uploads\/2024\/10\/Tube-Air-Mattress.png","width":400,"height":400},{"@type":"BreadcrumbList","@id":"https:\/\/avmedical.ma\/produit\/matelas-pneumatique-qdc-300b\/#breadcrumb","itemListElement":[{"@type":"ListItem","position":1,"name":"Accueil","item":"https:\/\/avmedical.ma\/"},{"@type":"ListItem","position":2,"name":"Shop","item":"https:\/\/avmedical.ma\/shop\/"},{"@type":"ListItem","position":3,"name":"Matelas Pneumatique QDC-300B"}]},{"@type":"WebSite","@id":"https:\/\/avmedical.ma\/#website","url":"https:\/\/avmedical.ma\/","name":"AVMEDICAL Maroc","description":"","publisher":{"@id":"https:\/\/avmedical.ma\/#organization"},"potentialAction":[{"@type":"SearchAction","target":{"@type":"EntryPoint","urlTemplate":"https:\/\/avmedical.ma\/?s={search_term_string}"},"query-input":{"@type":"PropertyValueSpecification","valueRequired":true,"valueName":"search_term_string"}}],"inLanguage":"ar"},{"@type":"Organization","@id":"https:\/\/avmedical.ma\/#organization","name":"AVMEDICAL","url":"https:\/\/avmedical.ma\/","logo":{"@type":"ImageObject","inLanguage":"ar","@id":"https:\/\/avmedical.ma\/#\/schema\/logo\/image\/","url":"https:\/\/avmedical.ma\/wp-content\/uploads\/2024\/02\/logo_avmedical_new.png","contentUrl":"https:\/\/avmedical.ma\/wp-content\/uploads\/2024\/02\/logo_avmedical_new.png","width":420,"height":95,"caption":"AVMEDICAL"},"image":{"@id":"https:\/\/avmedical.ma\/#\/schema\/logo\/image\/"}}]}},"_links":{"self":[{"href":"https:\/\/avmedical.ma\/ar\/wp-json\/wp\/v2\/product\/2699","targetHints":{"allow":["GET"]}}],"collection":[{"href":"https:\/\/avmedical.ma\/ar\/wp-json\/wp\/v2\/product"}],"about":[{"href":"https:\/\/avmedical.ma\/ar\/wp-json\/wp\/v2\/types\/product"}],"replies":[{"embeddable":true,"href":"https:\/\/avmedical.ma\/ar\/wp-json\/wp\/v2\/comments?post=2699"}],"wp:featuredmedia":[{"embeddable":true,"href":"https:\/\/avmedical.ma\/ar\/wp-json\/wp\/v2\/media\/2700"}],"wp:attachment":[{"href":"https:\/\/avmedical.ma\/ar\/wp-json\/wp\/v2\/media?parent=2699"}],"wp:term":[{"taxonomy":"product_brand","embeddable":true,"href":"https:\/\/avmedical.ma\/ar\/wp-json\/wp\/v2\/product_brand?post=2699"},{"taxonomy":"product_cat","embeddable":true,"href":"https:\/\/avmedical.ma\/ar\/wp-json\/wp\/v2\/product_cat?post=2699"},{"taxonomy":"product_tag","embeddable":true,"href":"https:\/\/avmedical.ma\/ar\/wp-json\/wp\/v2\/product_tag?post=2699"}],"curies":[{"name":"wp","href":"https:\/\/api.w.org\/{rel}","templated":true}]}}