{"id":2474,"date":"2024-02-24T18:00:05","date_gmt":"2024-02-24T17:00:05","guid":{"rendered":"https:\/\/avmedical.ma\/?post_type=product&#038;p=2474"},"modified":"2025-05-05T12:24:27","modified_gmt":"2025-05-05T10:24:27","slug":"sterlink-fps-15s-plus","status":"publish","type":"product","link":"https:\/\/avmedical.ma\/ar\/product\/sterlink-fps-15s-plus\/","title":{"rendered":"STERLINK FPS-15s Plus"},"content":{"rendered":"<p>Premi\u00e8re st\u00e9rilisation rapide de type pochette au monde avec la technologie brevet\u00e9e d&rsquo;injection directe de st\u00e9rilisant de Plasmapp. L&rsquo;\u00e9tat sous vide visualise l&rsquo;\u00e9tat st\u00e9rile et pr\u00e9vient une \u00e9ventuelle infection. La pochette scell\u00e9e sous vide peut \u00eatre conserv\u00e9e jusqu&rsquo;\u00e0 6 mois dans un \u00e9tat st\u00e9rile scell\u00e9. STERPACK peut facilement \u00eatre charg\u00e9 dans le chambre gr\u00e2ce \u00e0 une conception ergonomique. STERPACK ne laisse pas de r\u00e9sidus st\u00e9riles, la chambre peut donc \u00eatre maintenue propre.<\/p>\n<p>&#8211; Les instruments m\u00e9dicaux dans la chambre de 14 litres sont st\u00e9rilis\u00e9s en peu de temps.<br \/>\n&#8211; Le st\u00e9rilisant est contenu \u00e0 l&rsquo;int\u00e9rieur de la cartouche, ce qui \u00e9vite tout risque d&rsquo;exposition chimique.<br \/>\n&#8211; Utilisez Tyvek\u00ae pour un rangement facile apr\u00e8s avoir utilis\u00e9 le mode chambre.<\/p>","protected":false},"excerpt":{"rendered":"<p>Premi\u00e8re st\u00e9rilisation rapide de type pochette au monde avec la technologie &#8230; <\/p>","protected":false},"featured_media":2478,"comment_status":"open","ping_status":"closed","template":"","meta":[],"product_brand":[],"product_cat":[238],"product_tag":[],"class_list":{"0":"post-2474","1":"product","2":"type-product","3":"status-publish","4":"has-post-thumbnail","6":"product_cat-sterilisation","8":"first","9":"instock","10":"shipping-taxable","11":"product-type-simple"},"yoast_head":"<!-- This site is optimized with the Yoast SEO plugin v27.2 - https:\/\/yoast.com\/product\/yoast-seo-wordpress\/ -->\n<title>STERLINK FPS-15s Plus - AV MEDICAL<\/title>\n<meta name=\"robots\" content=\"index, follow, max-snippet:-1, max-image-preview:large, max-video-preview:-1\" \/>\n<link rel=\"canonical\" href=\"https:\/\/avmedical.ma\/ar\/product\/sterlink-fps-15s-plus\/\" \/>\n<meta property=\"og:locale\" content=\"ar_AR\" \/>\n<meta property=\"og:type\" content=\"article\" \/>\n<meta property=\"og:title\" content=\"STERLINK FPS-15s Plus - AV MEDICAL\" \/>\n<meta property=\"og:description\" content=\"Premi\u00e8re st\u00e9rilisation rapide de type pochette au monde avec la technologie ...\" \/>\n<meta property=\"og:url\" content=\"https:\/\/avmedical.ma\/ar\/product\/sterlink-fps-15s-plus\/\" \/>\n<meta property=\"og:site_name\" content=\"AV MEDICAL\" \/>\n<meta property=\"article:modified_time\" content=\"2025-05-05T10:24:27+00:00\" \/>\n<meta property=\"og:image\" content=\"https:\/\/avmedical.ma\/wp-content\/uploads\/2024\/02\/fps.png\" \/>\n\t<meta property=\"og:image:width\" content=\"500\" \/>\n\t<meta property=\"og:image:height\" content=\"500\" \/>\n\t<meta property=\"og:image:type\" content=\"image\/png\" \/>\n<meta name=\"twitter:card\" content=\"summary_large_image\" \/>\n<meta name=\"twitter:label1\" content=\"\u0648\u0642\u062a \u0627\u0644\u0642\u0631\u0627\u0621\u0629 \u0627\u0644\u0645\u064f\u0642\u062f\u0651\u0631\" \/>\n\t<meta name=\"twitter:data1\" content=\"\u062f\u0642\u064a\u0642\u0629 \u0648\u0627\u062d\u062f\u0629\" \/>\n<script type=\"application\/ld+json\" class=\"yoast-schema-graph\">{\"@context\":\"https:\/\/schema.org\",\"@graph\":[{\"@type\":\"WebPage\",\"@id\":\"https:\/\/avmedical.ma\/produit\/sterlink-fps-15s-plus\/\",\"url\":\"https:\/\/avmedical.ma\/produit\/sterlink-fps-15s-plus\/\",\"name\":\"STERLINK FPS-15s Plus - AV MEDICAL\",\"isPartOf\":{\"@id\":\"https:\/\/avmedical.ma\/#website\"},\"primaryImageOfPage\":{\"@id\":\"https:\/\/avmedical.ma\/produit\/sterlink-fps-15s-plus\/#primaryimage\"},\"image\":{\"@id\":\"https:\/\/avmedical.ma\/produit\/sterlink-fps-15s-plus\/#primaryimage\"},\"thumbnailUrl\":\"https:\/\/avmedical.ma\/wp-content\/uploads\/2024\/02\/fps.png\",\"datePublished\":\"2024-02-24T17:00:05+00:00\",\"dateModified\":\"2025-05-05T10:24:27+00:00\",\"breadcrumb\":{\"@id\":\"https:\/\/avmedical.ma\/produit\/sterlink-fps-15s-plus\/#breadcrumb\"},\"inLanguage\":\"ar\",\"potentialAction\":[{\"@type\":\"ReadAction\",\"target\":[\"https:\/\/avmedical.ma\/produit\/sterlink-fps-15s-plus\/\"]}]},{\"@type\":\"ImageObject\",\"inLanguage\":\"ar\",\"@id\":\"https:\/\/avmedical.ma\/produit\/sterlink-fps-15s-plus\/#primaryimage\",\"url\":\"https:\/\/avmedical.ma\/wp-content\/uploads\/2024\/02\/fps.png\",\"contentUrl\":\"https:\/\/avmedical.ma\/wp-content\/uploads\/2024\/02\/fps.png\",\"width\":500,\"height\":500},{\"@type\":\"BreadcrumbList\",\"@id\":\"https:\/\/avmedical.ma\/produit\/sterlink-fps-15s-plus\/#breadcrumb\",\"itemListElement\":[{\"@type\":\"ListItem\",\"position\":1,\"name\":\"Accueil\",\"item\":\"https:\/\/avmedical.ma\/\"},{\"@type\":\"ListItem\",\"position\":2,\"name\":\"Shop\",\"item\":\"https:\/\/avmedical.ma\/shop\/\"},{\"@type\":\"ListItem\",\"position\":3,\"name\":\"STERLINK FPS-15s Plus\"}]},{\"@type\":\"WebSite\",\"@id\":\"https:\/\/avmedical.ma\/#website\",\"url\":\"https:\/\/avmedical.ma\/\",\"name\":\"AVMEDICAL Maroc\",\"description\":\"\",\"publisher\":{\"@id\":\"https:\/\/avmedical.ma\/#organization\"},\"potentialAction\":[{\"@type\":\"SearchAction\",\"target\":{\"@type\":\"EntryPoint\",\"urlTemplate\":\"https:\/\/avmedical.ma\/?s={search_term_string}\"},\"query-input\":{\"@type\":\"PropertyValueSpecification\",\"valueRequired\":true,\"valueName\":\"search_term_string\"}}],\"inLanguage\":\"ar\"},{\"@type\":\"Organization\",\"@id\":\"https:\/\/avmedical.ma\/#organization\",\"name\":\"AVMEDICAL\",\"url\":\"https:\/\/avmedical.ma\/\",\"logo\":{\"@type\":\"ImageObject\",\"inLanguage\":\"ar\",\"@id\":\"https:\/\/avmedical.ma\/#\/schema\/logo\/image\/\",\"url\":\"https:\/\/avmedical.ma\/wp-content\/uploads\/2024\/02\/logo_avmedical_new.png\",\"contentUrl\":\"https:\/\/avmedical.ma\/wp-content\/uploads\/2024\/02\/logo_avmedical_new.png\",\"width\":420,\"height\":95,\"caption\":\"AVMEDICAL\"},\"image\":{\"@id\":\"https:\/\/avmedical.ma\/#\/schema\/logo\/image\/\"}}]}<\/script>\n<!-- \/ Yoast SEO plugin. -->","yoast_head_json":{"title":"STERLINK FPS-15s Plus - AV MEDICAL","robots":{"index":"index","follow":"follow","max-snippet":"max-snippet:-1","max-image-preview":"max-image-preview:large","max-video-preview":"max-video-preview:-1"},"canonical":"https:\/\/avmedical.ma\/ar\/product\/sterlink-fps-15s-plus\/","og_locale":"ar_AR","og_type":"article","og_title":"STERLINK FPS-15s Plus - AV MEDICAL","og_description":"Premi\u00e8re st\u00e9rilisation rapide de type pochette au monde avec la technologie ...","og_url":"https:\/\/avmedical.ma\/ar\/product\/sterlink-fps-15s-plus\/","og_site_name":"AV MEDICAL","article_modified_time":"2025-05-05T10:24:27+00:00","og_image":[{"width":500,"height":500,"url":"https:\/\/avmedical.ma\/wp-content\/uploads\/2024\/02\/fps.png","type":"image\/png"}],"twitter_card":"summary_large_image","twitter_misc":{"\u0648\u0642\u062a \u0627\u0644\u0642\u0631\u0627\u0621\u0629 \u0627\u0644\u0645\u064f\u0642\u062f\u0651\u0631":"\u062f\u0642\u064a\u0642\u0629 \u0648\u0627\u062d\u062f\u0629"},"schema":{"@context":"https:\/\/schema.org","@graph":[{"@type":"WebPage","@id":"https:\/\/avmedical.ma\/produit\/sterlink-fps-15s-plus\/","url":"https:\/\/avmedical.ma\/produit\/sterlink-fps-15s-plus\/","name":"STERLINK FPS-15s Plus - AV MEDICAL","isPartOf":{"@id":"https:\/\/avmedical.ma\/#website"},"primaryImageOfPage":{"@id":"https:\/\/avmedical.ma\/produit\/sterlink-fps-15s-plus\/#primaryimage"},"image":{"@id":"https:\/\/avmedical.ma\/produit\/sterlink-fps-15s-plus\/#primaryimage"},"thumbnailUrl":"https:\/\/avmedical.ma\/wp-content\/uploads\/2024\/02\/fps.png","datePublished":"2024-02-24T17:00:05+00:00","dateModified":"2025-05-05T10:24:27+00:00","breadcrumb":{"@id":"https:\/\/avmedical.ma\/produit\/sterlink-fps-15s-plus\/#breadcrumb"},"inLanguage":"ar","potentialAction":[{"@type":"ReadAction","target":["https:\/\/avmedical.ma\/produit\/sterlink-fps-15s-plus\/"]}]},{"@type":"ImageObject","inLanguage":"ar","@id":"https:\/\/avmedical.ma\/produit\/sterlink-fps-15s-plus\/#primaryimage","url":"https:\/\/avmedical.ma\/wp-content\/uploads\/2024\/02\/fps.png","contentUrl":"https:\/\/avmedical.ma\/wp-content\/uploads\/2024\/02\/fps.png","width":500,"height":500},{"@type":"BreadcrumbList","@id":"https:\/\/avmedical.ma\/produit\/sterlink-fps-15s-plus\/#breadcrumb","itemListElement":[{"@type":"ListItem","position":1,"name":"Accueil","item":"https:\/\/avmedical.ma\/"},{"@type":"ListItem","position":2,"name":"Shop","item":"https:\/\/avmedical.ma\/shop\/"},{"@type":"ListItem","position":3,"name":"STERLINK FPS-15s Plus"}]},{"@type":"WebSite","@id":"https:\/\/avmedical.ma\/#website","url":"https:\/\/avmedical.ma\/","name":"AVMEDICAL Maroc","description":"","publisher":{"@id":"https:\/\/avmedical.ma\/#organization"},"potentialAction":[{"@type":"SearchAction","target":{"@type":"EntryPoint","urlTemplate":"https:\/\/avmedical.ma\/?s={search_term_string}"},"query-input":{"@type":"PropertyValueSpecification","valueRequired":true,"valueName":"search_term_string"}}],"inLanguage":"ar"},{"@type":"Organization","@id":"https:\/\/avmedical.ma\/#organization","name":"AVMEDICAL","url":"https:\/\/avmedical.ma\/","logo":{"@type":"ImageObject","inLanguage":"ar","@id":"https:\/\/avmedical.ma\/#\/schema\/logo\/image\/","url":"https:\/\/avmedical.ma\/wp-content\/uploads\/2024\/02\/logo_avmedical_new.png","contentUrl":"https:\/\/avmedical.ma\/wp-content\/uploads\/2024\/02\/logo_avmedical_new.png","width":420,"height":95,"caption":"AVMEDICAL"},"image":{"@id":"https:\/\/avmedical.ma\/#\/schema\/logo\/image\/"}}]}},"_links":{"self":[{"href":"https:\/\/avmedical.ma\/ar\/wp-json\/wp\/v2\/product\/2474","targetHints":{"allow":["GET"]}}],"collection":[{"href":"https:\/\/avmedical.ma\/ar\/wp-json\/wp\/v2\/product"}],"about":[{"href":"https:\/\/avmedical.ma\/ar\/wp-json\/wp\/v2\/types\/product"}],"replies":[{"embeddable":true,"href":"https:\/\/avmedical.ma\/ar\/wp-json\/wp\/v2\/comments?post=2474"}],"wp:featuredmedia":[{"embeddable":true,"href":"https:\/\/avmedical.ma\/ar\/wp-json\/wp\/v2\/media\/2478"}],"wp:attachment":[{"href":"https:\/\/avmedical.ma\/ar\/wp-json\/wp\/v2\/media?parent=2474"}],"wp:term":[{"taxonomy":"product_brand","embeddable":true,"href":"https:\/\/avmedical.ma\/ar\/wp-json\/wp\/v2\/product_brand?post=2474"},{"taxonomy":"product_cat","embeddable":true,"href":"https:\/\/avmedical.ma\/ar\/wp-json\/wp\/v2\/product_cat?post=2474"},{"taxonomy":"product_tag","embeddable":true,"href":"https:\/\/avmedical.ma\/ar\/wp-json\/wp\/v2\/product_tag?post=2474"}],"curies":[{"name":"wp","href":"https:\/\/api.w.org\/{rel}","templated":true}]}}