{"id":2104,"date":"2022-08-29T12:28:22","date_gmt":"2022-08-29T10:28:22","guid":{"rendered":"https:\/\/avmedical.ma\/?post_type=product&#038;p=2104"},"modified":"2024-02-26T11:31:58","modified_gmt":"2024-02-26T10:31:58","slug":"bas-de-compression-medicaux-dvt","status":"publish","type":"product","link":"https:\/\/avmedical.ma\/ar\/product\/bas-de-compression-medicaux-dvt\/","title":{"rendered":"Bas de compression DVT"},"content":{"rendered":"<p align=\"justify\"><span>Les bas de compression m\u00e9dicaux offrent une compression gradu\u00e9e, qui est la plus forte \u00e0 la cheville et qui diminue progressivement \u00e0 mesure que nous montons.\u00a0<\/span><span>Cette compression contr\u00f4l\u00e9e et gradu\u00e9e stoppe efficacement tout reflux sanguin anormal.\u00a0<\/span><span>Ils compriment les parois externes des veines superficielles pour les rendre solides et pr\u00e9venir les varices.<\/span><\/p>","protected":false},"excerpt":{"rendered":"<p>Les bas de compression m\u00e9dicaux offrent une compression gradu\u00e9e, qui est &#8230; <\/p>","protected":false},"featured_media":2105,"comment_status":"open","ping_status":"closed","template":"","meta":[],"product_brand":[],"product_cat":[121,280,114],"product_tag":[266,267],"class_list":{"0":"post-2104","1":"product","2":"type-product","3":"status-publish","4":"has-post-thumbnail","6":"product_cat-compression","7":"product_cat-jambe","8":"product_cat-orthopedie","9":"product_tag-i-66","10":"product_tag-i69","12":"first","13":"instock","14":"shipping-taxable","15":"product-type-simple"},"yoast_head":"<!-- This site is optimized with the Yoast SEO plugin v27.2 - https:\/\/yoast.com\/product\/yoast-seo-wordpress\/ -->\n<title>Bas de compression DVT - AV MEDICAL<\/title>\n<meta name=\"robots\" content=\"index, follow, max-snippet:-1, max-image-preview:large, max-video-preview:-1\" \/>\n<link rel=\"canonical\" href=\"https:\/\/avmedical.ma\/ar\/product\/bas-de-compression-medicaux-dvt\/\" \/>\n<meta property=\"og:locale\" content=\"ar_AR\" \/>\n<meta property=\"og:type\" content=\"article\" \/>\n<meta property=\"og:title\" content=\"Bas de compression DVT - AV MEDICAL\" \/>\n<meta property=\"og:description\" content=\"Les bas de compression m\u00e9dicaux offrent une compression gradu\u00e9e, qui est ...\" \/>\n<meta property=\"og:url\" content=\"https:\/\/avmedical.ma\/ar\/product\/bas-de-compression-medicaux-dvt\/\" \/>\n<meta property=\"og:site_name\" content=\"AV MEDICAL\" \/>\n<meta property=\"article:modified_time\" content=\"2024-02-26T10:31:58+00:00\" \/>\n<meta property=\"og:image\" content=\"https:\/\/avmedical.ma\/wp-content\/uploads\/2024\/02\/dvt_resize.jpg\" \/>\n\t<meta property=\"og:image:width\" content=\"385\" \/>\n\t<meta property=\"og:image:height\" content=\"345\" \/>\n\t<meta property=\"og:image:type\" content=\"image\/jpeg\" \/>\n<meta name=\"twitter:card\" content=\"summary_large_image\" \/>\n<script type=\"application\/ld+json\" class=\"yoast-schema-graph\">{\"@context\":\"https:\/\/schema.org\",\"@graph\":[{\"@type\":\"WebPage\",\"@id\":\"https:\/\/avmedical.ma\/produit\/bas-de-compression-medicaux-dvt\/\",\"url\":\"https:\/\/avmedical.ma\/produit\/bas-de-compression-medicaux-dvt\/\",\"name\":\"Bas de compression DVT - AV MEDICAL\",\"isPartOf\":{\"@id\":\"https:\/\/avmedical.ma\/#website\"},\"primaryImageOfPage\":{\"@id\":\"https:\/\/avmedical.ma\/produit\/bas-de-compression-medicaux-dvt\/#primaryimage\"},\"image\":{\"@id\":\"https:\/\/avmedical.ma\/produit\/bas-de-compression-medicaux-dvt\/#primaryimage\"},\"thumbnailUrl\":\"https:\/\/avmedical.ma\/wp-content\/uploads\/2024\/02\/dvt_resize.jpg\",\"datePublished\":\"2022-08-29T10:28:22+00:00\",\"dateModified\":\"2024-02-26T10:31:58+00:00\",\"breadcrumb\":{\"@id\":\"https:\/\/avmedical.ma\/produit\/bas-de-compression-medicaux-dvt\/#breadcrumb\"},\"inLanguage\":\"ar\",\"potentialAction\":[{\"@type\":\"ReadAction\",\"target\":[\"https:\/\/avmedical.ma\/produit\/bas-de-compression-medicaux-dvt\/\"]}]},{\"@type\":\"ImageObject\",\"inLanguage\":\"ar\",\"@id\":\"https:\/\/avmedical.ma\/produit\/bas-de-compression-medicaux-dvt\/#primaryimage\",\"url\":\"https:\/\/avmedical.ma\/wp-content\/uploads\/2024\/02\/dvt_resize.jpg\",\"contentUrl\":\"https:\/\/avmedical.ma\/wp-content\/uploads\/2024\/02\/dvt_resize.jpg\",\"width\":385,\"height\":345},{\"@type\":\"BreadcrumbList\",\"@id\":\"https:\/\/avmedical.ma\/produit\/bas-de-compression-medicaux-dvt\/#breadcrumb\",\"itemListElement\":[{\"@type\":\"ListItem\",\"position\":1,\"name\":\"Accueil\",\"item\":\"https:\/\/avmedical.ma\/\"},{\"@type\":\"ListItem\",\"position\":2,\"name\":\"Shop\",\"item\":\"https:\/\/avmedical.ma\/shop\/\"},{\"@type\":\"ListItem\",\"position\":3,\"name\":\"Bas de compression DVT\"}]},{\"@type\":\"WebSite\",\"@id\":\"https:\/\/avmedical.ma\/#website\",\"url\":\"https:\/\/avmedical.ma\/\",\"name\":\"AVMEDICAL Maroc\",\"description\":\"\",\"publisher\":{\"@id\":\"https:\/\/avmedical.ma\/#organization\"},\"potentialAction\":[{\"@type\":\"SearchAction\",\"target\":{\"@type\":\"EntryPoint\",\"urlTemplate\":\"https:\/\/avmedical.ma\/?s={search_term_string}\"},\"query-input\":{\"@type\":\"PropertyValueSpecification\",\"valueRequired\":true,\"valueName\":\"search_term_string\"}}],\"inLanguage\":\"ar\"},{\"@type\":\"Organization\",\"@id\":\"https:\/\/avmedical.ma\/#organization\",\"name\":\"AVMEDICAL\",\"url\":\"https:\/\/avmedical.ma\/\",\"logo\":{\"@type\":\"ImageObject\",\"inLanguage\":\"ar\",\"@id\":\"https:\/\/avmedical.ma\/#\/schema\/logo\/image\/\",\"url\":\"https:\/\/avmedical.ma\/wp-content\/uploads\/2024\/02\/logo_avmedical_new.png\",\"contentUrl\":\"https:\/\/avmedical.ma\/wp-content\/uploads\/2024\/02\/logo_avmedical_new.png\",\"width\":420,\"height\":95,\"caption\":\"AVMEDICAL\"},\"image\":{\"@id\":\"https:\/\/avmedical.ma\/#\/schema\/logo\/image\/\"}}]}<\/script>\n<!-- \/ Yoast SEO plugin. -->","yoast_head_json":{"title":"Bas de compression DVT - AV MEDICAL","robots":{"index":"index","follow":"follow","max-snippet":"max-snippet:-1","max-image-preview":"max-image-preview:large","max-video-preview":"max-video-preview:-1"},"canonical":"https:\/\/avmedical.ma\/ar\/product\/bas-de-compression-medicaux-dvt\/","og_locale":"ar_AR","og_type":"article","og_title":"Bas de compression DVT - AV MEDICAL","og_description":"Les bas de compression m\u00e9dicaux offrent une compression gradu\u00e9e, qui est ...","og_url":"https:\/\/avmedical.ma\/ar\/product\/bas-de-compression-medicaux-dvt\/","og_site_name":"AV MEDICAL","article_modified_time":"2024-02-26T10:31:58+00:00","og_image":[{"width":385,"height":345,"url":"https:\/\/avmedical.ma\/wp-content\/uploads\/2024\/02\/dvt_resize.jpg","type":"image\/jpeg"}],"twitter_card":"summary_large_image","schema":{"@context":"https:\/\/schema.org","@graph":[{"@type":"WebPage","@id":"https:\/\/avmedical.ma\/produit\/bas-de-compression-medicaux-dvt\/","url":"https:\/\/avmedical.ma\/produit\/bas-de-compression-medicaux-dvt\/","name":"Bas de compression DVT - AV MEDICAL","isPartOf":{"@id":"https:\/\/avmedical.ma\/#website"},"primaryImageOfPage":{"@id":"https:\/\/avmedical.ma\/produit\/bas-de-compression-medicaux-dvt\/#primaryimage"},"image":{"@id":"https:\/\/avmedical.ma\/produit\/bas-de-compression-medicaux-dvt\/#primaryimage"},"thumbnailUrl":"https:\/\/avmedical.ma\/wp-content\/uploads\/2024\/02\/dvt_resize.jpg","datePublished":"2022-08-29T10:28:22+00:00","dateModified":"2024-02-26T10:31:58+00:00","breadcrumb":{"@id":"https:\/\/avmedical.ma\/produit\/bas-de-compression-medicaux-dvt\/#breadcrumb"},"inLanguage":"ar","potentialAction":[{"@type":"ReadAction","target":["https:\/\/avmedical.ma\/produit\/bas-de-compression-medicaux-dvt\/"]}]},{"@type":"ImageObject","inLanguage":"ar","@id":"https:\/\/avmedical.ma\/produit\/bas-de-compression-medicaux-dvt\/#primaryimage","url":"https:\/\/avmedical.ma\/wp-content\/uploads\/2024\/02\/dvt_resize.jpg","contentUrl":"https:\/\/avmedical.ma\/wp-content\/uploads\/2024\/02\/dvt_resize.jpg","width":385,"height":345},{"@type":"BreadcrumbList","@id":"https:\/\/avmedical.ma\/produit\/bas-de-compression-medicaux-dvt\/#breadcrumb","itemListElement":[{"@type":"ListItem","position":1,"name":"Accueil","item":"https:\/\/avmedical.ma\/"},{"@type":"ListItem","position":2,"name":"Shop","item":"https:\/\/avmedical.ma\/shop\/"},{"@type":"ListItem","position":3,"name":"Bas de compression DVT"}]},{"@type":"WebSite","@id":"https:\/\/avmedical.ma\/#website","url":"https:\/\/avmedical.ma\/","name":"AVMEDICAL Maroc","description":"","publisher":{"@id":"https:\/\/avmedical.ma\/#organization"},"potentialAction":[{"@type":"SearchAction","target":{"@type":"EntryPoint","urlTemplate":"https:\/\/avmedical.ma\/?s={search_term_string}"},"query-input":{"@type":"PropertyValueSpecification","valueRequired":true,"valueName":"search_term_string"}}],"inLanguage":"ar"},{"@type":"Organization","@id":"https:\/\/avmedical.ma\/#organization","name":"AVMEDICAL","url":"https:\/\/avmedical.ma\/","logo":{"@type":"ImageObject","inLanguage":"ar","@id":"https:\/\/avmedical.ma\/#\/schema\/logo\/image\/","url":"https:\/\/avmedical.ma\/wp-content\/uploads\/2024\/02\/logo_avmedical_new.png","contentUrl":"https:\/\/avmedical.ma\/wp-content\/uploads\/2024\/02\/logo_avmedical_new.png","width":420,"height":95,"caption":"AVMEDICAL"},"image":{"@id":"https:\/\/avmedical.ma\/#\/schema\/logo\/image\/"}}]}},"_links":{"self":[{"href":"https:\/\/avmedical.ma\/ar\/wp-json\/wp\/v2\/product\/2104","targetHints":{"allow":["GET"]}}],"collection":[{"href":"https:\/\/avmedical.ma\/ar\/wp-json\/wp\/v2\/product"}],"about":[{"href":"https:\/\/avmedical.ma\/ar\/wp-json\/wp\/v2\/types\/product"}],"replies":[{"embeddable":true,"href":"https:\/\/avmedical.ma\/ar\/wp-json\/wp\/v2\/comments?post=2104"}],"wp:featuredmedia":[{"embeddable":true,"href":"https:\/\/avmedical.ma\/ar\/wp-json\/wp\/v2\/media\/2105"}],"wp:attachment":[{"href":"https:\/\/avmedical.ma\/ar\/wp-json\/wp\/v2\/media?parent=2104"}],"wp:term":[{"taxonomy":"product_brand","embeddable":true,"href":"https:\/\/avmedical.ma\/ar\/wp-json\/wp\/v2\/product_brand?post=2104"},{"taxonomy":"product_cat","embeddable":true,"href":"https:\/\/avmedical.ma\/ar\/wp-json\/wp\/v2\/product_cat?post=2104"},{"taxonomy":"product_tag","embeddable":true,"href":"https:\/\/avmedical.ma\/ar\/wp-json\/wp\/v2\/product_tag?post=2104"}],"curies":[{"name":"wp","href":"https:\/\/api.w.org\/{rel}","templated":true}]}}