{"id":2096,"date":"2022-08-29T01:03:57","date_gmt":"2022-08-28T23:03:57","guid":{"rendered":"https:\/\/avmedical.ma\/?post_type=product&#038;p=2096"},"modified":"2025-04-23T13:12:34","modified_gmt":"2025-04-23T11:12:34","slug":"baton-de-marche-quadripode","status":"publish","type":"product","link":"https:\/\/avmedical.ma\/ar\/product\/baton-de-marche-quadripode\/","title":{"rendered":"B\u00e2ton Quadripode"},"content":{"rendered":"<p align=\"justify\"><span>Le quadripode de b\u00e2ton de marche de Tynor est une aide \u00e0 la marche con\u00e7ue pour fournir une stabilit\u00e9 suppl\u00e9mentaire lors de la marche vers les bless\u00e9s, les faibles, les personnes \u00e0 mobilit\u00e9 r\u00e9duite, les d\u00e9ficits neurologiques ou les populations g\u00e9riatriques.\u00a0<\/span><span>La base large \u00e0 quatre cosses offre une excellente stabilit\u00e9.\u00a0<\/span><span>La fonction de r\u00e9glage de la hauteur assure une bonne portance de la charge, un confort et une posture correcte.\u00a0<\/span><span>Il est disponible en couleur argent et a un design ambidextre.<\/span><\/p>","protected":false},"excerpt":{"rendered":"<p>Le quadripode de b\u00e2ton de marche de Tynor est une aide &#8230; <\/p>","protected":false},"featured_media":2097,"comment_status":"open","ping_status":"closed","template":"","meta":[],"product_brand":[],"product_cat":[311],"product_tag":[262],"class_list":{"0":"post-2096","1":"product","2":"type-product","3":"status-publish","4":"has-post-thumbnail","6":"product_cat-aide-a-la-marche","7":"product_tag-l-12","9":"first","10":"instock","11":"shipping-taxable","12":"product-type-simple"},"yoast_head":"<!-- This site is optimized with the Yoast SEO plugin v27.2 - https:\/\/yoast.com\/product\/yoast-seo-wordpress\/ -->\n<title>B\u00e2ton Quadripode - AV MEDICAL<\/title>\n<meta name=\"robots\" content=\"index, follow, max-snippet:-1, max-image-preview:large, max-video-preview:-1\" \/>\n<link rel=\"canonical\" href=\"https:\/\/avmedical.ma\/ar\/product\/baton-de-marche-quadripode\/\" \/>\n<meta property=\"og:locale\" content=\"ar_AR\" \/>\n<meta property=\"og:type\" content=\"article\" \/>\n<meta property=\"og:title\" content=\"B\u00e2ton Quadripode - AV MEDICAL\" \/>\n<meta property=\"og:description\" content=\"Le quadripode de b\u00e2ton de marche de Tynor est une aide ...\" \/>\n<meta property=\"og:url\" content=\"https:\/\/avmedical.ma\/ar\/product\/baton-de-marche-quadripode\/\" \/>\n<meta property=\"og:site_name\" content=\"AV MEDICAL\" \/>\n<meta property=\"article:modified_time\" content=\"2025-04-23T11:12:34+00:00\" \/>\n<meta property=\"og:image\" content=\"https:\/\/avmedical.ma\/wp-content\/uploads\/2024\/02\/baton_marche_quadripode.png\" \/>\n\t<meta property=\"og:image:width\" content=\"860\" \/>\n\t<meta property=\"og:image:height\" content=\"675\" \/>\n\t<meta property=\"og:image:type\" content=\"image\/png\" \/>\n<meta name=\"twitter:card\" content=\"summary_large_image\" \/>\n<script type=\"application\/ld+json\" class=\"yoast-schema-graph\">{\"@context\":\"https:\/\/schema.org\",\"@graph\":[{\"@type\":\"WebPage\",\"@id\":\"https:\/\/avmedical.ma\/produit\/baton-de-marche-quadripode\/\",\"url\":\"https:\/\/avmedical.ma\/produit\/baton-de-marche-quadripode\/\",\"name\":\"B\u00e2ton Quadripode - AV MEDICAL\",\"isPartOf\":{\"@id\":\"https:\/\/avmedical.ma\/#website\"},\"primaryImageOfPage\":{\"@id\":\"https:\/\/avmedical.ma\/produit\/baton-de-marche-quadripode\/#primaryimage\"},\"image\":{\"@id\":\"https:\/\/avmedical.ma\/produit\/baton-de-marche-quadripode\/#primaryimage\"},\"thumbnailUrl\":\"https:\/\/avmedical.ma\/wp-content\/uploads\/2024\/02\/baton_marche_quadripode.png\",\"datePublished\":\"2022-08-28T23:03:57+00:00\",\"dateModified\":\"2025-04-23T11:12:34+00:00\",\"breadcrumb\":{\"@id\":\"https:\/\/avmedical.ma\/produit\/baton-de-marche-quadripode\/#breadcrumb\"},\"inLanguage\":\"ar\",\"potentialAction\":[{\"@type\":\"ReadAction\",\"target\":[\"https:\/\/avmedical.ma\/produit\/baton-de-marche-quadripode\/\"]}]},{\"@type\":\"ImageObject\",\"inLanguage\":\"ar\",\"@id\":\"https:\/\/avmedical.ma\/produit\/baton-de-marche-quadripode\/#primaryimage\",\"url\":\"https:\/\/avmedical.ma\/wp-content\/uploads\/2024\/02\/baton_marche_quadripode.png\",\"contentUrl\":\"https:\/\/avmedical.ma\/wp-content\/uploads\/2024\/02\/baton_marche_quadripode.png\",\"width\":860,\"height\":675},{\"@type\":\"BreadcrumbList\",\"@id\":\"https:\/\/avmedical.ma\/produit\/baton-de-marche-quadripode\/#breadcrumb\",\"itemListElement\":[{\"@type\":\"ListItem\",\"position\":1,\"name\":\"Accueil\",\"item\":\"https:\/\/avmedical.ma\/\"},{\"@type\":\"ListItem\",\"position\":2,\"name\":\"Shop\",\"item\":\"https:\/\/avmedical.ma\/shop\/\"},{\"@type\":\"ListItem\",\"position\":3,\"name\":\"B\u00e2ton Quadripode\"}]},{\"@type\":\"WebSite\",\"@id\":\"https:\/\/avmedical.ma\/#website\",\"url\":\"https:\/\/avmedical.ma\/\",\"name\":\"AVMEDICAL Maroc\",\"description\":\"\",\"publisher\":{\"@id\":\"https:\/\/avmedical.ma\/#organization\"},\"potentialAction\":[{\"@type\":\"SearchAction\",\"target\":{\"@type\":\"EntryPoint\",\"urlTemplate\":\"https:\/\/avmedical.ma\/?s={search_term_string}\"},\"query-input\":{\"@type\":\"PropertyValueSpecification\",\"valueRequired\":true,\"valueName\":\"search_term_string\"}}],\"inLanguage\":\"ar\"},{\"@type\":\"Organization\",\"@id\":\"https:\/\/avmedical.ma\/#organization\",\"name\":\"AVMEDICAL\",\"url\":\"https:\/\/avmedical.ma\/\",\"logo\":{\"@type\":\"ImageObject\",\"inLanguage\":\"ar\",\"@id\":\"https:\/\/avmedical.ma\/#\/schema\/logo\/image\/\",\"url\":\"https:\/\/avmedical.ma\/wp-content\/uploads\/2024\/02\/logo_avmedical_new.png\",\"contentUrl\":\"https:\/\/avmedical.ma\/wp-content\/uploads\/2024\/02\/logo_avmedical_new.png\",\"width\":420,\"height\":95,\"caption\":\"AVMEDICAL\"},\"image\":{\"@id\":\"https:\/\/avmedical.ma\/#\/schema\/logo\/image\/\"}}]}<\/script>\n<!-- \/ Yoast SEO plugin. -->","yoast_head_json":{"title":"B\u00e2ton Quadripode - AV MEDICAL","robots":{"index":"index","follow":"follow","max-snippet":"max-snippet:-1","max-image-preview":"max-image-preview:large","max-video-preview":"max-video-preview:-1"},"canonical":"https:\/\/avmedical.ma\/ar\/product\/baton-de-marche-quadripode\/","og_locale":"ar_AR","og_type":"article","og_title":"B\u00e2ton Quadripode - AV MEDICAL","og_description":"Le quadripode de b\u00e2ton de marche de Tynor est une aide ...","og_url":"https:\/\/avmedical.ma\/ar\/product\/baton-de-marche-quadripode\/","og_site_name":"AV MEDICAL","article_modified_time":"2025-04-23T11:12:34+00:00","og_image":[{"width":860,"height":675,"url":"https:\/\/avmedical.ma\/wp-content\/uploads\/2024\/02\/baton_marche_quadripode.png","type":"image\/png"}],"twitter_card":"summary_large_image","schema":{"@context":"https:\/\/schema.org","@graph":[{"@type":"WebPage","@id":"https:\/\/avmedical.ma\/produit\/baton-de-marche-quadripode\/","url":"https:\/\/avmedical.ma\/produit\/baton-de-marche-quadripode\/","name":"B\u00e2ton Quadripode - AV MEDICAL","isPartOf":{"@id":"https:\/\/avmedical.ma\/#website"},"primaryImageOfPage":{"@id":"https:\/\/avmedical.ma\/produit\/baton-de-marche-quadripode\/#primaryimage"},"image":{"@id":"https:\/\/avmedical.ma\/produit\/baton-de-marche-quadripode\/#primaryimage"},"thumbnailUrl":"https:\/\/avmedical.ma\/wp-content\/uploads\/2024\/02\/baton_marche_quadripode.png","datePublished":"2022-08-28T23:03:57+00:00","dateModified":"2025-04-23T11:12:34+00:00","breadcrumb":{"@id":"https:\/\/avmedical.ma\/produit\/baton-de-marche-quadripode\/#breadcrumb"},"inLanguage":"ar","potentialAction":[{"@type":"ReadAction","target":["https:\/\/avmedical.ma\/produit\/baton-de-marche-quadripode\/"]}]},{"@type":"ImageObject","inLanguage":"ar","@id":"https:\/\/avmedical.ma\/produit\/baton-de-marche-quadripode\/#primaryimage","url":"https:\/\/avmedical.ma\/wp-content\/uploads\/2024\/02\/baton_marche_quadripode.png","contentUrl":"https:\/\/avmedical.ma\/wp-content\/uploads\/2024\/02\/baton_marche_quadripode.png","width":860,"height":675},{"@type":"BreadcrumbList","@id":"https:\/\/avmedical.ma\/produit\/baton-de-marche-quadripode\/#breadcrumb","itemListElement":[{"@type":"ListItem","position":1,"name":"Accueil","item":"https:\/\/avmedical.ma\/"},{"@type":"ListItem","position":2,"name":"Shop","item":"https:\/\/avmedical.ma\/shop\/"},{"@type":"ListItem","position":3,"name":"B\u00e2ton Quadripode"}]},{"@type":"WebSite","@id":"https:\/\/avmedical.ma\/#website","url":"https:\/\/avmedical.ma\/","name":"AVMEDICAL Maroc","description":"","publisher":{"@id":"https:\/\/avmedical.ma\/#organization"},"potentialAction":[{"@type":"SearchAction","target":{"@type":"EntryPoint","urlTemplate":"https:\/\/avmedical.ma\/?s={search_term_string}"},"query-input":{"@type":"PropertyValueSpecification","valueRequired":true,"valueName":"search_term_string"}}],"inLanguage":"ar"},{"@type":"Organization","@id":"https:\/\/avmedical.ma\/#organization","name":"AVMEDICAL","url":"https:\/\/avmedical.ma\/","logo":{"@type":"ImageObject","inLanguage":"ar","@id":"https:\/\/avmedical.ma\/#\/schema\/logo\/image\/","url":"https:\/\/avmedical.ma\/wp-content\/uploads\/2024\/02\/logo_avmedical_new.png","contentUrl":"https:\/\/avmedical.ma\/wp-content\/uploads\/2024\/02\/logo_avmedical_new.png","width":420,"height":95,"caption":"AVMEDICAL"},"image":{"@id":"https:\/\/avmedical.ma\/#\/schema\/logo\/image\/"}}]}},"_links":{"self":[{"href":"https:\/\/avmedical.ma\/ar\/wp-json\/wp\/v2\/product\/2096","targetHints":{"allow":["GET"]}}],"collection":[{"href":"https:\/\/avmedical.ma\/ar\/wp-json\/wp\/v2\/product"}],"about":[{"href":"https:\/\/avmedical.ma\/ar\/wp-json\/wp\/v2\/types\/product"}],"replies":[{"embeddable":true,"href":"https:\/\/avmedical.ma\/ar\/wp-json\/wp\/v2\/comments?post=2096"}],"wp:featuredmedia":[{"embeddable":true,"href":"https:\/\/avmedical.ma\/ar\/wp-json\/wp\/v2\/media\/2097"}],"wp:attachment":[{"href":"https:\/\/avmedical.ma\/ar\/wp-json\/wp\/v2\/media?parent=2096"}],"wp:term":[{"taxonomy":"product_brand","embeddable":true,"href":"https:\/\/avmedical.ma\/ar\/wp-json\/wp\/v2\/product_brand?post=2096"},{"taxonomy":"product_cat","embeddable":true,"href":"https:\/\/avmedical.ma\/ar\/wp-json\/wp\/v2\/product_cat?post=2096"},{"taxonomy":"product_tag","embeddable":true,"href":"https:\/\/avmedical.ma\/ar\/wp-json\/wp\/v2\/product_tag?post=2096"}],"curies":[{"name":"wp","href":"https:\/\/api.w.org\/{rel}","templated":true}]}}