{"id":2034,"date":"2021-03-03T17:45:31","date_gmt":"2021-03-03T16:45:31","guid":{"rendered":"https:\/\/avmedical.ma\/?post_type=product&#038;p=2034"},"modified":"2024-02-16T00:42:00","modified_gmt":"2024-02-15T23:42:00","slug":"optivisc-single","status":"publish","type":"product","link":"https:\/\/avmedical.ma\/ar\/product\/optivisc-single\/","title":{"rendered":"OPTIVISC SINGLE"},"content":{"rendered":"<p style=\"background: white; vertical-align: baseline; margin: 0cm 0cm 7.5pt 0cm;\" align=\"justify\"><span style=\"font-family: 'inherit','serif';\">OPTIVISC SINGLE est un traitement r\u00e9ticul\u00e9, non chirurgical et non pharmacologique de l\u2019arthrose du genou: une maladie des articulations caract\u00e9ris\u00e9e par une d\u00e9gradation progressive du cartilage et une d\u00e9formation osseuse. OPTIVISC est un traitement destin\u00e9 aux patients souffrant d\u2019arthrose pr\u00e9sentant des sympt\u00f4mes tels que douleur au genou, raideur, mobilit\u00e9 limit\u00e9e de l\u2019articulateur, fissure, gonflement, d\u00e9ficience fonctionnelle et m\u00eame d\u00e9formations.<\/span><\/p>\n<p style=\"background: white; vertical-align: baseline; margin: 0cm 0cm 7.5pt 0cm;\" align=\"justify\"><span style=\"font-family: 'inherit','serif';\">OPTIVISC SINGLE est un gel hautement visqueux \u00e0 base d\u2019acide hyaluronique injectable et au poids mol\u00e9culaire \u00e9lev\u00e9 (3,3 \u00e0 3,5 Millions de Dalton) d\u2019origine bio-fermentaire. Le gel d\u2019acide hyaluronique est indiqu\u00e9 pour une utilisation en injection intra-articulaire chez les patients atteints d\u2019arthrose du genou.<\/span><\/p>","protected":false},"excerpt":{"rendered":"<p>OPTIVISC SINGLE est un traitement r\u00e9ticul\u00e9, non chirurgical et non pharmacologique &#8230; <\/p>","protected":false},"featured_media":2035,"comment_status":"open","ping_status":"closed","template":"","meta":[],"product_brand":[],"product_cat":[241],"product_tag":[],"class_list":{"0":"post-2034","1":"product","2":"type-product","3":"status-publish","4":"has-post-thumbnail","6":"product_cat-viscosupplementation","8":"first","9":"instock","10":"shipping-taxable","11":"product-type-simple"},"yoast_head":"<!-- This site is optimized with the Yoast SEO plugin v27.2 - https:\/\/yoast.com\/product\/yoast-seo-wordpress\/ -->\n<title>OPTIVISC SINGLE - AV MEDICAL<\/title>\n<meta name=\"robots\" content=\"index, follow, max-snippet:-1, max-image-preview:large, max-video-preview:-1\" \/>\n<link rel=\"canonical\" href=\"https:\/\/avmedical.ma\/ar\/product\/optivisc-single\/\" \/>\n<meta property=\"og:locale\" content=\"ar_AR\" \/>\n<meta property=\"og:type\" content=\"article\" \/>\n<meta property=\"og:title\" content=\"OPTIVISC SINGLE - AV MEDICAL\" \/>\n<meta property=\"og:description\" content=\"OPTIVISC SINGLE est un traitement r\u00e9ticul\u00e9, non chirurgical et non pharmacologique ...\" \/>\n<meta property=\"og:url\" content=\"https:\/\/avmedical.ma\/ar\/product\/optivisc-single\/\" \/>\n<meta property=\"og:site_name\" content=\"AV MEDICAL\" \/>\n<meta property=\"article:modified_time\" content=\"2024-02-15T23:42:00+00:00\" \/>\n<meta property=\"og:image\" content=\"https:\/\/avmedical.ma\/wp-content\/uploads\/2024\/02\/optivisc-single.jpg\" \/>\n\t<meta property=\"og:image:width\" content=\"400\" \/>\n\t<meta property=\"og:image:height\" content=\"400\" \/>\n\t<meta property=\"og:image:type\" content=\"image\/jpeg\" \/>\n<meta name=\"twitter:card\" content=\"summary_large_image\" \/>\n<meta name=\"twitter:label1\" content=\"\u0648\u0642\u062a \u0627\u0644\u0642\u0631\u0627\u0621\u0629 \u0627\u0644\u0645\u064f\u0642\u062f\u0651\u0631\" \/>\n\t<meta name=\"twitter:data1\" content=\"\u062f\u0642\u064a\u0642\u0629 \u0648\u0627\u062d\u062f\u0629\" \/>\n<script type=\"application\/ld+json\" class=\"yoast-schema-graph\">{\"@context\":\"https:\/\/schema.org\",\"@graph\":[{\"@type\":\"WebPage\",\"@id\":\"https:\/\/avmedical.ma\/produit\/optivisc-single\/\",\"url\":\"https:\/\/avmedical.ma\/produit\/optivisc-single\/\",\"name\":\"OPTIVISC SINGLE - AV MEDICAL\",\"isPartOf\":{\"@id\":\"https:\/\/avmedical.ma\/#website\"},\"primaryImageOfPage\":{\"@id\":\"https:\/\/avmedical.ma\/produit\/optivisc-single\/#primaryimage\"},\"image\":{\"@id\":\"https:\/\/avmedical.ma\/produit\/optivisc-single\/#primaryimage\"},\"thumbnailUrl\":\"https:\/\/avmedical.ma\/wp-content\/uploads\/2024\/02\/optivisc-single.jpg\",\"datePublished\":\"2021-03-03T16:45:31+00:00\",\"dateModified\":\"2024-02-15T23:42:00+00:00\",\"breadcrumb\":{\"@id\":\"https:\/\/avmedical.ma\/produit\/optivisc-single\/#breadcrumb\"},\"inLanguage\":\"ar\",\"potentialAction\":[{\"@type\":\"ReadAction\",\"target\":[\"https:\/\/avmedical.ma\/produit\/optivisc-single\/\"]}]},{\"@type\":\"ImageObject\",\"inLanguage\":\"ar\",\"@id\":\"https:\/\/avmedical.ma\/produit\/optivisc-single\/#primaryimage\",\"url\":\"https:\/\/avmedical.ma\/wp-content\/uploads\/2024\/02\/optivisc-single.jpg\",\"contentUrl\":\"https:\/\/avmedical.ma\/wp-content\/uploads\/2024\/02\/optivisc-single.jpg\",\"width\":400,\"height\":400},{\"@type\":\"BreadcrumbList\",\"@id\":\"https:\/\/avmedical.ma\/produit\/optivisc-single\/#breadcrumb\",\"itemListElement\":[{\"@type\":\"ListItem\",\"position\":1,\"name\":\"Accueil\",\"item\":\"https:\/\/avmedical.ma\/\"},{\"@type\":\"ListItem\",\"position\":2,\"name\":\"Shop\",\"item\":\"https:\/\/avmedical.ma\/shop\/\"},{\"@type\":\"ListItem\",\"position\":3,\"name\":\"OPTIVISC SINGLE\"}]},{\"@type\":\"WebSite\",\"@id\":\"https:\/\/avmedical.ma\/#website\",\"url\":\"https:\/\/avmedical.ma\/\",\"name\":\"AVMEDICAL Maroc\",\"description\":\"\",\"publisher\":{\"@id\":\"https:\/\/avmedical.ma\/#organization\"},\"potentialAction\":[{\"@type\":\"SearchAction\",\"target\":{\"@type\":\"EntryPoint\",\"urlTemplate\":\"https:\/\/avmedical.ma\/?s={search_term_string}\"},\"query-input\":{\"@type\":\"PropertyValueSpecification\",\"valueRequired\":true,\"valueName\":\"search_term_string\"}}],\"inLanguage\":\"ar\"},{\"@type\":\"Organization\",\"@id\":\"https:\/\/avmedical.ma\/#organization\",\"name\":\"AVMEDICAL\",\"url\":\"https:\/\/avmedical.ma\/\",\"logo\":{\"@type\":\"ImageObject\",\"inLanguage\":\"ar\",\"@id\":\"https:\/\/avmedical.ma\/#\/schema\/logo\/image\/\",\"url\":\"https:\/\/avmedical.ma\/wp-content\/uploads\/2024\/02\/logo_avmedical_new.png\",\"contentUrl\":\"https:\/\/avmedical.ma\/wp-content\/uploads\/2024\/02\/logo_avmedical_new.png\",\"width\":420,\"height\":95,\"caption\":\"AVMEDICAL\"},\"image\":{\"@id\":\"https:\/\/avmedical.ma\/#\/schema\/logo\/image\/\"}}]}<\/script>\n<!-- \/ Yoast SEO plugin. -->","yoast_head_json":{"title":"OPTIVISC SINGLE - AV MEDICAL","robots":{"index":"index","follow":"follow","max-snippet":"max-snippet:-1","max-image-preview":"max-image-preview:large","max-video-preview":"max-video-preview:-1"},"canonical":"https:\/\/avmedical.ma\/ar\/product\/optivisc-single\/","og_locale":"ar_AR","og_type":"article","og_title":"OPTIVISC SINGLE - AV MEDICAL","og_description":"OPTIVISC SINGLE est un traitement r\u00e9ticul\u00e9, non chirurgical et non pharmacologique ...","og_url":"https:\/\/avmedical.ma\/ar\/product\/optivisc-single\/","og_site_name":"AV MEDICAL","article_modified_time":"2024-02-15T23:42:00+00:00","og_image":[{"width":400,"height":400,"url":"https:\/\/avmedical.ma\/wp-content\/uploads\/2024\/02\/optivisc-single.jpg","type":"image\/jpeg"}],"twitter_card":"summary_large_image","twitter_misc":{"\u0648\u0642\u062a \u0627\u0644\u0642\u0631\u0627\u0621\u0629 \u0627\u0644\u0645\u064f\u0642\u062f\u0651\u0631":"\u062f\u0642\u064a\u0642\u0629 \u0648\u0627\u062d\u062f\u0629"},"schema":{"@context":"https:\/\/schema.org","@graph":[{"@type":"WebPage","@id":"https:\/\/avmedical.ma\/produit\/optivisc-single\/","url":"https:\/\/avmedical.ma\/produit\/optivisc-single\/","name":"OPTIVISC SINGLE - AV MEDICAL","isPartOf":{"@id":"https:\/\/avmedical.ma\/#website"},"primaryImageOfPage":{"@id":"https:\/\/avmedical.ma\/produit\/optivisc-single\/#primaryimage"},"image":{"@id":"https:\/\/avmedical.ma\/produit\/optivisc-single\/#primaryimage"},"thumbnailUrl":"https:\/\/avmedical.ma\/wp-content\/uploads\/2024\/02\/optivisc-single.jpg","datePublished":"2021-03-03T16:45:31+00:00","dateModified":"2024-02-15T23:42:00+00:00","breadcrumb":{"@id":"https:\/\/avmedical.ma\/produit\/optivisc-single\/#breadcrumb"},"inLanguage":"ar","potentialAction":[{"@type":"ReadAction","target":["https:\/\/avmedical.ma\/produit\/optivisc-single\/"]}]},{"@type":"ImageObject","inLanguage":"ar","@id":"https:\/\/avmedical.ma\/produit\/optivisc-single\/#primaryimage","url":"https:\/\/avmedical.ma\/wp-content\/uploads\/2024\/02\/optivisc-single.jpg","contentUrl":"https:\/\/avmedical.ma\/wp-content\/uploads\/2024\/02\/optivisc-single.jpg","width":400,"height":400},{"@type":"BreadcrumbList","@id":"https:\/\/avmedical.ma\/produit\/optivisc-single\/#breadcrumb","itemListElement":[{"@type":"ListItem","position":1,"name":"Accueil","item":"https:\/\/avmedical.ma\/"},{"@type":"ListItem","position":2,"name":"Shop","item":"https:\/\/avmedical.ma\/shop\/"},{"@type":"ListItem","position":3,"name":"OPTIVISC SINGLE"}]},{"@type":"WebSite","@id":"https:\/\/avmedical.ma\/#website","url":"https:\/\/avmedical.ma\/","name":"AVMEDICAL Maroc","description":"","publisher":{"@id":"https:\/\/avmedical.ma\/#organization"},"potentialAction":[{"@type":"SearchAction","target":{"@type":"EntryPoint","urlTemplate":"https:\/\/avmedical.ma\/?s={search_term_string}"},"query-input":{"@type":"PropertyValueSpecification","valueRequired":true,"valueName":"search_term_string"}}],"inLanguage":"ar"},{"@type":"Organization","@id":"https:\/\/avmedical.ma\/#organization","name":"AVMEDICAL","url":"https:\/\/avmedical.ma\/","logo":{"@type":"ImageObject","inLanguage":"ar","@id":"https:\/\/avmedical.ma\/#\/schema\/logo\/image\/","url":"https:\/\/avmedical.ma\/wp-content\/uploads\/2024\/02\/logo_avmedical_new.png","contentUrl":"https:\/\/avmedical.ma\/wp-content\/uploads\/2024\/02\/logo_avmedical_new.png","width":420,"height":95,"caption":"AVMEDICAL"},"image":{"@id":"https:\/\/avmedical.ma\/#\/schema\/logo\/image\/"}}]}},"_links":{"self":[{"href":"https:\/\/avmedical.ma\/ar\/wp-json\/wp\/v2\/product\/2034","targetHints":{"allow":["GET"]}}],"collection":[{"href":"https:\/\/avmedical.ma\/ar\/wp-json\/wp\/v2\/product"}],"about":[{"href":"https:\/\/avmedical.ma\/ar\/wp-json\/wp\/v2\/types\/product"}],"replies":[{"embeddable":true,"href":"https:\/\/avmedical.ma\/ar\/wp-json\/wp\/v2\/comments?post=2034"}],"wp:featuredmedia":[{"embeddable":true,"href":"https:\/\/avmedical.ma\/ar\/wp-json\/wp\/v2\/media\/2035"}],"wp:attachment":[{"href":"https:\/\/avmedical.ma\/ar\/wp-json\/wp\/v2\/media?parent=2034"}],"wp:term":[{"taxonomy":"product_brand","embeddable":true,"href":"https:\/\/avmedical.ma\/ar\/wp-json\/wp\/v2\/product_brand?post=2034"},{"taxonomy":"product_cat","embeddable":true,"href":"https:\/\/avmedical.ma\/ar\/wp-json\/wp\/v2\/product_cat?post=2034"},{"taxonomy":"product_tag","embeddable":true,"href":"https:\/\/avmedical.ma\/ar\/wp-json\/wp\/v2\/product_tag?post=2034"}],"curies":[{"name":"wp","href":"https:\/\/api.w.org\/{rel}","templated":true}]}}