{"id":2013,"date":"2021-03-03T15:24:17","date_gmt":"2021-03-03T14:24:17","guid":{"rendered":"https:\/\/avmedical.ma\/?post_type=product&#038;p=2013"},"modified":"2024-02-18T22:20:14","modified_gmt":"2024-02-18T21:20:14","slug":"trocart-sternal-automatique-maroc","status":"publish","type":"product","link":"https:\/\/avmedical.ma\/ar\/product\/trocart-sternal-automatique-maroc\/","title":{"rendered":"Trocart automatique"},"content":{"rendered":"<p align=\"justify\">L&rsquo;OPTICORE peut \u00eatre facilement utilis\u00e9 d&rsquo;une seule main pendant les proc\u00e9dures de biopsie.\u00a0Il est id\u00e9al pour les biopsies guid\u00e9es par \u00e9chographie et par tomodensitom\u00e9trie.<\/p>\n<ul>\n<li>L\u00e9ger et de petite taille<\/li>\n<li>Marques de profondeur<\/li>\n<li>Code couleur<\/li>\n<li>D\u00e9clencheurs avant et arri\u00e8re.<\/li>\n<\/ul>","protected":false},"excerpt":{"rendered":"<p>L&rsquo;OPTICORE peut \u00eatre facilement utilis\u00e9 d&rsquo;une seule main pendant les proc\u00e9dures &#8230; <\/p>","protected":false},"featured_media":2014,"comment_status":"open","ping_status":"closed","template":"","meta":[],"product_brand":[],"product_cat":[15],"product_tag":[],"class_list":{"0":"post-2013","1":"product","2":"type-product","3":"status-publish","4":"has-post-thumbnail","6":"product_cat-non-classe","8":"first","9":"instock","10":"shipping-taxable","11":"product-type-simple"},"yoast_head":"<!-- This site is optimized with the Yoast SEO plugin v27.2 - https:\/\/yoast.com\/product\/yoast-seo-wordpress\/ -->\n<title>Trocart automatique - AV MEDICAL<\/title>\n<meta name=\"robots\" content=\"index, follow, max-snippet:-1, max-image-preview:large, max-video-preview:-1\" \/>\n<link rel=\"canonical\" href=\"https:\/\/avmedical.ma\/ar\/product\/trocart-sternal-automatique-maroc\/\" \/>\n<meta property=\"og:locale\" content=\"ar_AR\" \/>\n<meta property=\"og:type\" content=\"article\" \/>\n<meta property=\"og:title\" content=\"Trocart automatique - AV MEDICAL\" \/>\n<meta property=\"og:description\" content=\"L&rsquo;OPTICORE peut \u00eatre facilement utilis\u00e9 d&rsquo;une seule main pendant les proc\u00e9dures ...\" \/>\n<meta property=\"og:url\" content=\"https:\/\/avmedical.ma\/ar\/product\/trocart-sternal-automatique-maroc\/\" \/>\n<meta property=\"og:site_name\" content=\"AV MEDICAL\" \/>\n<meta property=\"article:modified_time\" content=\"2024-02-18T21:20:14+00:00\" \/>\n<meta property=\"og:image\" content=\"https:\/\/avmedical.ma\/wp-content\/uploads\/2024\/02\/trocart-automatique.png\" \/>\n\t<meta property=\"og:image:width\" content=\"387\" \/>\n\t<meta property=\"og:image:height\" content=\"345\" \/>\n\t<meta property=\"og:image:type\" content=\"image\/png\" \/>\n<meta name=\"twitter:card\" content=\"summary_large_image\" \/>\n<script type=\"application\/ld+json\" class=\"yoast-schema-graph\">{\"@context\":\"https:\/\/schema.org\",\"@graph\":[{\"@type\":\"WebPage\",\"@id\":\"https:\/\/avmedical.ma\/produit\/trocart-sternal-automatique-maroc\/\",\"url\":\"https:\/\/avmedical.ma\/produit\/trocart-sternal-automatique-maroc\/\",\"name\":\"Trocart automatique - AV MEDICAL\",\"isPartOf\":{\"@id\":\"https:\/\/avmedical.ma\/#website\"},\"primaryImageOfPage\":{\"@id\":\"https:\/\/avmedical.ma\/produit\/trocart-sternal-automatique-maroc\/#primaryimage\"},\"image\":{\"@id\":\"https:\/\/avmedical.ma\/produit\/trocart-sternal-automatique-maroc\/#primaryimage\"},\"thumbnailUrl\":\"https:\/\/avmedical.ma\/wp-content\/uploads\/2024\/02\/trocart-automatique.png\",\"datePublished\":\"2021-03-03T14:24:17+00:00\",\"dateModified\":\"2024-02-18T21:20:14+00:00\",\"breadcrumb\":{\"@id\":\"https:\/\/avmedical.ma\/produit\/trocart-sternal-automatique-maroc\/#breadcrumb\"},\"inLanguage\":\"ar\",\"potentialAction\":[{\"@type\":\"ReadAction\",\"target\":[\"https:\/\/avmedical.ma\/produit\/trocart-sternal-automatique-maroc\/\"]}]},{\"@type\":\"ImageObject\",\"inLanguage\":\"ar\",\"@id\":\"https:\/\/avmedical.ma\/produit\/trocart-sternal-automatique-maroc\/#primaryimage\",\"url\":\"https:\/\/avmedical.ma\/wp-content\/uploads\/2024\/02\/trocart-automatique.png\",\"contentUrl\":\"https:\/\/avmedical.ma\/wp-content\/uploads\/2024\/02\/trocart-automatique.png\",\"width\":387,\"height\":345},{\"@type\":\"BreadcrumbList\",\"@id\":\"https:\/\/avmedical.ma\/produit\/trocart-sternal-automatique-maroc\/#breadcrumb\",\"itemListElement\":[{\"@type\":\"ListItem\",\"position\":1,\"name\":\"Accueil\",\"item\":\"https:\/\/avmedical.ma\/\"},{\"@type\":\"ListItem\",\"position\":2,\"name\":\"Shop\",\"item\":\"https:\/\/avmedical.ma\/shop\/\"},{\"@type\":\"ListItem\",\"position\":3,\"name\":\"Trocart automatique\"}]},{\"@type\":\"WebSite\",\"@id\":\"https:\/\/avmedical.ma\/#website\",\"url\":\"https:\/\/avmedical.ma\/\",\"name\":\"AVMEDICAL Maroc\",\"description\":\"\",\"publisher\":{\"@id\":\"https:\/\/avmedical.ma\/#organization\"},\"potentialAction\":[{\"@type\":\"SearchAction\",\"target\":{\"@type\":\"EntryPoint\",\"urlTemplate\":\"https:\/\/avmedical.ma\/?s={search_term_string}\"},\"query-input\":{\"@type\":\"PropertyValueSpecification\",\"valueRequired\":true,\"valueName\":\"search_term_string\"}}],\"inLanguage\":\"ar\"},{\"@type\":\"Organization\",\"@id\":\"https:\/\/avmedical.ma\/#organization\",\"name\":\"AVMEDICAL\",\"url\":\"https:\/\/avmedical.ma\/\",\"logo\":{\"@type\":\"ImageObject\",\"inLanguage\":\"ar\",\"@id\":\"https:\/\/avmedical.ma\/#\/schema\/logo\/image\/\",\"url\":\"https:\/\/avmedical.ma\/wp-content\/uploads\/2024\/02\/logo_avmedical_new.png\",\"contentUrl\":\"https:\/\/avmedical.ma\/wp-content\/uploads\/2024\/02\/logo_avmedical_new.png\",\"width\":420,\"height\":95,\"caption\":\"AVMEDICAL\"},\"image\":{\"@id\":\"https:\/\/avmedical.ma\/#\/schema\/logo\/image\/\"}}]}<\/script>\n<!-- \/ Yoast SEO plugin. -->","yoast_head_json":{"title":"Trocart automatique - AV MEDICAL","robots":{"index":"index","follow":"follow","max-snippet":"max-snippet:-1","max-image-preview":"max-image-preview:large","max-video-preview":"max-video-preview:-1"},"canonical":"https:\/\/avmedical.ma\/ar\/product\/trocart-sternal-automatique-maroc\/","og_locale":"ar_AR","og_type":"article","og_title":"Trocart automatique - AV MEDICAL","og_description":"L&rsquo;OPTICORE peut \u00eatre facilement utilis\u00e9 d&rsquo;une seule main pendant les proc\u00e9dures ...","og_url":"https:\/\/avmedical.ma\/ar\/product\/trocart-sternal-automatique-maroc\/","og_site_name":"AV MEDICAL","article_modified_time":"2024-02-18T21:20:14+00:00","og_image":[{"width":387,"height":345,"url":"https:\/\/avmedical.ma\/wp-content\/uploads\/2024\/02\/trocart-automatique.png","type":"image\/png"}],"twitter_card":"summary_large_image","schema":{"@context":"https:\/\/schema.org","@graph":[{"@type":"WebPage","@id":"https:\/\/avmedical.ma\/produit\/trocart-sternal-automatique-maroc\/","url":"https:\/\/avmedical.ma\/produit\/trocart-sternal-automatique-maroc\/","name":"Trocart automatique - AV MEDICAL","isPartOf":{"@id":"https:\/\/avmedical.ma\/#website"},"primaryImageOfPage":{"@id":"https:\/\/avmedical.ma\/produit\/trocart-sternal-automatique-maroc\/#primaryimage"},"image":{"@id":"https:\/\/avmedical.ma\/produit\/trocart-sternal-automatique-maroc\/#primaryimage"},"thumbnailUrl":"https:\/\/avmedical.ma\/wp-content\/uploads\/2024\/02\/trocart-automatique.png","datePublished":"2021-03-03T14:24:17+00:00","dateModified":"2024-02-18T21:20:14+00:00","breadcrumb":{"@id":"https:\/\/avmedical.ma\/produit\/trocart-sternal-automatique-maroc\/#breadcrumb"},"inLanguage":"ar","potentialAction":[{"@type":"ReadAction","target":["https:\/\/avmedical.ma\/produit\/trocart-sternal-automatique-maroc\/"]}]},{"@type":"ImageObject","inLanguage":"ar","@id":"https:\/\/avmedical.ma\/produit\/trocart-sternal-automatique-maroc\/#primaryimage","url":"https:\/\/avmedical.ma\/wp-content\/uploads\/2024\/02\/trocart-automatique.png","contentUrl":"https:\/\/avmedical.ma\/wp-content\/uploads\/2024\/02\/trocart-automatique.png","width":387,"height":345},{"@type":"BreadcrumbList","@id":"https:\/\/avmedical.ma\/produit\/trocart-sternal-automatique-maroc\/#breadcrumb","itemListElement":[{"@type":"ListItem","position":1,"name":"Accueil","item":"https:\/\/avmedical.ma\/"},{"@type":"ListItem","position":2,"name":"Shop","item":"https:\/\/avmedical.ma\/shop\/"},{"@type":"ListItem","position":3,"name":"Trocart automatique"}]},{"@type":"WebSite","@id":"https:\/\/avmedical.ma\/#website","url":"https:\/\/avmedical.ma\/","name":"AVMEDICAL Maroc","description":"","publisher":{"@id":"https:\/\/avmedical.ma\/#organization"},"potentialAction":[{"@type":"SearchAction","target":{"@type":"EntryPoint","urlTemplate":"https:\/\/avmedical.ma\/?s={search_term_string}"},"query-input":{"@type":"PropertyValueSpecification","valueRequired":true,"valueName":"search_term_string"}}],"inLanguage":"ar"},{"@type":"Organization","@id":"https:\/\/avmedical.ma\/#organization","name":"AVMEDICAL","url":"https:\/\/avmedical.ma\/","logo":{"@type":"ImageObject","inLanguage":"ar","@id":"https:\/\/avmedical.ma\/#\/schema\/logo\/image\/","url":"https:\/\/avmedical.ma\/wp-content\/uploads\/2024\/02\/logo_avmedical_new.png","contentUrl":"https:\/\/avmedical.ma\/wp-content\/uploads\/2024\/02\/logo_avmedical_new.png","width":420,"height":95,"caption":"AVMEDICAL"},"image":{"@id":"https:\/\/avmedical.ma\/#\/schema\/logo\/image\/"}}]}},"_links":{"self":[{"href":"https:\/\/avmedical.ma\/ar\/wp-json\/wp\/v2\/product\/2013","targetHints":{"allow":["GET"]}}],"collection":[{"href":"https:\/\/avmedical.ma\/ar\/wp-json\/wp\/v2\/product"}],"about":[{"href":"https:\/\/avmedical.ma\/ar\/wp-json\/wp\/v2\/types\/product"}],"replies":[{"embeddable":true,"href":"https:\/\/avmedical.ma\/ar\/wp-json\/wp\/v2\/comments?post=2013"}],"wp:featuredmedia":[{"embeddable":true,"href":"https:\/\/avmedical.ma\/ar\/wp-json\/wp\/v2\/media\/2014"}],"wp:attachment":[{"href":"https:\/\/avmedical.ma\/ar\/wp-json\/wp\/v2\/media?parent=2013"}],"wp:term":[{"taxonomy":"product_brand","embeddable":true,"href":"https:\/\/avmedical.ma\/ar\/wp-json\/wp\/v2\/product_brand?post=2013"},{"taxonomy":"product_cat","embeddable":true,"href":"https:\/\/avmedical.ma\/ar\/wp-json\/wp\/v2\/product_cat?post=2013"},{"taxonomy":"product_tag","embeddable":true,"href":"https:\/\/avmedical.ma\/ar\/wp-json\/wp\/v2\/product_tag?post=2013"}],"curies":[{"name":"wp","href":"https:\/\/api.w.org\/{rel}","templated":true}]}}