{"id":2002,"date":"2021-03-03T15:01:52","date_gmt":"2021-03-03T14:01:52","guid":{"rendered":"https:\/\/avmedical.ma\/?post_type=product&#038;p=2002"},"modified":"2024-02-16T00:41:50","modified_gmt":"2024-02-15T23:41:50","slug":"pinces-de-ligature-en-titane-maroc","status":"publish","type":"product","link":"https:\/\/avmedical.ma\/ar\/product\/pinces-de-ligature-en-titane-maroc\/","title":{"rendered":"Pinces de ligature en titane"},"content":{"rendered":"<p align=\"justify\">Les pinces de ligature en titane LigaV\u00ae sont fournis avec des surres internes et externes qui am\u00e9lioreront ses fonctions. L&rsquo;int\u00e9rieur assure une bonne prise sur le tissu et permet sa bonne alimentation tandis que l&rsquo;ext\u00e9rieur am\u00e9liore la fixation du clip dans l&rsquo;applicateur.<\/p>\n<p>Famille de produits LigaV\u00ae<br \/>\n\u2022 Clips de ligature<br \/>\n\u2022 Applicateurs de clips chirurgicaux ouverts<br \/>\n\u2022 Applicateurs de clips endoscopiques<\/p>\n<p>Des applicateurs de clips avec des m\u00e2choires de taille appropri\u00e9e en fonction du clip doivent \u00eatre utilis\u00e9s.<\/p>\n<p align=\"justify\">Une tr\u00e8s large gamme d&rsquo;applicateurs ouverts et endoscopiques et d&rsquo;\u00e9quipements suppl\u00e9mentaires est disponible pour r\u00e9pondre aux exigences de tous les praticiens.<br \/>\nLes clips LigaV\u00ae sont des clips de ligature en forme de V.<br \/>\nLes clips sont fabriqu\u00e9s en titane apyrog\u00e8ne qui assure un niveau appropri\u00e9 de biocompatibilit\u00e9 . La technologie appliqu\u00e9e garantit que le produit r\u00e9pond aux exigences des instituts cliniques les plus exigeants.<\/p>\n<p align=\"justify\">Le produit est propos\u00e9 en 4 tailles standard garantissant que chaque utilisateur pourra trouver le clip appropri\u00e9 pour le tissu donn\u00e9. Les clips sont livr\u00e9s dans des cartouches \u00e0 code couleur pour assurer une identification facile et intuitive. Une cartouche comprend 6 clips qui garantissent une utilisation \u00e9conomique et confortable du produit dans la salle d&rsquo;op\u00e9ration.<\/p>\n<p>D&rsquo;autres quantit\u00e9s par cartouche sont disponibles sur commande sp\u00e9ciale.<\/p>","protected":false},"excerpt":{"rendered":"<p>Les pinces de ligature en titane LigaV\u00ae sont fournis avec des &#8230; <\/p>","protected":false},"featured_media":2003,"comment_status":"open","ping_status":"closed","template":"","meta":[],"product_brand":[],"product_cat":[159],"product_tag":[],"class_list":{"0":"post-2002","1":"product","2":"type-product","3":"status-publish","4":"has-post-thumbnail","6":"product_cat-materiel-chirurgie-generale","8":"first","9":"instock","10":"shipping-taxable","11":"product-type-simple"},"yoast_head":"<!-- This site is optimized with the Yoast SEO plugin v27.2 - https:\/\/yoast.com\/product\/yoast-seo-wordpress\/ -->\n<title>Pinces de ligature en titane - AV MEDICAL<\/title>\n<meta name=\"robots\" content=\"index, follow, max-snippet:-1, max-image-preview:large, max-video-preview:-1\" \/>\n<link rel=\"canonical\" href=\"https:\/\/avmedical.ma\/ar\/product\/pinces-de-ligature-en-titane-maroc\/\" \/>\n<meta property=\"og:locale\" content=\"ar_AR\" \/>\n<meta property=\"og:type\" content=\"article\" \/>\n<meta property=\"og:title\" content=\"Pinces de ligature en titane - AV MEDICAL\" \/>\n<meta property=\"og:description\" content=\"Les pinces de ligature en titane LigaV\u00ae sont fournis avec des ...\" \/>\n<meta property=\"og:url\" content=\"https:\/\/avmedical.ma\/ar\/product\/pinces-de-ligature-en-titane-maroc\/\" \/>\n<meta property=\"og:site_name\" content=\"AV MEDICAL\" \/>\n<meta property=\"article:modified_time\" content=\"2024-02-15T23:41:50+00:00\" \/>\n<meta property=\"og:image\" content=\"https:\/\/avmedical.ma\/wp-content\/uploads\/2024\/02\/clips-titanium.png\" \/>\n\t<meta property=\"og:image:width\" content=\"437\" \/>\n\t<meta property=\"og:image:height\" content=\"374\" \/>\n\t<meta property=\"og:image:type\" content=\"image\/png\" \/>\n<meta name=\"twitter:card\" content=\"summary_large_image\" \/>\n<meta name=\"twitter:label1\" content=\"\u0648\u0642\u062a \u0627\u0644\u0642\u0631\u0627\u0621\u0629 \u0627\u0644\u0645\u064f\u0642\u062f\u0651\u0631\" \/>\n\t<meta name=\"twitter:data1\" content=\"\u062f\u0642\u064a\u0642\u0629 \u0648\u0627\u062d\u062f\u0629\" \/>\n<script type=\"application\/ld+json\" class=\"yoast-schema-graph\">{\"@context\":\"https:\/\/schema.org\",\"@graph\":[{\"@type\":\"WebPage\",\"@id\":\"https:\/\/avmedical.ma\/produit\/pinces-de-ligature-en-titane-maroc\/\",\"url\":\"https:\/\/avmedical.ma\/produit\/pinces-de-ligature-en-titane-maroc\/\",\"name\":\"Pinces de ligature en titane - AV MEDICAL\",\"isPartOf\":{\"@id\":\"https:\/\/avmedical.ma\/#website\"},\"primaryImageOfPage\":{\"@id\":\"https:\/\/avmedical.ma\/produit\/pinces-de-ligature-en-titane-maroc\/#primaryimage\"},\"image\":{\"@id\":\"https:\/\/avmedical.ma\/produit\/pinces-de-ligature-en-titane-maroc\/#primaryimage\"},\"thumbnailUrl\":\"https:\/\/avmedical.ma\/wp-content\/uploads\/2024\/02\/clips-titanium.png\",\"datePublished\":\"2021-03-03T14:01:52+00:00\",\"dateModified\":\"2024-02-15T23:41:50+00:00\",\"breadcrumb\":{\"@id\":\"https:\/\/avmedical.ma\/produit\/pinces-de-ligature-en-titane-maroc\/#breadcrumb\"},\"inLanguage\":\"ar\",\"potentialAction\":[{\"@type\":\"ReadAction\",\"target\":[\"https:\/\/avmedical.ma\/produit\/pinces-de-ligature-en-titane-maroc\/\"]}]},{\"@type\":\"ImageObject\",\"inLanguage\":\"ar\",\"@id\":\"https:\/\/avmedical.ma\/produit\/pinces-de-ligature-en-titane-maroc\/#primaryimage\",\"url\":\"https:\/\/avmedical.ma\/wp-content\/uploads\/2024\/02\/clips-titanium.png\",\"contentUrl\":\"https:\/\/avmedical.ma\/wp-content\/uploads\/2024\/02\/clips-titanium.png\",\"width\":437,\"height\":374},{\"@type\":\"BreadcrumbList\",\"@id\":\"https:\/\/avmedical.ma\/produit\/pinces-de-ligature-en-titane-maroc\/#breadcrumb\",\"itemListElement\":[{\"@type\":\"ListItem\",\"position\":1,\"name\":\"Accueil\",\"item\":\"https:\/\/avmedical.ma\/\"},{\"@type\":\"ListItem\",\"position\":2,\"name\":\"Shop\",\"item\":\"https:\/\/avmedical.ma\/shop\/\"},{\"@type\":\"ListItem\",\"position\":3,\"name\":\"Pinces de ligature en titane\"}]},{\"@type\":\"WebSite\",\"@id\":\"https:\/\/avmedical.ma\/#website\",\"url\":\"https:\/\/avmedical.ma\/\",\"name\":\"AVMEDICAL Maroc\",\"description\":\"\",\"publisher\":{\"@id\":\"https:\/\/avmedical.ma\/#organization\"},\"potentialAction\":[{\"@type\":\"SearchAction\",\"target\":{\"@type\":\"EntryPoint\",\"urlTemplate\":\"https:\/\/avmedical.ma\/?s={search_term_string}\"},\"query-input\":{\"@type\":\"PropertyValueSpecification\",\"valueRequired\":true,\"valueName\":\"search_term_string\"}}],\"inLanguage\":\"ar\"},{\"@type\":\"Organization\",\"@id\":\"https:\/\/avmedical.ma\/#organization\",\"name\":\"AVMEDICAL\",\"url\":\"https:\/\/avmedical.ma\/\",\"logo\":{\"@type\":\"ImageObject\",\"inLanguage\":\"ar\",\"@id\":\"https:\/\/avmedical.ma\/#\/schema\/logo\/image\/\",\"url\":\"https:\/\/avmedical.ma\/wp-content\/uploads\/2024\/02\/logo_avmedical_new.png\",\"contentUrl\":\"https:\/\/avmedical.ma\/wp-content\/uploads\/2024\/02\/logo_avmedical_new.png\",\"width\":420,\"height\":95,\"caption\":\"AVMEDICAL\"},\"image\":{\"@id\":\"https:\/\/avmedical.ma\/#\/schema\/logo\/image\/\"}}]}<\/script>\n<!-- \/ Yoast SEO plugin. -->","yoast_head_json":{"title":"Pinces de ligature en titane - AV MEDICAL","robots":{"index":"index","follow":"follow","max-snippet":"max-snippet:-1","max-image-preview":"max-image-preview:large","max-video-preview":"max-video-preview:-1"},"canonical":"https:\/\/avmedical.ma\/ar\/product\/pinces-de-ligature-en-titane-maroc\/","og_locale":"ar_AR","og_type":"article","og_title":"Pinces de ligature en titane - AV MEDICAL","og_description":"Les pinces de ligature en titane LigaV\u00ae sont fournis avec des ...","og_url":"https:\/\/avmedical.ma\/ar\/product\/pinces-de-ligature-en-titane-maroc\/","og_site_name":"AV MEDICAL","article_modified_time":"2024-02-15T23:41:50+00:00","og_image":[{"width":437,"height":374,"url":"https:\/\/avmedical.ma\/wp-content\/uploads\/2024\/02\/clips-titanium.png","type":"image\/png"}],"twitter_card":"summary_large_image","twitter_misc":{"\u0648\u0642\u062a \u0627\u0644\u0642\u0631\u0627\u0621\u0629 \u0627\u0644\u0645\u064f\u0642\u062f\u0651\u0631":"\u062f\u0642\u064a\u0642\u0629 \u0648\u0627\u062d\u062f\u0629"},"schema":{"@context":"https:\/\/schema.org","@graph":[{"@type":"WebPage","@id":"https:\/\/avmedical.ma\/produit\/pinces-de-ligature-en-titane-maroc\/","url":"https:\/\/avmedical.ma\/produit\/pinces-de-ligature-en-titane-maroc\/","name":"Pinces de ligature en titane - AV MEDICAL","isPartOf":{"@id":"https:\/\/avmedical.ma\/#website"},"primaryImageOfPage":{"@id":"https:\/\/avmedical.ma\/produit\/pinces-de-ligature-en-titane-maroc\/#primaryimage"},"image":{"@id":"https:\/\/avmedical.ma\/produit\/pinces-de-ligature-en-titane-maroc\/#primaryimage"},"thumbnailUrl":"https:\/\/avmedical.ma\/wp-content\/uploads\/2024\/02\/clips-titanium.png","datePublished":"2021-03-03T14:01:52+00:00","dateModified":"2024-02-15T23:41:50+00:00","breadcrumb":{"@id":"https:\/\/avmedical.ma\/produit\/pinces-de-ligature-en-titane-maroc\/#breadcrumb"},"inLanguage":"ar","potentialAction":[{"@type":"ReadAction","target":["https:\/\/avmedical.ma\/produit\/pinces-de-ligature-en-titane-maroc\/"]}]},{"@type":"ImageObject","inLanguage":"ar","@id":"https:\/\/avmedical.ma\/produit\/pinces-de-ligature-en-titane-maroc\/#primaryimage","url":"https:\/\/avmedical.ma\/wp-content\/uploads\/2024\/02\/clips-titanium.png","contentUrl":"https:\/\/avmedical.ma\/wp-content\/uploads\/2024\/02\/clips-titanium.png","width":437,"height":374},{"@type":"BreadcrumbList","@id":"https:\/\/avmedical.ma\/produit\/pinces-de-ligature-en-titane-maroc\/#breadcrumb","itemListElement":[{"@type":"ListItem","position":1,"name":"Accueil","item":"https:\/\/avmedical.ma\/"},{"@type":"ListItem","position":2,"name":"Shop","item":"https:\/\/avmedical.ma\/shop\/"},{"@type":"ListItem","position":3,"name":"Pinces de ligature en titane"}]},{"@type":"WebSite","@id":"https:\/\/avmedical.ma\/#website","url":"https:\/\/avmedical.ma\/","name":"AVMEDICAL Maroc","description":"","publisher":{"@id":"https:\/\/avmedical.ma\/#organization"},"potentialAction":[{"@type":"SearchAction","target":{"@type":"EntryPoint","urlTemplate":"https:\/\/avmedical.ma\/?s={search_term_string}"},"query-input":{"@type":"PropertyValueSpecification","valueRequired":true,"valueName":"search_term_string"}}],"inLanguage":"ar"},{"@type":"Organization","@id":"https:\/\/avmedical.ma\/#organization","name":"AVMEDICAL","url":"https:\/\/avmedical.ma\/","logo":{"@type":"ImageObject","inLanguage":"ar","@id":"https:\/\/avmedical.ma\/#\/schema\/logo\/image\/","url":"https:\/\/avmedical.ma\/wp-content\/uploads\/2024\/02\/logo_avmedical_new.png","contentUrl":"https:\/\/avmedical.ma\/wp-content\/uploads\/2024\/02\/logo_avmedical_new.png","width":420,"height":95,"caption":"AVMEDICAL"},"image":{"@id":"https:\/\/avmedical.ma\/#\/schema\/logo\/image\/"}}]}},"_links":{"self":[{"href":"https:\/\/avmedical.ma\/ar\/wp-json\/wp\/v2\/product\/2002","targetHints":{"allow":["GET"]}}],"collection":[{"href":"https:\/\/avmedical.ma\/ar\/wp-json\/wp\/v2\/product"}],"about":[{"href":"https:\/\/avmedical.ma\/ar\/wp-json\/wp\/v2\/types\/product"}],"replies":[{"embeddable":true,"href":"https:\/\/avmedical.ma\/ar\/wp-json\/wp\/v2\/comments?post=2002"}],"wp:featuredmedia":[{"embeddable":true,"href":"https:\/\/avmedical.ma\/ar\/wp-json\/wp\/v2\/media\/2003"}],"wp:attachment":[{"href":"https:\/\/avmedical.ma\/ar\/wp-json\/wp\/v2\/media?parent=2002"}],"wp:term":[{"taxonomy":"product_brand","embeddable":true,"href":"https:\/\/avmedical.ma\/ar\/wp-json\/wp\/v2\/product_brand?post=2002"},{"taxonomy":"product_cat","embeddable":true,"href":"https:\/\/avmedical.ma\/ar\/wp-json\/wp\/v2\/product_cat?post=2002"},{"taxonomy":"product_tag","embeddable":true,"href":"https:\/\/avmedical.ma\/ar\/wp-json\/wp\/v2\/product_tag?post=2002"}],"curies":[{"name":"wp","href":"https:\/\/api.w.org\/{rel}","templated":true}]}}