{"id":1999,"date":"2021-03-03T14:55:48","date_gmt":"2021-03-03T13:55:48","guid":{"rendered":"https:\/\/avmedical.ma\/?post_type=product&#038;p=1999"},"modified":"2024-02-16T00:41:49","modified_gmt":"2024-02-15T23:41:49","slug":"pinces-de-ligature-maroc","status":"publish","type":"product","link":"https:\/\/avmedical.ma\/ar\/product\/pinces-de-ligature-maroc\/","title":{"rendered":"Pinces de ligature"},"content":{"rendered":"<p align=\"justify\">Les pinces de ligature Click&rsquo;aV\u00ae\u00a0sont des dispositifs m\u00e9dicaux implantables fabriqu\u00e9s \u00e0 partir d&rsquo;un\u00a0polym\u00e8re avanc\u00e9\u00a0pour assurer un haut niveau de\u00a0biocompatibilit\u00e9\u00a0ainsi\u00a0qu&rsquo;une\u00a0stabilit\u00e9\u00a0structurelle\u00a0et dimensionnelle dans le temps,\u00a0ce qui est essentiel pour la s\u00e9curit\u00e9 des patients \u00e0 long terme.<\/p>\n<p><strong>Occlusion s\u00fbre \u00e0 chaque clic<\/strong><\/p>\n<p align=\"justify\">Les clips sont con\u00e7us pour combiner la vitesse du clip m\u00e9tallique avec une s\u00e9curit\u00e9 exceptionnelle comparable \u00e0 la suture 2.0.\u00a0Cette combinaison se traduit par un\u00a0\u00a0gain de temps extr\u00eame\u00a0.\u00a0Dans un certain nombre de proc\u00e9dures, les\u00a0clips de ligature Click&rsquo;aV\u00ae\u00a0remplacent avec succ\u00e8s les endostaplers ou le scalpel harmonique combinant le m\u00eame niveau de s\u00e9curit\u00e9 avec des \u00e9conomies de co\u00fbts.<\/p>\n<p align=\"justify\">La\u00a0faible interf\u00e9rence\u00a0avec la tomodensitom\u00e9trie, la radiotransparence en rayons X et la s\u00e9curit\u00e9 la plus \u00e9lev\u00e9e en IRM sont\u00a0d&rsquo;une grande importance,\u00a0ce qui entra\u00eene un manque d&rsquo;artefacts.<\/p>\n<ul>\n<li>Quatre tailles pour ligaturer les structures tissulaires de 2 mm \u00e0 16 mm<\/li>\n<li>ligaturer des tissus jusqu&rsquo;\u00e0 10 mm \u00e0 travers un trocart de 5 mm ou jusqu&rsquo;\u00e0 16 mm \u00e0 travers un trocart de 10 mm<\/li>\n<li>syst\u00e8me de chargement facile<\/li>\n<li><a href=\"https:\/\/www.grena.co.uk\/our-products\/ligating-clips\/260-click-a-v-clip-remover\">dissolvants<\/a>\u00a0disponibles pour d\u00e9verrouiller le clip<\/li>\n<li>clips livr\u00e9s dans des cartouches \u00e0 code couleur pour une identification facile<\/li>\n<li>2, 4 ou 6 clips par cartouche pour assurer une utilisation \u00e9conomique et confortable du produit<\/li>\n<li>20 cm, 27 cm, 27 cm Pince \u00e0 pince coud\u00e9e \u00e0 70 \u00b0 avec m\u00e2choires de taille appropri\u00e9e<\/li>\n<li>anneaux d&rsquo;applicateur \u00e0 code couleur pour une identification facile<\/li>\n<\/ul>","protected":false},"excerpt":{"rendered":"<p>Les pinces de ligature Click&rsquo;aV\u00ae\u00a0sont des dispositifs m\u00e9dicaux implantables fabriqu\u00e9s \u00e0 &#8230; <\/p>","protected":false},"featured_media":2000,"comment_status":"open","ping_status":"closed","template":"","meta":[],"product_brand":[],"product_cat":[159],"product_tag":[],"class_list":{"0":"post-1999","1":"product","2":"type-product","3":"status-publish","4":"has-post-thumbnail","6":"product_cat-materiel-chirurgie-generale","8":"first","9":"instock","10":"shipping-taxable","11":"product-type-simple"},"yoast_head":"<!-- This site is optimized with the Yoast SEO plugin v27.2 - https:\/\/yoast.com\/product\/yoast-seo-wordpress\/ -->\n<title>Pinces de ligature - AV MEDICAL<\/title>\n<meta name=\"robots\" content=\"index, follow, max-snippet:-1, max-image-preview:large, max-video-preview:-1\" \/>\n<link rel=\"canonical\" href=\"https:\/\/avmedical.ma\/ar\/product\/pinces-de-ligature-maroc\/\" \/>\n<meta property=\"og:locale\" content=\"ar_AR\" \/>\n<meta property=\"og:type\" content=\"article\" \/>\n<meta property=\"og:title\" content=\"Pinces de ligature - AV MEDICAL\" \/>\n<meta property=\"og:description\" content=\"Les pinces de ligature Click&rsquo;aV\u00ae\u00a0sont des dispositifs m\u00e9dicaux implantables fabriqu\u00e9s \u00e0 ...\" \/>\n<meta property=\"og:url\" content=\"https:\/\/avmedical.ma\/ar\/product\/pinces-de-ligature-maroc\/\" \/>\n<meta property=\"og:site_name\" content=\"AV MEDICAL\" \/>\n<meta property=\"article:modified_time\" content=\"2024-02-15T23:41:49+00:00\" \/>\n<meta property=\"og:image\" content=\"https:\/\/avmedical.ma\/wp-content\/uploads\/2024\/02\/Clips.png\" \/>\n\t<meta property=\"og:image:width\" content=\"492\" \/>\n\t<meta property=\"og:image:height\" content=\"427\" \/>\n\t<meta property=\"og:image:type\" content=\"image\/png\" \/>\n<meta name=\"twitter:card\" content=\"summary_large_image\" \/>\n<meta name=\"twitter:label1\" content=\"\u0648\u0642\u062a \u0627\u0644\u0642\u0631\u0627\u0621\u0629 \u0627\u0644\u0645\u064f\u0642\u062f\u0651\u0631\" \/>\n\t<meta name=\"twitter:data1\" content=\"\u062f\u0642\u064a\u0642\u0629 \u0648\u0627\u062d\u062f\u0629\" \/>\n<script type=\"application\/ld+json\" class=\"yoast-schema-graph\">{\"@context\":\"https:\/\/schema.org\",\"@graph\":[{\"@type\":\"WebPage\",\"@id\":\"https:\/\/avmedical.ma\/produit\/pinces-de-ligature-maroc\/\",\"url\":\"https:\/\/avmedical.ma\/produit\/pinces-de-ligature-maroc\/\",\"name\":\"Pinces de ligature - AV MEDICAL\",\"isPartOf\":{\"@id\":\"https:\/\/avmedical.ma\/#website\"},\"primaryImageOfPage\":{\"@id\":\"https:\/\/avmedical.ma\/produit\/pinces-de-ligature-maroc\/#primaryimage\"},\"image\":{\"@id\":\"https:\/\/avmedical.ma\/produit\/pinces-de-ligature-maroc\/#primaryimage\"},\"thumbnailUrl\":\"https:\/\/avmedical.ma\/wp-content\/uploads\/2024\/02\/Clips.png\",\"datePublished\":\"2021-03-03T13:55:48+00:00\",\"dateModified\":\"2024-02-15T23:41:49+00:00\",\"breadcrumb\":{\"@id\":\"https:\/\/avmedical.ma\/produit\/pinces-de-ligature-maroc\/#breadcrumb\"},\"inLanguage\":\"ar\",\"potentialAction\":[{\"@type\":\"ReadAction\",\"target\":[\"https:\/\/avmedical.ma\/produit\/pinces-de-ligature-maroc\/\"]}]},{\"@type\":\"ImageObject\",\"inLanguage\":\"ar\",\"@id\":\"https:\/\/avmedical.ma\/produit\/pinces-de-ligature-maroc\/#primaryimage\",\"url\":\"https:\/\/avmedical.ma\/wp-content\/uploads\/2024\/02\/Clips.png\",\"contentUrl\":\"https:\/\/avmedical.ma\/wp-content\/uploads\/2024\/02\/Clips.png\",\"width\":492,\"height\":427},{\"@type\":\"BreadcrumbList\",\"@id\":\"https:\/\/avmedical.ma\/produit\/pinces-de-ligature-maroc\/#breadcrumb\",\"itemListElement\":[{\"@type\":\"ListItem\",\"position\":1,\"name\":\"Accueil\",\"item\":\"https:\/\/avmedical.ma\/\"},{\"@type\":\"ListItem\",\"position\":2,\"name\":\"Shop\",\"item\":\"https:\/\/avmedical.ma\/shop\/\"},{\"@type\":\"ListItem\",\"position\":3,\"name\":\"Pinces de ligature\"}]},{\"@type\":\"WebSite\",\"@id\":\"https:\/\/avmedical.ma\/#website\",\"url\":\"https:\/\/avmedical.ma\/\",\"name\":\"AVMEDICAL Maroc\",\"description\":\"\",\"publisher\":{\"@id\":\"https:\/\/avmedical.ma\/#organization\"},\"potentialAction\":[{\"@type\":\"SearchAction\",\"target\":{\"@type\":\"EntryPoint\",\"urlTemplate\":\"https:\/\/avmedical.ma\/?s={search_term_string}\"},\"query-input\":{\"@type\":\"PropertyValueSpecification\",\"valueRequired\":true,\"valueName\":\"search_term_string\"}}],\"inLanguage\":\"ar\"},{\"@type\":\"Organization\",\"@id\":\"https:\/\/avmedical.ma\/#organization\",\"name\":\"AVMEDICAL\",\"url\":\"https:\/\/avmedical.ma\/\",\"logo\":{\"@type\":\"ImageObject\",\"inLanguage\":\"ar\",\"@id\":\"https:\/\/avmedical.ma\/#\/schema\/logo\/image\/\",\"url\":\"https:\/\/avmedical.ma\/wp-content\/uploads\/2024\/02\/logo_avmedical_new.png\",\"contentUrl\":\"https:\/\/avmedical.ma\/wp-content\/uploads\/2024\/02\/logo_avmedical_new.png\",\"width\":420,\"height\":95,\"caption\":\"AVMEDICAL\"},\"image\":{\"@id\":\"https:\/\/avmedical.ma\/#\/schema\/logo\/image\/\"}}]}<\/script>\n<!-- \/ Yoast SEO plugin. -->","yoast_head_json":{"title":"Pinces de ligature - AV MEDICAL","robots":{"index":"index","follow":"follow","max-snippet":"max-snippet:-1","max-image-preview":"max-image-preview:large","max-video-preview":"max-video-preview:-1"},"canonical":"https:\/\/avmedical.ma\/ar\/product\/pinces-de-ligature-maroc\/","og_locale":"ar_AR","og_type":"article","og_title":"Pinces de ligature - AV MEDICAL","og_description":"Les pinces de ligature Click&rsquo;aV\u00ae\u00a0sont des dispositifs m\u00e9dicaux implantables fabriqu\u00e9s \u00e0 ...","og_url":"https:\/\/avmedical.ma\/ar\/product\/pinces-de-ligature-maroc\/","og_site_name":"AV MEDICAL","article_modified_time":"2024-02-15T23:41:49+00:00","og_image":[{"width":492,"height":427,"url":"https:\/\/avmedical.ma\/wp-content\/uploads\/2024\/02\/Clips.png","type":"image\/png"}],"twitter_card":"summary_large_image","twitter_misc":{"\u0648\u0642\u062a \u0627\u0644\u0642\u0631\u0627\u0621\u0629 \u0627\u0644\u0645\u064f\u0642\u062f\u0651\u0631":"\u062f\u0642\u064a\u0642\u0629 \u0648\u0627\u062d\u062f\u0629"},"schema":{"@context":"https:\/\/schema.org","@graph":[{"@type":"WebPage","@id":"https:\/\/avmedical.ma\/produit\/pinces-de-ligature-maroc\/","url":"https:\/\/avmedical.ma\/produit\/pinces-de-ligature-maroc\/","name":"Pinces de ligature - AV MEDICAL","isPartOf":{"@id":"https:\/\/avmedical.ma\/#website"},"primaryImageOfPage":{"@id":"https:\/\/avmedical.ma\/produit\/pinces-de-ligature-maroc\/#primaryimage"},"image":{"@id":"https:\/\/avmedical.ma\/produit\/pinces-de-ligature-maroc\/#primaryimage"},"thumbnailUrl":"https:\/\/avmedical.ma\/wp-content\/uploads\/2024\/02\/Clips.png","datePublished":"2021-03-03T13:55:48+00:00","dateModified":"2024-02-15T23:41:49+00:00","breadcrumb":{"@id":"https:\/\/avmedical.ma\/produit\/pinces-de-ligature-maroc\/#breadcrumb"},"inLanguage":"ar","potentialAction":[{"@type":"ReadAction","target":["https:\/\/avmedical.ma\/produit\/pinces-de-ligature-maroc\/"]}]},{"@type":"ImageObject","inLanguage":"ar","@id":"https:\/\/avmedical.ma\/produit\/pinces-de-ligature-maroc\/#primaryimage","url":"https:\/\/avmedical.ma\/wp-content\/uploads\/2024\/02\/Clips.png","contentUrl":"https:\/\/avmedical.ma\/wp-content\/uploads\/2024\/02\/Clips.png","width":492,"height":427},{"@type":"BreadcrumbList","@id":"https:\/\/avmedical.ma\/produit\/pinces-de-ligature-maroc\/#breadcrumb","itemListElement":[{"@type":"ListItem","position":1,"name":"Accueil","item":"https:\/\/avmedical.ma\/"},{"@type":"ListItem","position":2,"name":"Shop","item":"https:\/\/avmedical.ma\/shop\/"},{"@type":"ListItem","position":3,"name":"Pinces de ligature"}]},{"@type":"WebSite","@id":"https:\/\/avmedical.ma\/#website","url":"https:\/\/avmedical.ma\/","name":"AVMEDICAL Maroc","description":"","publisher":{"@id":"https:\/\/avmedical.ma\/#organization"},"potentialAction":[{"@type":"SearchAction","target":{"@type":"EntryPoint","urlTemplate":"https:\/\/avmedical.ma\/?s={search_term_string}"},"query-input":{"@type":"PropertyValueSpecification","valueRequired":true,"valueName":"search_term_string"}}],"inLanguage":"ar"},{"@type":"Organization","@id":"https:\/\/avmedical.ma\/#organization","name":"AVMEDICAL","url":"https:\/\/avmedical.ma\/","logo":{"@type":"ImageObject","inLanguage":"ar","@id":"https:\/\/avmedical.ma\/#\/schema\/logo\/image\/","url":"https:\/\/avmedical.ma\/wp-content\/uploads\/2024\/02\/logo_avmedical_new.png","contentUrl":"https:\/\/avmedical.ma\/wp-content\/uploads\/2024\/02\/logo_avmedical_new.png","width":420,"height":95,"caption":"AVMEDICAL"},"image":{"@id":"https:\/\/avmedical.ma\/#\/schema\/logo\/image\/"}}]}},"_links":{"self":[{"href":"https:\/\/avmedical.ma\/ar\/wp-json\/wp\/v2\/product\/1999","targetHints":{"allow":["GET"]}}],"collection":[{"href":"https:\/\/avmedical.ma\/ar\/wp-json\/wp\/v2\/product"}],"about":[{"href":"https:\/\/avmedical.ma\/ar\/wp-json\/wp\/v2\/types\/product"}],"replies":[{"embeddable":true,"href":"https:\/\/avmedical.ma\/ar\/wp-json\/wp\/v2\/comments?post=1999"}],"wp:featuredmedia":[{"embeddable":true,"href":"https:\/\/avmedical.ma\/ar\/wp-json\/wp\/v2\/media\/2000"}],"wp:attachment":[{"href":"https:\/\/avmedical.ma\/ar\/wp-json\/wp\/v2\/media?parent=1999"}],"wp:term":[{"taxonomy":"product_brand","embeddable":true,"href":"https:\/\/avmedical.ma\/ar\/wp-json\/wp\/v2\/product_brand?post=1999"},{"taxonomy":"product_cat","embeddable":true,"href":"https:\/\/avmedical.ma\/ar\/wp-json\/wp\/v2\/product_cat?post=1999"},{"taxonomy":"product_tag","embeddable":true,"href":"https:\/\/avmedical.ma\/ar\/wp-json\/wp\/v2\/product_tag?post=1999"}],"curies":[{"name":"wp","href":"https:\/\/api.w.org\/{rel}","templated":true}]}}