{"id":1997,"date":"2021-03-03T14:48:29","date_gmt":"2021-03-03T13:48:29","guid":{"rendered":"https:\/\/avmedical.ma\/?post_type=product&#038;p=1997"},"modified":"2024-02-26T11:41:33","modified_gmt":"2024-02-26T10:41:33","slug":"sterilisateur-sterlink-maroc","status":"publish","type":"product","link":"https:\/\/avmedical.ma\/ar\/product\/sterilisateur-sterlink-maroc\/","title":{"rendered":"STERLINK Mini"},"content":{"rendered":"<p align=\"justify\">Le st\u00e9rilisateur au plasma \u00e0 gaz STERLINK\u00ae MINI est compact et magnifiquement con\u00e7u pour les pratiques dentaires, ophtalmologiques et mobiles durcies.<\/p>\n<p align=\"justify\">La chambre de 7 litres a \u00e9t\u00e9 optimis\u00e9e pour les petits plateaux chirurgicaux. Les plateaux doivent toujours \u00eatre emball\u00e9s avec du polypropyl\u00e8ne de longue dur\u00e9e compatible avec le plasma gazeux (H2O2) par rapport \u00e0 des emballages en fibres de coton ou de cellulose, qui sont largement disponibles aupr\u00e8s de divers fournisseurs (par exemple Medline).<\/p>\n<p align=\"justify\">La MINI dispose de deux modes d&rsquo;utilisation (cycles de 18 et 7 minutes) pour r\u00e9pondre \u00e0 vos besoins de st\u00e9rilisation \u00e0 la demande avec une imprimante en option pour une efficacit\u00e9 am\u00e9lior\u00e9e et une r\u00e9conciliation avec le suivi des cycles bas\u00e9 sur le cloud.<\/p>\n<p>STERLINK\u00ae MINI r\u00e9pond aux normes internationales relatives aux niveaux d&rsquo;assurance de st\u00e9rilit\u00e9.<\/p>","protected":false},"excerpt":{"rendered":"<p>Le st\u00e9rilisateur au plasma \u00e0 gaz STERLINK\u00ae MINI est compact et &#8230; <\/p>","protected":false},"featured_media":2479,"comment_status":"open","ping_status":"closed","template":"","meta":[],"product_brand":[],"product_cat":[238],"product_tag":[],"class_list":{"0":"post-1997","1":"product","2":"type-product","3":"status-publish","4":"has-post-thumbnail","6":"product_cat-sterilisation","8":"first","9":"instock","10":"shipping-taxable","11":"product-type-simple"},"yoast_head":"<!-- This site is optimized with the Yoast SEO plugin v27.2 - https:\/\/yoast.com\/product\/yoast-seo-wordpress\/ -->\n<title>STERLINK Mini - AV MEDICAL<\/title>\n<meta name=\"robots\" content=\"index, follow, max-snippet:-1, max-image-preview:large, max-video-preview:-1\" \/>\n<link rel=\"canonical\" href=\"https:\/\/avmedical.ma\/ar\/product\/sterilisateur-sterlink-maroc\/\" \/>\n<meta property=\"og:locale\" content=\"ar_AR\" \/>\n<meta property=\"og:type\" content=\"article\" \/>\n<meta property=\"og:title\" content=\"STERLINK Mini - AV MEDICAL\" \/>\n<meta property=\"og:description\" content=\"Le st\u00e9rilisateur au plasma \u00e0 gaz STERLINK\u00ae MINI est compact et ...\" \/>\n<meta property=\"og:url\" content=\"https:\/\/avmedical.ma\/ar\/product\/sterilisateur-sterlink-maroc\/\" \/>\n<meta property=\"og:site_name\" content=\"AV MEDICAL\" \/>\n<meta property=\"article:modified_time\" content=\"2024-02-26T10:41:33+00:00\" \/>\n<meta property=\"og:image\" content=\"https:\/\/avmedical.ma\/wp-content\/uploads\/2021\/03\/sterlink_mini.jpg\" \/>\n\t<meta property=\"og:image:width\" content=\"500\" \/>\n\t<meta property=\"og:image:height\" content=\"500\" \/>\n\t<meta property=\"og:image:type\" content=\"image\/jpeg\" \/>\n<meta name=\"twitter:card\" content=\"summary_large_image\" \/>\n<meta name=\"twitter:label1\" content=\"\u0648\u0642\u062a \u0627\u0644\u0642\u0631\u0627\u0621\u0629 \u0627\u0644\u0645\u064f\u0642\u062f\u0651\u0631\" \/>\n\t<meta name=\"twitter:data1\" content=\"\u062f\u0642\u064a\u0642\u0629 \u0648\u0627\u062d\u062f\u0629\" \/>\n<script type=\"application\/ld+json\" class=\"yoast-schema-graph\">{\"@context\":\"https:\/\/schema.org\",\"@graph\":[{\"@type\":\"WebPage\",\"@id\":\"https:\/\/avmedical.ma\/produit\/sterilisateur-sterlink-maroc\/\",\"url\":\"https:\/\/avmedical.ma\/produit\/sterilisateur-sterlink-maroc\/\",\"name\":\"STERLINK Mini - AV MEDICAL\",\"isPartOf\":{\"@id\":\"https:\/\/avmedical.ma\/#website\"},\"primaryImageOfPage\":{\"@id\":\"https:\/\/avmedical.ma\/produit\/sterilisateur-sterlink-maroc\/#primaryimage\"},\"image\":{\"@id\":\"https:\/\/avmedical.ma\/produit\/sterilisateur-sterlink-maroc\/#primaryimage\"},\"thumbnailUrl\":\"https:\/\/avmedical.ma\/wp-content\/uploads\/2021\/03\/sterlink_mini.jpg\",\"datePublished\":\"2021-03-03T13:48:29+00:00\",\"dateModified\":\"2024-02-26T10:41:33+00:00\",\"breadcrumb\":{\"@id\":\"https:\/\/avmedical.ma\/produit\/sterilisateur-sterlink-maroc\/#breadcrumb\"},\"inLanguage\":\"ar\",\"potentialAction\":[{\"@type\":\"ReadAction\",\"target\":[\"https:\/\/avmedical.ma\/produit\/sterilisateur-sterlink-maroc\/\"]}]},{\"@type\":\"ImageObject\",\"inLanguage\":\"ar\",\"@id\":\"https:\/\/avmedical.ma\/produit\/sterilisateur-sterlink-maroc\/#primaryimage\",\"url\":\"https:\/\/avmedical.ma\/wp-content\/uploads\/2021\/03\/sterlink_mini.jpg\",\"contentUrl\":\"https:\/\/avmedical.ma\/wp-content\/uploads\/2021\/03\/sterlink_mini.jpg\",\"width\":500,\"height\":500},{\"@type\":\"BreadcrumbList\",\"@id\":\"https:\/\/avmedical.ma\/produit\/sterilisateur-sterlink-maroc\/#breadcrumb\",\"itemListElement\":[{\"@type\":\"ListItem\",\"position\":1,\"name\":\"Accueil\",\"item\":\"https:\/\/avmedical.ma\/\"},{\"@type\":\"ListItem\",\"position\":2,\"name\":\"Shop\",\"item\":\"https:\/\/avmedical.ma\/shop\/\"},{\"@type\":\"ListItem\",\"position\":3,\"name\":\"STERLINK Mini\"}]},{\"@type\":\"WebSite\",\"@id\":\"https:\/\/avmedical.ma\/#website\",\"url\":\"https:\/\/avmedical.ma\/\",\"name\":\"AVMEDICAL Maroc\",\"description\":\"\",\"publisher\":{\"@id\":\"https:\/\/avmedical.ma\/#organization\"},\"potentialAction\":[{\"@type\":\"SearchAction\",\"target\":{\"@type\":\"EntryPoint\",\"urlTemplate\":\"https:\/\/avmedical.ma\/?s={search_term_string}\"},\"query-input\":{\"@type\":\"PropertyValueSpecification\",\"valueRequired\":true,\"valueName\":\"search_term_string\"}}],\"inLanguage\":\"ar\"},{\"@type\":\"Organization\",\"@id\":\"https:\/\/avmedical.ma\/#organization\",\"name\":\"AVMEDICAL\",\"url\":\"https:\/\/avmedical.ma\/\",\"logo\":{\"@type\":\"ImageObject\",\"inLanguage\":\"ar\",\"@id\":\"https:\/\/avmedical.ma\/#\/schema\/logo\/image\/\",\"url\":\"https:\/\/avmedical.ma\/wp-content\/uploads\/2024\/02\/logo_avmedical_new.png\",\"contentUrl\":\"https:\/\/avmedical.ma\/wp-content\/uploads\/2024\/02\/logo_avmedical_new.png\",\"width\":420,\"height\":95,\"caption\":\"AVMEDICAL\"},\"image\":{\"@id\":\"https:\/\/avmedical.ma\/#\/schema\/logo\/image\/\"}}]}<\/script>\n<!-- \/ Yoast SEO plugin. -->","yoast_head_json":{"title":"STERLINK Mini - AV MEDICAL","robots":{"index":"index","follow":"follow","max-snippet":"max-snippet:-1","max-image-preview":"max-image-preview:large","max-video-preview":"max-video-preview:-1"},"canonical":"https:\/\/avmedical.ma\/ar\/product\/sterilisateur-sterlink-maroc\/","og_locale":"ar_AR","og_type":"article","og_title":"STERLINK Mini - AV MEDICAL","og_description":"Le st\u00e9rilisateur au plasma \u00e0 gaz STERLINK\u00ae MINI est compact et ...","og_url":"https:\/\/avmedical.ma\/ar\/product\/sterilisateur-sterlink-maroc\/","og_site_name":"AV MEDICAL","article_modified_time":"2024-02-26T10:41:33+00:00","og_image":[{"width":500,"height":500,"url":"https:\/\/avmedical.ma\/wp-content\/uploads\/2021\/03\/sterlink_mini.jpg","type":"image\/jpeg"}],"twitter_card":"summary_large_image","twitter_misc":{"\u0648\u0642\u062a \u0627\u0644\u0642\u0631\u0627\u0621\u0629 \u0627\u0644\u0645\u064f\u0642\u062f\u0651\u0631":"\u062f\u0642\u064a\u0642\u0629 \u0648\u0627\u062d\u062f\u0629"},"schema":{"@context":"https:\/\/schema.org","@graph":[{"@type":"WebPage","@id":"https:\/\/avmedical.ma\/produit\/sterilisateur-sterlink-maroc\/","url":"https:\/\/avmedical.ma\/produit\/sterilisateur-sterlink-maroc\/","name":"STERLINK Mini - AV MEDICAL","isPartOf":{"@id":"https:\/\/avmedical.ma\/#website"},"primaryImageOfPage":{"@id":"https:\/\/avmedical.ma\/produit\/sterilisateur-sterlink-maroc\/#primaryimage"},"image":{"@id":"https:\/\/avmedical.ma\/produit\/sterilisateur-sterlink-maroc\/#primaryimage"},"thumbnailUrl":"https:\/\/avmedical.ma\/wp-content\/uploads\/2021\/03\/sterlink_mini.jpg","datePublished":"2021-03-03T13:48:29+00:00","dateModified":"2024-02-26T10:41:33+00:00","breadcrumb":{"@id":"https:\/\/avmedical.ma\/produit\/sterilisateur-sterlink-maroc\/#breadcrumb"},"inLanguage":"ar","potentialAction":[{"@type":"ReadAction","target":["https:\/\/avmedical.ma\/produit\/sterilisateur-sterlink-maroc\/"]}]},{"@type":"ImageObject","inLanguage":"ar","@id":"https:\/\/avmedical.ma\/produit\/sterilisateur-sterlink-maroc\/#primaryimage","url":"https:\/\/avmedical.ma\/wp-content\/uploads\/2021\/03\/sterlink_mini.jpg","contentUrl":"https:\/\/avmedical.ma\/wp-content\/uploads\/2021\/03\/sterlink_mini.jpg","width":500,"height":500},{"@type":"BreadcrumbList","@id":"https:\/\/avmedical.ma\/produit\/sterilisateur-sterlink-maroc\/#breadcrumb","itemListElement":[{"@type":"ListItem","position":1,"name":"Accueil","item":"https:\/\/avmedical.ma\/"},{"@type":"ListItem","position":2,"name":"Shop","item":"https:\/\/avmedical.ma\/shop\/"},{"@type":"ListItem","position":3,"name":"STERLINK Mini"}]},{"@type":"WebSite","@id":"https:\/\/avmedical.ma\/#website","url":"https:\/\/avmedical.ma\/","name":"AVMEDICAL Maroc","description":"","publisher":{"@id":"https:\/\/avmedical.ma\/#organization"},"potentialAction":[{"@type":"SearchAction","target":{"@type":"EntryPoint","urlTemplate":"https:\/\/avmedical.ma\/?s={search_term_string}"},"query-input":{"@type":"PropertyValueSpecification","valueRequired":true,"valueName":"search_term_string"}}],"inLanguage":"ar"},{"@type":"Organization","@id":"https:\/\/avmedical.ma\/#organization","name":"AVMEDICAL","url":"https:\/\/avmedical.ma\/","logo":{"@type":"ImageObject","inLanguage":"ar","@id":"https:\/\/avmedical.ma\/#\/schema\/logo\/image\/","url":"https:\/\/avmedical.ma\/wp-content\/uploads\/2024\/02\/logo_avmedical_new.png","contentUrl":"https:\/\/avmedical.ma\/wp-content\/uploads\/2024\/02\/logo_avmedical_new.png","width":420,"height":95,"caption":"AVMEDICAL"},"image":{"@id":"https:\/\/avmedical.ma\/#\/schema\/logo\/image\/"}}]}},"_links":{"self":[{"href":"https:\/\/avmedical.ma\/ar\/wp-json\/wp\/v2\/product\/1997","targetHints":{"allow":["GET"]}}],"collection":[{"href":"https:\/\/avmedical.ma\/ar\/wp-json\/wp\/v2\/product"}],"about":[{"href":"https:\/\/avmedical.ma\/ar\/wp-json\/wp\/v2\/types\/product"}],"replies":[{"embeddable":true,"href":"https:\/\/avmedical.ma\/ar\/wp-json\/wp\/v2\/comments?post=1997"}],"wp:featuredmedia":[{"embeddable":true,"href":"https:\/\/avmedical.ma\/ar\/wp-json\/wp\/v2\/media\/2479"}],"wp:attachment":[{"href":"https:\/\/avmedical.ma\/ar\/wp-json\/wp\/v2\/media?parent=1997"}],"wp:term":[{"taxonomy":"product_brand","embeddable":true,"href":"https:\/\/avmedical.ma\/ar\/wp-json\/wp\/v2\/product_brand?post=1997"},{"taxonomy":"product_cat","embeddable":true,"href":"https:\/\/avmedical.ma\/ar\/wp-json\/wp\/v2\/product_cat?post=1997"},{"taxonomy":"product_tag","embeddable":true,"href":"https:\/\/avmedical.ma\/ar\/wp-json\/wp\/v2\/product_tag?post=1997"}],"curies":[{"name":"wp","href":"https:\/\/api.w.org\/{rel}","templated":true}]}}