{"id":1991,"date":"2021-03-03T12:34:17","date_gmt":"2021-03-03T11:34:17","guid":{"rendered":"https:\/\/avmedical.ma\/?post_type=product&#038;p=1991"},"modified":"2024-02-16T00:41:46","modified_gmt":"2024-02-15T23:41:46","slug":"tensiometre-jumper-maroc","status":"publish","type":"product","link":"https:\/\/avmedical.ma\/ar\/product\/tensiometre-jumper-maroc\/","title":{"rendered":"Tensiom\u00e8tre JPD-HA100"},"content":{"rendered":"<p align=\"justify\">Intelligent pressuris\u00e9 Reconna\u00eetre automatiquement la valeur de la pression art\u00e9rielle, vous faire sentir plus \u00e0 l&rsquo;aise et tester plus pr\u00e9cis.<\/p>\n<ul>\n<li>D\u00e9tection de battements de c\u0153ur irr\u00e9guliers Mention automatique en cas de battements de c\u0153ur irr\u00e9guliers<\/li>\n<li>\u00c9cran LCD \u00e0 grande \u00e9chelle HD portable pour la lecture, avec une grande taille de police facile \u00e0 utiliser.<\/li>\n<li>Moniteur de bras con\u00e7u pour une utilisation \u00e0 domicile, en clinique et \u00e0 l&rsquo;h\u00f4pital avec des patients adultes<\/li>\n<li>Mesure automatique \u00e0 une touche Portez le brassard et appuyez sur la touche de d\u00e9marrage pour mesurer automatiquement.<\/li>\n<li>Pr\u00e9cis \u00e0 +\/- 3 mmHg pour la pression, +\/- 5% pour bpm<\/li>\n<li>Stocke les 198 derni\u00e8res lectures (2x 99 lectures pour deux utilisateurs)<\/li>\n<li>Le brassard extensible s&rsquo;adapte aux bras de 22 cm \u00e0 36 cm<\/li>\n<\/ul>\n<p>Mode d&rsquo;affichage\u00a0:<\/p>\n<p>Mode de mesure num\u00e9rique: M\u00e9thode oscillographique Partie du corps de mesure: Haut du bras Plage de mesure: Valeur de la pression art\u00e9rielle<\/p>\n<ul>\n<li>Mise hors tension automatique apr\u00e8s 30 secondes<\/li>\n<li>Fonction Date Mois \/ Ann\u00e9e et heure qui sont \u00e9galement affich\u00e9es \u00e0 l&rsquo;\u00e9cran<\/li>\n<li>Facile \u00e0 nettoyer &#8211; le moniteur BP peut \u00eatre facilement essuy\u00e9 entre les utilisations<\/li>\n<li>Livr\u00e9 avec 4x piles AAA et \u00e9tui de transport<\/li>\n<\/ul>","protected":false},"excerpt":{"rendered":"<p>Intelligent pressuris\u00e9 Reconna\u00eetre automatiquement la valeur de la pression art\u00e9rielle, vous &#8230; <\/p>","protected":false},"featured_media":1992,"comment_status":"open","ping_status":"closed","template":"","meta":[],"product_brand":[],"product_cat":[228],"product_tag":[],"class_list":{"0":"post-1991","1":"product","2":"type-product","3":"status-publish","4":"has-post-thumbnail","6":"product_cat-auto-diagnostic","8":"first","9":"instock","10":"shipping-taxable","11":"product-type-simple"},"yoast_head":"<!-- This site is optimized with the Yoast SEO plugin v27.2 - https:\/\/yoast.com\/product\/yoast-seo-wordpress\/ -->\n<title>Tensiom\u00e8tre JPD-HA100 - AV MEDICAL<\/title>\n<meta name=\"robots\" content=\"index, follow, max-snippet:-1, max-image-preview:large, max-video-preview:-1\" \/>\n<link rel=\"canonical\" href=\"https:\/\/avmedical.ma\/ar\/product\/tensiometre-jumper-maroc\/\" \/>\n<meta property=\"og:locale\" content=\"ar_AR\" \/>\n<meta property=\"og:type\" content=\"article\" \/>\n<meta property=\"og:title\" content=\"Tensiom\u00e8tre JPD-HA100 - AV MEDICAL\" \/>\n<meta property=\"og:description\" content=\"Intelligent pressuris\u00e9 Reconna\u00eetre automatiquement la valeur de la pression art\u00e9rielle, vous ...\" \/>\n<meta property=\"og:url\" content=\"https:\/\/avmedical.ma\/ar\/product\/tensiometre-jumper-maroc\/\" \/>\n<meta property=\"og:site_name\" content=\"AV MEDICAL\" \/>\n<meta property=\"article:modified_time\" content=\"2024-02-15T23:41:46+00:00\" \/>\n<meta property=\"og:image\" content=\"https:\/\/avmedical.ma\/wp-content\/uploads\/2024\/02\/HA100.jpg\" \/>\n\t<meta property=\"og:image:width\" content=\"225\" \/>\n\t<meta property=\"og:image:height\" content=\"225\" \/>\n\t<meta property=\"og:image:type\" content=\"image\/jpeg\" \/>\n<meta name=\"twitter:card\" content=\"summary_large_image\" \/>\n<meta name=\"twitter:label1\" content=\"\u0648\u0642\u062a \u0627\u0644\u0642\u0631\u0627\u0621\u0629 \u0627\u0644\u0645\u064f\u0642\u062f\u0651\u0631\" \/>\n\t<meta name=\"twitter:data1\" content=\"\u062f\u0642\u064a\u0642\u0629 \u0648\u0627\u062d\u062f\u0629\" \/>\n<script type=\"application\/ld+json\" class=\"yoast-schema-graph\">{\"@context\":\"https:\/\/schema.org\",\"@graph\":[{\"@type\":\"WebPage\",\"@id\":\"https:\/\/avmedical.ma\/produit\/tensiometre-jumper-maroc\/\",\"url\":\"https:\/\/avmedical.ma\/produit\/tensiometre-jumper-maroc\/\",\"name\":\"Tensiom\u00e8tre JPD-HA100 - AV MEDICAL\",\"isPartOf\":{\"@id\":\"https:\/\/avmedical.ma\/#website\"},\"primaryImageOfPage\":{\"@id\":\"https:\/\/avmedical.ma\/produit\/tensiometre-jumper-maroc\/#primaryimage\"},\"image\":{\"@id\":\"https:\/\/avmedical.ma\/produit\/tensiometre-jumper-maroc\/#primaryimage\"},\"thumbnailUrl\":\"https:\/\/avmedical.ma\/wp-content\/uploads\/2024\/02\/HA100.jpg\",\"datePublished\":\"2021-03-03T11:34:17+00:00\",\"dateModified\":\"2024-02-15T23:41:46+00:00\",\"breadcrumb\":{\"@id\":\"https:\/\/avmedical.ma\/produit\/tensiometre-jumper-maroc\/#breadcrumb\"},\"inLanguage\":\"ar\",\"potentialAction\":[{\"@type\":\"ReadAction\",\"target\":[\"https:\/\/avmedical.ma\/produit\/tensiometre-jumper-maroc\/\"]}]},{\"@type\":\"ImageObject\",\"inLanguage\":\"ar\",\"@id\":\"https:\/\/avmedical.ma\/produit\/tensiometre-jumper-maroc\/#primaryimage\",\"url\":\"https:\/\/avmedical.ma\/wp-content\/uploads\/2024\/02\/HA100.jpg\",\"contentUrl\":\"https:\/\/avmedical.ma\/wp-content\/uploads\/2024\/02\/HA100.jpg\",\"width\":225,\"height\":225},{\"@type\":\"BreadcrumbList\",\"@id\":\"https:\/\/avmedical.ma\/produit\/tensiometre-jumper-maroc\/#breadcrumb\",\"itemListElement\":[{\"@type\":\"ListItem\",\"position\":1,\"name\":\"Accueil\",\"item\":\"https:\/\/avmedical.ma\/\"},{\"@type\":\"ListItem\",\"position\":2,\"name\":\"Shop\",\"item\":\"https:\/\/avmedical.ma\/shop\/\"},{\"@type\":\"ListItem\",\"position\":3,\"name\":\"Tensiom\u00e8tre JPD-HA100\"}]},{\"@type\":\"WebSite\",\"@id\":\"https:\/\/avmedical.ma\/#website\",\"url\":\"https:\/\/avmedical.ma\/\",\"name\":\"AVMEDICAL Maroc\",\"description\":\"\",\"publisher\":{\"@id\":\"https:\/\/avmedical.ma\/#organization\"},\"potentialAction\":[{\"@type\":\"SearchAction\",\"target\":{\"@type\":\"EntryPoint\",\"urlTemplate\":\"https:\/\/avmedical.ma\/?s={search_term_string}\"},\"query-input\":{\"@type\":\"PropertyValueSpecification\",\"valueRequired\":true,\"valueName\":\"search_term_string\"}}],\"inLanguage\":\"ar\"},{\"@type\":\"Organization\",\"@id\":\"https:\/\/avmedical.ma\/#organization\",\"name\":\"AVMEDICAL\",\"url\":\"https:\/\/avmedical.ma\/\",\"logo\":{\"@type\":\"ImageObject\",\"inLanguage\":\"ar\",\"@id\":\"https:\/\/avmedical.ma\/#\/schema\/logo\/image\/\",\"url\":\"https:\/\/avmedical.ma\/wp-content\/uploads\/2024\/02\/logo_avmedical_new.png\",\"contentUrl\":\"https:\/\/avmedical.ma\/wp-content\/uploads\/2024\/02\/logo_avmedical_new.png\",\"width\":420,\"height\":95,\"caption\":\"AVMEDICAL\"},\"image\":{\"@id\":\"https:\/\/avmedical.ma\/#\/schema\/logo\/image\/\"}}]}<\/script>\n<!-- \/ Yoast SEO plugin. -->","yoast_head_json":{"title":"Tensiom\u00e8tre JPD-HA100 - AV MEDICAL","robots":{"index":"index","follow":"follow","max-snippet":"max-snippet:-1","max-image-preview":"max-image-preview:large","max-video-preview":"max-video-preview:-1"},"canonical":"https:\/\/avmedical.ma\/ar\/product\/tensiometre-jumper-maroc\/","og_locale":"ar_AR","og_type":"article","og_title":"Tensiom\u00e8tre JPD-HA100 - AV MEDICAL","og_description":"Intelligent pressuris\u00e9 Reconna\u00eetre automatiquement la valeur de la pression art\u00e9rielle, vous ...","og_url":"https:\/\/avmedical.ma\/ar\/product\/tensiometre-jumper-maroc\/","og_site_name":"AV MEDICAL","article_modified_time":"2024-02-15T23:41:46+00:00","og_image":[{"width":225,"height":225,"url":"https:\/\/avmedical.ma\/wp-content\/uploads\/2024\/02\/HA100.jpg","type":"image\/jpeg"}],"twitter_card":"summary_large_image","twitter_misc":{"\u0648\u0642\u062a \u0627\u0644\u0642\u0631\u0627\u0621\u0629 \u0627\u0644\u0645\u064f\u0642\u062f\u0651\u0631":"\u062f\u0642\u064a\u0642\u0629 \u0648\u0627\u062d\u062f\u0629"},"schema":{"@context":"https:\/\/schema.org","@graph":[{"@type":"WebPage","@id":"https:\/\/avmedical.ma\/produit\/tensiometre-jumper-maroc\/","url":"https:\/\/avmedical.ma\/produit\/tensiometre-jumper-maroc\/","name":"Tensiom\u00e8tre JPD-HA100 - AV MEDICAL","isPartOf":{"@id":"https:\/\/avmedical.ma\/#website"},"primaryImageOfPage":{"@id":"https:\/\/avmedical.ma\/produit\/tensiometre-jumper-maroc\/#primaryimage"},"image":{"@id":"https:\/\/avmedical.ma\/produit\/tensiometre-jumper-maroc\/#primaryimage"},"thumbnailUrl":"https:\/\/avmedical.ma\/wp-content\/uploads\/2024\/02\/HA100.jpg","datePublished":"2021-03-03T11:34:17+00:00","dateModified":"2024-02-15T23:41:46+00:00","breadcrumb":{"@id":"https:\/\/avmedical.ma\/produit\/tensiometre-jumper-maroc\/#breadcrumb"},"inLanguage":"ar","potentialAction":[{"@type":"ReadAction","target":["https:\/\/avmedical.ma\/produit\/tensiometre-jumper-maroc\/"]}]},{"@type":"ImageObject","inLanguage":"ar","@id":"https:\/\/avmedical.ma\/produit\/tensiometre-jumper-maroc\/#primaryimage","url":"https:\/\/avmedical.ma\/wp-content\/uploads\/2024\/02\/HA100.jpg","contentUrl":"https:\/\/avmedical.ma\/wp-content\/uploads\/2024\/02\/HA100.jpg","width":225,"height":225},{"@type":"BreadcrumbList","@id":"https:\/\/avmedical.ma\/produit\/tensiometre-jumper-maroc\/#breadcrumb","itemListElement":[{"@type":"ListItem","position":1,"name":"Accueil","item":"https:\/\/avmedical.ma\/"},{"@type":"ListItem","position":2,"name":"Shop","item":"https:\/\/avmedical.ma\/shop\/"},{"@type":"ListItem","position":3,"name":"Tensiom\u00e8tre JPD-HA100"}]},{"@type":"WebSite","@id":"https:\/\/avmedical.ma\/#website","url":"https:\/\/avmedical.ma\/","name":"AVMEDICAL Maroc","description":"","publisher":{"@id":"https:\/\/avmedical.ma\/#organization"},"potentialAction":[{"@type":"SearchAction","target":{"@type":"EntryPoint","urlTemplate":"https:\/\/avmedical.ma\/?s={search_term_string}"},"query-input":{"@type":"PropertyValueSpecification","valueRequired":true,"valueName":"search_term_string"}}],"inLanguage":"ar"},{"@type":"Organization","@id":"https:\/\/avmedical.ma\/#organization","name":"AVMEDICAL","url":"https:\/\/avmedical.ma\/","logo":{"@type":"ImageObject","inLanguage":"ar","@id":"https:\/\/avmedical.ma\/#\/schema\/logo\/image\/","url":"https:\/\/avmedical.ma\/wp-content\/uploads\/2024\/02\/logo_avmedical_new.png","contentUrl":"https:\/\/avmedical.ma\/wp-content\/uploads\/2024\/02\/logo_avmedical_new.png","width":420,"height":95,"caption":"AVMEDICAL"},"image":{"@id":"https:\/\/avmedical.ma\/#\/schema\/logo\/image\/"}}]}},"_links":{"self":[{"href":"https:\/\/avmedical.ma\/ar\/wp-json\/wp\/v2\/product\/1991","targetHints":{"allow":["GET"]}}],"collection":[{"href":"https:\/\/avmedical.ma\/ar\/wp-json\/wp\/v2\/product"}],"about":[{"href":"https:\/\/avmedical.ma\/ar\/wp-json\/wp\/v2\/types\/product"}],"replies":[{"embeddable":true,"href":"https:\/\/avmedical.ma\/ar\/wp-json\/wp\/v2\/comments?post=1991"}],"wp:featuredmedia":[{"embeddable":true,"href":"https:\/\/avmedical.ma\/ar\/wp-json\/wp\/v2\/media\/1992"}],"wp:attachment":[{"href":"https:\/\/avmedical.ma\/ar\/wp-json\/wp\/v2\/media?parent=1991"}],"wp:term":[{"taxonomy":"product_brand","embeddable":true,"href":"https:\/\/avmedical.ma\/ar\/wp-json\/wp\/v2\/product_brand?post=1991"},{"taxonomy":"product_cat","embeddable":true,"href":"https:\/\/avmedical.ma\/ar\/wp-json\/wp\/v2\/product_cat?post=1991"},{"taxonomy":"product_tag","embeddable":true,"href":"https:\/\/avmedical.ma\/ar\/wp-json\/wp\/v2\/product_tag?post=1991"}],"curies":[{"name":"wp","href":"https:\/\/api.w.org\/{rel}","templated":true}]}}