{"id":1989,"date":"2021-03-03T12:03:47","date_gmt":"2021-03-03T11:03:47","guid":{"rendered":"https:\/\/avmedical.ma\/?post_type=product&#038;p=1989"},"modified":"2024-02-16T00:41:46","modified_gmt":"2024-02-15T23:41:46","slug":"tensiometre-jumper-maroc-2","status":"publish","type":"product","link":"https:\/\/avmedical.ma\/ar\/product\/tensiometre-jumper-maroc-2\/","title":{"rendered":"Tensiom\u00e8tre JPD-HA120"},"content":{"rendered":"<p align=\"justify\">Grand \u00e9cran facile \u00e0 lire. Les chiffres extra-larges indiquent comment votre lecture se compare aux niveaux de tension art\u00e9rielle normaux \u00e0 domicile (indicateur de classification de l&rsquo;OMS), y compris pour les battements cardiaques irr\u00e9guliers .<br \/>\nSuivez votre sant\u00e9 avec un stockage de m\u00e9moire accru vous permettant desurveillez et stockez les 198 derni\u00e8res lectures (2 * 99 lectures, avec horodatage) pour deux utilisateurs<br \/>\nLe brassard extensible s&rsquo;adapte aux bras standard et grands. Convient aux bras de 22 cm \u00e0 36 cm de circonf\u00e9rence.<br \/>\n\u2022 Arr\u00eat automatique en 30 secondes<br \/>\n\u2022 Peut \u00eatre aliment\u00e9 par une interface micro USB<\/p>","protected":false},"excerpt":{"rendered":"<p>Grand \u00e9cran facile \u00e0 lire. Les chiffres extra-larges indiquent comment votre &#8230; <\/p>","protected":false},"featured_media":1990,"comment_status":"open","ping_status":"closed","template":"","meta":[],"product_brand":[],"product_cat":[228],"product_tag":[],"class_list":{"0":"post-1989","1":"product","2":"type-product","3":"status-publish","4":"has-post-thumbnail","6":"product_cat-auto-diagnostic","8":"first","9":"instock","10":"shipping-taxable","11":"product-type-simple"},"yoast_head":"<!-- This site is optimized with the Yoast SEO plugin v27.2 - https:\/\/yoast.com\/product\/yoast-seo-wordpress\/ -->\n<title>Tensiom\u00e8tre JPD-HA120 - AV MEDICAL<\/title>\n<meta name=\"robots\" content=\"index, follow, max-snippet:-1, max-image-preview:large, max-video-preview:-1\" \/>\n<link rel=\"canonical\" href=\"https:\/\/avmedical.ma\/ar\/product\/tensiometre-jumper-maroc-2\/\" \/>\n<meta property=\"og:locale\" content=\"ar_AR\" \/>\n<meta property=\"og:type\" content=\"article\" \/>\n<meta property=\"og:title\" content=\"Tensiom\u00e8tre JPD-HA120 - AV MEDICAL\" \/>\n<meta property=\"og:description\" content=\"Grand \u00e9cran facile \u00e0 lire. Les chiffres extra-larges indiquent comment votre ...\" \/>\n<meta property=\"og:url\" content=\"https:\/\/avmedical.ma\/ar\/product\/tensiometre-jumper-maroc-2\/\" \/>\n<meta property=\"og:site_name\" content=\"AV MEDICAL\" \/>\n<meta property=\"article:modified_time\" content=\"2024-02-15T23:41:46+00:00\" \/>\n<meta property=\"og:image\" content=\"https:\/\/avmedical.ma\/wp-content\/uploads\/2024\/02\/JPD-HA120.png\" \/>\n\t<meta property=\"og:image:width\" content=\"484\" \/>\n\t<meta property=\"og:image:height\" content=\"442\" \/>\n\t<meta property=\"og:image:type\" content=\"image\/png\" \/>\n<meta name=\"twitter:card\" content=\"summary_large_image\" \/>\n<script type=\"application\/ld+json\" class=\"yoast-schema-graph\">{\"@context\":\"https:\/\/schema.org\",\"@graph\":[{\"@type\":\"WebPage\",\"@id\":\"https:\/\/avmedical.ma\/produit\/tensiometre-jumper-maroc-2\/\",\"url\":\"https:\/\/avmedical.ma\/produit\/tensiometre-jumper-maroc-2\/\",\"name\":\"Tensiom\u00e8tre JPD-HA120 - AV MEDICAL\",\"isPartOf\":{\"@id\":\"https:\/\/avmedical.ma\/#website\"},\"primaryImageOfPage\":{\"@id\":\"https:\/\/avmedical.ma\/produit\/tensiometre-jumper-maroc-2\/#primaryimage\"},\"image\":{\"@id\":\"https:\/\/avmedical.ma\/produit\/tensiometre-jumper-maroc-2\/#primaryimage\"},\"thumbnailUrl\":\"https:\/\/avmedical.ma\/wp-content\/uploads\/2024\/02\/JPD-HA120.png\",\"datePublished\":\"2021-03-03T11:03:47+00:00\",\"dateModified\":\"2024-02-15T23:41:46+00:00\",\"breadcrumb\":{\"@id\":\"https:\/\/avmedical.ma\/produit\/tensiometre-jumper-maroc-2\/#breadcrumb\"},\"inLanguage\":\"ar\",\"potentialAction\":[{\"@type\":\"ReadAction\",\"target\":[\"https:\/\/avmedical.ma\/produit\/tensiometre-jumper-maroc-2\/\"]}]},{\"@type\":\"ImageObject\",\"inLanguage\":\"ar\",\"@id\":\"https:\/\/avmedical.ma\/produit\/tensiometre-jumper-maroc-2\/#primaryimage\",\"url\":\"https:\/\/avmedical.ma\/wp-content\/uploads\/2024\/02\/JPD-HA120.png\",\"contentUrl\":\"https:\/\/avmedical.ma\/wp-content\/uploads\/2024\/02\/JPD-HA120.png\",\"width\":484,\"height\":442},{\"@type\":\"BreadcrumbList\",\"@id\":\"https:\/\/avmedical.ma\/produit\/tensiometre-jumper-maroc-2\/#breadcrumb\",\"itemListElement\":[{\"@type\":\"ListItem\",\"position\":1,\"name\":\"Accueil\",\"item\":\"https:\/\/avmedical.ma\/\"},{\"@type\":\"ListItem\",\"position\":2,\"name\":\"Shop\",\"item\":\"https:\/\/avmedical.ma\/shop\/\"},{\"@type\":\"ListItem\",\"position\":3,\"name\":\"Tensiom\u00e8tre JPD-HA120\"}]},{\"@type\":\"WebSite\",\"@id\":\"https:\/\/avmedical.ma\/#website\",\"url\":\"https:\/\/avmedical.ma\/\",\"name\":\"AVMEDICAL Maroc\",\"description\":\"\",\"publisher\":{\"@id\":\"https:\/\/avmedical.ma\/#organization\"},\"potentialAction\":[{\"@type\":\"SearchAction\",\"target\":{\"@type\":\"EntryPoint\",\"urlTemplate\":\"https:\/\/avmedical.ma\/?s={search_term_string}\"},\"query-input\":{\"@type\":\"PropertyValueSpecification\",\"valueRequired\":true,\"valueName\":\"search_term_string\"}}],\"inLanguage\":\"ar\"},{\"@type\":\"Organization\",\"@id\":\"https:\/\/avmedical.ma\/#organization\",\"name\":\"AVMEDICAL\",\"url\":\"https:\/\/avmedical.ma\/\",\"logo\":{\"@type\":\"ImageObject\",\"inLanguage\":\"ar\",\"@id\":\"https:\/\/avmedical.ma\/#\/schema\/logo\/image\/\",\"url\":\"https:\/\/avmedical.ma\/wp-content\/uploads\/2024\/02\/logo_avmedical_new.png\",\"contentUrl\":\"https:\/\/avmedical.ma\/wp-content\/uploads\/2024\/02\/logo_avmedical_new.png\",\"width\":420,\"height\":95,\"caption\":\"AVMEDICAL\"},\"image\":{\"@id\":\"https:\/\/avmedical.ma\/#\/schema\/logo\/image\/\"}}]}<\/script>\n<!-- \/ Yoast SEO plugin. -->","yoast_head_json":{"title":"Tensiom\u00e8tre JPD-HA120 - AV MEDICAL","robots":{"index":"index","follow":"follow","max-snippet":"max-snippet:-1","max-image-preview":"max-image-preview:large","max-video-preview":"max-video-preview:-1"},"canonical":"https:\/\/avmedical.ma\/ar\/product\/tensiometre-jumper-maroc-2\/","og_locale":"ar_AR","og_type":"article","og_title":"Tensiom\u00e8tre JPD-HA120 - AV MEDICAL","og_description":"Grand \u00e9cran facile \u00e0 lire. Les chiffres extra-larges indiquent comment votre ...","og_url":"https:\/\/avmedical.ma\/ar\/product\/tensiometre-jumper-maroc-2\/","og_site_name":"AV MEDICAL","article_modified_time":"2024-02-15T23:41:46+00:00","og_image":[{"width":484,"height":442,"url":"https:\/\/avmedical.ma\/wp-content\/uploads\/2024\/02\/JPD-HA120.png","type":"image\/png"}],"twitter_card":"summary_large_image","schema":{"@context":"https:\/\/schema.org","@graph":[{"@type":"WebPage","@id":"https:\/\/avmedical.ma\/produit\/tensiometre-jumper-maroc-2\/","url":"https:\/\/avmedical.ma\/produit\/tensiometre-jumper-maroc-2\/","name":"Tensiom\u00e8tre JPD-HA120 - AV MEDICAL","isPartOf":{"@id":"https:\/\/avmedical.ma\/#website"},"primaryImageOfPage":{"@id":"https:\/\/avmedical.ma\/produit\/tensiometre-jumper-maroc-2\/#primaryimage"},"image":{"@id":"https:\/\/avmedical.ma\/produit\/tensiometre-jumper-maroc-2\/#primaryimage"},"thumbnailUrl":"https:\/\/avmedical.ma\/wp-content\/uploads\/2024\/02\/JPD-HA120.png","datePublished":"2021-03-03T11:03:47+00:00","dateModified":"2024-02-15T23:41:46+00:00","breadcrumb":{"@id":"https:\/\/avmedical.ma\/produit\/tensiometre-jumper-maroc-2\/#breadcrumb"},"inLanguage":"ar","potentialAction":[{"@type":"ReadAction","target":["https:\/\/avmedical.ma\/produit\/tensiometre-jumper-maroc-2\/"]}]},{"@type":"ImageObject","inLanguage":"ar","@id":"https:\/\/avmedical.ma\/produit\/tensiometre-jumper-maroc-2\/#primaryimage","url":"https:\/\/avmedical.ma\/wp-content\/uploads\/2024\/02\/JPD-HA120.png","contentUrl":"https:\/\/avmedical.ma\/wp-content\/uploads\/2024\/02\/JPD-HA120.png","width":484,"height":442},{"@type":"BreadcrumbList","@id":"https:\/\/avmedical.ma\/produit\/tensiometre-jumper-maroc-2\/#breadcrumb","itemListElement":[{"@type":"ListItem","position":1,"name":"Accueil","item":"https:\/\/avmedical.ma\/"},{"@type":"ListItem","position":2,"name":"Shop","item":"https:\/\/avmedical.ma\/shop\/"},{"@type":"ListItem","position":3,"name":"Tensiom\u00e8tre JPD-HA120"}]},{"@type":"WebSite","@id":"https:\/\/avmedical.ma\/#website","url":"https:\/\/avmedical.ma\/","name":"AVMEDICAL Maroc","description":"","publisher":{"@id":"https:\/\/avmedical.ma\/#organization"},"potentialAction":[{"@type":"SearchAction","target":{"@type":"EntryPoint","urlTemplate":"https:\/\/avmedical.ma\/?s={search_term_string}"},"query-input":{"@type":"PropertyValueSpecification","valueRequired":true,"valueName":"search_term_string"}}],"inLanguage":"ar"},{"@type":"Organization","@id":"https:\/\/avmedical.ma\/#organization","name":"AVMEDICAL","url":"https:\/\/avmedical.ma\/","logo":{"@type":"ImageObject","inLanguage":"ar","@id":"https:\/\/avmedical.ma\/#\/schema\/logo\/image\/","url":"https:\/\/avmedical.ma\/wp-content\/uploads\/2024\/02\/logo_avmedical_new.png","contentUrl":"https:\/\/avmedical.ma\/wp-content\/uploads\/2024\/02\/logo_avmedical_new.png","width":420,"height":95,"caption":"AVMEDICAL"},"image":{"@id":"https:\/\/avmedical.ma\/#\/schema\/logo\/image\/"}}]}},"_links":{"self":[{"href":"https:\/\/avmedical.ma\/ar\/wp-json\/wp\/v2\/product\/1989","targetHints":{"allow":["GET"]}}],"collection":[{"href":"https:\/\/avmedical.ma\/ar\/wp-json\/wp\/v2\/product"}],"about":[{"href":"https:\/\/avmedical.ma\/ar\/wp-json\/wp\/v2\/types\/product"}],"replies":[{"embeddable":true,"href":"https:\/\/avmedical.ma\/ar\/wp-json\/wp\/v2\/comments?post=1989"}],"wp:featuredmedia":[{"embeddable":true,"href":"https:\/\/avmedical.ma\/ar\/wp-json\/wp\/v2\/media\/1990"}],"wp:attachment":[{"href":"https:\/\/avmedical.ma\/ar\/wp-json\/wp\/v2\/media?parent=1989"}],"wp:term":[{"taxonomy":"product_brand","embeddable":true,"href":"https:\/\/avmedical.ma\/ar\/wp-json\/wp\/v2\/product_brand?post=1989"},{"taxonomy":"product_cat","embeddable":true,"href":"https:\/\/avmedical.ma\/ar\/wp-json\/wp\/v2\/product_cat?post=1989"},{"taxonomy":"product_tag","embeddable":true,"href":"https:\/\/avmedical.ma\/ar\/wp-json\/wp\/v2\/product_tag?post=1989"}],"curies":[{"name":"wp","href":"https:\/\/api.w.org\/{rel}","templated":true}]}}