{"id":1987,"date":"2021-03-03T12:00:28","date_gmt":"2021-03-03T11:00:28","guid":{"rendered":"https:\/\/avmedical.ma\/?post_type=product&#038;p=1987"},"modified":"2024-02-16T00:41:43","modified_gmt":"2024-02-15T23:41:43","slug":"tensiometre-jumper-maroc-3","status":"publish","type":"product","link":"https:\/\/avmedical.ma\/ar\/product\/tensiometre-jumper-maroc-3\/","title":{"rendered":"Tensiom\u00e8tre JPD-900W"},"content":{"rendered":"<p align=\"justify\">Le moniteur compl\u00e8tement automatique de tension art\u00e9rielle de poignet de PULLOVER est \u00e0 l&rsquo;usage de m\u00e9dical les professionnels ou \u00e0 la maison et est une mesure de tension art\u00e9rielle de non-Invaslve le syst\u00e8me a pr\u00e9vu pour mesurer les tensions art\u00e9rielles et l&rsquo;impulsion diastoliques et systoliques \u00e9valuez sur l&rsquo;individu d&rsquo;adulte en employant une technique non envahissante dans laquelle un gonflable la manchette est enroul\u00e9e autour du poignet. La circonf\u00e9rence de manchette est limit\u00e9e \u00e0 6.1023 pouces \u00e0 9.8425 pouces.<\/p>","protected":false},"excerpt":{"rendered":"<p>Le moniteur compl\u00e8tement automatique de tension art\u00e9rielle de poignet de PULLOVER &#8230; <\/p>","protected":false},"featured_media":1988,"comment_status":"open","ping_status":"closed","template":"","meta":[],"product_brand":[],"product_cat":[228],"product_tag":[],"class_list":{"0":"post-1987","1":"product","2":"type-product","3":"status-publish","4":"has-post-thumbnail","6":"product_cat-auto-diagnostic","8":"first","9":"instock","10":"shipping-taxable","11":"product-type-simple"},"yoast_head":"<!-- This site is optimized with the Yoast SEO plugin v27.2 - https:\/\/yoast.com\/product\/yoast-seo-wordpress\/ -->\n<title>Tensiom\u00e8tre JPD-900W - AV MEDICAL<\/title>\n<meta name=\"robots\" content=\"index, follow, max-snippet:-1, max-image-preview:large, max-video-preview:-1\" \/>\n<link rel=\"canonical\" href=\"https:\/\/avmedical.ma\/ar\/product\/tensiometre-jumper-maroc-3\/\" \/>\n<meta property=\"og:locale\" content=\"ar_AR\" \/>\n<meta property=\"og:type\" content=\"article\" \/>\n<meta property=\"og:title\" content=\"Tensiom\u00e8tre JPD-900W - AV MEDICAL\" \/>\n<meta property=\"og:description\" content=\"Le moniteur compl\u00e8tement automatique de tension art\u00e9rielle de poignet de PULLOVER ...\" \/>\n<meta property=\"og:url\" content=\"https:\/\/avmedical.ma\/ar\/product\/tensiometre-jumper-maroc-3\/\" \/>\n<meta property=\"og:site_name\" content=\"AV MEDICAL\" \/>\n<meta property=\"article:modified_time\" content=\"2024-02-15T23:41:43+00:00\" \/>\n<meta property=\"og:image\" content=\"https:\/\/avmedical.ma\/wp-content\/uploads\/2024\/02\/JPD900Wprime.jpg\" \/>\n\t<meta property=\"og:image:width\" content=\"492\" \/>\n\t<meta property=\"og:image:height\" content=\"500\" \/>\n\t<meta property=\"og:image:type\" content=\"image\/jpeg\" \/>\n<meta name=\"twitter:card\" content=\"summary_large_image\" \/>\n<script type=\"application\/ld+json\" class=\"yoast-schema-graph\">{\"@context\":\"https:\/\/schema.org\",\"@graph\":[{\"@type\":\"WebPage\",\"@id\":\"https:\/\/avmedical.ma\/produit\/tensiometre-jumper-maroc-3\/\",\"url\":\"https:\/\/avmedical.ma\/produit\/tensiometre-jumper-maroc-3\/\",\"name\":\"Tensiom\u00e8tre JPD-900W - AV MEDICAL\",\"isPartOf\":{\"@id\":\"https:\/\/avmedical.ma\/#website\"},\"primaryImageOfPage\":{\"@id\":\"https:\/\/avmedical.ma\/produit\/tensiometre-jumper-maroc-3\/#primaryimage\"},\"image\":{\"@id\":\"https:\/\/avmedical.ma\/produit\/tensiometre-jumper-maroc-3\/#primaryimage\"},\"thumbnailUrl\":\"https:\/\/avmedical.ma\/wp-content\/uploads\/2024\/02\/JPD900Wprime.jpg\",\"datePublished\":\"2021-03-03T11:00:28+00:00\",\"dateModified\":\"2024-02-15T23:41:43+00:00\",\"breadcrumb\":{\"@id\":\"https:\/\/avmedical.ma\/produit\/tensiometre-jumper-maroc-3\/#breadcrumb\"},\"inLanguage\":\"ar\",\"potentialAction\":[{\"@type\":\"ReadAction\",\"target\":[\"https:\/\/avmedical.ma\/produit\/tensiometre-jumper-maroc-3\/\"]}]},{\"@type\":\"ImageObject\",\"inLanguage\":\"ar\",\"@id\":\"https:\/\/avmedical.ma\/produit\/tensiometre-jumper-maroc-3\/#primaryimage\",\"url\":\"https:\/\/avmedical.ma\/wp-content\/uploads\/2024\/02\/JPD900Wprime.jpg\",\"contentUrl\":\"https:\/\/avmedical.ma\/wp-content\/uploads\/2024\/02\/JPD900Wprime.jpg\",\"width\":492,\"height\":500},{\"@type\":\"BreadcrumbList\",\"@id\":\"https:\/\/avmedical.ma\/produit\/tensiometre-jumper-maroc-3\/#breadcrumb\",\"itemListElement\":[{\"@type\":\"ListItem\",\"position\":1,\"name\":\"Accueil\",\"item\":\"https:\/\/avmedical.ma\/\"},{\"@type\":\"ListItem\",\"position\":2,\"name\":\"Shop\",\"item\":\"https:\/\/avmedical.ma\/shop\/\"},{\"@type\":\"ListItem\",\"position\":3,\"name\":\"Tensiom\u00e8tre JPD-900W\"}]},{\"@type\":\"WebSite\",\"@id\":\"https:\/\/avmedical.ma\/#website\",\"url\":\"https:\/\/avmedical.ma\/\",\"name\":\"AVMEDICAL Maroc\",\"description\":\"\",\"publisher\":{\"@id\":\"https:\/\/avmedical.ma\/#organization\"},\"potentialAction\":[{\"@type\":\"SearchAction\",\"target\":{\"@type\":\"EntryPoint\",\"urlTemplate\":\"https:\/\/avmedical.ma\/?s={search_term_string}\"},\"query-input\":{\"@type\":\"PropertyValueSpecification\",\"valueRequired\":true,\"valueName\":\"search_term_string\"}}],\"inLanguage\":\"ar\"},{\"@type\":\"Organization\",\"@id\":\"https:\/\/avmedical.ma\/#organization\",\"name\":\"AVMEDICAL\",\"url\":\"https:\/\/avmedical.ma\/\",\"logo\":{\"@type\":\"ImageObject\",\"inLanguage\":\"ar\",\"@id\":\"https:\/\/avmedical.ma\/#\/schema\/logo\/image\/\",\"url\":\"https:\/\/avmedical.ma\/wp-content\/uploads\/2024\/02\/logo_avmedical_new.png\",\"contentUrl\":\"https:\/\/avmedical.ma\/wp-content\/uploads\/2024\/02\/logo_avmedical_new.png\",\"width\":420,\"height\":95,\"caption\":\"AVMEDICAL\"},\"image\":{\"@id\":\"https:\/\/avmedical.ma\/#\/schema\/logo\/image\/\"}}]}<\/script>\n<!-- \/ Yoast SEO plugin. -->","yoast_head_json":{"title":"Tensiom\u00e8tre JPD-900W - AV MEDICAL","robots":{"index":"index","follow":"follow","max-snippet":"max-snippet:-1","max-image-preview":"max-image-preview:large","max-video-preview":"max-video-preview:-1"},"canonical":"https:\/\/avmedical.ma\/ar\/product\/tensiometre-jumper-maroc-3\/","og_locale":"ar_AR","og_type":"article","og_title":"Tensiom\u00e8tre JPD-900W - AV MEDICAL","og_description":"Le moniteur compl\u00e8tement automatique de tension art\u00e9rielle de poignet de PULLOVER ...","og_url":"https:\/\/avmedical.ma\/ar\/product\/tensiometre-jumper-maroc-3\/","og_site_name":"AV MEDICAL","article_modified_time":"2024-02-15T23:41:43+00:00","og_image":[{"width":492,"height":500,"url":"https:\/\/avmedical.ma\/wp-content\/uploads\/2024\/02\/JPD900Wprime.jpg","type":"image\/jpeg"}],"twitter_card":"summary_large_image","schema":{"@context":"https:\/\/schema.org","@graph":[{"@type":"WebPage","@id":"https:\/\/avmedical.ma\/produit\/tensiometre-jumper-maroc-3\/","url":"https:\/\/avmedical.ma\/produit\/tensiometre-jumper-maroc-3\/","name":"Tensiom\u00e8tre JPD-900W - AV MEDICAL","isPartOf":{"@id":"https:\/\/avmedical.ma\/#website"},"primaryImageOfPage":{"@id":"https:\/\/avmedical.ma\/produit\/tensiometre-jumper-maroc-3\/#primaryimage"},"image":{"@id":"https:\/\/avmedical.ma\/produit\/tensiometre-jumper-maroc-3\/#primaryimage"},"thumbnailUrl":"https:\/\/avmedical.ma\/wp-content\/uploads\/2024\/02\/JPD900Wprime.jpg","datePublished":"2021-03-03T11:00:28+00:00","dateModified":"2024-02-15T23:41:43+00:00","breadcrumb":{"@id":"https:\/\/avmedical.ma\/produit\/tensiometre-jumper-maroc-3\/#breadcrumb"},"inLanguage":"ar","potentialAction":[{"@type":"ReadAction","target":["https:\/\/avmedical.ma\/produit\/tensiometre-jumper-maroc-3\/"]}]},{"@type":"ImageObject","inLanguage":"ar","@id":"https:\/\/avmedical.ma\/produit\/tensiometre-jumper-maroc-3\/#primaryimage","url":"https:\/\/avmedical.ma\/wp-content\/uploads\/2024\/02\/JPD900Wprime.jpg","contentUrl":"https:\/\/avmedical.ma\/wp-content\/uploads\/2024\/02\/JPD900Wprime.jpg","width":492,"height":500},{"@type":"BreadcrumbList","@id":"https:\/\/avmedical.ma\/produit\/tensiometre-jumper-maroc-3\/#breadcrumb","itemListElement":[{"@type":"ListItem","position":1,"name":"Accueil","item":"https:\/\/avmedical.ma\/"},{"@type":"ListItem","position":2,"name":"Shop","item":"https:\/\/avmedical.ma\/shop\/"},{"@type":"ListItem","position":3,"name":"Tensiom\u00e8tre JPD-900W"}]},{"@type":"WebSite","@id":"https:\/\/avmedical.ma\/#website","url":"https:\/\/avmedical.ma\/","name":"AVMEDICAL Maroc","description":"","publisher":{"@id":"https:\/\/avmedical.ma\/#organization"},"potentialAction":[{"@type":"SearchAction","target":{"@type":"EntryPoint","urlTemplate":"https:\/\/avmedical.ma\/?s={search_term_string}"},"query-input":{"@type":"PropertyValueSpecification","valueRequired":true,"valueName":"search_term_string"}}],"inLanguage":"ar"},{"@type":"Organization","@id":"https:\/\/avmedical.ma\/#organization","name":"AVMEDICAL","url":"https:\/\/avmedical.ma\/","logo":{"@type":"ImageObject","inLanguage":"ar","@id":"https:\/\/avmedical.ma\/#\/schema\/logo\/image\/","url":"https:\/\/avmedical.ma\/wp-content\/uploads\/2024\/02\/logo_avmedical_new.png","contentUrl":"https:\/\/avmedical.ma\/wp-content\/uploads\/2024\/02\/logo_avmedical_new.png","width":420,"height":95,"caption":"AVMEDICAL"},"image":{"@id":"https:\/\/avmedical.ma\/#\/schema\/logo\/image\/"}}]}},"_links":{"self":[{"href":"https:\/\/avmedical.ma\/ar\/wp-json\/wp\/v2\/product\/1987","targetHints":{"allow":["GET"]}}],"collection":[{"href":"https:\/\/avmedical.ma\/ar\/wp-json\/wp\/v2\/product"}],"about":[{"href":"https:\/\/avmedical.ma\/ar\/wp-json\/wp\/v2\/types\/product"}],"replies":[{"embeddable":true,"href":"https:\/\/avmedical.ma\/ar\/wp-json\/wp\/v2\/comments?post=1987"}],"wp:featuredmedia":[{"embeddable":true,"href":"https:\/\/avmedical.ma\/ar\/wp-json\/wp\/v2\/media\/1988"}],"wp:attachment":[{"href":"https:\/\/avmedical.ma\/ar\/wp-json\/wp\/v2\/media?parent=1987"}],"wp:term":[{"taxonomy":"product_brand","embeddable":true,"href":"https:\/\/avmedical.ma\/ar\/wp-json\/wp\/v2\/product_brand?post=1987"},{"taxonomy":"product_cat","embeddable":true,"href":"https:\/\/avmedical.ma\/ar\/wp-json\/wp\/v2\/product_cat?post=1987"},{"taxonomy":"product_tag","embeddable":true,"href":"https:\/\/avmedical.ma\/ar\/wp-json\/wp\/v2\/product_tag?post=1987"}],"curies":[{"name":"wp","href":"https:\/\/api.w.org\/{rel}","templated":true}]}}