{"id":1983,"date":"2021-03-03T11:50:24","date_gmt":"2021-03-03T10:50:24","guid":{"rendered":"https:\/\/avmedical.ma\/?post_type=product&#038;p=1983"},"modified":"2024-02-16T00:41:42","modified_gmt":"2024-02-15T23:41:42","slug":"oxymetre-jumper-maroc","status":"publish","type":"product","link":"https:\/\/avmedical.ma\/ar\/product\/oxymetre-jumper-maroc\/","title":{"rendered":"Oxym\u00e8tre JPD-500E"},"content":{"rendered":"<p align=\"justify\">L&rsquo;oxym\u00e8tre Jumper est parfait pour tous les professionnel du secteur de la sant\u00e9 qui souhaite un appareil performant pour la mesure de la saturation et de la fr\u00e9quence cardiaque de leurs patients.<br \/>\nLes particuliers pourront trouveront \u00e9galement un appareil facile d&rsquo;utilisation pour mesurer le taux d&rsquo;oxyg\u00e8ne dans le sang en quelques secondes.<br \/>\nUn mod\u00e8le de saturom\u00e8tre portable, que vous emporterez ais\u00e9ment lors de vos gardes en tant qu&rsquo;infirmi\u00e8re, et lors de vos tourn\u00e9es en tant que lib\u00e9rale.<br \/>\nSimple \u00e0 utiliser : il suffit de mettre le saturom\u00e8tre en place en respectant les consignes d&rsquo;utilisation (pas de vernis \u00e0 ongles, \u00e9viter les mains froides, ne pas bouger pendant la mesure&#8230;) et les r\u00e9sultats s&rsquo;afficheront en quelques secondes.<\/p>\n<p>\u00c9cran LED HD lumineux haute visibilit\u00e9.<br \/>\n\u2022 Affichage de mesure SpO2.<br \/>\n\u2022 Affichage de la fr\u00e9quence cardiaque.<br \/>\n\u2022 Rev\u00e8tement sp\u00e9cial en silicone souple pour une mesure claire et<br \/>\nconfortable.<br \/>\n\u2022 Un capteur et une LED optimis\u00e9s permettent de mesurer la SpO2 et<br \/>\nle pouls m\u00eame en cas de mauvaise circulation sanguine.<br \/>\n\u2022 Avec fonction d\u2019alarme, qui alerte les patients en cas de changement<br \/>\ndes valeurs de SpO2 et de la fr\u00e9quence cardiaque .<br \/>\n\u2022 Convient pour la surveillance de l\u2019oxyg\u00e9noth\u00e9rapie.<br \/>\n\u2022 Convient \u00e0 tous les groupes d\u2019\u00e2ges.<br \/>\n\u2022 Indicateur en cas de batterie faible.<\/p>","protected":false},"excerpt":{"rendered":"<p>L&rsquo;oxym\u00e8tre Jumper est parfait pour tous les professionnel du secteur de &#8230; <\/p>","protected":false},"featured_media":1984,"comment_status":"open","ping_status":"closed","template":"","meta":[],"product_brand":[],"product_cat":[228],"product_tag":[],"class_list":{"0":"post-1983","1":"product","2":"type-product","3":"status-publish","4":"has-post-thumbnail","6":"product_cat-auto-diagnostic","8":"first","9":"instock","10":"shipping-taxable","11":"product-type-simple"},"yoast_head":"<!-- This site is optimized with the Yoast SEO plugin v27.2 - https:\/\/yoast.com\/product\/yoast-seo-wordpress\/ -->\n<title>Oxym\u00e8tre JPD-500E - AV MEDICAL<\/title>\n<meta name=\"robots\" content=\"index, follow, max-snippet:-1, max-image-preview:large, max-video-preview:-1\" \/>\n<link rel=\"canonical\" href=\"https:\/\/avmedical.ma\/ar\/product\/oxymetre-jumper-maroc\/\" \/>\n<meta property=\"og:locale\" content=\"ar_AR\" \/>\n<meta property=\"og:type\" content=\"article\" \/>\n<meta property=\"og:title\" content=\"Oxym\u00e8tre JPD-500E - AV MEDICAL\" \/>\n<meta property=\"og:description\" content=\"L&rsquo;oxym\u00e8tre Jumper est parfait pour tous les professionnel du secteur de ...\" \/>\n<meta property=\"og:url\" content=\"https:\/\/avmedical.ma\/ar\/product\/oxymetre-jumper-maroc\/\" \/>\n<meta property=\"og:site_name\" content=\"AV MEDICAL\" \/>\n<meta property=\"article:modified_time\" content=\"2024-02-15T23:41:42+00:00\" \/>\n<meta property=\"og:image\" content=\"https:\/\/avmedical.ma\/wp-content\/uploads\/2024\/02\/JPD500E.png\" \/>\n\t<meta property=\"og:image:width\" content=\"492\" \/>\n\t<meta property=\"og:image:height\" content=\"427\" \/>\n\t<meta property=\"og:image:type\" content=\"image\/png\" \/>\n<meta name=\"twitter:card\" content=\"summary_large_image\" \/>\n<meta name=\"twitter:label1\" content=\"\u0648\u0642\u062a \u0627\u0644\u0642\u0631\u0627\u0621\u0629 \u0627\u0644\u0645\u064f\u0642\u062f\u0651\u0631\" \/>\n\t<meta name=\"twitter:data1\" content=\"\u062f\u0642\u064a\u0642\u0629 \u0648\u0627\u062d\u062f\u0629\" \/>\n<script type=\"application\/ld+json\" class=\"yoast-schema-graph\">{\"@context\":\"https:\/\/schema.org\",\"@graph\":[{\"@type\":\"WebPage\",\"@id\":\"https:\/\/avmedical.ma\/produit\/oxymetre-jumper-maroc\/\",\"url\":\"https:\/\/avmedical.ma\/produit\/oxymetre-jumper-maroc\/\",\"name\":\"Oxym\u00e8tre JPD-500E - AV MEDICAL\",\"isPartOf\":{\"@id\":\"https:\/\/avmedical.ma\/#website\"},\"primaryImageOfPage\":{\"@id\":\"https:\/\/avmedical.ma\/produit\/oxymetre-jumper-maroc\/#primaryimage\"},\"image\":{\"@id\":\"https:\/\/avmedical.ma\/produit\/oxymetre-jumper-maroc\/#primaryimage\"},\"thumbnailUrl\":\"https:\/\/avmedical.ma\/wp-content\/uploads\/2024\/02\/JPD500E.png\",\"datePublished\":\"2021-03-03T10:50:24+00:00\",\"dateModified\":\"2024-02-15T23:41:42+00:00\",\"breadcrumb\":{\"@id\":\"https:\/\/avmedical.ma\/produit\/oxymetre-jumper-maroc\/#breadcrumb\"},\"inLanguage\":\"ar\",\"potentialAction\":[{\"@type\":\"ReadAction\",\"target\":[\"https:\/\/avmedical.ma\/produit\/oxymetre-jumper-maroc\/\"]}]},{\"@type\":\"ImageObject\",\"inLanguage\":\"ar\",\"@id\":\"https:\/\/avmedical.ma\/produit\/oxymetre-jumper-maroc\/#primaryimage\",\"url\":\"https:\/\/avmedical.ma\/wp-content\/uploads\/2024\/02\/JPD500E.png\",\"contentUrl\":\"https:\/\/avmedical.ma\/wp-content\/uploads\/2024\/02\/JPD500E.png\",\"width\":492,\"height\":427},{\"@type\":\"BreadcrumbList\",\"@id\":\"https:\/\/avmedical.ma\/produit\/oxymetre-jumper-maroc\/#breadcrumb\",\"itemListElement\":[{\"@type\":\"ListItem\",\"position\":1,\"name\":\"Accueil\",\"item\":\"https:\/\/avmedical.ma\/\"},{\"@type\":\"ListItem\",\"position\":2,\"name\":\"Shop\",\"item\":\"https:\/\/avmedical.ma\/shop\/\"},{\"@type\":\"ListItem\",\"position\":3,\"name\":\"Oxym\u00e8tre JPD-500E\"}]},{\"@type\":\"WebSite\",\"@id\":\"https:\/\/avmedical.ma\/#website\",\"url\":\"https:\/\/avmedical.ma\/\",\"name\":\"AVMEDICAL Maroc\",\"description\":\"\",\"publisher\":{\"@id\":\"https:\/\/avmedical.ma\/#organization\"},\"potentialAction\":[{\"@type\":\"SearchAction\",\"target\":{\"@type\":\"EntryPoint\",\"urlTemplate\":\"https:\/\/avmedical.ma\/?s={search_term_string}\"},\"query-input\":{\"@type\":\"PropertyValueSpecification\",\"valueRequired\":true,\"valueName\":\"search_term_string\"}}],\"inLanguage\":\"ar\"},{\"@type\":\"Organization\",\"@id\":\"https:\/\/avmedical.ma\/#organization\",\"name\":\"AVMEDICAL\",\"url\":\"https:\/\/avmedical.ma\/\",\"logo\":{\"@type\":\"ImageObject\",\"inLanguage\":\"ar\",\"@id\":\"https:\/\/avmedical.ma\/#\/schema\/logo\/image\/\",\"url\":\"https:\/\/avmedical.ma\/wp-content\/uploads\/2024\/02\/logo_avmedical_new.png\",\"contentUrl\":\"https:\/\/avmedical.ma\/wp-content\/uploads\/2024\/02\/logo_avmedical_new.png\",\"width\":420,\"height\":95,\"caption\":\"AVMEDICAL\"},\"image\":{\"@id\":\"https:\/\/avmedical.ma\/#\/schema\/logo\/image\/\"}}]}<\/script>\n<!-- \/ Yoast SEO plugin. -->","yoast_head_json":{"title":"Oxym\u00e8tre JPD-500E - AV MEDICAL","robots":{"index":"index","follow":"follow","max-snippet":"max-snippet:-1","max-image-preview":"max-image-preview:large","max-video-preview":"max-video-preview:-1"},"canonical":"https:\/\/avmedical.ma\/ar\/product\/oxymetre-jumper-maroc\/","og_locale":"ar_AR","og_type":"article","og_title":"Oxym\u00e8tre JPD-500E - AV MEDICAL","og_description":"L&rsquo;oxym\u00e8tre Jumper est parfait pour tous les professionnel du secteur de ...","og_url":"https:\/\/avmedical.ma\/ar\/product\/oxymetre-jumper-maroc\/","og_site_name":"AV MEDICAL","article_modified_time":"2024-02-15T23:41:42+00:00","og_image":[{"width":492,"height":427,"url":"https:\/\/avmedical.ma\/wp-content\/uploads\/2024\/02\/JPD500E.png","type":"image\/png"}],"twitter_card":"summary_large_image","twitter_misc":{"\u0648\u0642\u062a \u0627\u0644\u0642\u0631\u0627\u0621\u0629 \u0627\u0644\u0645\u064f\u0642\u062f\u0651\u0631":"\u062f\u0642\u064a\u0642\u0629 \u0648\u0627\u062d\u062f\u0629"},"schema":{"@context":"https:\/\/schema.org","@graph":[{"@type":"WebPage","@id":"https:\/\/avmedical.ma\/produit\/oxymetre-jumper-maroc\/","url":"https:\/\/avmedical.ma\/produit\/oxymetre-jumper-maroc\/","name":"Oxym\u00e8tre JPD-500E - AV MEDICAL","isPartOf":{"@id":"https:\/\/avmedical.ma\/#website"},"primaryImageOfPage":{"@id":"https:\/\/avmedical.ma\/produit\/oxymetre-jumper-maroc\/#primaryimage"},"image":{"@id":"https:\/\/avmedical.ma\/produit\/oxymetre-jumper-maroc\/#primaryimage"},"thumbnailUrl":"https:\/\/avmedical.ma\/wp-content\/uploads\/2024\/02\/JPD500E.png","datePublished":"2021-03-03T10:50:24+00:00","dateModified":"2024-02-15T23:41:42+00:00","breadcrumb":{"@id":"https:\/\/avmedical.ma\/produit\/oxymetre-jumper-maroc\/#breadcrumb"},"inLanguage":"ar","potentialAction":[{"@type":"ReadAction","target":["https:\/\/avmedical.ma\/produit\/oxymetre-jumper-maroc\/"]}]},{"@type":"ImageObject","inLanguage":"ar","@id":"https:\/\/avmedical.ma\/produit\/oxymetre-jumper-maroc\/#primaryimage","url":"https:\/\/avmedical.ma\/wp-content\/uploads\/2024\/02\/JPD500E.png","contentUrl":"https:\/\/avmedical.ma\/wp-content\/uploads\/2024\/02\/JPD500E.png","width":492,"height":427},{"@type":"BreadcrumbList","@id":"https:\/\/avmedical.ma\/produit\/oxymetre-jumper-maroc\/#breadcrumb","itemListElement":[{"@type":"ListItem","position":1,"name":"Accueil","item":"https:\/\/avmedical.ma\/"},{"@type":"ListItem","position":2,"name":"Shop","item":"https:\/\/avmedical.ma\/shop\/"},{"@type":"ListItem","position":3,"name":"Oxym\u00e8tre JPD-500E"}]},{"@type":"WebSite","@id":"https:\/\/avmedical.ma\/#website","url":"https:\/\/avmedical.ma\/","name":"AVMEDICAL Maroc","description":"","publisher":{"@id":"https:\/\/avmedical.ma\/#organization"},"potentialAction":[{"@type":"SearchAction","target":{"@type":"EntryPoint","urlTemplate":"https:\/\/avmedical.ma\/?s={search_term_string}"},"query-input":{"@type":"PropertyValueSpecification","valueRequired":true,"valueName":"search_term_string"}}],"inLanguage":"ar"},{"@type":"Organization","@id":"https:\/\/avmedical.ma\/#organization","name":"AVMEDICAL","url":"https:\/\/avmedical.ma\/","logo":{"@type":"ImageObject","inLanguage":"ar","@id":"https:\/\/avmedical.ma\/#\/schema\/logo\/image\/","url":"https:\/\/avmedical.ma\/wp-content\/uploads\/2024\/02\/logo_avmedical_new.png","contentUrl":"https:\/\/avmedical.ma\/wp-content\/uploads\/2024\/02\/logo_avmedical_new.png","width":420,"height":95,"caption":"AVMEDICAL"},"image":{"@id":"https:\/\/avmedical.ma\/#\/schema\/logo\/image\/"}}]}},"_links":{"self":[{"href":"https:\/\/avmedical.ma\/ar\/wp-json\/wp\/v2\/product\/1983","targetHints":{"allow":["GET"]}}],"collection":[{"href":"https:\/\/avmedical.ma\/ar\/wp-json\/wp\/v2\/product"}],"about":[{"href":"https:\/\/avmedical.ma\/ar\/wp-json\/wp\/v2\/types\/product"}],"replies":[{"embeddable":true,"href":"https:\/\/avmedical.ma\/ar\/wp-json\/wp\/v2\/comments?post=1983"}],"wp:featuredmedia":[{"embeddable":true,"href":"https:\/\/avmedical.ma\/ar\/wp-json\/wp\/v2\/media\/1984"}],"wp:attachment":[{"href":"https:\/\/avmedical.ma\/ar\/wp-json\/wp\/v2\/media?parent=1983"}],"wp:term":[{"taxonomy":"product_brand","embeddable":true,"href":"https:\/\/avmedical.ma\/ar\/wp-json\/wp\/v2\/product_brand?post=1983"},{"taxonomy":"product_cat","embeddable":true,"href":"https:\/\/avmedical.ma\/ar\/wp-json\/wp\/v2\/product_cat?post=1983"},{"taxonomy":"product_tag","embeddable":true,"href":"https:\/\/avmedical.ma\/ar\/wp-json\/wp\/v2\/product_tag?post=1983"}],"curies":[{"name":"wp","href":"https:\/\/api.w.org\/{rel}","templated":true}]}}