{"id":1981,"date":"2021-03-03T11:40:17","date_gmt":"2021-03-03T10:40:17","guid":{"rendered":"https:\/\/avmedical.ma\/?post_type=product&#038;p=1981"},"modified":"2024-02-16T00:41:41","modified_gmt":"2024-02-15T23:41:41","slug":"oxymetre-jumper-maroc-2","status":"publish","type":"product","link":"https:\/\/avmedical.ma\/ar\/product\/oxymetre-jumper-maroc-2\/","title":{"rendered":"Oxym\u00e8tre JPD-500G"},"content":{"rendered":"<p align=\"justify\">Surveillance du niveau d&rsquo;oxyg\u00e8ne dans le sang (SpO2), de la fr\u00e9quence du pouls (PR) et de l&rsquo;indice de perfusion (PI).<br \/>\n\u2022 Haute pr\u00e9cision et indication de mesure en temps r\u00e9el. Obtenez des lectures m\u00eame si l&rsquo;indice de perfusion sanguine est aussi bas que 0,3%. Bon assistant pour les m\u00e9decins et les infirmi\u00e8res.<br \/>\n\u2022 Grand \u00e9cran HD et bo\u00eetier en silicone souple unique pour une mesure claire et confortable.<br \/>\n\u2022 Fonction d&rsquo;alarme. L&rsquo;alarme auditive peut \u00eatre r\u00e9gl\u00e9e pour vous avertir lorsque votre SpO2 et votre fr\u00e9quence cardiaque d\u00e9passent les limites d\u00e9finies.<br \/>\n\u2022 Convient \u00e0 tous les \u00e2ges. Chambre pour les doigts avec syst\u00e8me de ressort intelligent. Convient \u00e0 une large gamme de tailles de doigts &#8211; enfants \u00e0 adultes.<br \/>\n\u2022 Luminosit\u00e9 r\u00e9glable.<br \/>\n\u2022 [Option] Synchronisation en temps r\u00e9el avec APP gratuite via Bluetooth pour enregistrer et stocker les donn\u00e9es du niveau d&rsquo;oxyg\u00e8ne dans le sang<br \/>\n(SpO2), de la fr\u00e9quence du pouls (PR) et de l&rsquo;indice de perfusion (PI) sur le cloud.<\/p>\n<p>Sp\u00e9cifications:<br \/>\nAffichage:<br \/>\nPr\u00e9cision de l&rsquo; \u00e9cran LED HD : SpO2: 70% -99%, \u00b1 2%<br \/>\nFr\u00e9quence du pouls: 35bpm-250bpm, \u00b1 2bpm<br \/>\nIndice de perfusion: 0,3% -20,0%<br \/>\nBatterie: AAAX2<\/p>\n<p>Dimensions: 58,2 \u00d7 32,2 \u00d7 32,0 mm<br \/>\nPoids (sans piles): 51,5 g<br \/>\nParam\u00e8tres: fr\u00e9quence du pouls, SpO2, indice de perfusion<br \/>\nIndication: batterie faible<br \/>\nGamme d&rsquo;application: adulte, adolescent, enfant<\/p>\n","protected":false},"excerpt":{"rendered":"<p>Surveillance du niveau d&rsquo;oxyg\u00e8ne dans le sang (SpO2), de la fr\u00e9quence &#8230; <\/p>","protected":false},"featured_media":1982,"comment_status":"open","ping_status":"closed","template":"","meta":[],"product_brand":[],"product_cat":[228],"product_tag":[],"class_list":{"0":"post-1981","1":"product","2":"type-product","3":"status-publish","4":"has-post-thumbnail","6":"product_cat-auto-diagnostic","8":"first","9":"instock","10":"shipping-taxable","11":"product-type-simple"},"yoast_head":"<!-- This site is optimized with the Yoast SEO plugin v27.2 - https:\/\/yoast.com\/product\/yoast-seo-wordpress\/ -->\n<title>Oxym\u00e8tre JPD-500G - AV MEDICAL<\/title>\n<meta name=\"robots\" content=\"index, follow, max-snippet:-1, max-image-preview:large, max-video-preview:-1\" \/>\n<link rel=\"canonical\" href=\"https:\/\/avmedical.ma\/ar\/product\/oxymetre-jumper-maroc-2\/\" \/>\n<meta property=\"og:locale\" content=\"ar_AR\" \/>\n<meta property=\"og:type\" content=\"article\" \/>\n<meta property=\"og:title\" content=\"Oxym\u00e8tre JPD-500G - AV MEDICAL\" \/>\n<meta property=\"og:description\" content=\"Surveillance du niveau d&rsquo;oxyg\u00e8ne dans le sang (SpO2), de la fr\u00e9quence ...\" \/>\n<meta property=\"og:url\" content=\"https:\/\/avmedical.ma\/ar\/product\/oxymetre-jumper-maroc-2\/\" \/>\n<meta property=\"og:site_name\" content=\"AV MEDICAL\" \/>\n<meta property=\"article:modified_time\" content=\"2024-02-15T23:41:41+00:00\" \/>\n<meta property=\"og:image\" content=\"https:\/\/avmedical.ma\/wp-content\/uploads\/2024\/02\/JPD500G.png\" \/>\n\t<meta property=\"og:image:width\" content=\"492\" \/>\n\t<meta property=\"og:image:height\" content=\"427\" \/>\n\t<meta property=\"og:image:type\" content=\"image\/png\" \/>\n<meta name=\"twitter:card\" content=\"summary_large_image\" \/>\n<meta name=\"twitter:label1\" content=\"\u0648\u0642\u062a \u0627\u0644\u0642\u0631\u0627\u0621\u0629 \u0627\u0644\u0645\u064f\u0642\u062f\u0651\u0631\" \/>\n\t<meta name=\"twitter:data1\" content=\"\u062f\u0642\u064a\u0642\u0629 \u0648\u0627\u062d\u062f\u0629\" \/>\n<script type=\"application\/ld+json\" class=\"yoast-schema-graph\">{\"@context\":\"https:\/\/schema.org\",\"@graph\":[{\"@type\":\"WebPage\",\"@id\":\"https:\/\/avmedical.ma\/produit\/oxymetre-jumper-maroc-2\/\",\"url\":\"https:\/\/avmedical.ma\/produit\/oxymetre-jumper-maroc-2\/\",\"name\":\"Oxym\u00e8tre JPD-500G - AV MEDICAL\",\"isPartOf\":{\"@id\":\"https:\/\/avmedical.ma\/#website\"},\"primaryImageOfPage\":{\"@id\":\"https:\/\/avmedical.ma\/produit\/oxymetre-jumper-maroc-2\/#primaryimage\"},\"image\":{\"@id\":\"https:\/\/avmedical.ma\/produit\/oxymetre-jumper-maroc-2\/#primaryimage\"},\"thumbnailUrl\":\"https:\/\/avmedical.ma\/wp-content\/uploads\/2024\/02\/JPD500G.png\",\"datePublished\":\"2021-03-03T10:40:17+00:00\",\"dateModified\":\"2024-02-15T23:41:41+00:00\",\"breadcrumb\":{\"@id\":\"https:\/\/avmedical.ma\/produit\/oxymetre-jumper-maroc-2\/#breadcrumb\"},\"inLanguage\":\"ar\",\"potentialAction\":[{\"@type\":\"ReadAction\",\"target\":[\"https:\/\/avmedical.ma\/produit\/oxymetre-jumper-maroc-2\/\"]}]},{\"@type\":\"ImageObject\",\"inLanguage\":\"ar\",\"@id\":\"https:\/\/avmedical.ma\/produit\/oxymetre-jumper-maroc-2\/#primaryimage\",\"url\":\"https:\/\/avmedical.ma\/wp-content\/uploads\/2024\/02\/JPD500G.png\",\"contentUrl\":\"https:\/\/avmedical.ma\/wp-content\/uploads\/2024\/02\/JPD500G.png\",\"width\":492,\"height\":427},{\"@type\":\"BreadcrumbList\",\"@id\":\"https:\/\/avmedical.ma\/produit\/oxymetre-jumper-maroc-2\/#breadcrumb\",\"itemListElement\":[{\"@type\":\"ListItem\",\"position\":1,\"name\":\"Accueil\",\"item\":\"https:\/\/avmedical.ma\/\"},{\"@type\":\"ListItem\",\"position\":2,\"name\":\"Shop\",\"item\":\"https:\/\/avmedical.ma\/shop\/\"},{\"@type\":\"ListItem\",\"position\":3,\"name\":\"Oxym\u00e8tre JPD-500G\"}]},{\"@type\":\"WebSite\",\"@id\":\"https:\/\/avmedical.ma\/#website\",\"url\":\"https:\/\/avmedical.ma\/\",\"name\":\"AVMEDICAL Maroc\",\"description\":\"\",\"publisher\":{\"@id\":\"https:\/\/avmedical.ma\/#organization\"},\"potentialAction\":[{\"@type\":\"SearchAction\",\"target\":{\"@type\":\"EntryPoint\",\"urlTemplate\":\"https:\/\/avmedical.ma\/?s={search_term_string}\"},\"query-input\":{\"@type\":\"PropertyValueSpecification\",\"valueRequired\":true,\"valueName\":\"search_term_string\"}}],\"inLanguage\":\"ar\"},{\"@type\":\"Organization\",\"@id\":\"https:\/\/avmedical.ma\/#organization\",\"name\":\"AVMEDICAL\",\"url\":\"https:\/\/avmedical.ma\/\",\"logo\":{\"@type\":\"ImageObject\",\"inLanguage\":\"ar\",\"@id\":\"https:\/\/avmedical.ma\/#\/schema\/logo\/image\/\",\"url\":\"https:\/\/avmedical.ma\/wp-content\/uploads\/2024\/02\/logo_avmedical_new.png\",\"contentUrl\":\"https:\/\/avmedical.ma\/wp-content\/uploads\/2024\/02\/logo_avmedical_new.png\",\"width\":420,\"height\":95,\"caption\":\"AVMEDICAL\"},\"image\":{\"@id\":\"https:\/\/avmedical.ma\/#\/schema\/logo\/image\/\"}}]}<\/script>\n<!-- \/ Yoast SEO plugin. -->","yoast_head_json":{"title":"Oxym\u00e8tre JPD-500G - AV MEDICAL","robots":{"index":"index","follow":"follow","max-snippet":"max-snippet:-1","max-image-preview":"max-image-preview:large","max-video-preview":"max-video-preview:-1"},"canonical":"https:\/\/avmedical.ma\/ar\/product\/oxymetre-jumper-maroc-2\/","og_locale":"ar_AR","og_type":"article","og_title":"Oxym\u00e8tre JPD-500G - AV MEDICAL","og_description":"Surveillance du niveau d&rsquo;oxyg\u00e8ne dans le sang (SpO2), de la fr\u00e9quence ...","og_url":"https:\/\/avmedical.ma\/ar\/product\/oxymetre-jumper-maroc-2\/","og_site_name":"AV MEDICAL","article_modified_time":"2024-02-15T23:41:41+00:00","og_image":[{"width":492,"height":427,"url":"https:\/\/avmedical.ma\/wp-content\/uploads\/2024\/02\/JPD500G.png","type":"image\/png"}],"twitter_card":"summary_large_image","twitter_misc":{"\u0648\u0642\u062a \u0627\u0644\u0642\u0631\u0627\u0621\u0629 \u0627\u0644\u0645\u064f\u0642\u062f\u0651\u0631":"\u062f\u0642\u064a\u0642\u0629 \u0648\u0627\u062d\u062f\u0629"},"schema":{"@context":"https:\/\/schema.org","@graph":[{"@type":"WebPage","@id":"https:\/\/avmedical.ma\/produit\/oxymetre-jumper-maroc-2\/","url":"https:\/\/avmedical.ma\/produit\/oxymetre-jumper-maroc-2\/","name":"Oxym\u00e8tre JPD-500G - AV MEDICAL","isPartOf":{"@id":"https:\/\/avmedical.ma\/#website"},"primaryImageOfPage":{"@id":"https:\/\/avmedical.ma\/produit\/oxymetre-jumper-maroc-2\/#primaryimage"},"image":{"@id":"https:\/\/avmedical.ma\/produit\/oxymetre-jumper-maroc-2\/#primaryimage"},"thumbnailUrl":"https:\/\/avmedical.ma\/wp-content\/uploads\/2024\/02\/JPD500G.png","datePublished":"2021-03-03T10:40:17+00:00","dateModified":"2024-02-15T23:41:41+00:00","breadcrumb":{"@id":"https:\/\/avmedical.ma\/produit\/oxymetre-jumper-maroc-2\/#breadcrumb"},"inLanguage":"ar","potentialAction":[{"@type":"ReadAction","target":["https:\/\/avmedical.ma\/produit\/oxymetre-jumper-maroc-2\/"]}]},{"@type":"ImageObject","inLanguage":"ar","@id":"https:\/\/avmedical.ma\/produit\/oxymetre-jumper-maroc-2\/#primaryimage","url":"https:\/\/avmedical.ma\/wp-content\/uploads\/2024\/02\/JPD500G.png","contentUrl":"https:\/\/avmedical.ma\/wp-content\/uploads\/2024\/02\/JPD500G.png","width":492,"height":427},{"@type":"BreadcrumbList","@id":"https:\/\/avmedical.ma\/produit\/oxymetre-jumper-maroc-2\/#breadcrumb","itemListElement":[{"@type":"ListItem","position":1,"name":"Accueil","item":"https:\/\/avmedical.ma\/"},{"@type":"ListItem","position":2,"name":"Shop","item":"https:\/\/avmedical.ma\/shop\/"},{"@type":"ListItem","position":3,"name":"Oxym\u00e8tre JPD-500G"}]},{"@type":"WebSite","@id":"https:\/\/avmedical.ma\/#website","url":"https:\/\/avmedical.ma\/","name":"AVMEDICAL Maroc","description":"","publisher":{"@id":"https:\/\/avmedical.ma\/#organization"},"potentialAction":[{"@type":"SearchAction","target":{"@type":"EntryPoint","urlTemplate":"https:\/\/avmedical.ma\/?s={search_term_string}"},"query-input":{"@type":"PropertyValueSpecification","valueRequired":true,"valueName":"search_term_string"}}],"inLanguage":"ar"},{"@type":"Organization","@id":"https:\/\/avmedical.ma\/#organization","name":"AVMEDICAL","url":"https:\/\/avmedical.ma\/","logo":{"@type":"ImageObject","inLanguage":"ar","@id":"https:\/\/avmedical.ma\/#\/schema\/logo\/image\/","url":"https:\/\/avmedical.ma\/wp-content\/uploads\/2024\/02\/logo_avmedical_new.png","contentUrl":"https:\/\/avmedical.ma\/wp-content\/uploads\/2024\/02\/logo_avmedical_new.png","width":420,"height":95,"caption":"AVMEDICAL"},"image":{"@id":"https:\/\/avmedical.ma\/#\/schema\/logo\/image\/"}}]}},"_links":{"self":[{"href":"https:\/\/avmedical.ma\/ar\/wp-json\/wp\/v2\/product\/1981","targetHints":{"allow":["GET"]}}],"collection":[{"href":"https:\/\/avmedical.ma\/ar\/wp-json\/wp\/v2\/product"}],"about":[{"href":"https:\/\/avmedical.ma\/ar\/wp-json\/wp\/v2\/types\/product"}],"replies":[{"embeddable":true,"href":"https:\/\/avmedical.ma\/ar\/wp-json\/wp\/v2\/comments?post=1981"}],"wp:featuredmedia":[{"embeddable":true,"href":"https:\/\/avmedical.ma\/ar\/wp-json\/wp\/v2\/media\/1982"}],"wp:attachment":[{"href":"https:\/\/avmedical.ma\/ar\/wp-json\/wp\/v2\/media?parent=1981"}],"wp:term":[{"taxonomy":"product_brand","embeddable":true,"href":"https:\/\/avmedical.ma\/ar\/wp-json\/wp\/v2\/product_brand?post=1981"},{"taxonomy":"product_cat","embeddable":true,"href":"https:\/\/avmedical.ma\/ar\/wp-json\/wp\/v2\/product_cat?post=1981"},{"taxonomy":"product_tag","embeddable":true,"href":"https:\/\/avmedical.ma\/ar\/wp-json\/wp\/v2\/product_tag?post=1981"}],"curies":[{"name":"wp","href":"https:\/\/api.w.org\/{rel}","templated":true}]}}