{"id":1972,"date":"2020-11-20T12:56:17","date_gmt":"2020-11-20T11:56:17","guid":{"rendered":"https:\/\/avmedical.ma\/?post_type=product&#038;p=1972"},"modified":"2024-02-18T22:21:27","modified_gmt":"2024-02-18T21:21:27","slug":"nebuliseur-portable-omron","status":"publish","type":"product","link":"https:\/\/avmedical.ma\/ar\/product\/nebuliseur-portable-omron\/","title":{"rendered":"N\u00e9buliseur portable"},"content":{"rendered":"<ul>\n<li>N\u00e9buliseur \u00e0 ultra-son de poche compact et efficace offrant une mobilit\u00e9 optimale.<\/li>\n<li>N\u00e9buliseur de Poche MICRO AIR Omron<\/li>\n<li>N\u00e9buliseur efficace dans toutes les positions.<\/li>\n<li>Cet appareil est silencieux et discret (moins de 5dB).<\/li>\n<li>Son utilisation est simple gr\u00e2ce \u00e0 un bouton unique.<\/li>\n<li>Le traitement \u00e0 court terme est possible gr\u00e2ce \u00e0 sa tr\u00e8s grande efficacit\u00e9.<\/li>\n<li>Il convient \u00e0 tous les types et formes de m\u00e9dication.<\/li>\n<li>Cet appareil est facile \u00e0 entretenir et \u00e0 nettoyer.<\/li>\n<li>Caract\u00e9ristiques techniques &#8211; N\u00e9buliseur de Poche MICRO AIR Omron<\/li>\n<li>Alimentation par piles (fournies) permettant une autonomie de 4 heures d&rsquo;utilisation.<\/li>\n<li>N\u00e9bulisation : 0,25ml\/mm.<\/li>\n<li>Utilisation d&rsquo;une technologie r\u00e9volutionnaire de vaporisation par tamis \u00e0 pores microscopiques.<\/li>\n<li>Arr\u00eat automatique de la n\u00e9bulasition si le produit reste immobile plus de 30 secondes.<\/li>\n<li>Livr\u00e9 avec :<br \/>\n&#8211; Une trousse de rangement en tissu.<br \/>\n&#8211; Un masque adulte et un masque enfant.<\/li>\n<\/ul>","protected":false},"excerpt":{"rendered":"<p>N\u00e9buliseur \u00e0 ultra-son de poche compact et efficace offrant une mobilit\u00e9 &#8230; <\/p>","protected":false},"featured_media":1973,"comment_status":"open","ping_status":"closed","template":"","meta":[],"product_brand":[],"product_cat":[227],"product_tag":[],"class_list":{"0":"post-1972","1":"product","2":"type-product","3":"status-publish","4":"has-post-thumbnail","6":"product_cat-nebuliseur","8":"first","9":"instock","10":"shipping-taxable","11":"product-type-simple"},"yoast_head":"<!-- This site is optimized with the Yoast SEO plugin v27.2 - https:\/\/yoast.com\/product\/yoast-seo-wordpress\/ -->\n<title>N\u00e9buliseur portable - AV MEDICAL<\/title>\n<meta name=\"robots\" content=\"index, follow, max-snippet:-1, max-image-preview:large, max-video-preview:-1\" \/>\n<link rel=\"canonical\" href=\"https:\/\/avmedical.ma\/ar\/product\/nebuliseur-portable-omron\/\" \/>\n<meta property=\"og:locale\" content=\"ar_AR\" \/>\n<meta property=\"og:type\" content=\"article\" \/>\n<meta property=\"og:title\" content=\"N\u00e9buliseur portable - AV MEDICAL\" \/>\n<meta property=\"og:description\" content=\"N\u00e9buliseur \u00e0 ultra-son de poche compact et efficace offrant une mobilit\u00e9 ...\" \/>\n<meta property=\"og:url\" content=\"https:\/\/avmedical.ma\/ar\/product\/nebuliseur-portable-omron\/\" \/>\n<meta property=\"og:site_name\" content=\"AV MEDICAL\" \/>\n<meta property=\"article:modified_time\" content=\"2024-02-18T21:21:27+00:00\" \/>\n<meta property=\"og:image\" content=\"https:\/\/avmedical.ma\/wp-content\/uploads\/2024\/02\/nebuliseur_omron_resize.jpg\" \/>\n\t<meta property=\"og:image:width\" content=\"385\" \/>\n\t<meta property=\"og:image:height\" content=\"345\" \/>\n\t<meta property=\"og:image:type\" content=\"image\/jpeg\" \/>\n<meta name=\"twitter:card\" content=\"summary_large_image\" \/>\n<meta name=\"twitter:label1\" content=\"\u0648\u0642\u062a \u0627\u0644\u0642\u0631\u0627\u0621\u0629 \u0627\u0644\u0645\u064f\u0642\u062f\u0651\u0631\" \/>\n\t<meta name=\"twitter:data1\" content=\"\u062f\u0642\u064a\u0642\u0629 \u0648\u0627\u062d\u062f\u0629\" \/>\n<script type=\"application\/ld+json\" class=\"yoast-schema-graph\">{\"@context\":\"https:\/\/schema.org\",\"@graph\":[{\"@type\":\"WebPage\",\"@id\":\"https:\/\/avmedical.ma\/produit\/nebuliseur-portable-omron\/\",\"url\":\"https:\/\/avmedical.ma\/produit\/nebuliseur-portable-omron\/\",\"name\":\"N\u00e9buliseur portable - AV MEDICAL\",\"isPartOf\":{\"@id\":\"https:\/\/avmedical.ma\/#website\"},\"primaryImageOfPage\":{\"@id\":\"https:\/\/avmedical.ma\/produit\/nebuliseur-portable-omron\/#primaryimage\"},\"image\":{\"@id\":\"https:\/\/avmedical.ma\/produit\/nebuliseur-portable-omron\/#primaryimage\"},\"thumbnailUrl\":\"https:\/\/avmedical.ma\/wp-content\/uploads\/2024\/02\/nebuliseur_omron_resize.jpg\",\"datePublished\":\"2020-11-20T11:56:17+00:00\",\"dateModified\":\"2024-02-18T21:21:27+00:00\",\"breadcrumb\":{\"@id\":\"https:\/\/avmedical.ma\/produit\/nebuliseur-portable-omron\/#breadcrumb\"},\"inLanguage\":\"ar\",\"potentialAction\":[{\"@type\":\"ReadAction\",\"target\":[\"https:\/\/avmedical.ma\/produit\/nebuliseur-portable-omron\/\"]}]},{\"@type\":\"ImageObject\",\"inLanguage\":\"ar\",\"@id\":\"https:\/\/avmedical.ma\/produit\/nebuliseur-portable-omron\/#primaryimage\",\"url\":\"https:\/\/avmedical.ma\/wp-content\/uploads\/2024\/02\/nebuliseur_omron_resize.jpg\",\"contentUrl\":\"https:\/\/avmedical.ma\/wp-content\/uploads\/2024\/02\/nebuliseur_omron_resize.jpg\",\"width\":385,\"height\":345},{\"@type\":\"BreadcrumbList\",\"@id\":\"https:\/\/avmedical.ma\/produit\/nebuliseur-portable-omron\/#breadcrumb\",\"itemListElement\":[{\"@type\":\"ListItem\",\"position\":1,\"name\":\"Accueil\",\"item\":\"https:\/\/avmedical.ma\/\"},{\"@type\":\"ListItem\",\"position\":2,\"name\":\"Shop\",\"item\":\"https:\/\/avmedical.ma\/shop\/\"},{\"@type\":\"ListItem\",\"position\":3,\"name\":\"N\u00e9buliseur portable\"}]},{\"@type\":\"WebSite\",\"@id\":\"https:\/\/avmedical.ma\/#website\",\"url\":\"https:\/\/avmedical.ma\/\",\"name\":\"AVMEDICAL Maroc\",\"description\":\"\",\"publisher\":{\"@id\":\"https:\/\/avmedical.ma\/#organization\"},\"potentialAction\":[{\"@type\":\"SearchAction\",\"target\":{\"@type\":\"EntryPoint\",\"urlTemplate\":\"https:\/\/avmedical.ma\/?s={search_term_string}\"},\"query-input\":{\"@type\":\"PropertyValueSpecification\",\"valueRequired\":true,\"valueName\":\"search_term_string\"}}],\"inLanguage\":\"ar\"},{\"@type\":\"Organization\",\"@id\":\"https:\/\/avmedical.ma\/#organization\",\"name\":\"AVMEDICAL\",\"url\":\"https:\/\/avmedical.ma\/\",\"logo\":{\"@type\":\"ImageObject\",\"inLanguage\":\"ar\",\"@id\":\"https:\/\/avmedical.ma\/#\/schema\/logo\/image\/\",\"url\":\"https:\/\/avmedical.ma\/wp-content\/uploads\/2024\/02\/logo_avmedical_new.png\",\"contentUrl\":\"https:\/\/avmedical.ma\/wp-content\/uploads\/2024\/02\/logo_avmedical_new.png\",\"width\":420,\"height\":95,\"caption\":\"AVMEDICAL\"},\"image\":{\"@id\":\"https:\/\/avmedical.ma\/#\/schema\/logo\/image\/\"}}]}<\/script>\n<!-- \/ Yoast SEO plugin. -->","yoast_head_json":{"title":"N\u00e9buliseur portable - AV MEDICAL","robots":{"index":"index","follow":"follow","max-snippet":"max-snippet:-1","max-image-preview":"max-image-preview:large","max-video-preview":"max-video-preview:-1"},"canonical":"https:\/\/avmedical.ma\/ar\/product\/nebuliseur-portable-omron\/","og_locale":"ar_AR","og_type":"article","og_title":"N\u00e9buliseur portable - AV MEDICAL","og_description":"N\u00e9buliseur \u00e0 ultra-son de poche compact et efficace offrant une mobilit\u00e9 ...","og_url":"https:\/\/avmedical.ma\/ar\/product\/nebuliseur-portable-omron\/","og_site_name":"AV MEDICAL","article_modified_time":"2024-02-18T21:21:27+00:00","og_image":[{"width":385,"height":345,"url":"https:\/\/avmedical.ma\/wp-content\/uploads\/2024\/02\/nebuliseur_omron_resize.jpg","type":"image\/jpeg"}],"twitter_card":"summary_large_image","twitter_misc":{"\u0648\u0642\u062a \u0627\u0644\u0642\u0631\u0627\u0621\u0629 \u0627\u0644\u0645\u064f\u0642\u062f\u0651\u0631":"\u062f\u0642\u064a\u0642\u0629 \u0648\u0627\u062d\u062f\u0629"},"schema":{"@context":"https:\/\/schema.org","@graph":[{"@type":"WebPage","@id":"https:\/\/avmedical.ma\/produit\/nebuliseur-portable-omron\/","url":"https:\/\/avmedical.ma\/produit\/nebuliseur-portable-omron\/","name":"N\u00e9buliseur portable - AV MEDICAL","isPartOf":{"@id":"https:\/\/avmedical.ma\/#website"},"primaryImageOfPage":{"@id":"https:\/\/avmedical.ma\/produit\/nebuliseur-portable-omron\/#primaryimage"},"image":{"@id":"https:\/\/avmedical.ma\/produit\/nebuliseur-portable-omron\/#primaryimage"},"thumbnailUrl":"https:\/\/avmedical.ma\/wp-content\/uploads\/2024\/02\/nebuliseur_omron_resize.jpg","datePublished":"2020-11-20T11:56:17+00:00","dateModified":"2024-02-18T21:21:27+00:00","breadcrumb":{"@id":"https:\/\/avmedical.ma\/produit\/nebuliseur-portable-omron\/#breadcrumb"},"inLanguage":"ar","potentialAction":[{"@type":"ReadAction","target":["https:\/\/avmedical.ma\/produit\/nebuliseur-portable-omron\/"]}]},{"@type":"ImageObject","inLanguage":"ar","@id":"https:\/\/avmedical.ma\/produit\/nebuliseur-portable-omron\/#primaryimage","url":"https:\/\/avmedical.ma\/wp-content\/uploads\/2024\/02\/nebuliseur_omron_resize.jpg","contentUrl":"https:\/\/avmedical.ma\/wp-content\/uploads\/2024\/02\/nebuliseur_omron_resize.jpg","width":385,"height":345},{"@type":"BreadcrumbList","@id":"https:\/\/avmedical.ma\/produit\/nebuliseur-portable-omron\/#breadcrumb","itemListElement":[{"@type":"ListItem","position":1,"name":"Accueil","item":"https:\/\/avmedical.ma\/"},{"@type":"ListItem","position":2,"name":"Shop","item":"https:\/\/avmedical.ma\/shop\/"},{"@type":"ListItem","position":3,"name":"N\u00e9buliseur portable"}]},{"@type":"WebSite","@id":"https:\/\/avmedical.ma\/#website","url":"https:\/\/avmedical.ma\/","name":"AVMEDICAL Maroc","description":"","publisher":{"@id":"https:\/\/avmedical.ma\/#organization"},"potentialAction":[{"@type":"SearchAction","target":{"@type":"EntryPoint","urlTemplate":"https:\/\/avmedical.ma\/?s={search_term_string}"},"query-input":{"@type":"PropertyValueSpecification","valueRequired":true,"valueName":"search_term_string"}}],"inLanguage":"ar"},{"@type":"Organization","@id":"https:\/\/avmedical.ma\/#organization","name":"AVMEDICAL","url":"https:\/\/avmedical.ma\/","logo":{"@type":"ImageObject","inLanguage":"ar","@id":"https:\/\/avmedical.ma\/#\/schema\/logo\/image\/","url":"https:\/\/avmedical.ma\/wp-content\/uploads\/2024\/02\/logo_avmedical_new.png","contentUrl":"https:\/\/avmedical.ma\/wp-content\/uploads\/2024\/02\/logo_avmedical_new.png","width":420,"height":95,"caption":"AVMEDICAL"},"image":{"@id":"https:\/\/avmedical.ma\/#\/schema\/logo\/image\/"}}]}},"_links":{"self":[{"href":"https:\/\/avmedical.ma\/ar\/wp-json\/wp\/v2\/product\/1972","targetHints":{"allow":["GET"]}}],"collection":[{"href":"https:\/\/avmedical.ma\/ar\/wp-json\/wp\/v2\/product"}],"about":[{"href":"https:\/\/avmedical.ma\/ar\/wp-json\/wp\/v2\/types\/product"}],"replies":[{"embeddable":true,"href":"https:\/\/avmedical.ma\/ar\/wp-json\/wp\/v2\/comments?post=1972"}],"wp:featuredmedia":[{"embeddable":true,"href":"https:\/\/avmedical.ma\/ar\/wp-json\/wp\/v2\/media\/1973"}],"wp:attachment":[{"href":"https:\/\/avmedical.ma\/ar\/wp-json\/wp\/v2\/media?parent=1972"}],"wp:term":[{"taxonomy":"product_brand","embeddable":true,"href":"https:\/\/avmedical.ma\/ar\/wp-json\/wp\/v2\/product_brand?post=1972"},{"taxonomy":"product_cat","embeddable":true,"href":"https:\/\/avmedical.ma\/ar\/wp-json\/wp\/v2\/product_cat?post=1972"},{"taxonomy":"product_tag","embeddable":true,"href":"https:\/\/avmedical.ma\/ar\/wp-json\/wp\/v2\/product_tag?post=1972"}],"curies":[{"name":"wp","href":"https:\/\/api.w.org\/{rel}","templated":true}]}}