{"id":1947,"date":"2020-11-19T11:46:52","date_gmt":"2020-11-19T10:46:52","guid":{"rendered":"https:\/\/avmedical.ma\/?post_type=product&#038;p=1947"},"modified":"2024-02-22T18:55:02","modified_gmt":"2024-02-22T17:55:02","slug":"fomentation-a-chaud","status":"publish","type":"product","link":"https:\/\/avmedical.ma\/ar\/product\/fomentation-a-chaud\/","title":{"rendered":"Pack Froid\/Chaud"},"content":{"rendered":"<p align=\"justify\"><strong>La fomentation \u00e0 chaud<\/strong>\u00a0de la zone bless\u00e9e ou enflamm\u00e9e augmente le seuil de douleur et r\u00e9duit ainsi la perception de la douleur.\u00a0Il a un effet synergique avec les analg\u00e9siques.\u00a0L&rsquo;\u00e9l\u00e9vation de la temp\u00e9rature du tissu bless\u00e9 am\u00e9liore \u00e9galement la profusion sanguine et le processus de gu\u00e9rison.\u00a0La fomentation chaude a un effet relaxant.<\/p>\n<p align=\"justify\"><strong>La compresse froide<\/strong>\u00a0aide \u00e0 r\u00e9duire l&rsquo;inflammation des blessures, prot\u00e8ge en ralentissant le taux m\u00e9tabolique autour du tissu, r\u00e9duit l&rsquo;\u0153d\u00e8me et les saignements.\u00a0La compresse froide aide \u00e0 r\u00e9duire imm\u00e9diatement la fi\u00e8vre, dans des conditions de fi\u00e8vre tr\u00e8s \u00e9lev\u00e9e.\u00a0Il peut \u00eatre utilis\u00e9 apr\u00e8s une blessure aigu\u00eb ou une intervention chirurgicale.<\/p>\n<ul>\n<li>Pas de chaleur ni de br\u00fblures cryo<\/li>\n<li>Ne n\u00e9cessite aucune tenue<\/li>\n<li>R\u00e9utilisable<\/li>\n<li>Application facile<\/li>\n<li>Esth\u00e9tique attrayante<\/li>\n<\/ul>","protected":false},"excerpt":{"rendered":"<p>La fomentation \u00e0 chaud\u00a0de la zone bless\u00e9e ou enflamm\u00e9e augmente le &#8230; <\/p>","protected":false},"featured_media":1948,"comment_status":"open","ping_status":"closed","template":"","meta":[],"product_brand":[],"product_cat":[114,287],"product_tag":[],"class_list":{"0":"post-1947","1":"product","2":"type-product","3":"status-publish","4":"has-post-thumbnail","6":"product_cat-orthopedie","7":"product_cat-pack-froid-chaud","9":"first","10":"instock","11":"shipping-taxable","12":"product-type-simple"},"yoast_head":"<!-- This site is optimized with the Yoast SEO plugin v27.2 - https:\/\/yoast.com\/product\/yoast-seo-wordpress\/ -->\n<title>Pack Froid\/Chaud - AV MEDICAL<\/title>\n<meta name=\"robots\" content=\"index, follow, max-snippet:-1, max-image-preview:large, max-video-preview:-1\" \/>\n<link rel=\"canonical\" href=\"https:\/\/avmedical.ma\/ar\/product\/fomentation-a-chaud\/\" \/>\n<meta property=\"og:locale\" content=\"ar_AR\" \/>\n<meta property=\"og:type\" content=\"article\" \/>\n<meta property=\"og:title\" content=\"Pack Froid\/Chaud - AV MEDICAL\" \/>\n<meta property=\"og:description\" content=\"La fomentation \u00e0 chaud\u00a0de la zone bless\u00e9e ou enflamm\u00e9e augmente le ...\" \/>\n<meta property=\"og:url\" content=\"https:\/\/avmedical.ma\/ar\/product\/fomentation-a-chaud\/\" \/>\n<meta property=\"og:site_name\" content=\"AV MEDICAL\" \/>\n<meta property=\"article:modified_time\" content=\"2024-02-22T17:55:02+00:00\" \/>\n<meta property=\"og:image\" content=\"https:\/\/avmedical.ma\/wp-content\/uploads\/2024\/02\/Pack_chaud_froid_resize.jpg\" \/>\n\t<meta property=\"og:image:width\" content=\"385\" \/>\n\t<meta property=\"og:image:height\" content=\"345\" \/>\n\t<meta property=\"og:image:type\" content=\"image\/jpeg\" \/>\n<meta name=\"twitter:card\" content=\"summary_large_image\" \/>\n<meta name=\"twitter:label1\" content=\"\u0648\u0642\u062a \u0627\u0644\u0642\u0631\u0627\u0621\u0629 \u0627\u0644\u0645\u064f\u0642\u062f\u0651\u0631\" \/>\n\t<meta name=\"twitter:data1\" content=\"\u062f\u0642\u064a\u0642\u0629 \u0648\u0627\u062d\u062f\u0629\" \/>\n<script type=\"application\/ld+json\" class=\"yoast-schema-graph\">{\"@context\":\"https:\/\/schema.org\",\"@graph\":[{\"@type\":\"WebPage\",\"@id\":\"https:\/\/avmedical.ma\/produit\/fomentation-a-chaud\/\",\"url\":\"https:\/\/avmedical.ma\/produit\/fomentation-a-chaud\/\",\"name\":\"Pack Froid\/Chaud - AV MEDICAL\",\"isPartOf\":{\"@id\":\"https:\/\/avmedical.ma\/#website\"},\"primaryImageOfPage\":{\"@id\":\"https:\/\/avmedical.ma\/produit\/fomentation-a-chaud\/#primaryimage\"},\"image\":{\"@id\":\"https:\/\/avmedical.ma\/produit\/fomentation-a-chaud\/#primaryimage\"},\"thumbnailUrl\":\"https:\/\/avmedical.ma\/wp-content\/uploads\/2024\/02\/Pack_chaud_froid_resize.jpg\",\"datePublished\":\"2020-11-19T10:46:52+00:00\",\"dateModified\":\"2024-02-22T17:55:02+00:00\",\"breadcrumb\":{\"@id\":\"https:\/\/avmedical.ma\/produit\/fomentation-a-chaud\/#breadcrumb\"},\"inLanguage\":\"ar\",\"potentialAction\":[{\"@type\":\"ReadAction\",\"target\":[\"https:\/\/avmedical.ma\/produit\/fomentation-a-chaud\/\"]}]},{\"@type\":\"ImageObject\",\"inLanguage\":\"ar\",\"@id\":\"https:\/\/avmedical.ma\/produit\/fomentation-a-chaud\/#primaryimage\",\"url\":\"https:\/\/avmedical.ma\/wp-content\/uploads\/2024\/02\/Pack_chaud_froid_resize.jpg\",\"contentUrl\":\"https:\/\/avmedical.ma\/wp-content\/uploads\/2024\/02\/Pack_chaud_froid_resize.jpg\",\"width\":385,\"height\":345},{\"@type\":\"BreadcrumbList\",\"@id\":\"https:\/\/avmedical.ma\/produit\/fomentation-a-chaud\/#breadcrumb\",\"itemListElement\":[{\"@type\":\"ListItem\",\"position\":1,\"name\":\"Accueil\",\"item\":\"https:\/\/avmedical.ma\/\"},{\"@type\":\"ListItem\",\"position\":2,\"name\":\"Shop\",\"item\":\"https:\/\/avmedical.ma\/shop\/\"},{\"@type\":\"ListItem\",\"position\":3,\"name\":\"Pack Froid\/Chaud\"}]},{\"@type\":\"WebSite\",\"@id\":\"https:\/\/avmedical.ma\/#website\",\"url\":\"https:\/\/avmedical.ma\/\",\"name\":\"AVMEDICAL Maroc\",\"description\":\"\",\"publisher\":{\"@id\":\"https:\/\/avmedical.ma\/#organization\"},\"potentialAction\":[{\"@type\":\"SearchAction\",\"target\":{\"@type\":\"EntryPoint\",\"urlTemplate\":\"https:\/\/avmedical.ma\/?s={search_term_string}\"},\"query-input\":{\"@type\":\"PropertyValueSpecification\",\"valueRequired\":true,\"valueName\":\"search_term_string\"}}],\"inLanguage\":\"ar\"},{\"@type\":\"Organization\",\"@id\":\"https:\/\/avmedical.ma\/#organization\",\"name\":\"AVMEDICAL\",\"url\":\"https:\/\/avmedical.ma\/\",\"logo\":{\"@type\":\"ImageObject\",\"inLanguage\":\"ar\",\"@id\":\"https:\/\/avmedical.ma\/#\/schema\/logo\/image\/\",\"url\":\"https:\/\/avmedical.ma\/wp-content\/uploads\/2024\/02\/logo_avmedical_new.png\",\"contentUrl\":\"https:\/\/avmedical.ma\/wp-content\/uploads\/2024\/02\/logo_avmedical_new.png\",\"width\":420,\"height\":95,\"caption\":\"AVMEDICAL\"},\"image\":{\"@id\":\"https:\/\/avmedical.ma\/#\/schema\/logo\/image\/\"}}]}<\/script>\n<!-- \/ Yoast SEO plugin. -->","yoast_head_json":{"title":"Pack Froid\/Chaud - AV MEDICAL","robots":{"index":"index","follow":"follow","max-snippet":"max-snippet:-1","max-image-preview":"max-image-preview:large","max-video-preview":"max-video-preview:-1"},"canonical":"https:\/\/avmedical.ma\/ar\/product\/fomentation-a-chaud\/","og_locale":"ar_AR","og_type":"article","og_title":"Pack Froid\/Chaud - AV MEDICAL","og_description":"La fomentation \u00e0 chaud\u00a0de la zone bless\u00e9e ou enflamm\u00e9e augmente le ...","og_url":"https:\/\/avmedical.ma\/ar\/product\/fomentation-a-chaud\/","og_site_name":"AV MEDICAL","article_modified_time":"2024-02-22T17:55:02+00:00","og_image":[{"width":385,"height":345,"url":"https:\/\/avmedical.ma\/wp-content\/uploads\/2024\/02\/Pack_chaud_froid_resize.jpg","type":"image\/jpeg"}],"twitter_card":"summary_large_image","twitter_misc":{"\u0648\u0642\u062a \u0627\u0644\u0642\u0631\u0627\u0621\u0629 \u0627\u0644\u0645\u064f\u0642\u062f\u0651\u0631":"\u062f\u0642\u064a\u0642\u0629 \u0648\u0627\u062d\u062f\u0629"},"schema":{"@context":"https:\/\/schema.org","@graph":[{"@type":"WebPage","@id":"https:\/\/avmedical.ma\/produit\/fomentation-a-chaud\/","url":"https:\/\/avmedical.ma\/produit\/fomentation-a-chaud\/","name":"Pack Froid\/Chaud - AV MEDICAL","isPartOf":{"@id":"https:\/\/avmedical.ma\/#website"},"primaryImageOfPage":{"@id":"https:\/\/avmedical.ma\/produit\/fomentation-a-chaud\/#primaryimage"},"image":{"@id":"https:\/\/avmedical.ma\/produit\/fomentation-a-chaud\/#primaryimage"},"thumbnailUrl":"https:\/\/avmedical.ma\/wp-content\/uploads\/2024\/02\/Pack_chaud_froid_resize.jpg","datePublished":"2020-11-19T10:46:52+00:00","dateModified":"2024-02-22T17:55:02+00:00","breadcrumb":{"@id":"https:\/\/avmedical.ma\/produit\/fomentation-a-chaud\/#breadcrumb"},"inLanguage":"ar","potentialAction":[{"@type":"ReadAction","target":["https:\/\/avmedical.ma\/produit\/fomentation-a-chaud\/"]}]},{"@type":"ImageObject","inLanguage":"ar","@id":"https:\/\/avmedical.ma\/produit\/fomentation-a-chaud\/#primaryimage","url":"https:\/\/avmedical.ma\/wp-content\/uploads\/2024\/02\/Pack_chaud_froid_resize.jpg","contentUrl":"https:\/\/avmedical.ma\/wp-content\/uploads\/2024\/02\/Pack_chaud_froid_resize.jpg","width":385,"height":345},{"@type":"BreadcrumbList","@id":"https:\/\/avmedical.ma\/produit\/fomentation-a-chaud\/#breadcrumb","itemListElement":[{"@type":"ListItem","position":1,"name":"Accueil","item":"https:\/\/avmedical.ma\/"},{"@type":"ListItem","position":2,"name":"Shop","item":"https:\/\/avmedical.ma\/shop\/"},{"@type":"ListItem","position":3,"name":"Pack Froid\/Chaud"}]},{"@type":"WebSite","@id":"https:\/\/avmedical.ma\/#website","url":"https:\/\/avmedical.ma\/","name":"AVMEDICAL Maroc","description":"","publisher":{"@id":"https:\/\/avmedical.ma\/#organization"},"potentialAction":[{"@type":"SearchAction","target":{"@type":"EntryPoint","urlTemplate":"https:\/\/avmedical.ma\/?s={search_term_string}"},"query-input":{"@type":"PropertyValueSpecification","valueRequired":true,"valueName":"search_term_string"}}],"inLanguage":"ar"},{"@type":"Organization","@id":"https:\/\/avmedical.ma\/#organization","name":"AVMEDICAL","url":"https:\/\/avmedical.ma\/","logo":{"@type":"ImageObject","inLanguage":"ar","@id":"https:\/\/avmedical.ma\/#\/schema\/logo\/image\/","url":"https:\/\/avmedical.ma\/wp-content\/uploads\/2024\/02\/logo_avmedical_new.png","contentUrl":"https:\/\/avmedical.ma\/wp-content\/uploads\/2024\/02\/logo_avmedical_new.png","width":420,"height":95,"caption":"AVMEDICAL"},"image":{"@id":"https:\/\/avmedical.ma\/#\/schema\/logo\/image\/"}}]}},"_links":{"self":[{"href":"https:\/\/avmedical.ma\/ar\/wp-json\/wp\/v2\/product\/1947","targetHints":{"allow":["GET"]}}],"collection":[{"href":"https:\/\/avmedical.ma\/ar\/wp-json\/wp\/v2\/product"}],"about":[{"href":"https:\/\/avmedical.ma\/ar\/wp-json\/wp\/v2\/types\/product"}],"replies":[{"embeddable":true,"href":"https:\/\/avmedical.ma\/ar\/wp-json\/wp\/v2\/comments?post=1947"}],"wp:featuredmedia":[{"embeddable":true,"href":"https:\/\/avmedical.ma\/ar\/wp-json\/wp\/v2\/media\/1948"}],"wp:attachment":[{"href":"https:\/\/avmedical.ma\/ar\/wp-json\/wp\/v2\/media?parent=1947"}],"wp:term":[{"taxonomy":"product_brand","embeddable":true,"href":"https:\/\/avmedical.ma\/ar\/wp-json\/wp\/v2\/product_brand?post=1947"},{"taxonomy":"product_cat","embeddable":true,"href":"https:\/\/avmedical.ma\/ar\/wp-json\/wp\/v2\/product_cat?post=1947"},{"taxonomy":"product_tag","embeddable":true,"href":"https:\/\/avmedical.ma\/ar\/wp-json\/wp\/v2\/product_tag?post=1947"}],"curies":[{"name":"wp","href":"https:\/\/api.w.org\/{rel}","templated":true}]}}