{"id":1937,"date":"2020-11-17T23:11:32","date_gmt":"2020-11-17T22:11:32","guid":{"rendered":"https:\/\/avmedical.ma\/?post_type=product&#038;p=1937"},"modified":"2024-02-26T11:42:46","modified_gmt":"2024-02-26T10:42:46","slug":"immobilisateur-colonne-vertebrale","status":"publish","type":"product","link":"https:\/\/avmedical.ma\/ar\/product\/immobilisateur-colonne-vertebrale\/","title":{"rendered":"Immobilisateur Colonne V"},"content":{"rendered":"<p align=\"justify\">Con\u00e7u pour immobiliser la colonne vert\u00e9brale et la maintenir en position neutre ou l\u00e9g\u00e8rement hyper extension. Il assure la stabilisation de la colonne vert\u00e9brale, favorise la lordose cervicale et lombaire, soulageant ainsi la pression sur les parties ant\u00e9rieures des corps vert\u00e9braux.\u00a0Con\u00e7u pour agir sur le principe de la pression en trois points en exer\u00e7ant une pression contre le sternum et le pubis sur la r\u00e9gion ventrale et la r\u00e9gion lombaire sur la dorsale.<\/p>\n<ul>\n<li>Poids l\u00e9ger<\/li>\n<li>Facile \u00e0 appliquer<\/li>\n<li>Personnalisable<\/li>\n<li>Esth\u00e9tique attrayante<\/li>\n<li>Coussinets anatomiques sternaux et pubiens<\/li>\n<\/ul>","protected":false},"excerpt":{"rendered":"<p>Con\u00e7u pour immobiliser la colonne vert\u00e9brale et la maintenir en position &#8230; <\/p>","protected":false},"featured_media":1938,"comment_status":"open","ping_status":"closed","template":"","meta":[],"product_brand":[],"product_cat":[183,114],"product_tag":[230],"class_list":{"0":"post-1937","1":"product","2":"type-product","3":"status-publish","4":"has-post-thumbnail","6":"product_cat-dos","7":"product_cat-orthopedie","8":"product_tag-a-12","10":"first","11":"instock","12":"shipping-taxable","13":"product-type-simple"},"yoast_head":"<!-- This site is optimized with the Yoast SEO plugin v27.2 - https:\/\/yoast.com\/product\/yoast-seo-wordpress\/ -->\n<title>Immobilisateur Colonne V - AV MEDICAL<\/title>\n<meta name=\"robots\" content=\"index, follow, max-snippet:-1, max-image-preview:large, max-video-preview:-1\" \/>\n<link rel=\"canonical\" href=\"https:\/\/avmedical.ma\/ar\/product\/immobilisateur-colonne-vertebrale\/\" \/>\n<meta property=\"og:locale\" content=\"ar_AR\" \/>\n<meta property=\"og:type\" content=\"article\" \/>\n<meta property=\"og:title\" content=\"Immobilisateur Colonne V - AV MEDICAL\" \/>\n<meta property=\"og:description\" content=\"Con\u00e7u pour immobiliser la colonne vert\u00e9brale et la maintenir en position ...\" \/>\n<meta property=\"og:url\" content=\"https:\/\/avmedical.ma\/ar\/product\/immobilisateur-colonne-vertebrale\/\" \/>\n<meta property=\"og:site_name\" content=\"AV MEDICAL\" \/>\n<meta property=\"article:modified_time\" content=\"2024-02-26T10:42:46+00:00\" \/>\n<meta property=\"og:image\" content=\"https:\/\/avmedical.ma\/wp-content\/uploads\/2024\/02\/immobilisateur_vertebral0_resize.jpg\" \/>\n\t<meta property=\"og:image:width\" content=\"385\" \/>\n\t<meta property=\"og:image:height\" content=\"345\" \/>\n\t<meta property=\"og:image:type\" content=\"image\/jpeg\" \/>\n<meta name=\"twitter:card\" content=\"summary_large_image\" \/>\n<script type=\"application\/ld+json\" class=\"yoast-schema-graph\">{\"@context\":\"https:\/\/schema.org\",\"@graph\":[{\"@type\":\"WebPage\",\"@id\":\"https:\/\/avmedical.ma\/produit\/immobilisateur-colonne-vertebrale\/\",\"url\":\"https:\/\/avmedical.ma\/produit\/immobilisateur-colonne-vertebrale\/\",\"name\":\"Immobilisateur Colonne V - AV MEDICAL\",\"isPartOf\":{\"@id\":\"https:\/\/avmedical.ma\/#website\"},\"primaryImageOfPage\":{\"@id\":\"https:\/\/avmedical.ma\/produit\/immobilisateur-colonne-vertebrale\/#primaryimage\"},\"image\":{\"@id\":\"https:\/\/avmedical.ma\/produit\/immobilisateur-colonne-vertebrale\/#primaryimage\"},\"thumbnailUrl\":\"https:\/\/avmedical.ma\/wp-content\/uploads\/2024\/02\/immobilisateur_vertebral0_resize.jpg\",\"datePublished\":\"2020-11-17T22:11:32+00:00\",\"dateModified\":\"2024-02-26T10:42:46+00:00\",\"breadcrumb\":{\"@id\":\"https:\/\/avmedical.ma\/produit\/immobilisateur-colonne-vertebrale\/#breadcrumb\"},\"inLanguage\":\"ar\",\"potentialAction\":[{\"@type\":\"ReadAction\",\"target\":[\"https:\/\/avmedical.ma\/produit\/immobilisateur-colonne-vertebrale\/\"]}]},{\"@type\":\"ImageObject\",\"inLanguage\":\"ar\",\"@id\":\"https:\/\/avmedical.ma\/produit\/immobilisateur-colonne-vertebrale\/#primaryimage\",\"url\":\"https:\/\/avmedical.ma\/wp-content\/uploads\/2024\/02\/immobilisateur_vertebral0_resize.jpg\",\"contentUrl\":\"https:\/\/avmedical.ma\/wp-content\/uploads\/2024\/02\/immobilisateur_vertebral0_resize.jpg\",\"width\":385,\"height\":345},{\"@type\":\"BreadcrumbList\",\"@id\":\"https:\/\/avmedical.ma\/produit\/immobilisateur-colonne-vertebrale\/#breadcrumb\",\"itemListElement\":[{\"@type\":\"ListItem\",\"position\":1,\"name\":\"Accueil\",\"item\":\"https:\/\/avmedical.ma\/\"},{\"@type\":\"ListItem\",\"position\":2,\"name\":\"Shop\",\"item\":\"https:\/\/avmedical.ma\/shop\/\"},{\"@type\":\"ListItem\",\"position\":3,\"name\":\"Immobilisateur Colonne V\"}]},{\"@type\":\"WebSite\",\"@id\":\"https:\/\/avmedical.ma\/#website\",\"url\":\"https:\/\/avmedical.ma\/\",\"name\":\"AVMEDICAL Maroc\",\"description\":\"\",\"publisher\":{\"@id\":\"https:\/\/avmedical.ma\/#organization\"},\"potentialAction\":[{\"@type\":\"SearchAction\",\"target\":{\"@type\":\"EntryPoint\",\"urlTemplate\":\"https:\/\/avmedical.ma\/?s={search_term_string}\"},\"query-input\":{\"@type\":\"PropertyValueSpecification\",\"valueRequired\":true,\"valueName\":\"search_term_string\"}}],\"inLanguage\":\"ar\"},{\"@type\":\"Organization\",\"@id\":\"https:\/\/avmedical.ma\/#organization\",\"name\":\"AVMEDICAL\",\"url\":\"https:\/\/avmedical.ma\/\",\"logo\":{\"@type\":\"ImageObject\",\"inLanguage\":\"ar\",\"@id\":\"https:\/\/avmedical.ma\/#\/schema\/logo\/image\/\",\"url\":\"https:\/\/avmedical.ma\/wp-content\/uploads\/2024\/02\/logo_avmedical_new.png\",\"contentUrl\":\"https:\/\/avmedical.ma\/wp-content\/uploads\/2024\/02\/logo_avmedical_new.png\",\"width\":420,\"height\":95,\"caption\":\"AVMEDICAL\"},\"image\":{\"@id\":\"https:\/\/avmedical.ma\/#\/schema\/logo\/image\/\"}}]}<\/script>\n<!-- \/ Yoast SEO plugin. -->","yoast_head_json":{"title":"Immobilisateur Colonne V - AV MEDICAL","robots":{"index":"index","follow":"follow","max-snippet":"max-snippet:-1","max-image-preview":"max-image-preview:large","max-video-preview":"max-video-preview:-1"},"canonical":"https:\/\/avmedical.ma\/ar\/product\/immobilisateur-colonne-vertebrale\/","og_locale":"ar_AR","og_type":"article","og_title":"Immobilisateur Colonne V - AV MEDICAL","og_description":"Con\u00e7u pour immobiliser la colonne vert\u00e9brale et la maintenir en position ...","og_url":"https:\/\/avmedical.ma\/ar\/product\/immobilisateur-colonne-vertebrale\/","og_site_name":"AV MEDICAL","article_modified_time":"2024-02-26T10:42:46+00:00","og_image":[{"width":385,"height":345,"url":"https:\/\/avmedical.ma\/wp-content\/uploads\/2024\/02\/immobilisateur_vertebral0_resize.jpg","type":"image\/jpeg"}],"twitter_card":"summary_large_image","schema":{"@context":"https:\/\/schema.org","@graph":[{"@type":"WebPage","@id":"https:\/\/avmedical.ma\/produit\/immobilisateur-colonne-vertebrale\/","url":"https:\/\/avmedical.ma\/produit\/immobilisateur-colonne-vertebrale\/","name":"Immobilisateur Colonne V - AV MEDICAL","isPartOf":{"@id":"https:\/\/avmedical.ma\/#website"},"primaryImageOfPage":{"@id":"https:\/\/avmedical.ma\/produit\/immobilisateur-colonne-vertebrale\/#primaryimage"},"image":{"@id":"https:\/\/avmedical.ma\/produit\/immobilisateur-colonne-vertebrale\/#primaryimage"},"thumbnailUrl":"https:\/\/avmedical.ma\/wp-content\/uploads\/2024\/02\/immobilisateur_vertebral0_resize.jpg","datePublished":"2020-11-17T22:11:32+00:00","dateModified":"2024-02-26T10:42:46+00:00","breadcrumb":{"@id":"https:\/\/avmedical.ma\/produit\/immobilisateur-colonne-vertebrale\/#breadcrumb"},"inLanguage":"ar","potentialAction":[{"@type":"ReadAction","target":["https:\/\/avmedical.ma\/produit\/immobilisateur-colonne-vertebrale\/"]}]},{"@type":"ImageObject","inLanguage":"ar","@id":"https:\/\/avmedical.ma\/produit\/immobilisateur-colonne-vertebrale\/#primaryimage","url":"https:\/\/avmedical.ma\/wp-content\/uploads\/2024\/02\/immobilisateur_vertebral0_resize.jpg","contentUrl":"https:\/\/avmedical.ma\/wp-content\/uploads\/2024\/02\/immobilisateur_vertebral0_resize.jpg","width":385,"height":345},{"@type":"BreadcrumbList","@id":"https:\/\/avmedical.ma\/produit\/immobilisateur-colonne-vertebrale\/#breadcrumb","itemListElement":[{"@type":"ListItem","position":1,"name":"Accueil","item":"https:\/\/avmedical.ma\/"},{"@type":"ListItem","position":2,"name":"Shop","item":"https:\/\/avmedical.ma\/shop\/"},{"@type":"ListItem","position":3,"name":"Immobilisateur Colonne V"}]},{"@type":"WebSite","@id":"https:\/\/avmedical.ma\/#website","url":"https:\/\/avmedical.ma\/","name":"AVMEDICAL Maroc","description":"","publisher":{"@id":"https:\/\/avmedical.ma\/#organization"},"potentialAction":[{"@type":"SearchAction","target":{"@type":"EntryPoint","urlTemplate":"https:\/\/avmedical.ma\/?s={search_term_string}"},"query-input":{"@type":"PropertyValueSpecification","valueRequired":true,"valueName":"search_term_string"}}],"inLanguage":"ar"},{"@type":"Organization","@id":"https:\/\/avmedical.ma\/#organization","name":"AVMEDICAL","url":"https:\/\/avmedical.ma\/","logo":{"@type":"ImageObject","inLanguage":"ar","@id":"https:\/\/avmedical.ma\/#\/schema\/logo\/image\/","url":"https:\/\/avmedical.ma\/wp-content\/uploads\/2024\/02\/logo_avmedical_new.png","contentUrl":"https:\/\/avmedical.ma\/wp-content\/uploads\/2024\/02\/logo_avmedical_new.png","width":420,"height":95,"caption":"AVMEDICAL"},"image":{"@id":"https:\/\/avmedical.ma\/#\/schema\/logo\/image\/"}}]}},"_links":{"self":[{"href":"https:\/\/avmedical.ma\/ar\/wp-json\/wp\/v2\/product\/1937","targetHints":{"allow":["GET"]}}],"collection":[{"href":"https:\/\/avmedical.ma\/ar\/wp-json\/wp\/v2\/product"}],"about":[{"href":"https:\/\/avmedical.ma\/ar\/wp-json\/wp\/v2\/types\/product"}],"replies":[{"embeddable":true,"href":"https:\/\/avmedical.ma\/ar\/wp-json\/wp\/v2\/comments?post=1937"}],"wp:featuredmedia":[{"embeddable":true,"href":"https:\/\/avmedical.ma\/ar\/wp-json\/wp\/v2\/media\/1938"}],"wp:attachment":[{"href":"https:\/\/avmedical.ma\/ar\/wp-json\/wp\/v2\/media?parent=1937"}],"wp:term":[{"taxonomy":"product_brand","embeddable":true,"href":"https:\/\/avmedical.ma\/ar\/wp-json\/wp\/v2\/product_brand?post=1937"},{"taxonomy":"product_cat","embeddable":true,"href":"https:\/\/avmedical.ma\/ar\/wp-json\/wp\/v2\/product_cat?post=1937"},{"taxonomy":"product_tag","embeddable":true,"href":"https:\/\/avmedical.ma\/ar\/wp-json\/wp\/v2\/product_tag?post=1937"}],"curies":[{"name":"wp","href":"https:\/\/api.w.org\/{rel}","templated":true}]}}