{"id":1930,"date":"2020-11-17T02:16:02","date_gmt":"2020-11-17T01:16:02","guid":{"rendered":"https:\/\/avmedical.ma\/?post_type=product&#038;p=1930"},"modified":"2024-02-18T22:24:14","modified_gmt":"2024-02-18T21:24:14","slug":"thermometres-frontaux-ir-thermoflash","status":"publish","type":"product","link":"https:\/\/avmedical.ma\/ar\/product\/thermometres-frontaux-ir-thermoflash\/","title":{"rendered":"Thermom\u00e8tres frontaux"},"content":{"rendered":"<ul>\n<li>Prise de temp\u00e9rature instantan\u00e9e : 0,28 SEC<br \/>\nSans toucher, sans douleur, sans r\u00e9veiller ou d\u00e9ranger, m\u00eame la nuit (\u00e9cran r\u00e9tro\u00e9clair\u00e9). Toujours pr\u00eat \u00e0 l\u2019emploi<\/li>\n<li>Une technologie sans contact unique<br \/>\nNouveau logiciel brevet\u00e9 : Mesure fiable et stable. Auto-calibration automatique et rapide pr\u00e9cision et r\u00e9p\u00e9tabilit\u00e9 des prises<\/li>\n<li>Une utilisation simple<br \/>\nTouches directes sans param\u00e9trage<\/li>\n<li>1 seul bouton (mode) pour 3 modes de prise de temp\u00e9rature<br \/>\nBody (temp\u00e9rature corporelle), Surface Temp (temp\u00e9rature du bain, biberon, aliments), Room (temp\u00e9rature ambiante)<\/li>\n<\/ul>","protected":false},"excerpt":{"rendered":"<p>Prise de temp\u00e9rature instantan\u00e9e : 0,28 SEC Sans toucher, sans douleur, &#8230; <\/p>","protected":false},"featured_media":1931,"comment_status":"open","ping_status":"closed","template":"","meta":[],"product_brand":[],"product_cat":[228],"product_tag":[],"class_list":{"0":"post-1930","1":"product","2":"type-product","3":"status-publish","4":"has-post-thumbnail","6":"product_cat-auto-diagnostic","8":"first","9":"instock","10":"shipping-taxable","11":"product-type-simple"},"yoast_head":"<!-- This site is optimized with the Yoast SEO plugin v27.2 - https:\/\/yoast.com\/product\/yoast-seo-wordpress\/ -->\n<title>Thermom\u00e8tres frontaux - AV MEDICAL<\/title>\n<meta name=\"robots\" content=\"index, follow, max-snippet:-1, max-image-preview:large, max-video-preview:-1\" \/>\n<link rel=\"canonical\" href=\"https:\/\/avmedical.ma\/ar\/product\/thermometres-frontaux-ir-thermoflash\/\" \/>\n<meta property=\"og:locale\" content=\"ar_AR\" \/>\n<meta property=\"og:type\" content=\"article\" \/>\n<meta property=\"og:title\" content=\"Thermom\u00e8tres frontaux - AV MEDICAL\" \/>\n<meta property=\"og:description\" content=\"Prise de temp\u00e9rature instantan\u00e9e : 0,28 SEC Sans toucher, sans douleur, ...\" \/>\n<meta property=\"og:url\" content=\"https:\/\/avmedical.ma\/ar\/product\/thermometres-frontaux-ir-thermoflash\/\" \/>\n<meta property=\"og:site_name\" content=\"AV MEDICAL\" \/>\n<meta property=\"article:modified_time\" content=\"2024-02-18T21:24:14+00:00\" \/>\n<meta property=\"og:image\" content=\"https:\/\/avmedical.ma\/wp-content\/uploads\/2024\/02\/thermometre_resize.jpg\" \/>\n\t<meta property=\"og:image:width\" content=\"385\" \/>\n\t<meta property=\"og:image:height\" content=\"345\" \/>\n\t<meta property=\"og:image:type\" content=\"image\/jpeg\" \/>\n<meta name=\"twitter:card\" content=\"summary_large_image\" \/>\n<script type=\"application\/ld+json\" class=\"yoast-schema-graph\">{\"@context\":\"https:\/\/schema.org\",\"@graph\":[{\"@type\":\"WebPage\",\"@id\":\"https:\/\/avmedical.ma\/produit\/thermometres-frontaux-ir-thermoflash\/\",\"url\":\"https:\/\/avmedical.ma\/produit\/thermometres-frontaux-ir-thermoflash\/\",\"name\":\"Thermom\u00e8tres frontaux - AV MEDICAL\",\"isPartOf\":{\"@id\":\"https:\/\/avmedical.ma\/#website\"},\"primaryImageOfPage\":{\"@id\":\"https:\/\/avmedical.ma\/produit\/thermometres-frontaux-ir-thermoflash\/#primaryimage\"},\"image\":{\"@id\":\"https:\/\/avmedical.ma\/produit\/thermometres-frontaux-ir-thermoflash\/#primaryimage\"},\"thumbnailUrl\":\"https:\/\/avmedical.ma\/wp-content\/uploads\/2024\/02\/thermometre_resize.jpg\",\"datePublished\":\"2020-11-17T01:16:02+00:00\",\"dateModified\":\"2024-02-18T21:24:14+00:00\",\"breadcrumb\":{\"@id\":\"https:\/\/avmedical.ma\/produit\/thermometres-frontaux-ir-thermoflash\/#breadcrumb\"},\"inLanguage\":\"ar\",\"potentialAction\":[{\"@type\":\"ReadAction\",\"target\":[\"https:\/\/avmedical.ma\/produit\/thermometres-frontaux-ir-thermoflash\/\"]}]},{\"@type\":\"ImageObject\",\"inLanguage\":\"ar\",\"@id\":\"https:\/\/avmedical.ma\/produit\/thermometres-frontaux-ir-thermoflash\/#primaryimage\",\"url\":\"https:\/\/avmedical.ma\/wp-content\/uploads\/2024\/02\/thermometre_resize.jpg\",\"contentUrl\":\"https:\/\/avmedical.ma\/wp-content\/uploads\/2024\/02\/thermometre_resize.jpg\",\"width\":385,\"height\":345},{\"@type\":\"BreadcrumbList\",\"@id\":\"https:\/\/avmedical.ma\/produit\/thermometres-frontaux-ir-thermoflash\/#breadcrumb\",\"itemListElement\":[{\"@type\":\"ListItem\",\"position\":1,\"name\":\"Accueil\",\"item\":\"https:\/\/avmedical.ma\/\"},{\"@type\":\"ListItem\",\"position\":2,\"name\":\"Shop\",\"item\":\"https:\/\/avmedical.ma\/shop\/\"},{\"@type\":\"ListItem\",\"position\":3,\"name\":\"Thermom\u00e8tres frontaux\"}]},{\"@type\":\"WebSite\",\"@id\":\"https:\/\/avmedical.ma\/#website\",\"url\":\"https:\/\/avmedical.ma\/\",\"name\":\"AVMEDICAL Maroc\",\"description\":\"\",\"publisher\":{\"@id\":\"https:\/\/avmedical.ma\/#organization\"},\"potentialAction\":[{\"@type\":\"SearchAction\",\"target\":{\"@type\":\"EntryPoint\",\"urlTemplate\":\"https:\/\/avmedical.ma\/?s={search_term_string}\"},\"query-input\":{\"@type\":\"PropertyValueSpecification\",\"valueRequired\":true,\"valueName\":\"search_term_string\"}}],\"inLanguage\":\"ar\"},{\"@type\":\"Organization\",\"@id\":\"https:\/\/avmedical.ma\/#organization\",\"name\":\"AVMEDICAL\",\"url\":\"https:\/\/avmedical.ma\/\",\"logo\":{\"@type\":\"ImageObject\",\"inLanguage\":\"ar\",\"@id\":\"https:\/\/avmedical.ma\/#\/schema\/logo\/image\/\",\"url\":\"https:\/\/avmedical.ma\/wp-content\/uploads\/2024\/02\/logo_avmedical_new.png\",\"contentUrl\":\"https:\/\/avmedical.ma\/wp-content\/uploads\/2024\/02\/logo_avmedical_new.png\",\"width\":420,\"height\":95,\"caption\":\"AVMEDICAL\"},\"image\":{\"@id\":\"https:\/\/avmedical.ma\/#\/schema\/logo\/image\/\"}}]}<\/script>\n<!-- \/ Yoast SEO plugin. -->","yoast_head_json":{"title":"Thermom\u00e8tres frontaux - AV MEDICAL","robots":{"index":"index","follow":"follow","max-snippet":"max-snippet:-1","max-image-preview":"max-image-preview:large","max-video-preview":"max-video-preview:-1"},"canonical":"https:\/\/avmedical.ma\/ar\/product\/thermometres-frontaux-ir-thermoflash\/","og_locale":"ar_AR","og_type":"article","og_title":"Thermom\u00e8tres frontaux - AV MEDICAL","og_description":"Prise de temp\u00e9rature instantan\u00e9e : 0,28 SEC Sans toucher, sans douleur, ...","og_url":"https:\/\/avmedical.ma\/ar\/product\/thermometres-frontaux-ir-thermoflash\/","og_site_name":"AV MEDICAL","article_modified_time":"2024-02-18T21:24:14+00:00","og_image":[{"width":385,"height":345,"url":"https:\/\/avmedical.ma\/wp-content\/uploads\/2024\/02\/thermometre_resize.jpg","type":"image\/jpeg"}],"twitter_card":"summary_large_image","schema":{"@context":"https:\/\/schema.org","@graph":[{"@type":"WebPage","@id":"https:\/\/avmedical.ma\/produit\/thermometres-frontaux-ir-thermoflash\/","url":"https:\/\/avmedical.ma\/produit\/thermometres-frontaux-ir-thermoflash\/","name":"Thermom\u00e8tres frontaux - AV MEDICAL","isPartOf":{"@id":"https:\/\/avmedical.ma\/#website"},"primaryImageOfPage":{"@id":"https:\/\/avmedical.ma\/produit\/thermometres-frontaux-ir-thermoflash\/#primaryimage"},"image":{"@id":"https:\/\/avmedical.ma\/produit\/thermometres-frontaux-ir-thermoflash\/#primaryimage"},"thumbnailUrl":"https:\/\/avmedical.ma\/wp-content\/uploads\/2024\/02\/thermometre_resize.jpg","datePublished":"2020-11-17T01:16:02+00:00","dateModified":"2024-02-18T21:24:14+00:00","breadcrumb":{"@id":"https:\/\/avmedical.ma\/produit\/thermometres-frontaux-ir-thermoflash\/#breadcrumb"},"inLanguage":"ar","potentialAction":[{"@type":"ReadAction","target":["https:\/\/avmedical.ma\/produit\/thermometres-frontaux-ir-thermoflash\/"]}]},{"@type":"ImageObject","inLanguage":"ar","@id":"https:\/\/avmedical.ma\/produit\/thermometres-frontaux-ir-thermoflash\/#primaryimage","url":"https:\/\/avmedical.ma\/wp-content\/uploads\/2024\/02\/thermometre_resize.jpg","contentUrl":"https:\/\/avmedical.ma\/wp-content\/uploads\/2024\/02\/thermometre_resize.jpg","width":385,"height":345},{"@type":"BreadcrumbList","@id":"https:\/\/avmedical.ma\/produit\/thermometres-frontaux-ir-thermoflash\/#breadcrumb","itemListElement":[{"@type":"ListItem","position":1,"name":"Accueil","item":"https:\/\/avmedical.ma\/"},{"@type":"ListItem","position":2,"name":"Shop","item":"https:\/\/avmedical.ma\/shop\/"},{"@type":"ListItem","position":3,"name":"Thermom\u00e8tres frontaux"}]},{"@type":"WebSite","@id":"https:\/\/avmedical.ma\/#website","url":"https:\/\/avmedical.ma\/","name":"AVMEDICAL Maroc","description":"","publisher":{"@id":"https:\/\/avmedical.ma\/#organization"},"potentialAction":[{"@type":"SearchAction","target":{"@type":"EntryPoint","urlTemplate":"https:\/\/avmedical.ma\/?s={search_term_string}"},"query-input":{"@type":"PropertyValueSpecification","valueRequired":true,"valueName":"search_term_string"}}],"inLanguage":"ar"},{"@type":"Organization","@id":"https:\/\/avmedical.ma\/#organization","name":"AVMEDICAL","url":"https:\/\/avmedical.ma\/","logo":{"@type":"ImageObject","inLanguage":"ar","@id":"https:\/\/avmedical.ma\/#\/schema\/logo\/image\/","url":"https:\/\/avmedical.ma\/wp-content\/uploads\/2024\/02\/logo_avmedical_new.png","contentUrl":"https:\/\/avmedical.ma\/wp-content\/uploads\/2024\/02\/logo_avmedical_new.png","width":420,"height":95,"caption":"AVMEDICAL"},"image":{"@id":"https:\/\/avmedical.ma\/#\/schema\/logo\/image\/"}}]}},"_links":{"self":[{"href":"https:\/\/avmedical.ma\/ar\/wp-json\/wp\/v2\/product\/1930","targetHints":{"allow":["GET"]}}],"collection":[{"href":"https:\/\/avmedical.ma\/ar\/wp-json\/wp\/v2\/product"}],"about":[{"href":"https:\/\/avmedical.ma\/ar\/wp-json\/wp\/v2\/types\/product"}],"replies":[{"embeddable":true,"href":"https:\/\/avmedical.ma\/ar\/wp-json\/wp\/v2\/comments?post=1930"}],"wp:featuredmedia":[{"embeddable":true,"href":"https:\/\/avmedical.ma\/ar\/wp-json\/wp\/v2\/media\/1931"}],"wp:attachment":[{"href":"https:\/\/avmedical.ma\/ar\/wp-json\/wp\/v2\/media?parent=1930"}],"wp:term":[{"taxonomy":"product_brand","embeddable":true,"href":"https:\/\/avmedical.ma\/ar\/wp-json\/wp\/v2\/product_brand?post=1930"},{"taxonomy":"product_cat","embeddable":true,"href":"https:\/\/avmedical.ma\/ar\/wp-json\/wp\/v2\/product_cat?post=1930"},{"taxonomy":"product_tag","embeddable":true,"href":"https:\/\/avmedical.ma\/ar\/wp-json\/wp\/v2\/product_tag?post=1930"}],"curies":[{"name":"wp","href":"https:\/\/api.w.org\/{rel}","templated":true}]}}