{"id":1915,"date":"2020-11-16T22:25:45","date_gmt":"2020-11-16T21:25:45","guid":{"rendered":"https:\/\/avmedical.ma\/?post_type=product&#038;p=1915"},"modified":"2024-02-18T22:26:33","modified_gmt":"2024-02-18T21:26:33","slug":"concentrateur-doxygene-portable-medical-5l","status":"publish","type":"product","link":"https:\/\/avmedical.ma\/ar\/product\/concentrateur-doxygene-portable-medical-5l\/","title":{"rendered":"Concentrateur d&rsquo;oxyg\u00e8ne 5L"},"content":{"rendered":"<p align=\"justify\">Facile \u00e0 utiliser, mobile et l\u00e9g\u00e8re, adapt\u00e9e \u00e0 l&rsquo;utilisation des soins de sant\u00e9.Voiture domestique \u00e0 deux fins, peut \u00e9galement \u00eatre utilis\u00e9e pour le m\u00e9nage, peut \u00e9galement utiliser la puissance de la voiture pour mettre la voiture \u00e0 utiliser.Oxyg\u00e8ne est un gaz incolore et inodore, qui est un mat\u00e9riau important pour la survie du corps humain, et est \u00e9galement un mat\u00e9riau important pour la survie d&rsquo;autres animaux et plantes.Sans oxyg\u00e8ne, le monde naturel serait sans vie, d\u00e9pourvu de vie et son importance en tant que l&rsquo;eau Il a un large \u00e9ventail d&rsquo;applications, de tous les horizons \u00e0 l&rsquo;oxyg\u00e8ne, en passant par les soins de sant\u00e9 et les soins de beaut\u00e9. Caract\u00e9ristiques du<\/p>\n<p>Concentrateur d&rsquo;oxyg\u00e8ne portable m\u00e9dical 5L :<\/p>\n<ul>\n<li>Alimentation CA et CC, onduleur inclus, alimentation directement \u00e0 bord<\/li>\n<li>Conception portable, utilisation en ext\u00e9rieur, alimentation en oxyg\u00e8ne quelle que soit l&rsquo;occasion<\/li>\n<li>Tamis mol\u00e9culaire import\u00e9: forte stabilit\u00e9, meilleure adsorption, dur\u00e9e de vie plus longue<\/li>\n<li>Filtres tr\u00e8s efficaces \u00c9loignez la plupart des impuret\u00e9s et des bact\u00e9ries<\/li>\n<li>Le syst\u00e8me d&rsquo;\u00e9quilibrage de la chaleur assure une dur\u00e9e de vie plus longue<\/li>\n<li>\u00a0Longue garantie 2 ans<\/li>\n<\/ul>","protected":false},"excerpt":{"rendered":"<p>Facile \u00e0 utiliser, mobile et l\u00e9g\u00e8re, adapt\u00e9e \u00e0 l&rsquo;utilisation des soins &#8230; <\/p>","protected":false},"featured_media":1916,"comment_status":"open","ping_status":"closed","template":"","meta":[],"product_brand":[],"product_cat":[226],"product_tag":[],"class_list":{"0":"post-1915","1":"product","2":"type-product","3":"status-publish","4":"has-post-thumbnail","6":"product_cat-concentrateur-oxygene","8":"first","9":"instock","10":"shipping-taxable","11":"product-type-simple"},"yoast_head":"<!-- This site is optimized with the Yoast SEO plugin v27.2 - https:\/\/yoast.com\/product\/yoast-seo-wordpress\/ -->\n<title>Concentrateur d&#039;oxyg\u00e8ne 5L - AV MEDICAL<\/title>\n<meta name=\"robots\" content=\"index, follow, max-snippet:-1, max-image-preview:large, max-video-preview:-1\" \/>\n<link rel=\"canonical\" href=\"https:\/\/avmedical.ma\/ar\/product\/concentrateur-doxygene-portable-medical-5l\/\" \/>\n<meta property=\"og:locale\" content=\"ar_AR\" \/>\n<meta property=\"og:type\" content=\"article\" \/>\n<meta property=\"og:title\" content=\"Concentrateur d&#039;oxyg\u00e8ne 5L - AV MEDICAL\" \/>\n<meta property=\"og:description\" content=\"Facile \u00e0 utiliser, mobile et l\u00e9g\u00e8re, adapt\u00e9e \u00e0 l&rsquo;utilisation des soins ...\" \/>\n<meta property=\"og:url\" content=\"https:\/\/avmedical.ma\/ar\/product\/concentrateur-doxygene-portable-medical-5l\/\" \/>\n<meta property=\"og:site_name\" content=\"AV MEDICAL\" \/>\n<meta property=\"article:modified_time\" content=\"2024-02-18T21:26:33+00:00\" \/>\n<meta property=\"og:image\" content=\"https:\/\/avmedical.ma\/wp-content\/uploads\/2024\/02\/concentrateur_oxygen_3_resize.png\" \/>\n\t<meta property=\"og:image:width\" content=\"385\" \/>\n\t<meta property=\"og:image:height\" content=\"345\" \/>\n\t<meta property=\"og:image:type\" content=\"image\/png\" \/>\n<meta name=\"twitter:card\" content=\"summary_large_image\" \/>\n<meta name=\"twitter:label1\" content=\"\u0648\u0642\u062a \u0627\u0644\u0642\u0631\u0627\u0621\u0629 \u0627\u0644\u0645\u064f\u0642\u062f\u0651\u0631\" \/>\n\t<meta name=\"twitter:data1\" content=\"\u062f\u0642\u064a\u0642\u0629 \u0648\u0627\u062d\u062f\u0629\" \/>\n<script type=\"application\/ld+json\" class=\"yoast-schema-graph\">{\"@context\":\"https:\/\/schema.org\",\"@graph\":[{\"@type\":\"WebPage\",\"@id\":\"https:\/\/avmedical.ma\/produit\/concentrateur-doxygene-portable-medical-5l\/\",\"url\":\"https:\/\/avmedical.ma\/produit\/concentrateur-doxygene-portable-medical-5l\/\",\"name\":\"Concentrateur d'oxyg\u00e8ne 5L - AV MEDICAL\",\"isPartOf\":{\"@id\":\"https:\/\/avmedical.ma\/#website\"},\"primaryImageOfPage\":{\"@id\":\"https:\/\/avmedical.ma\/produit\/concentrateur-doxygene-portable-medical-5l\/#primaryimage\"},\"image\":{\"@id\":\"https:\/\/avmedical.ma\/produit\/concentrateur-doxygene-portable-medical-5l\/#primaryimage\"},\"thumbnailUrl\":\"https:\/\/avmedical.ma\/wp-content\/uploads\/2024\/02\/concentrateur_oxygen_3_resize.png\",\"datePublished\":\"2020-11-16T21:25:45+00:00\",\"dateModified\":\"2024-02-18T21:26:33+00:00\",\"breadcrumb\":{\"@id\":\"https:\/\/avmedical.ma\/produit\/concentrateur-doxygene-portable-medical-5l\/#breadcrumb\"},\"inLanguage\":\"ar\",\"potentialAction\":[{\"@type\":\"ReadAction\",\"target\":[\"https:\/\/avmedical.ma\/produit\/concentrateur-doxygene-portable-medical-5l\/\"]}]},{\"@type\":\"ImageObject\",\"inLanguage\":\"ar\",\"@id\":\"https:\/\/avmedical.ma\/produit\/concentrateur-doxygene-portable-medical-5l\/#primaryimage\",\"url\":\"https:\/\/avmedical.ma\/wp-content\/uploads\/2024\/02\/concentrateur_oxygen_3_resize.png\",\"contentUrl\":\"https:\/\/avmedical.ma\/wp-content\/uploads\/2024\/02\/concentrateur_oxygen_3_resize.png\",\"width\":385,\"height\":345},{\"@type\":\"BreadcrumbList\",\"@id\":\"https:\/\/avmedical.ma\/produit\/concentrateur-doxygene-portable-medical-5l\/#breadcrumb\",\"itemListElement\":[{\"@type\":\"ListItem\",\"position\":1,\"name\":\"Accueil\",\"item\":\"https:\/\/avmedical.ma\/\"},{\"@type\":\"ListItem\",\"position\":2,\"name\":\"Shop\",\"item\":\"https:\/\/avmedical.ma\/shop\/\"},{\"@type\":\"ListItem\",\"position\":3,\"name\":\"Concentrateur d&rsquo;oxyg\u00e8ne 5L\"}]},{\"@type\":\"WebSite\",\"@id\":\"https:\/\/avmedical.ma\/#website\",\"url\":\"https:\/\/avmedical.ma\/\",\"name\":\"AVMEDICAL Maroc\",\"description\":\"\",\"publisher\":{\"@id\":\"https:\/\/avmedical.ma\/#organization\"},\"potentialAction\":[{\"@type\":\"SearchAction\",\"target\":{\"@type\":\"EntryPoint\",\"urlTemplate\":\"https:\/\/avmedical.ma\/?s={search_term_string}\"},\"query-input\":{\"@type\":\"PropertyValueSpecification\",\"valueRequired\":true,\"valueName\":\"search_term_string\"}}],\"inLanguage\":\"ar\"},{\"@type\":\"Organization\",\"@id\":\"https:\/\/avmedical.ma\/#organization\",\"name\":\"AVMEDICAL\",\"url\":\"https:\/\/avmedical.ma\/\",\"logo\":{\"@type\":\"ImageObject\",\"inLanguage\":\"ar\",\"@id\":\"https:\/\/avmedical.ma\/#\/schema\/logo\/image\/\",\"url\":\"https:\/\/avmedical.ma\/wp-content\/uploads\/2024\/02\/logo_avmedical_new.png\",\"contentUrl\":\"https:\/\/avmedical.ma\/wp-content\/uploads\/2024\/02\/logo_avmedical_new.png\",\"width\":420,\"height\":95,\"caption\":\"AVMEDICAL\"},\"image\":{\"@id\":\"https:\/\/avmedical.ma\/#\/schema\/logo\/image\/\"}}]}<\/script>\n<!-- \/ Yoast SEO plugin. -->","yoast_head_json":{"title":"Concentrateur d'oxyg\u00e8ne 5L - AV MEDICAL","robots":{"index":"index","follow":"follow","max-snippet":"max-snippet:-1","max-image-preview":"max-image-preview:large","max-video-preview":"max-video-preview:-1"},"canonical":"https:\/\/avmedical.ma\/ar\/product\/concentrateur-doxygene-portable-medical-5l\/","og_locale":"ar_AR","og_type":"article","og_title":"Concentrateur d'oxyg\u00e8ne 5L - AV MEDICAL","og_description":"Facile \u00e0 utiliser, mobile et l\u00e9g\u00e8re, adapt\u00e9e \u00e0 l&rsquo;utilisation des soins ...","og_url":"https:\/\/avmedical.ma\/ar\/product\/concentrateur-doxygene-portable-medical-5l\/","og_site_name":"AV MEDICAL","article_modified_time":"2024-02-18T21:26:33+00:00","og_image":[{"width":385,"height":345,"url":"https:\/\/avmedical.ma\/wp-content\/uploads\/2024\/02\/concentrateur_oxygen_3_resize.png","type":"image\/png"}],"twitter_card":"summary_large_image","twitter_misc":{"\u0648\u0642\u062a \u0627\u0644\u0642\u0631\u0627\u0621\u0629 \u0627\u0644\u0645\u064f\u0642\u062f\u0651\u0631":"\u062f\u0642\u064a\u0642\u0629 \u0648\u0627\u062d\u062f\u0629"},"schema":{"@context":"https:\/\/schema.org","@graph":[{"@type":"WebPage","@id":"https:\/\/avmedical.ma\/produit\/concentrateur-doxygene-portable-medical-5l\/","url":"https:\/\/avmedical.ma\/produit\/concentrateur-doxygene-portable-medical-5l\/","name":"Concentrateur d'oxyg\u00e8ne 5L - AV MEDICAL","isPartOf":{"@id":"https:\/\/avmedical.ma\/#website"},"primaryImageOfPage":{"@id":"https:\/\/avmedical.ma\/produit\/concentrateur-doxygene-portable-medical-5l\/#primaryimage"},"image":{"@id":"https:\/\/avmedical.ma\/produit\/concentrateur-doxygene-portable-medical-5l\/#primaryimage"},"thumbnailUrl":"https:\/\/avmedical.ma\/wp-content\/uploads\/2024\/02\/concentrateur_oxygen_3_resize.png","datePublished":"2020-11-16T21:25:45+00:00","dateModified":"2024-02-18T21:26:33+00:00","breadcrumb":{"@id":"https:\/\/avmedical.ma\/produit\/concentrateur-doxygene-portable-medical-5l\/#breadcrumb"},"inLanguage":"ar","potentialAction":[{"@type":"ReadAction","target":["https:\/\/avmedical.ma\/produit\/concentrateur-doxygene-portable-medical-5l\/"]}]},{"@type":"ImageObject","inLanguage":"ar","@id":"https:\/\/avmedical.ma\/produit\/concentrateur-doxygene-portable-medical-5l\/#primaryimage","url":"https:\/\/avmedical.ma\/wp-content\/uploads\/2024\/02\/concentrateur_oxygen_3_resize.png","contentUrl":"https:\/\/avmedical.ma\/wp-content\/uploads\/2024\/02\/concentrateur_oxygen_3_resize.png","width":385,"height":345},{"@type":"BreadcrumbList","@id":"https:\/\/avmedical.ma\/produit\/concentrateur-doxygene-portable-medical-5l\/#breadcrumb","itemListElement":[{"@type":"ListItem","position":1,"name":"Accueil","item":"https:\/\/avmedical.ma\/"},{"@type":"ListItem","position":2,"name":"Shop","item":"https:\/\/avmedical.ma\/shop\/"},{"@type":"ListItem","position":3,"name":"Concentrateur d&rsquo;oxyg\u00e8ne 5L"}]},{"@type":"WebSite","@id":"https:\/\/avmedical.ma\/#website","url":"https:\/\/avmedical.ma\/","name":"AVMEDICAL Maroc","description":"","publisher":{"@id":"https:\/\/avmedical.ma\/#organization"},"potentialAction":[{"@type":"SearchAction","target":{"@type":"EntryPoint","urlTemplate":"https:\/\/avmedical.ma\/?s={search_term_string}"},"query-input":{"@type":"PropertyValueSpecification","valueRequired":true,"valueName":"search_term_string"}}],"inLanguage":"ar"},{"@type":"Organization","@id":"https:\/\/avmedical.ma\/#organization","name":"AVMEDICAL","url":"https:\/\/avmedical.ma\/","logo":{"@type":"ImageObject","inLanguage":"ar","@id":"https:\/\/avmedical.ma\/#\/schema\/logo\/image\/","url":"https:\/\/avmedical.ma\/wp-content\/uploads\/2024\/02\/logo_avmedical_new.png","contentUrl":"https:\/\/avmedical.ma\/wp-content\/uploads\/2024\/02\/logo_avmedical_new.png","width":420,"height":95,"caption":"AVMEDICAL"},"image":{"@id":"https:\/\/avmedical.ma\/#\/schema\/logo\/image\/"}}]}},"_links":{"self":[{"href":"https:\/\/avmedical.ma\/ar\/wp-json\/wp\/v2\/product\/1915","targetHints":{"allow":["GET"]}}],"collection":[{"href":"https:\/\/avmedical.ma\/ar\/wp-json\/wp\/v2\/product"}],"about":[{"href":"https:\/\/avmedical.ma\/ar\/wp-json\/wp\/v2\/types\/product"}],"replies":[{"embeddable":true,"href":"https:\/\/avmedical.ma\/ar\/wp-json\/wp\/v2\/comments?post=1915"}],"wp:featuredmedia":[{"embeddable":true,"href":"https:\/\/avmedical.ma\/ar\/wp-json\/wp\/v2\/media\/1916"}],"wp:attachment":[{"href":"https:\/\/avmedical.ma\/ar\/wp-json\/wp\/v2\/media?parent=1915"}],"wp:term":[{"taxonomy":"product_brand","embeddable":true,"href":"https:\/\/avmedical.ma\/ar\/wp-json\/wp\/v2\/product_brand?post=1915"},{"taxonomy":"product_cat","embeddable":true,"href":"https:\/\/avmedical.ma\/ar\/wp-json\/wp\/v2\/product_cat?post=1915"},{"taxonomy":"product_tag","embeddable":true,"href":"https:\/\/avmedical.ma\/ar\/wp-json\/wp\/v2\/product_tag?post=1915"}],"curies":[{"name":"wp","href":"https:\/\/api.w.org\/{rel}","templated":true}]}}