{"id":1912,"date":"2020-11-16T21:46:21","date_gmt":"2020-11-16T20:46:21","guid":{"rendered":"https:\/\/avmedical.ma\/?post_type=product&#038;p=1912"},"modified":"2024-02-18T22:26:51","modified_gmt":"2024-02-18T21:26:51","slug":"concentrateur-doxygene","status":"publish","type":"product","link":"https:\/\/avmedical.ma\/ar\/product\/concentrateur-doxygene\/","title":{"rendered":"Concentrateur d&rsquo;oxyg\u00e8ne 3L"},"content":{"rendered":"<ul>\n<li>D\u00e9bit continu, 0-5L \/ min r\u00e9glable. R\u00e9pond \u00e0 un large \u00e9ventail de demandes.<\/li>\n<li>Toutes les pi\u00e8ces compos\u00e9es de la machine sont fabriqu\u00e9es chez les plus grands fabricants mondiaux.<\/li>\n<li>Panneau LCD, affichage du temps de travail, affichage du niveau de batterie. Affichage du d\u00e9bit d&rsquo;oxyg\u00e8ne.<\/li>\n<li>Le petit humidificateur rend l&rsquo;oxyg\u00e9noth\u00e9rapie de longue dur\u00e9e plus confortable.<\/li>\n<li>Fonction anion pour purifier l&rsquo;air autour de vous pour une inhalation d&rsquo;oxyg\u00e8ne propre.<\/li>\n<li>Batterie d&rsquo;origine de marque c\u00e9l\u00e8bre, 7800mAh.<\/li>\n<li>Niveau de bruit le plus bas. Excellent pour dormir.<\/li>\n<li>Syst\u00e8me d&rsquo;alarme d&rsquo;auto-diagnostic intelligent.<\/li>\n<\/ul>","protected":false},"excerpt":{"rendered":"<p>D\u00e9bit continu, 0-5L \/ min r\u00e9glable. R\u00e9pond \u00e0 un large \u00e9ventail &#8230; <\/p>","protected":false},"featured_media":1913,"comment_status":"open","ping_status":"closed","template":"","meta":[],"product_brand":[],"product_cat":[226],"product_tag":[],"class_list":{"0":"post-1912","1":"product","2":"type-product","3":"status-publish","4":"has-post-thumbnail","6":"product_cat-concentrateur-oxygene","8":"first","9":"instock","10":"shipping-taxable","11":"product-type-simple"},"yoast_head":"<!-- This site is optimized with the Yoast SEO plugin v27.2 - https:\/\/yoast.com\/product\/yoast-seo-wordpress\/ -->\n<title>Concentrateur d&#039;oxyg\u00e8ne 3L - AV MEDICAL<\/title>\n<meta name=\"robots\" content=\"index, follow, max-snippet:-1, max-image-preview:large, max-video-preview:-1\" \/>\n<link rel=\"canonical\" href=\"https:\/\/avmedical.ma\/ar\/product\/concentrateur-doxygene\/\" \/>\n<meta property=\"og:locale\" content=\"ar_AR\" \/>\n<meta property=\"og:type\" content=\"article\" \/>\n<meta property=\"og:title\" content=\"Concentrateur d&#039;oxyg\u00e8ne 3L - AV MEDICAL\" \/>\n<meta property=\"og:description\" content=\"D\u00e9bit continu, 0-5L \/ min r\u00e9glable. R\u00e9pond \u00e0 un large \u00e9ventail ...\" \/>\n<meta property=\"og:url\" content=\"https:\/\/avmedical.ma\/ar\/product\/concentrateur-doxygene\/\" \/>\n<meta property=\"og:site_name\" content=\"AV MEDICAL\" \/>\n<meta property=\"article:modified_time\" content=\"2024-02-18T21:26:51+00:00\" \/>\n<meta property=\"og:image\" content=\"https:\/\/avmedical.ma\/wp-content\/uploads\/2024\/02\/concentrateur_oxygen_7_resize.png\" \/>\n\t<meta property=\"og:image:width\" content=\"385\" \/>\n\t<meta property=\"og:image:height\" content=\"345\" \/>\n\t<meta property=\"og:image:type\" content=\"image\/png\" \/>\n<meta name=\"twitter:card\" content=\"summary_large_image\" \/>\n<meta name=\"twitter:label1\" content=\"\u0648\u0642\u062a \u0627\u0644\u0642\u0631\u0627\u0621\u0629 \u0627\u0644\u0645\u064f\u0642\u062f\u0651\u0631\" \/>\n\t<meta name=\"twitter:data1\" content=\"\u062f\u0642\u064a\u0642\u0629 \u0648\u0627\u062d\u062f\u0629\" \/>\n<script type=\"application\/ld+json\" class=\"yoast-schema-graph\">{\"@context\":\"https:\/\/schema.org\",\"@graph\":[{\"@type\":\"WebPage\",\"@id\":\"https:\/\/avmedical.ma\/produit\/concentrateur-doxygene\/\",\"url\":\"https:\/\/avmedical.ma\/produit\/concentrateur-doxygene\/\",\"name\":\"Concentrateur d'oxyg\u00e8ne 3L - AV MEDICAL\",\"isPartOf\":{\"@id\":\"https:\/\/avmedical.ma\/#website\"},\"primaryImageOfPage\":{\"@id\":\"https:\/\/avmedical.ma\/produit\/concentrateur-doxygene\/#primaryimage\"},\"image\":{\"@id\":\"https:\/\/avmedical.ma\/produit\/concentrateur-doxygene\/#primaryimage\"},\"thumbnailUrl\":\"https:\/\/avmedical.ma\/wp-content\/uploads\/2024\/02\/concentrateur_oxygen_7_resize.png\",\"datePublished\":\"2020-11-16T20:46:21+00:00\",\"dateModified\":\"2024-02-18T21:26:51+00:00\",\"breadcrumb\":{\"@id\":\"https:\/\/avmedical.ma\/produit\/concentrateur-doxygene\/#breadcrumb\"},\"inLanguage\":\"ar\",\"potentialAction\":[{\"@type\":\"ReadAction\",\"target\":[\"https:\/\/avmedical.ma\/produit\/concentrateur-doxygene\/\"]}]},{\"@type\":\"ImageObject\",\"inLanguage\":\"ar\",\"@id\":\"https:\/\/avmedical.ma\/produit\/concentrateur-doxygene\/#primaryimage\",\"url\":\"https:\/\/avmedical.ma\/wp-content\/uploads\/2024\/02\/concentrateur_oxygen_7_resize.png\",\"contentUrl\":\"https:\/\/avmedical.ma\/wp-content\/uploads\/2024\/02\/concentrateur_oxygen_7_resize.png\",\"width\":385,\"height\":345},{\"@type\":\"BreadcrumbList\",\"@id\":\"https:\/\/avmedical.ma\/produit\/concentrateur-doxygene\/#breadcrumb\",\"itemListElement\":[{\"@type\":\"ListItem\",\"position\":1,\"name\":\"Accueil\",\"item\":\"https:\/\/avmedical.ma\/\"},{\"@type\":\"ListItem\",\"position\":2,\"name\":\"Shop\",\"item\":\"https:\/\/avmedical.ma\/shop\/\"},{\"@type\":\"ListItem\",\"position\":3,\"name\":\"Concentrateur d&rsquo;oxyg\u00e8ne 3L\"}]},{\"@type\":\"WebSite\",\"@id\":\"https:\/\/avmedical.ma\/#website\",\"url\":\"https:\/\/avmedical.ma\/\",\"name\":\"AVMEDICAL Maroc\",\"description\":\"\",\"publisher\":{\"@id\":\"https:\/\/avmedical.ma\/#organization\"},\"potentialAction\":[{\"@type\":\"SearchAction\",\"target\":{\"@type\":\"EntryPoint\",\"urlTemplate\":\"https:\/\/avmedical.ma\/?s={search_term_string}\"},\"query-input\":{\"@type\":\"PropertyValueSpecification\",\"valueRequired\":true,\"valueName\":\"search_term_string\"}}],\"inLanguage\":\"ar\"},{\"@type\":\"Organization\",\"@id\":\"https:\/\/avmedical.ma\/#organization\",\"name\":\"AVMEDICAL\",\"url\":\"https:\/\/avmedical.ma\/\",\"logo\":{\"@type\":\"ImageObject\",\"inLanguage\":\"ar\",\"@id\":\"https:\/\/avmedical.ma\/#\/schema\/logo\/image\/\",\"url\":\"https:\/\/avmedical.ma\/wp-content\/uploads\/2024\/02\/logo_avmedical_new.png\",\"contentUrl\":\"https:\/\/avmedical.ma\/wp-content\/uploads\/2024\/02\/logo_avmedical_new.png\",\"width\":420,\"height\":95,\"caption\":\"AVMEDICAL\"},\"image\":{\"@id\":\"https:\/\/avmedical.ma\/#\/schema\/logo\/image\/\"}}]}<\/script>\n<!-- \/ Yoast SEO plugin. -->","yoast_head_json":{"title":"Concentrateur d'oxyg\u00e8ne 3L - AV MEDICAL","robots":{"index":"index","follow":"follow","max-snippet":"max-snippet:-1","max-image-preview":"max-image-preview:large","max-video-preview":"max-video-preview:-1"},"canonical":"https:\/\/avmedical.ma\/ar\/product\/concentrateur-doxygene\/","og_locale":"ar_AR","og_type":"article","og_title":"Concentrateur d'oxyg\u00e8ne 3L - AV MEDICAL","og_description":"D\u00e9bit continu, 0-5L \/ min r\u00e9glable. R\u00e9pond \u00e0 un large \u00e9ventail ...","og_url":"https:\/\/avmedical.ma\/ar\/product\/concentrateur-doxygene\/","og_site_name":"AV MEDICAL","article_modified_time":"2024-02-18T21:26:51+00:00","og_image":[{"width":385,"height":345,"url":"https:\/\/avmedical.ma\/wp-content\/uploads\/2024\/02\/concentrateur_oxygen_7_resize.png","type":"image\/png"}],"twitter_card":"summary_large_image","twitter_misc":{"\u0648\u0642\u062a \u0627\u0644\u0642\u0631\u0627\u0621\u0629 \u0627\u0644\u0645\u064f\u0642\u062f\u0651\u0631":"\u062f\u0642\u064a\u0642\u0629 \u0648\u0627\u062d\u062f\u0629"},"schema":{"@context":"https:\/\/schema.org","@graph":[{"@type":"WebPage","@id":"https:\/\/avmedical.ma\/produit\/concentrateur-doxygene\/","url":"https:\/\/avmedical.ma\/produit\/concentrateur-doxygene\/","name":"Concentrateur d'oxyg\u00e8ne 3L - AV MEDICAL","isPartOf":{"@id":"https:\/\/avmedical.ma\/#website"},"primaryImageOfPage":{"@id":"https:\/\/avmedical.ma\/produit\/concentrateur-doxygene\/#primaryimage"},"image":{"@id":"https:\/\/avmedical.ma\/produit\/concentrateur-doxygene\/#primaryimage"},"thumbnailUrl":"https:\/\/avmedical.ma\/wp-content\/uploads\/2024\/02\/concentrateur_oxygen_7_resize.png","datePublished":"2020-11-16T20:46:21+00:00","dateModified":"2024-02-18T21:26:51+00:00","breadcrumb":{"@id":"https:\/\/avmedical.ma\/produit\/concentrateur-doxygene\/#breadcrumb"},"inLanguage":"ar","potentialAction":[{"@type":"ReadAction","target":["https:\/\/avmedical.ma\/produit\/concentrateur-doxygene\/"]}]},{"@type":"ImageObject","inLanguage":"ar","@id":"https:\/\/avmedical.ma\/produit\/concentrateur-doxygene\/#primaryimage","url":"https:\/\/avmedical.ma\/wp-content\/uploads\/2024\/02\/concentrateur_oxygen_7_resize.png","contentUrl":"https:\/\/avmedical.ma\/wp-content\/uploads\/2024\/02\/concentrateur_oxygen_7_resize.png","width":385,"height":345},{"@type":"BreadcrumbList","@id":"https:\/\/avmedical.ma\/produit\/concentrateur-doxygene\/#breadcrumb","itemListElement":[{"@type":"ListItem","position":1,"name":"Accueil","item":"https:\/\/avmedical.ma\/"},{"@type":"ListItem","position":2,"name":"Shop","item":"https:\/\/avmedical.ma\/shop\/"},{"@type":"ListItem","position":3,"name":"Concentrateur d&rsquo;oxyg\u00e8ne 3L"}]},{"@type":"WebSite","@id":"https:\/\/avmedical.ma\/#website","url":"https:\/\/avmedical.ma\/","name":"AVMEDICAL Maroc","description":"","publisher":{"@id":"https:\/\/avmedical.ma\/#organization"},"potentialAction":[{"@type":"SearchAction","target":{"@type":"EntryPoint","urlTemplate":"https:\/\/avmedical.ma\/?s={search_term_string}"},"query-input":{"@type":"PropertyValueSpecification","valueRequired":true,"valueName":"search_term_string"}}],"inLanguage":"ar"},{"@type":"Organization","@id":"https:\/\/avmedical.ma\/#organization","name":"AVMEDICAL","url":"https:\/\/avmedical.ma\/","logo":{"@type":"ImageObject","inLanguage":"ar","@id":"https:\/\/avmedical.ma\/#\/schema\/logo\/image\/","url":"https:\/\/avmedical.ma\/wp-content\/uploads\/2024\/02\/logo_avmedical_new.png","contentUrl":"https:\/\/avmedical.ma\/wp-content\/uploads\/2024\/02\/logo_avmedical_new.png","width":420,"height":95,"caption":"AVMEDICAL"},"image":{"@id":"https:\/\/avmedical.ma\/#\/schema\/logo\/image\/"}}]}},"_links":{"self":[{"href":"https:\/\/avmedical.ma\/ar\/wp-json\/wp\/v2\/product\/1912","targetHints":{"allow":["GET"]}}],"collection":[{"href":"https:\/\/avmedical.ma\/ar\/wp-json\/wp\/v2\/product"}],"about":[{"href":"https:\/\/avmedical.ma\/ar\/wp-json\/wp\/v2\/types\/product"}],"replies":[{"embeddable":true,"href":"https:\/\/avmedical.ma\/ar\/wp-json\/wp\/v2\/comments?post=1912"}],"wp:featuredmedia":[{"embeddable":true,"href":"https:\/\/avmedical.ma\/ar\/wp-json\/wp\/v2\/media\/1913"}],"wp:attachment":[{"href":"https:\/\/avmedical.ma\/ar\/wp-json\/wp\/v2\/media?parent=1912"}],"wp:term":[{"taxonomy":"product_brand","embeddable":true,"href":"https:\/\/avmedical.ma\/ar\/wp-json\/wp\/v2\/product_brand?post=1912"},{"taxonomy":"product_cat","embeddable":true,"href":"https:\/\/avmedical.ma\/ar\/wp-json\/wp\/v2\/product_cat?post=1912"},{"taxonomy":"product_tag","embeddable":true,"href":"https:\/\/avmedical.ma\/ar\/wp-json\/wp\/v2\/product_tag?post=1912"}],"curies":[{"name":"wp","href":"https:\/\/api.w.org\/{rel}","templated":true}]}}