{"id":1910,"date":"2020-11-16T13:19:40","date_gmt":"2020-11-16T12:19:40","guid":{"rendered":"https:\/\/avmedical.ma\/?post_type=product&#038;p=1910"},"modified":"2024-02-19T22:52:24","modified_gmt":"2024-02-19T21:52:24","slug":"attelle-de-poignet-avec-pouce-neoprene","status":"publish","type":"product","link":"https:\/\/avmedical.ma\/ar\/product\/attelle-de-poignet-avec-pouce-neoprene\/","title":{"rendered":"Attelle poignet \u00e0 pouce"},"content":{"rendered":"<p align=\"justify\">Attelle de poignet avec pouce (N\u00e9opr\u00e8ne)\u00a0soutient, prot\u00e8ge et immobilise le poignet tout en permettant un mouvement libre et naturel du pouce et des doigts.\u00a0Il comprime la zone et retient la chaleur corporelle pour att\u00e9nuer la douleur et l&rsquo;inflammation locales.\u00a0Il maintient le pouce dans sa position d&rsquo;abduction neutre.<\/p>\n<ul>\n<li>Syst\u00e8me de fermeture polyvalent.<\/li>\n<li>Chaleur th\u00e9rapeutique optimale.<\/li>\n<li>Compressions contr\u00f4l\u00e9es \u00e0 quatre voies.<\/li>\n<li>Placement anatomique du pouce.<\/li>\n<\/ul>","protected":false},"excerpt":{"rendered":"<p>Attelle de poignet avec pouce (N\u00e9opr\u00e8ne)\u00a0soutient, prot\u00e8ge et immobilise le poignet &#8230; <\/p>","protected":false},"featured_media":1911,"comment_status":"open","ping_status":"closed","template":"","meta":[],"product_brand":[],"product_cat":[141,114,109],"product_tag":[225],"class_list":{"0":"post-1910","1":"product","2":"type-product","3":"status-publish","4":"has-post-thumbnail","6":"product_cat-neoprene","7":"product_cat-orthopedie","8":"product_cat-poignet","9":"product_tag-j-03","11":"first","12":"instock","13":"shipping-taxable","14":"product-type-simple"},"yoast_head":"<!-- This site is optimized with the Yoast SEO plugin v27.2 - https:\/\/yoast.com\/product\/yoast-seo-wordpress\/ -->\n<title>Attelle poignet \u00e0 pouce - AV MEDICAL<\/title>\n<meta name=\"robots\" content=\"index, follow, max-snippet:-1, max-image-preview:large, max-video-preview:-1\" \/>\n<link rel=\"canonical\" href=\"https:\/\/avmedical.ma\/ar\/product\/attelle-de-poignet-avec-pouce-neoprene\/\" \/>\n<meta property=\"og:locale\" content=\"ar_AR\" \/>\n<meta property=\"og:type\" content=\"article\" \/>\n<meta property=\"og:title\" content=\"Attelle poignet \u00e0 pouce - AV MEDICAL\" \/>\n<meta property=\"og:description\" content=\"Attelle de poignet avec pouce (N\u00e9opr\u00e8ne)\u00a0soutient, prot\u00e8ge et immobilise le poignet ...\" \/>\n<meta property=\"og:url\" content=\"https:\/\/avmedical.ma\/ar\/product\/attelle-de-poignet-avec-pouce-neoprene\/\" \/>\n<meta property=\"og:site_name\" content=\"AV MEDICAL\" \/>\n<meta property=\"article:modified_time\" content=\"2024-02-19T21:52:24+00:00\" \/>\n<meta property=\"og:image\" content=\"https:\/\/avmedical.ma\/wp-content\/uploads\/2024\/02\/Attelle-de-poignet-avec-pouce_resize.jpg\" \/>\n\t<meta property=\"og:image:width\" content=\"385\" \/>\n\t<meta property=\"og:image:height\" content=\"345\" \/>\n\t<meta property=\"og:image:type\" content=\"image\/jpeg\" \/>\n<meta name=\"twitter:card\" content=\"summary_large_image\" \/>\n<script type=\"application\/ld+json\" class=\"yoast-schema-graph\">{\"@context\":\"https:\/\/schema.org\",\"@graph\":[{\"@type\":\"WebPage\",\"@id\":\"https:\/\/avmedical.ma\/produit\/attelle-de-poignet-avec-pouce-neoprene\/\",\"url\":\"https:\/\/avmedical.ma\/produit\/attelle-de-poignet-avec-pouce-neoprene\/\",\"name\":\"Attelle poignet \u00e0 pouce - AV MEDICAL\",\"isPartOf\":{\"@id\":\"https:\/\/avmedical.ma\/#website\"},\"primaryImageOfPage\":{\"@id\":\"https:\/\/avmedical.ma\/produit\/attelle-de-poignet-avec-pouce-neoprene\/#primaryimage\"},\"image\":{\"@id\":\"https:\/\/avmedical.ma\/produit\/attelle-de-poignet-avec-pouce-neoprene\/#primaryimage\"},\"thumbnailUrl\":\"https:\/\/avmedical.ma\/wp-content\/uploads\/2024\/02\/Attelle-de-poignet-avec-pouce_resize.jpg\",\"datePublished\":\"2020-11-16T12:19:40+00:00\",\"dateModified\":\"2024-02-19T21:52:24+00:00\",\"breadcrumb\":{\"@id\":\"https:\/\/avmedical.ma\/produit\/attelle-de-poignet-avec-pouce-neoprene\/#breadcrumb\"},\"inLanguage\":\"ar\",\"potentialAction\":[{\"@type\":\"ReadAction\",\"target\":[\"https:\/\/avmedical.ma\/produit\/attelle-de-poignet-avec-pouce-neoprene\/\"]}]},{\"@type\":\"ImageObject\",\"inLanguage\":\"ar\",\"@id\":\"https:\/\/avmedical.ma\/produit\/attelle-de-poignet-avec-pouce-neoprene\/#primaryimage\",\"url\":\"https:\/\/avmedical.ma\/wp-content\/uploads\/2024\/02\/Attelle-de-poignet-avec-pouce_resize.jpg\",\"contentUrl\":\"https:\/\/avmedical.ma\/wp-content\/uploads\/2024\/02\/Attelle-de-poignet-avec-pouce_resize.jpg\",\"width\":385,\"height\":345},{\"@type\":\"BreadcrumbList\",\"@id\":\"https:\/\/avmedical.ma\/produit\/attelle-de-poignet-avec-pouce-neoprene\/#breadcrumb\",\"itemListElement\":[{\"@type\":\"ListItem\",\"position\":1,\"name\":\"Accueil\",\"item\":\"https:\/\/avmedical.ma\/\"},{\"@type\":\"ListItem\",\"position\":2,\"name\":\"Shop\",\"item\":\"https:\/\/avmedical.ma\/shop\/\"},{\"@type\":\"ListItem\",\"position\":3,\"name\":\"Attelle poignet \u00e0 pouce\"}]},{\"@type\":\"WebSite\",\"@id\":\"https:\/\/avmedical.ma\/#website\",\"url\":\"https:\/\/avmedical.ma\/\",\"name\":\"AVMEDICAL Maroc\",\"description\":\"\",\"publisher\":{\"@id\":\"https:\/\/avmedical.ma\/#organization\"},\"potentialAction\":[{\"@type\":\"SearchAction\",\"target\":{\"@type\":\"EntryPoint\",\"urlTemplate\":\"https:\/\/avmedical.ma\/?s={search_term_string}\"},\"query-input\":{\"@type\":\"PropertyValueSpecification\",\"valueRequired\":true,\"valueName\":\"search_term_string\"}}],\"inLanguage\":\"ar\"},{\"@type\":\"Organization\",\"@id\":\"https:\/\/avmedical.ma\/#organization\",\"name\":\"AVMEDICAL\",\"url\":\"https:\/\/avmedical.ma\/\",\"logo\":{\"@type\":\"ImageObject\",\"inLanguage\":\"ar\",\"@id\":\"https:\/\/avmedical.ma\/#\/schema\/logo\/image\/\",\"url\":\"https:\/\/avmedical.ma\/wp-content\/uploads\/2024\/02\/logo_avmedical_new.png\",\"contentUrl\":\"https:\/\/avmedical.ma\/wp-content\/uploads\/2024\/02\/logo_avmedical_new.png\",\"width\":420,\"height\":95,\"caption\":\"AVMEDICAL\"},\"image\":{\"@id\":\"https:\/\/avmedical.ma\/#\/schema\/logo\/image\/\"}}]}<\/script>\n<!-- \/ Yoast SEO plugin. -->","yoast_head_json":{"title":"Attelle poignet \u00e0 pouce - AV MEDICAL","robots":{"index":"index","follow":"follow","max-snippet":"max-snippet:-1","max-image-preview":"max-image-preview:large","max-video-preview":"max-video-preview:-1"},"canonical":"https:\/\/avmedical.ma\/ar\/product\/attelle-de-poignet-avec-pouce-neoprene\/","og_locale":"ar_AR","og_type":"article","og_title":"Attelle poignet \u00e0 pouce - AV MEDICAL","og_description":"Attelle de poignet avec pouce (N\u00e9opr\u00e8ne)\u00a0soutient, prot\u00e8ge et immobilise le poignet ...","og_url":"https:\/\/avmedical.ma\/ar\/product\/attelle-de-poignet-avec-pouce-neoprene\/","og_site_name":"AV MEDICAL","article_modified_time":"2024-02-19T21:52:24+00:00","og_image":[{"width":385,"height":345,"url":"https:\/\/avmedical.ma\/wp-content\/uploads\/2024\/02\/Attelle-de-poignet-avec-pouce_resize.jpg","type":"image\/jpeg"}],"twitter_card":"summary_large_image","schema":{"@context":"https:\/\/schema.org","@graph":[{"@type":"WebPage","@id":"https:\/\/avmedical.ma\/produit\/attelle-de-poignet-avec-pouce-neoprene\/","url":"https:\/\/avmedical.ma\/produit\/attelle-de-poignet-avec-pouce-neoprene\/","name":"Attelle poignet \u00e0 pouce - AV MEDICAL","isPartOf":{"@id":"https:\/\/avmedical.ma\/#website"},"primaryImageOfPage":{"@id":"https:\/\/avmedical.ma\/produit\/attelle-de-poignet-avec-pouce-neoprene\/#primaryimage"},"image":{"@id":"https:\/\/avmedical.ma\/produit\/attelle-de-poignet-avec-pouce-neoprene\/#primaryimage"},"thumbnailUrl":"https:\/\/avmedical.ma\/wp-content\/uploads\/2024\/02\/Attelle-de-poignet-avec-pouce_resize.jpg","datePublished":"2020-11-16T12:19:40+00:00","dateModified":"2024-02-19T21:52:24+00:00","breadcrumb":{"@id":"https:\/\/avmedical.ma\/produit\/attelle-de-poignet-avec-pouce-neoprene\/#breadcrumb"},"inLanguage":"ar","potentialAction":[{"@type":"ReadAction","target":["https:\/\/avmedical.ma\/produit\/attelle-de-poignet-avec-pouce-neoprene\/"]}]},{"@type":"ImageObject","inLanguage":"ar","@id":"https:\/\/avmedical.ma\/produit\/attelle-de-poignet-avec-pouce-neoprene\/#primaryimage","url":"https:\/\/avmedical.ma\/wp-content\/uploads\/2024\/02\/Attelle-de-poignet-avec-pouce_resize.jpg","contentUrl":"https:\/\/avmedical.ma\/wp-content\/uploads\/2024\/02\/Attelle-de-poignet-avec-pouce_resize.jpg","width":385,"height":345},{"@type":"BreadcrumbList","@id":"https:\/\/avmedical.ma\/produit\/attelle-de-poignet-avec-pouce-neoprene\/#breadcrumb","itemListElement":[{"@type":"ListItem","position":1,"name":"Accueil","item":"https:\/\/avmedical.ma\/"},{"@type":"ListItem","position":2,"name":"Shop","item":"https:\/\/avmedical.ma\/shop\/"},{"@type":"ListItem","position":3,"name":"Attelle poignet \u00e0 pouce"}]},{"@type":"WebSite","@id":"https:\/\/avmedical.ma\/#website","url":"https:\/\/avmedical.ma\/","name":"AVMEDICAL Maroc","description":"","publisher":{"@id":"https:\/\/avmedical.ma\/#organization"},"potentialAction":[{"@type":"SearchAction","target":{"@type":"EntryPoint","urlTemplate":"https:\/\/avmedical.ma\/?s={search_term_string}"},"query-input":{"@type":"PropertyValueSpecification","valueRequired":true,"valueName":"search_term_string"}}],"inLanguage":"ar"},{"@type":"Organization","@id":"https:\/\/avmedical.ma\/#organization","name":"AVMEDICAL","url":"https:\/\/avmedical.ma\/","logo":{"@type":"ImageObject","inLanguage":"ar","@id":"https:\/\/avmedical.ma\/#\/schema\/logo\/image\/","url":"https:\/\/avmedical.ma\/wp-content\/uploads\/2024\/02\/logo_avmedical_new.png","contentUrl":"https:\/\/avmedical.ma\/wp-content\/uploads\/2024\/02\/logo_avmedical_new.png","width":420,"height":95,"caption":"AVMEDICAL"},"image":{"@id":"https:\/\/avmedical.ma\/#\/schema\/logo\/image\/"}}]}},"_links":{"self":[{"href":"https:\/\/avmedical.ma\/ar\/wp-json\/wp\/v2\/product\/1910","targetHints":{"allow":["GET"]}}],"collection":[{"href":"https:\/\/avmedical.ma\/ar\/wp-json\/wp\/v2\/product"}],"about":[{"href":"https:\/\/avmedical.ma\/ar\/wp-json\/wp\/v2\/types\/product"}],"replies":[{"embeddable":true,"href":"https:\/\/avmedical.ma\/ar\/wp-json\/wp\/v2\/comments?post=1910"}],"wp:featuredmedia":[{"embeddable":true,"href":"https:\/\/avmedical.ma\/ar\/wp-json\/wp\/v2\/media\/1911"}],"wp:attachment":[{"href":"https:\/\/avmedical.ma\/ar\/wp-json\/wp\/v2\/media?parent=1910"}],"wp:term":[{"taxonomy":"product_brand","embeddable":true,"href":"https:\/\/avmedical.ma\/ar\/wp-json\/wp\/v2\/product_brand?post=1910"},{"taxonomy":"product_cat","embeddable":true,"href":"https:\/\/avmedical.ma\/ar\/wp-json\/wp\/v2\/product_cat?post=1910"},{"taxonomy":"product_tag","embeddable":true,"href":"https:\/\/avmedical.ma\/ar\/wp-json\/wp\/v2\/product_tag?post=1910"}],"curies":[{"name":"wp","href":"https:\/\/api.w.org\/{rel}","templated":true}]}}