{"id":1906,"date":"2020-11-16T12:48:09","date_gmt":"2020-11-16T11:48:09","guid":{"rendered":"https:\/\/avmedical.ma\/?post_type=product&#038;p=1906"},"modified":"2024-02-19T22:51:56","modified_gmt":"2024-02-19T21:51:56","slug":"enveloppe-de-cheville-neoprene","status":"publish","type":"product","link":"https:\/\/avmedical.ma\/ar\/product\/enveloppe-de-cheville-neoprene\/","title":{"rendered":"Enveloppe de cheville"},"content":{"rendered":"<div class=\"wpb-content-wrapper\"><p align=\"justify\">L&rsquo;enveloppe de cheville Tynor (n\u00e9opr\u00e8ne)\u00a0est con\u00e7ue pour apporter un soutien, une compression et une immobilisation partielle \u00e0 la cheville faible ou bless\u00e9e.\u00a0Conception haute performance pour un soutien actif aux chevilles bless\u00e9es, foul\u00e9es, arthritiques ou enflamm\u00e9es.\u00a0Le double cerclage permet une compression contr\u00f4l\u00e9e et un ajustement personnalis\u00e9.<\/p>\n<div class=\"wpb_text_column wpb_content_element vc_custom_1498966233387\">\n<div class=\"wpb_wrapper\">\n<ul>\n<li>Conception haute performance pour un soutien actif.<\/li>\n<li>Le double cerclage offre une compression personnalis\u00e9e.<\/li>\n<li>Mat\u00e9riau doux pour un confort toute la journ\u00e9e.<\/li>\n<li>Le design \u00e9l\u00e9gant s&rsquo;adapte \u00e0 l&rsquo;int\u00e9rieur de la chaussure.<\/li>\n<\/ul>\n<\/div>\n<\/div>\n<div class=\"vc_row wpb_row vc_inner vc_row-fluid\">\n<div class=\"wpb_column vc_column_container vc_col-sm-12\">\n<div class=\"vc_column-inner\">\n<div class=\"wpb_wrapper\"><\/div>\n<\/div>\n<\/div>\n<\/div>\n<\/div>","protected":false},"excerpt":{"rendered":"<p>L&rsquo;enveloppe de cheville Tynor (n\u00e9opr\u00e8ne)\u00a0est con\u00e7ue pour apporter un soutien, une &#8230; <\/p>","protected":false},"featured_media":1907,"comment_status":"open","ping_status":"closed","template":"","meta":[],"product_brand":[],"product_cat":[136,141,114],"product_tag":[223],"class_list":{"0":"post-1906","1":"product","2":"type-product","3":"status-publish","4":"has-post-thumbnail","6":"product_cat-cheville","7":"product_cat-neoprene","8":"product_cat-orthopedie","9":"product_tag-j-16","11":"first","12":"instock","13":"shipping-taxable","14":"product-type-simple"},"yoast_head":"<!-- This site is optimized with the Yoast SEO plugin v27.2 - https:\/\/yoast.com\/product\/yoast-seo-wordpress\/ -->\n<title>Enveloppe de cheville - AV MEDICAL<\/title>\n<meta name=\"robots\" content=\"index, follow, max-snippet:-1, max-image-preview:large, max-video-preview:-1\" \/>\n<link rel=\"canonical\" href=\"https:\/\/avmedical.ma\/ar\/product\/enveloppe-de-cheville-neoprene\/\" \/>\n<meta property=\"og:locale\" content=\"ar_AR\" \/>\n<meta property=\"og:type\" content=\"article\" \/>\n<meta property=\"og:title\" content=\"Enveloppe de cheville - AV MEDICAL\" \/>\n<meta property=\"og:description\" content=\"L&rsquo;enveloppe de cheville Tynor (n\u00e9opr\u00e8ne)\u00a0est con\u00e7ue pour apporter un soutien, une ...\" \/>\n<meta property=\"og:url\" content=\"https:\/\/avmedical.ma\/ar\/product\/enveloppe-de-cheville-neoprene\/\" \/>\n<meta property=\"og:site_name\" content=\"AV MEDICAL\" \/>\n<meta property=\"article:modified_time\" content=\"2024-02-19T21:51:56+00:00\" \/>\n<meta property=\"og:image\" content=\"https:\/\/avmedical.ma\/wp-content\/uploads\/2024\/02\/Neoprene-Ankle-Wrap_resize.jpg\" \/>\n\t<meta property=\"og:image:width\" content=\"385\" \/>\n\t<meta property=\"og:image:height\" content=\"345\" \/>\n\t<meta property=\"og:image:type\" content=\"image\/jpeg\" \/>\n<meta name=\"twitter:card\" content=\"summary_large_image\" \/>\n<script type=\"application\/ld+json\" class=\"yoast-schema-graph\">{\"@context\":\"https:\/\/schema.org\",\"@graph\":[{\"@type\":\"WebPage\",\"@id\":\"https:\/\/avmedical.ma\/produit\/enveloppe-de-cheville-neoprene\/\",\"url\":\"https:\/\/avmedical.ma\/produit\/enveloppe-de-cheville-neoprene\/\",\"name\":\"Enveloppe de cheville - AV MEDICAL\",\"isPartOf\":{\"@id\":\"https:\/\/avmedical.ma\/#website\"},\"primaryImageOfPage\":{\"@id\":\"https:\/\/avmedical.ma\/produit\/enveloppe-de-cheville-neoprene\/#primaryimage\"},\"image\":{\"@id\":\"https:\/\/avmedical.ma\/produit\/enveloppe-de-cheville-neoprene\/#primaryimage\"},\"thumbnailUrl\":\"https:\/\/avmedical.ma\/wp-content\/uploads\/2024\/02\/Neoprene-Ankle-Wrap_resize.jpg\",\"datePublished\":\"2020-11-16T11:48:09+00:00\",\"dateModified\":\"2024-02-19T21:51:56+00:00\",\"breadcrumb\":{\"@id\":\"https:\/\/avmedical.ma\/produit\/enveloppe-de-cheville-neoprene\/#breadcrumb\"},\"inLanguage\":\"ar\",\"potentialAction\":[{\"@type\":\"ReadAction\",\"target\":[\"https:\/\/avmedical.ma\/produit\/enveloppe-de-cheville-neoprene\/\"]}]},{\"@type\":\"ImageObject\",\"inLanguage\":\"ar\",\"@id\":\"https:\/\/avmedical.ma\/produit\/enveloppe-de-cheville-neoprene\/#primaryimage\",\"url\":\"https:\/\/avmedical.ma\/wp-content\/uploads\/2024\/02\/Neoprene-Ankle-Wrap_resize.jpg\",\"contentUrl\":\"https:\/\/avmedical.ma\/wp-content\/uploads\/2024\/02\/Neoprene-Ankle-Wrap_resize.jpg\",\"width\":385,\"height\":345},{\"@type\":\"BreadcrumbList\",\"@id\":\"https:\/\/avmedical.ma\/produit\/enveloppe-de-cheville-neoprene\/#breadcrumb\",\"itemListElement\":[{\"@type\":\"ListItem\",\"position\":1,\"name\":\"Accueil\",\"item\":\"https:\/\/avmedical.ma\/\"},{\"@type\":\"ListItem\",\"position\":2,\"name\":\"Shop\",\"item\":\"https:\/\/avmedical.ma\/shop\/\"},{\"@type\":\"ListItem\",\"position\":3,\"name\":\"Enveloppe de cheville\"}]},{\"@type\":\"WebSite\",\"@id\":\"https:\/\/avmedical.ma\/#website\",\"url\":\"https:\/\/avmedical.ma\/\",\"name\":\"AVMEDICAL Maroc\",\"description\":\"\",\"publisher\":{\"@id\":\"https:\/\/avmedical.ma\/#organization\"},\"potentialAction\":[{\"@type\":\"SearchAction\",\"target\":{\"@type\":\"EntryPoint\",\"urlTemplate\":\"https:\/\/avmedical.ma\/?s={search_term_string}\"},\"query-input\":{\"@type\":\"PropertyValueSpecification\",\"valueRequired\":true,\"valueName\":\"search_term_string\"}}],\"inLanguage\":\"ar\"},{\"@type\":\"Organization\",\"@id\":\"https:\/\/avmedical.ma\/#organization\",\"name\":\"AVMEDICAL\",\"url\":\"https:\/\/avmedical.ma\/\",\"logo\":{\"@type\":\"ImageObject\",\"inLanguage\":\"ar\",\"@id\":\"https:\/\/avmedical.ma\/#\/schema\/logo\/image\/\",\"url\":\"https:\/\/avmedical.ma\/wp-content\/uploads\/2024\/02\/logo_avmedical_new.png\",\"contentUrl\":\"https:\/\/avmedical.ma\/wp-content\/uploads\/2024\/02\/logo_avmedical_new.png\",\"width\":420,\"height\":95,\"caption\":\"AVMEDICAL\"},\"image\":{\"@id\":\"https:\/\/avmedical.ma\/#\/schema\/logo\/image\/\"}}]}<\/script>\n<!-- \/ Yoast SEO plugin. -->","yoast_head_json":{"title":"Enveloppe de cheville - AV MEDICAL","robots":{"index":"index","follow":"follow","max-snippet":"max-snippet:-1","max-image-preview":"max-image-preview:large","max-video-preview":"max-video-preview:-1"},"canonical":"https:\/\/avmedical.ma\/ar\/product\/enveloppe-de-cheville-neoprene\/","og_locale":"ar_AR","og_type":"article","og_title":"Enveloppe de cheville - AV MEDICAL","og_description":"L&rsquo;enveloppe de cheville Tynor (n\u00e9opr\u00e8ne)\u00a0est con\u00e7ue pour apporter un soutien, une ...","og_url":"https:\/\/avmedical.ma\/ar\/product\/enveloppe-de-cheville-neoprene\/","og_site_name":"AV MEDICAL","article_modified_time":"2024-02-19T21:51:56+00:00","og_image":[{"width":385,"height":345,"url":"https:\/\/avmedical.ma\/wp-content\/uploads\/2024\/02\/Neoprene-Ankle-Wrap_resize.jpg","type":"image\/jpeg"}],"twitter_card":"summary_large_image","schema":{"@context":"https:\/\/schema.org","@graph":[{"@type":"WebPage","@id":"https:\/\/avmedical.ma\/produit\/enveloppe-de-cheville-neoprene\/","url":"https:\/\/avmedical.ma\/produit\/enveloppe-de-cheville-neoprene\/","name":"Enveloppe de cheville - AV MEDICAL","isPartOf":{"@id":"https:\/\/avmedical.ma\/#website"},"primaryImageOfPage":{"@id":"https:\/\/avmedical.ma\/produit\/enveloppe-de-cheville-neoprene\/#primaryimage"},"image":{"@id":"https:\/\/avmedical.ma\/produit\/enveloppe-de-cheville-neoprene\/#primaryimage"},"thumbnailUrl":"https:\/\/avmedical.ma\/wp-content\/uploads\/2024\/02\/Neoprene-Ankle-Wrap_resize.jpg","datePublished":"2020-11-16T11:48:09+00:00","dateModified":"2024-02-19T21:51:56+00:00","breadcrumb":{"@id":"https:\/\/avmedical.ma\/produit\/enveloppe-de-cheville-neoprene\/#breadcrumb"},"inLanguage":"ar","potentialAction":[{"@type":"ReadAction","target":["https:\/\/avmedical.ma\/produit\/enveloppe-de-cheville-neoprene\/"]}]},{"@type":"ImageObject","inLanguage":"ar","@id":"https:\/\/avmedical.ma\/produit\/enveloppe-de-cheville-neoprene\/#primaryimage","url":"https:\/\/avmedical.ma\/wp-content\/uploads\/2024\/02\/Neoprene-Ankle-Wrap_resize.jpg","contentUrl":"https:\/\/avmedical.ma\/wp-content\/uploads\/2024\/02\/Neoprene-Ankle-Wrap_resize.jpg","width":385,"height":345},{"@type":"BreadcrumbList","@id":"https:\/\/avmedical.ma\/produit\/enveloppe-de-cheville-neoprene\/#breadcrumb","itemListElement":[{"@type":"ListItem","position":1,"name":"Accueil","item":"https:\/\/avmedical.ma\/"},{"@type":"ListItem","position":2,"name":"Shop","item":"https:\/\/avmedical.ma\/shop\/"},{"@type":"ListItem","position":3,"name":"Enveloppe de cheville"}]},{"@type":"WebSite","@id":"https:\/\/avmedical.ma\/#website","url":"https:\/\/avmedical.ma\/","name":"AVMEDICAL Maroc","description":"","publisher":{"@id":"https:\/\/avmedical.ma\/#organization"},"potentialAction":[{"@type":"SearchAction","target":{"@type":"EntryPoint","urlTemplate":"https:\/\/avmedical.ma\/?s={search_term_string}"},"query-input":{"@type":"PropertyValueSpecification","valueRequired":true,"valueName":"search_term_string"}}],"inLanguage":"ar"},{"@type":"Organization","@id":"https:\/\/avmedical.ma\/#organization","name":"AVMEDICAL","url":"https:\/\/avmedical.ma\/","logo":{"@type":"ImageObject","inLanguage":"ar","@id":"https:\/\/avmedical.ma\/#\/schema\/logo\/image\/","url":"https:\/\/avmedical.ma\/wp-content\/uploads\/2024\/02\/logo_avmedical_new.png","contentUrl":"https:\/\/avmedical.ma\/wp-content\/uploads\/2024\/02\/logo_avmedical_new.png","width":420,"height":95,"caption":"AVMEDICAL"},"image":{"@id":"https:\/\/avmedical.ma\/#\/schema\/logo\/image\/"}}]}},"_links":{"self":[{"href":"https:\/\/avmedical.ma\/ar\/wp-json\/wp\/v2\/product\/1906","targetHints":{"allow":["GET"]}}],"collection":[{"href":"https:\/\/avmedical.ma\/ar\/wp-json\/wp\/v2\/product"}],"about":[{"href":"https:\/\/avmedical.ma\/ar\/wp-json\/wp\/v2\/types\/product"}],"replies":[{"embeddable":true,"href":"https:\/\/avmedical.ma\/ar\/wp-json\/wp\/v2\/comments?post=1906"}],"wp:featuredmedia":[{"embeddable":true,"href":"https:\/\/avmedical.ma\/ar\/wp-json\/wp\/v2\/media\/1907"}],"wp:attachment":[{"href":"https:\/\/avmedical.ma\/ar\/wp-json\/wp\/v2\/media?parent=1906"}],"wp:term":[{"taxonomy":"product_brand","embeddable":true,"href":"https:\/\/avmedical.ma\/ar\/wp-json\/wp\/v2\/product_brand?post=1906"},{"taxonomy":"product_cat","embeddable":true,"href":"https:\/\/avmedical.ma\/ar\/wp-json\/wp\/v2\/product_cat?post=1906"},{"taxonomy":"product_tag","embeddable":true,"href":"https:\/\/avmedical.ma\/ar\/wp-json\/wp\/v2\/product_tag?post=1906"}],"curies":[{"name":"wp","href":"https:\/\/api.w.org\/{rel}","templated":true}]}}