{"id":1271,"date":"2020-11-15T15:18:41","date_gmt":"2020-11-15T14:18:41","guid":{"rendered":"https:\/\/avmedical.ma\/?post_type=product&#038;p=1271"},"modified":"2024-02-27T21:54:26","modified_gmt":"2024-02-27T20:54:26","slug":"tissu-glubran-2","status":"publish","type":"product","link":"https:\/\/avmedical.ma\/ar\/product\/tissu-glubran-2\/","title":{"rendered":"Tissu Glubran 2"},"content":{"rendered":"<p>Efficace<\/p>\n<ul>\n<li>Fermeture rapide de la plaie (40-60 sec)<br \/>\nExcellents r\u00e9sultats cosm\u00e9tiques<br \/>\nPr\u00e9vention des infections<br \/>\nR\u00e9duction des traumatismes et de l&rsquo;inflammation<\/li>\n<\/ul>\n<p>Fiable et innovant<\/p>\n<ul>\n<li>Haute r\u00e9sistance \u00e0 la traction et \u00e9lasticit\u00e9 am\u00e9lior\u00e9e<\/li>\n<li>Temp\u00e9rature de polym\u00e9risation 45 \u00b0 C inf\u00e9rieure \u00e0 celle des autres adh\u00e9sifs cutan\u00e9s (80-90 \u00b0 C)<\/li>\n<\/ul>\n<p>S\u00fbr<\/p>\n<ul>\n<li>Aucune n\u00e9crose tissulaire en raison de la faible temp\u00e9rature de polym\u00e9risation<\/li>\n<li>Biocompatibilit\u00e9 tissulaire<\/li>\n<li>Barri\u00e8re antimicrobienne imperm\u00e9able et respirante<\/li>\n<\/ul>\n<p>Facile<\/p>\n<ul>\n<li>Pr\u00eat \u00e0 l&#8217;emploi<\/li>\n<li>Facile \u00e0 appliquer<\/li>\n<\/ul>\n<p>Pr\u00e9cis<\/p>\n<ul>\n<li>La fluidit\u00e9 du produit, le flacon ergonomique et l&#8217;embout d\u00e9di\u00e9 permettent une lib\u00e9ration contr\u00f4l\u00e9e de la colle m\u00eame dans les zones difficiles \u00e0 traiter<\/li>\n<\/ul>\n<p>Polyvalent<\/p>\n<ul>\n<li>3 tailles: 0,25 ml, 0,35 ml, 0,50 ml<\/li>\n<\/ul>\n<p>Confortable<\/p>\n<ul>\n<li>Sans douleur<\/li>\n<li>Transparent et r\u00e9sistant \u00e0 l&rsquo;eau<\/li>\n<li>Aucun pansement requis<\/li>\n<li>D\u00e9tachement spontan\u00e9 apr\u00e8s 5-8 jours<\/li>\n<li>Convient aux enfants et aux patients non coop\u00e9ratifs<\/li>\n<li>AVANTAGES DE CO\u00dbT<\/li>\n<li>Aucun gaspillage de produit<\/li>\n<li>Aucun contr\u00f4le requis<\/li>\n<li>Pas d&rsquo;anesth\u00e9sie<\/li>\n<\/ul>","protected":false},"excerpt":{"rendered":"<p>Efficace Fermeture rapide de la plaie (40-60 sec) Excellents r\u00e9sultats cosm\u00e9tiques &#8230; <\/p>","protected":false},"featured_media":1866,"comment_status":"open","ping_status":"closed","template":"","meta":[],"product_brand":[],"product_cat":[159],"product_tag":[],"class_list":{"0":"post-1271","1":"product","2":"type-product","3":"status-publish","4":"has-post-thumbnail","6":"product_cat-materiel-chirurgie-generale","8":"first","9":"instock","10":"shipping-taxable","11":"product-type-simple"},"yoast_head":"<!-- This site is optimized with the Yoast SEO plugin v27.2 - https:\/\/yoast.com\/product\/yoast-seo-wordpress\/ -->\n<title>Tissu Glubran 2 - AV MEDICAL<\/title>\n<meta name=\"robots\" content=\"index, follow, max-snippet:-1, max-image-preview:large, max-video-preview:-1\" \/>\n<link rel=\"canonical\" href=\"https:\/\/avmedical.ma\/ar\/product\/tissu-glubran-2\/\" \/>\n<meta property=\"og:locale\" content=\"ar_AR\" \/>\n<meta property=\"og:type\" content=\"article\" \/>\n<meta property=\"og:title\" content=\"Tissu Glubran 2 - AV MEDICAL\" \/>\n<meta property=\"og:description\" content=\"Efficace Fermeture rapide de la plaie (40-60 sec) Excellents r\u00e9sultats cosm\u00e9tiques ...\" \/>\n<meta property=\"og:url\" content=\"https:\/\/avmedical.ma\/ar\/product\/tissu-glubran-2\/\" \/>\n<meta property=\"og:site_name\" content=\"AV MEDICAL\" \/>\n<meta property=\"article:modified_time\" content=\"2024-02-27T20:54:26+00:00\" \/>\n<meta property=\"og:image\" content=\"https:\/\/avmedical.ma\/wp-content\/uploads\/2024\/02\/glubran-tiss-2.jpg\" \/>\n\t<meta property=\"og:image:width\" content=\"385\" \/>\n\t<meta property=\"og:image:height\" content=\"345\" \/>\n\t<meta property=\"og:image:type\" content=\"image\/jpeg\" \/>\n<meta name=\"twitter:card\" content=\"summary_large_image\" \/>\n<meta name=\"twitter:label1\" content=\"\u0648\u0642\u062a \u0627\u0644\u0642\u0631\u0627\u0621\u0629 \u0627\u0644\u0645\u064f\u0642\u062f\u0651\u0631\" \/>\n\t<meta name=\"twitter:data1\" content=\"\u062f\u0642\u064a\u0642\u0629 \u0648\u0627\u062d\u062f\u0629\" \/>\n<script type=\"application\/ld+json\" class=\"yoast-schema-graph\">{\"@context\":\"https:\/\/schema.org\",\"@graph\":[{\"@type\":\"WebPage\",\"@id\":\"https:\/\/avmedical.ma\/produit\/tissu-glubran-2\/\",\"url\":\"https:\/\/avmedical.ma\/produit\/tissu-glubran-2\/\",\"name\":\"Tissu Glubran 2 - AV MEDICAL\",\"isPartOf\":{\"@id\":\"https:\/\/avmedical.ma\/#website\"},\"primaryImageOfPage\":{\"@id\":\"https:\/\/avmedical.ma\/produit\/tissu-glubran-2\/#primaryimage\"},\"image\":{\"@id\":\"https:\/\/avmedical.ma\/produit\/tissu-glubran-2\/#primaryimage\"},\"thumbnailUrl\":\"https:\/\/avmedical.ma\/wp-content\/uploads\/2024\/02\/glubran-tiss-2.jpg\",\"datePublished\":\"2020-11-15T14:18:41+00:00\",\"dateModified\":\"2024-02-27T20:54:26+00:00\",\"breadcrumb\":{\"@id\":\"https:\/\/avmedical.ma\/produit\/tissu-glubran-2\/#breadcrumb\"},\"inLanguage\":\"ar\",\"potentialAction\":[{\"@type\":\"ReadAction\",\"target\":[\"https:\/\/avmedical.ma\/produit\/tissu-glubran-2\/\"]}]},{\"@type\":\"ImageObject\",\"inLanguage\":\"ar\",\"@id\":\"https:\/\/avmedical.ma\/produit\/tissu-glubran-2\/#primaryimage\",\"url\":\"https:\/\/avmedical.ma\/wp-content\/uploads\/2024\/02\/glubran-tiss-2.jpg\",\"contentUrl\":\"https:\/\/avmedical.ma\/wp-content\/uploads\/2024\/02\/glubran-tiss-2.jpg\",\"width\":385,\"height\":345},{\"@type\":\"BreadcrumbList\",\"@id\":\"https:\/\/avmedical.ma\/produit\/tissu-glubran-2\/#breadcrumb\",\"itemListElement\":[{\"@type\":\"ListItem\",\"position\":1,\"name\":\"Accueil\",\"item\":\"https:\/\/avmedical.ma\/\"},{\"@type\":\"ListItem\",\"position\":2,\"name\":\"Shop\",\"item\":\"https:\/\/avmedical.ma\/shop\/\"},{\"@type\":\"ListItem\",\"position\":3,\"name\":\"Tissu Glubran 2\"}]},{\"@type\":\"WebSite\",\"@id\":\"https:\/\/avmedical.ma\/#website\",\"url\":\"https:\/\/avmedical.ma\/\",\"name\":\"AVMEDICAL Maroc\",\"description\":\"\",\"publisher\":{\"@id\":\"https:\/\/avmedical.ma\/#organization\"},\"potentialAction\":[{\"@type\":\"SearchAction\",\"target\":{\"@type\":\"EntryPoint\",\"urlTemplate\":\"https:\/\/avmedical.ma\/?s={search_term_string}\"},\"query-input\":{\"@type\":\"PropertyValueSpecification\",\"valueRequired\":true,\"valueName\":\"search_term_string\"}}],\"inLanguage\":\"ar\"},{\"@type\":\"Organization\",\"@id\":\"https:\/\/avmedical.ma\/#organization\",\"name\":\"AVMEDICAL\",\"url\":\"https:\/\/avmedical.ma\/\",\"logo\":{\"@type\":\"ImageObject\",\"inLanguage\":\"ar\",\"@id\":\"https:\/\/avmedical.ma\/#\/schema\/logo\/image\/\",\"url\":\"https:\/\/avmedical.ma\/wp-content\/uploads\/2024\/02\/logo_avmedical_new.png\",\"contentUrl\":\"https:\/\/avmedical.ma\/wp-content\/uploads\/2024\/02\/logo_avmedical_new.png\",\"width\":420,\"height\":95,\"caption\":\"AVMEDICAL\"},\"image\":{\"@id\":\"https:\/\/avmedical.ma\/#\/schema\/logo\/image\/\"}}]}<\/script>\n<!-- \/ Yoast SEO plugin. -->","yoast_head_json":{"title":"Tissu Glubran 2 - AV MEDICAL","robots":{"index":"index","follow":"follow","max-snippet":"max-snippet:-1","max-image-preview":"max-image-preview:large","max-video-preview":"max-video-preview:-1"},"canonical":"https:\/\/avmedical.ma\/ar\/product\/tissu-glubran-2\/","og_locale":"ar_AR","og_type":"article","og_title":"Tissu Glubran 2 - AV MEDICAL","og_description":"Efficace Fermeture rapide de la plaie (40-60 sec) Excellents r\u00e9sultats cosm\u00e9tiques ...","og_url":"https:\/\/avmedical.ma\/ar\/product\/tissu-glubran-2\/","og_site_name":"AV MEDICAL","article_modified_time":"2024-02-27T20:54:26+00:00","og_image":[{"width":385,"height":345,"url":"https:\/\/avmedical.ma\/wp-content\/uploads\/2024\/02\/glubran-tiss-2.jpg","type":"image\/jpeg"}],"twitter_card":"summary_large_image","twitter_misc":{"\u0648\u0642\u062a \u0627\u0644\u0642\u0631\u0627\u0621\u0629 \u0627\u0644\u0645\u064f\u0642\u062f\u0651\u0631":"\u062f\u0642\u064a\u0642\u0629 \u0648\u0627\u062d\u062f\u0629"},"schema":{"@context":"https:\/\/schema.org","@graph":[{"@type":"WebPage","@id":"https:\/\/avmedical.ma\/produit\/tissu-glubran-2\/","url":"https:\/\/avmedical.ma\/produit\/tissu-glubran-2\/","name":"Tissu Glubran 2 - AV MEDICAL","isPartOf":{"@id":"https:\/\/avmedical.ma\/#website"},"primaryImageOfPage":{"@id":"https:\/\/avmedical.ma\/produit\/tissu-glubran-2\/#primaryimage"},"image":{"@id":"https:\/\/avmedical.ma\/produit\/tissu-glubran-2\/#primaryimage"},"thumbnailUrl":"https:\/\/avmedical.ma\/wp-content\/uploads\/2024\/02\/glubran-tiss-2.jpg","datePublished":"2020-11-15T14:18:41+00:00","dateModified":"2024-02-27T20:54:26+00:00","breadcrumb":{"@id":"https:\/\/avmedical.ma\/produit\/tissu-glubran-2\/#breadcrumb"},"inLanguage":"ar","potentialAction":[{"@type":"ReadAction","target":["https:\/\/avmedical.ma\/produit\/tissu-glubran-2\/"]}]},{"@type":"ImageObject","inLanguage":"ar","@id":"https:\/\/avmedical.ma\/produit\/tissu-glubran-2\/#primaryimage","url":"https:\/\/avmedical.ma\/wp-content\/uploads\/2024\/02\/glubran-tiss-2.jpg","contentUrl":"https:\/\/avmedical.ma\/wp-content\/uploads\/2024\/02\/glubran-tiss-2.jpg","width":385,"height":345},{"@type":"BreadcrumbList","@id":"https:\/\/avmedical.ma\/produit\/tissu-glubran-2\/#breadcrumb","itemListElement":[{"@type":"ListItem","position":1,"name":"Accueil","item":"https:\/\/avmedical.ma\/"},{"@type":"ListItem","position":2,"name":"Shop","item":"https:\/\/avmedical.ma\/shop\/"},{"@type":"ListItem","position":3,"name":"Tissu Glubran 2"}]},{"@type":"WebSite","@id":"https:\/\/avmedical.ma\/#website","url":"https:\/\/avmedical.ma\/","name":"AVMEDICAL Maroc","description":"","publisher":{"@id":"https:\/\/avmedical.ma\/#organization"},"potentialAction":[{"@type":"SearchAction","target":{"@type":"EntryPoint","urlTemplate":"https:\/\/avmedical.ma\/?s={search_term_string}"},"query-input":{"@type":"PropertyValueSpecification","valueRequired":true,"valueName":"search_term_string"}}],"inLanguage":"ar"},{"@type":"Organization","@id":"https:\/\/avmedical.ma\/#organization","name":"AVMEDICAL","url":"https:\/\/avmedical.ma\/","logo":{"@type":"ImageObject","inLanguage":"ar","@id":"https:\/\/avmedical.ma\/#\/schema\/logo\/image\/","url":"https:\/\/avmedical.ma\/wp-content\/uploads\/2024\/02\/logo_avmedical_new.png","contentUrl":"https:\/\/avmedical.ma\/wp-content\/uploads\/2024\/02\/logo_avmedical_new.png","width":420,"height":95,"caption":"AVMEDICAL"},"image":{"@id":"https:\/\/avmedical.ma\/#\/schema\/logo\/image\/"}}]}},"_links":{"self":[{"href":"https:\/\/avmedical.ma\/ar\/wp-json\/wp\/v2\/product\/1271","targetHints":{"allow":["GET"]}}],"collection":[{"href":"https:\/\/avmedical.ma\/ar\/wp-json\/wp\/v2\/product"}],"about":[{"href":"https:\/\/avmedical.ma\/ar\/wp-json\/wp\/v2\/types\/product"}],"replies":[{"embeddable":true,"href":"https:\/\/avmedical.ma\/ar\/wp-json\/wp\/v2\/comments?post=1271"}],"wp:featuredmedia":[{"embeddable":true,"href":"https:\/\/avmedical.ma\/ar\/wp-json\/wp\/v2\/media\/1866"}],"wp:attachment":[{"href":"https:\/\/avmedical.ma\/ar\/wp-json\/wp\/v2\/media?parent=1271"}],"wp:term":[{"taxonomy":"product_brand","embeddable":true,"href":"https:\/\/avmedical.ma\/ar\/wp-json\/wp\/v2\/product_brand?post=1271"},{"taxonomy":"product_cat","embeddable":true,"href":"https:\/\/avmedical.ma\/ar\/wp-json\/wp\/v2\/product_cat?post=1271"},{"taxonomy":"product_tag","embeddable":true,"href":"https:\/\/avmedical.ma\/ar\/wp-json\/wp\/v2\/product_tag?post=1271"}],"curies":[{"name":"wp","href":"https:\/\/api.w.org\/{rel}","templated":true}]}}