{"id":1267,"date":"2020-11-15T15:06:06","date_gmt":"2020-11-15T14:06:06","guid":{"rendered":"https:\/\/avmedical.ma\/?post_type=product&#038;p=1267"},"modified":"2024-02-27T15:14:12","modified_gmt":"2024-02-27T14:14:12","slug":"colle-chirurgical-glubran2-maroc","status":"publish","type":"product","link":"https:\/\/avmedical.ma\/ar\/product\/colle-chirurgical-glubran2-maroc\/","title":{"rendered":"Glubran 2"},"content":{"rendered":"<p align=\"justify\">La colle chirurgicale synth\u00e9tique Glubran 2 est un dispositif m\u00e9dical de classe III marqu\u00e9 CE pour usage interne et externe.<\/p>\n<p align=\"justify\">Glubran 2 est une colle synth\u00e9tique \u00e0 base de cyanoacrylate biod\u00e9gradable (1) , modifi\u00e9e par l&rsquo;ajout d&rsquo;un monom\u00e8re synth\u00e9tis\u00e9 par le fabricant GEM.<\/p>\n<p align=\"justify\">Glubran 2 est pr\u00eat \u00e0 l&#8217;emploi (2-5) . Il poss\u00e8de des propri\u00e9t\u00e9s adh\u00e9sives (6) et h\u00e9mostatiques (7) \u00e9lev\u00e9es et, une fois polym\u00e9ris\u00e9, il cr\u00e9e une barri\u00e8re antiseptique efficace (1,8,9) contre les agents infectieux ou pathog\u00e8nes les plus diffus lors de l&rsquo;intervention chirurgicale.<\/p>\n<p align=\"justify\">Glubran 2 polym\u00e9rise rapidement au contact des tissus vivants et de l&rsquo;environnement humide, cr\u00e9ant un film mince et \u00e9lastique ayant des propri\u00e9t\u00e9s de traction \u00e9lev\u00e9es qui garantissent une forte adh\u00e9rence aux tissus (6) . Ce film se conforme naturellement aux tissus sur lesquels il a \u00e9t\u00e9 appliqu\u00e9; il n&rsquo;est pas perm\u00e9able aux liquides et n&rsquo;est pas alt\u00e9r\u00e9 par le sang ou les liquides organiques.<\/p>\n<ul>\n<li>Chirurgie bariatrique<\/li>\n<li>Chirurgie cardiaque<\/li>\n<li>Endoscopie digestive<\/li>\n<li>Chirurgie ORL<\/li>\n<li>Chirurgie g\u00e9n\u00e9rale<\/li>\n<li>Chirurgie gyn\u00e9cologique<\/li>\n<li>Cardiologie h\u00e9modynamique et interventionnelle<\/li>\n<li>Radiologie d&rsquo;intervention<\/li>\n<li>Neurochirurgie<\/li>\n<li>Chirurgie cardiaque p\u00e9diatrique<\/li>\n<li>Chirurgie p\u00e9diatrique<\/li>\n<li>Chirurgie plastique<\/li>\n<li>Chirurgie thoracique<\/li>\n<li>Chirurgie urologique<\/li>\n<li>Neuroradiologie vasculaire<\/li>\n<\/ul>","protected":false},"excerpt":{"rendered":"<p>La colle chirurgicale synth\u00e9tique Glubran 2 est un dispositif m\u00e9dical de &#8230; <\/p>","protected":false},"featured_media":1863,"comment_status":"open","ping_status":"closed","template":"","meta":[],"product_brand":[],"product_cat":[159,210,209],"product_tag":[],"class_list":{"0":"post-1267","1":"product","2":"type-product","3":"status-publish","4":"has-post-thumbnail","6":"product_cat-materiel-chirurgie-generale","7":"product_cat-colle-chirurgicale","8":"product_cat-neurochirurgie","10":"first","11":"instock","12":"shipping-taxable","13":"product-type-simple"},"yoast_head":"<!-- This site is optimized with the Yoast SEO plugin v27.2 - https:\/\/yoast.com\/product\/yoast-seo-wordpress\/ -->\n<title>Glubran 2 - AV MEDICAL<\/title>\n<meta name=\"robots\" content=\"index, follow, max-snippet:-1, max-image-preview:large, max-video-preview:-1\" \/>\n<link rel=\"canonical\" href=\"https:\/\/avmedical.ma\/ar\/product\/colle-chirurgical-glubran2-maroc\/\" \/>\n<meta property=\"og:locale\" content=\"ar_AR\" \/>\n<meta property=\"og:type\" content=\"article\" \/>\n<meta property=\"og:title\" content=\"Glubran 2 - AV MEDICAL\" \/>\n<meta property=\"og:description\" content=\"La colle chirurgicale synth\u00e9tique Glubran 2 est un dispositif m\u00e9dical de ...\" \/>\n<meta property=\"og:url\" content=\"https:\/\/avmedical.ma\/ar\/product\/colle-chirurgical-glubran2-maroc\/\" \/>\n<meta property=\"og:site_name\" content=\"AV MEDICAL\" \/>\n<meta property=\"article:modified_time\" content=\"2024-02-27T14:14:12+00:00\" \/>\n<meta property=\"og:image\" content=\"https:\/\/avmedical.ma\/wp-content\/uploads\/2024\/02\/G2_Box_1ml_resize.jpg\" \/>\n\t<meta property=\"og:image:width\" content=\"385\" \/>\n\t<meta property=\"og:image:height\" content=\"345\" \/>\n\t<meta property=\"og:image:type\" content=\"image\/jpeg\" \/>\n<meta name=\"twitter:card\" content=\"summary_large_image\" \/>\n<meta name=\"twitter:label1\" content=\"\u0648\u0642\u062a \u0627\u0644\u0642\u0631\u0627\u0621\u0629 \u0627\u0644\u0645\u064f\u0642\u062f\u0651\u0631\" \/>\n\t<meta name=\"twitter:data1\" content=\"\u062f\u0642\u064a\u0642\u0629 \u0648\u0627\u062d\u062f\u0629\" \/>\n<script type=\"application\/ld+json\" class=\"yoast-schema-graph\">{\"@context\":\"https:\/\/schema.org\",\"@graph\":[{\"@type\":\"WebPage\",\"@id\":\"https:\/\/avmedical.ma\/produit\/colle-chirurgical-glubran2-maroc\/\",\"url\":\"https:\/\/avmedical.ma\/produit\/colle-chirurgical-glubran2-maroc\/\",\"name\":\"Glubran 2 - AV MEDICAL\",\"isPartOf\":{\"@id\":\"https:\/\/avmedical.ma\/#website\"},\"primaryImageOfPage\":{\"@id\":\"https:\/\/avmedical.ma\/produit\/colle-chirurgical-glubran2-maroc\/#primaryimage\"},\"image\":{\"@id\":\"https:\/\/avmedical.ma\/produit\/colle-chirurgical-glubran2-maroc\/#primaryimage\"},\"thumbnailUrl\":\"https:\/\/avmedical.ma\/wp-content\/uploads\/2024\/02\/G2_Box_1ml_resize.jpg\",\"datePublished\":\"2020-11-15T14:06:06+00:00\",\"dateModified\":\"2024-02-27T14:14:12+00:00\",\"breadcrumb\":{\"@id\":\"https:\/\/avmedical.ma\/produit\/colle-chirurgical-glubran2-maroc\/#breadcrumb\"},\"inLanguage\":\"ar\",\"potentialAction\":[{\"@type\":\"ReadAction\",\"target\":[\"https:\/\/avmedical.ma\/produit\/colle-chirurgical-glubran2-maroc\/\"]}]},{\"@type\":\"ImageObject\",\"inLanguage\":\"ar\",\"@id\":\"https:\/\/avmedical.ma\/produit\/colle-chirurgical-glubran2-maroc\/#primaryimage\",\"url\":\"https:\/\/avmedical.ma\/wp-content\/uploads\/2024\/02\/G2_Box_1ml_resize.jpg\",\"contentUrl\":\"https:\/\/avmedical.ma\/wp-content\/uploads\/2024\/02\/G2_Box_1ml_resize.jpg\",\"width\":385,\"height\":345},{\"@type\":\"BreadcrumbList\",\"@id\":\"https:\/\/avmedical.ma\/produit\/colle-chirurgical-glubran2-maroc\/#breadcrumb\",\"itemListElement\":[{\"@type\":\"ListItem\",\"position\":1,\"name\":\"Accueil\",\"item\":\"https:\/\/avmedical.ma\/\"},{\"@type\":\"ListItem\",\"position\":2,\"name\":\"Shop\",\"item\":\"https:\/\/avmedical.ma\/shop\/\"},{\"@type\":\"ListItem\",\"position\":3,\"name\":\"Glubran 2\"}]},{\"@type\":\"WebSite\",\"@id\":\"https:\/\/avmedical.ma\/#website\",\"url\":\"https:\/\/avmedical.ma\/\",\"name\":\"AVMEDICAL Maroc\",\"description\":\"\",\"publisher\":{\"@id\":\"https:\/\/avmedical.ma\/#organization\"},\"potentialAction\":[{\"@type\":\"SearchAction\",\"target\":{\"@type\":\"EntryPoint\",\"urlTemplate\":\"https:\/\/avmedical.ma\/?s={search_term_string}\"},\"query-input\":{\"@type\":\"PropertyValueSpecification\",\"valueRequired\":true,\"valueName\":\"search_term_string\"}}],\"inLanguage\":\"ar\"},{\"@type\":\"Organization\",\"@id\":\"https:\/\/avmedical.ma\/#organization\",\"name\":\"AVMEDICAL\",\"url\":\"https:\/\/avmedical.ma\/\",\"logo\":{\"@type\":\"ImageObject\",\"inLanguage\":\"ar\",\"@id\":\"https:\/\/avmedical.ma\/#\/schema\/logo\/image\/\",\"url\":\"https:\/\/avmedical.ma\/wp-content\/uploads\/2024\/02\/logo_avmedical_new.png\",\"contentUrl\":\"https:\/\/avmedical.ma\/wp-content\/uploads\/2024\/02\/logo_avmedical_new.png\",\"width\":420,\"height\":95,\"caption\":\"AVMEDICAL\"},\"image\":{\"@id\":\"https:\/\/avmedical.ma\/#\/schema\/logo\/image\/\"}}]}<\/script>\n<!-- \/ Yoast SEO plugin. -->","yoast_head_json":{"title":"Glubran 2 - AV MEDICAL","robots":{"index":"index","follow":"follow","max-snippet":"max-snippet:-1","max-image-preview":"max-image-preview:large","max-video-preview":"max-video-preview:-1"},"canonical":"https:\/\/avmedical.ma\/ar\/product\/colle-chirurgical-glubran2-maroc\/","og_locale":"ar_AR","og_type":"article","og_title":"Glubran 2 - AV MEDICAL","og_description":"La colle chirurgicale synth\u00e9tique Glubran 2 est un dispositif m\u00e9dical de ...","og_url":"https:\/\/avmedical.ma\/ar\/product\/colle-chirurgical-glubran2-maroc\/","og_site_name":"AV MEDICAL","article_modified_time":"2024-02-27T14:14:12+00:00","og_image":[{"width":385,"height":345,"url":"https:\/\/avmedical.ma\/wp-content\/uploads\/2024\/02\/G2_Box_1ml_resize.jpg","type":"image\/jpeg"}],"twitter_card":"summary_large_image","twitter_misc":{"\u0648\u0642\u062a \u0627\u0644\u0642\u0631\u0627\u0621\u0629 \u0627\u0644\u0645\u064f\u0642\u062f\u0651\u0631":"\u062f\u0642\u064a\u0642\u0629 \u0648\u0627\u062d\u062f\u0629"},"schema":{"@context":"https:\/\/schema.org","@graph":[{"@type":"WebPage","@id":"https:\/\/avmedical.ma\/produit\/colle-chirurgical-glubran2-maroc\/","url":"https:\/\/avmedical.ma\/produit\/colle-chirurgical-glubran2-maroc\/","name":"Glubran 2 - AV MEDICAL","isPartOf":{"@id":"https:\/\/avmedical.ma\/#website"},"primaryImageOfPage":{"@id":"https:\/\/avmedical.ma\/produit\/colle-chirurgical-glubran2-maroc\/#primaryimage"},"image":{"@id":"https:\/\/avmedical.ma\/produit\/colle-chirurgical-glubran2-maroc\/#primaryimage"},"thumbnailUrl":"https:\/\/avmedical.ma\/wp-content\/uploads\/2024\/02\/G2_Box_1ml_resize.jpg","datePublished":"2020-11-15T14:06:06+00:00","dateModified":"2024-02-27T14:14:12+00:00","breadcrumb":{"@id":"https:\/\/avmedical.ma\/produit\/colle-chirurgical-glubran2-maroc\/#breadcrumb"},"inLanguage":"ar","potentialAction":[{"@type":"ReadAction","target":["https:\/\/avmedical.ma\/produit\/colle-chirurgical-glubran2-maroc\/"]}]},{"@type":"ImageObject","inLanguage":"ar","@id":"https:\/\/avmedical.ma\/produit\/colle-chirurgical-glubran2-maroc\/#primaryimage","url":"https:\/\/avmedical.ma\/wp-content\/uploads\/2024\/02\/G2_Box_1ml_resize.jpg","contentUrl":"https:\/\/avmedical.ma\/wp-content\/uploads\/2024\/02\/G2_Box_1ml_resize.jpg","width":385,"height":345},{"@type":"BreadcrumbList","@id":"https:\/\/avmedical.ma\/produit\/colle-chirurgical-glubran2-maroc\/#breadcrumb","itemListElement":[{"@type":"ListItem","position":1,"name":"Accueil","item":"https:\/\/avmedical.ma\/"},{"@type":"ListItem","position":2,"name":"Shop","item":"https:\/\/avmedical.ma\/shop\/"},{"@type":"ListItem","position":3,"name":"Glubran 2"}]},{"@type":"WebSite","@id":"https:\/\/avmedical.ma\/#website","url":"https:\/\/avmedical.ma\/","name":"AVMEDICAL Maroc","description":"","publisher":{"@id":"https:\/\/avmedical.ma\/#organization"},"potentialAction":[{"@type":"SearchAction","target":{"@type":"EntryPoint","urlTemplate":"https:\/\/avmedical.ma\/?s={search_term_string}"},"query-input":{"@type":"PropertyValueSpecification","valueRequired":true,"valueName":"search_term_string"}}],"inLanguage":"ar"},{"@type":"Organization","@id":"https:\/\/avmedical.ma\/#organization","name":"AVMEDICAL","url":"https:\/\/avmedical.ma\/","logo":{"@type":"ImageObject","inLanguage":"ar","@id":"https:\/\/avmedical.ma\/#\/schema\/logo\/image\/","url":"https:\/\/avmedical.ma\/wp-content\/uploads\/2024\/02\/logo_avmedical_new.png","contentUrl":"https:\/\/avmedical.ma\/wp-content\/uploads\/2024\/02\/logo_avmedical_new.png","width":420,"height":95,"caption":"AVMEDICAL"},"image":{"@id":"https:\/\/avmedical.ma\/#\/schema\/logo\/image\/"}}]}},"_links":{"self":[{"href":"https:\/\/avmedical.ma\/ar\/wp-json\/wp\/v2\/product\/1267","targetHints":{"allow":["GET"]}}],"collection":[{"href":"https:\/\/avmedical.ma\/ar\/wp-json\/wp\/v2\/product"}],"about":[{"href":"https:\/\/avmedical.ma\/ar\/wp-json\/wp\/v2\/types\/product"}],"replies":[{"embeddable":true,"href":"https:\/\/avmedical.ma\/ar\/wp-json\/wp\/v2\/comments?post=1267"}],"wp:featuredmedia":[{"embeddable":true,"href":"https:\/\/avmedical.ma\/ar\/wp-json\/wp\/v2\/media\/1863"}],"wp:attachment":[{"href":"https:\/\/avmedical.ma\/ar\/wp-json\/wp\/v2\/media?parent=1267"}],"wp:term":[{"taxonomy":"product_brand","embeddable":true,"href":"https:\/\/avmedical.ma\/ar\/wp-json\/wp\/v2\/product_brand?post=1267"},{"taxonomy":"product_cat","embeddable":true,"href":"https:\/\/avmedical.ma\/ar\/wp-json\/wp\/v2\/product_cat?post=1267"},{"taxonomy":"product_tag","embeddable":true,"href":"https:\/\/avmedical.ma\/ar\/wp-json\/wp\/v2\/product_tag?post=1267"}],"curies":[{"name":"wp","href":"https:\/\/api.w.org\/{rel}","templated":true}]}}