{"id":1254,"date":"2020-11-12T23:46:27","date_gmt":"2020-11-12T22:46:27","guid":{"rendered":"https:\/\/avmedical.ma\/?post_type=product&#038;p=1254"},"modified":"2025-05-05T12:59:44","modified_gmt":"2025-05-05T10:59:44","slug":"attelle-de-clavicule-avec-boucle","status":"publish","type":"product","link":"https:\/\/avmedical.ma\/ar\/product\/attelle-de-clavicule-avec-boucle\/","title":{"rendered":"Attelle de Clavicule"},"content":{"rendered":"<p align=\"justify\">Attelle de clavicule avec boucle\u00a0est scientifiquement con\u00e7ue pour immobiliser, comprimer et assurer l&rsquo;union lin\u00e9aire des fractures impliquant l&rsquo;os de la clavicule.\u00a0Il est utilis\u00e9 l\u00e0 o\u00f9 ni les troubles neurovasculaires ne sont graves, ni la chirurgie n\u00e9cessaire.<\/p>\n<ul>\n<li>Union lin\u00e9aire<\/li>\n<li>Pas de rel\u00e2chement avec le temps<\/li>\n<li>Pas d&rsquo;abrasion, pas d&rsquo;\u00e9ruption<\/li>\n<li>Rembourrage axillaire confortable<\/li>\n<\/ul>\n<ul>\n<li>Les boucles \u00e0 griffes n&rsquo;assurent pas le rel\u00e2chement de l&rsquo;orth\u00e8se avec le temps.<\/li>\n<li>Le coussin de boucle Ethafoam prot\u00e8ge des blessures de la boucle et am\u00e9liore le confort du patient.<\/li>\n<\/ul>","protected":false},"excerpt":{"rendered":"<p>Attelle de clavicule avec boucle\u00a0est scientifiquement con\u00e7ue pour immobiliser, comprimer et &#8230; <\/p>","protected":false},"featured_media":1856,"comment_status":"open","ping_status":"closed","template":"","meta":[],"product_brand":[],"product_cat":[206,114,282],"product_tag":[208],"class_list":{"0":"post-1254","1":"product","2":"type-product","3":"status-publish","4":"has-post-thumbnail","6":"product_cat-aide-a-la-fracture","7":"product_cat-orthopedie","8":"product_cat-poitrine","9":"product_tag-c-04","11":"first","12":"instock","13":"shipping-taxable","14":"product-type-simple"},"yoast_head":"<!-- This site is optimized with the Yoast SEO plugin v27.2 - https:\/\/yoast.com\/product\/yoast-seo-wordpress\/ -->\n<title>Attelle de Clavicule - AV MEDICAL<\/title>\n<meta name=\"robots\" content=\"index, follow, max-snippet:-1, max-image-preview:large, max-video-preview:-1\" \/>\n<link rel=\"canonical\" href=\"https:\/\/avmedical.ma\/ar\/product\/attelle-de-clavicule-avec-boucle\/\" \/>\n<meta property=\"og:locale\" content=\"ar_AR\" \/>\n<meta property=\"og:type\" content=\"article\" \/>\n<meta property=\"og:title\" content=\"Attelle de Clavicule - AV MEDICAL\" \/>\n<meta property=\"og:description\" content=\"Attelle de clavicule avec boucle\u00a0est scientifiquement con\u00e7ue pour immobiliser, comprimer et ...\" \/>\n<meta property=\"og:url\" content=\"https:\/\/avmedical.ma\/ar\/product\/attelle-de-clavicule-avec-boucle\/\" \/>\n<meta property=\"og:site_name\" content=\"AV MEDICAL\" \/>\n<meta property=\"article:modified_time\" content=\"2025-05-05T10:59:44+00:00\" \/>\n<meta property=\"og:image\" content=\"https:\/\/avmedical.ma\/wp-content\/uploads\/2024\/02\/attelle_calvicule_boucle_resize.jpg\" \/>\n\t<meta property=\"og:image:width\" content=\"385\" \/>\n\t<meta property=\"og:image:height\" content=\"345\" \/>\n\t<meta property=\"og:image:type\" content=\"image\/jpeg\" \/>\n<meta name=\"twitter:card\" content=\"summary_large_image\" \/>\n<script type=\"application\/ld+json\" class=\"yoast-schema-graph\">{\"@context\":\"https:\/\/schema.org\",\"@graph\":[{\"@type\":\"WebPage\",\"@id\":\"https:\/\/avmedical.ma\/produit\/attelle-de-clavicule-avec-boucle\/\",\"url\":\"https:\/\/avmedical.ma\/produit\/attelle-de-clavicule-avec-boucle\/\",\"name\":\"Attelle de Clavicule - AV MEDICAL\",\"isPartOf\":{\"@id\":\"https:\/\/avmedical.ma\/#website\"},\"primaryImageOfPage\":{\"@id\":\"https:\/\/avmedical.ma\/produit\/attelle-de-clavicule-avec-boucle\/#primaryimage\"},\"image\":{\"@id\":\"https:\/\/avmedical.ma\/produit\/attelle-de-clavicule-avec-boucle\/#primaryimage\"},\"thumbnailUrl\":\"https:\/\/avmedical.ma\/wp-content\/uploads\/2024\/02\/attelle_calvicule_boucle_resize.jpg\",\"datePublished\":\"2020-11-12T22:46:27+00:00\",\"dateModified\":\"2025-05-05T10:59:44+00:00\",\"breadcrumb\":{\"@id\":\"https:\/\/avmedical.ma\/produit\/attelle-de-clavicule-avec-boucle\/#breadcrumb\"},\"inLanguage\":\"ar\",\"potentialAction\":[{\"@type\":\"ReadAction\",\"target\":[\"https:\/\/avmedical.ma\/produit\/attelle-de-clavicule-avec-boucle\/\"]}]},{\"@type\":\"ImageObject\",\"inLanguage\":\"ar\",\"@id\":\"https:\/\/avmedical.ma\/produit\/attelle-de-clavicule-avec-boucle\/#primaryimage\",\"url\":\"https:\/\/avmedical.ma\/wp-content\/uploads\/2024\/02\/attelle_calvicule_boucle_resize.jpg\",\"contentUrl\":\"https:\/\/avmedical.ma\/wp-content\/uploads\/2024\/02\/attelle_calvicule_boucle_resize.jpg\",\"width\":385,\"height\":345},{\"@type\":\"BreadcrumbList\",\"@id\":\"https:\/\/avmedical.ma\/produit\/attelle-de-clavicule-avec-boucle\/#breadcrumb\",\"itemListElement\":[{\"@type\":\"ListItem\",\"position\":1,\"name\":\"Accueil\",\"item\":\"https:\/\/avmedical.ma\/\"},{\"@type\":\"ListItem\",\"position\":2,\"name\":\"Shop\",\"item\":\"https:\/\/avmedical.ma\/shop\/\"},{\"@type\":\"ListItem\",\"position\":3,\"name\":\"Attelle de Clavicule\"}]},{\"@type\":\"WebSite\",\"@id\":\"https:\/\/avmedical.ma\/#website\",\"url\":\"https:\/\/avmedical.ma\/\",\"name\":\"AVMEDICAL Maroc\",\"description\":\"\",\"publisher\":{\"@id\":\"https:\/\/avmedical.ma\/#organization\"},\"potentialAction\":[{\"@type\":\"SearchAction\",\"target\":{\"@type\":\"EntryPoint\",\"urlTemplate\":\"https:\/\/avmedical.ma\/?s={search_term_string}\"},\"query-input\":{\"@type\":\"PropertyValueSpecification\",\"valueRequired\":true,\"valueName\":\"search_term_string\"}}],\"inLanguage\":\"ar\"},{\"@type\":\"Organization\",\"@id\":\"https:\/\/avmedical.ma\/#organization\",\"name\":\"AVMEDICAL\",\"url\":\"https:\/\/avmedical.ma\/\",\"logo\":{\"@type\":\"ImageObject\",\"inLanguage\":\"ar\",\"@id\":\"https:\/\/avmedical.ma\/#\/schema\/logo\/image\/\",\"url\":\"https:\/\/avmedical.ma\/wp-content\/uploads\/2024\/02\/logo_avmedical_new.png\",\"contentUrl\":\"https:\/\/avmedical.ma\/wp-content\/uploads\/2024\/02\/logo_avmedical_new.png\",\"width\":420,\"height\":95,\"caption\":\"AVMEDICAL\"},\"image\":{\"@id\":\"https:\/\/avmedical.ma\/#\/schema\/logo\/image\/\"}}]}<\/script>\n<!-- \/ Yoast SEO plugin. -->","yoast_head_json":{"title":"Attelle de Clavicule - AV MEDICAL","robots":{"index":"index","follow":"follow","max-snippet":"max-snippet:-1","max-image-preview":"max-image-preview:large","max-video-preview":"max-video-preview:-1"},"canonical":"https:\/\/avmedical.ma\/ar\/product\/attelle-de-clavicule-avec-boucle\/","og_locale":"ar_AR","og_type":"article","og_title":"Attelle de Clavicule - AV MEDICAL","og_description":"Attelle de clavicule avec boucle\u00a0est scientifiquement con\u00e7ue pour immobiliser, comprimer et ...","og_url":"https:\/\/avmedical.ma\/ar\/product\/attelle-de-clavicule-avec-boucle\/","og_site_name":"AV MEDICAL","article_modified_time":"2025-05-05T10:59:44+00:00","og_image":[{"width":385,"height":345,"url":"https:\/\/avmedical.ma\/wp-content\/uploads\/2024\/02\/attelle_calvicule_boucle_resize.jpg","type":"image\/jpeg"}],"twitter_card":"summary_large_image","schema":{"@context":"https:\/\/schema.org","@graph":[{"@type":"WebPage","@id":"https:\/\/avmedical.ma\/produit\/attelle-de-clavicule-avec-boucle\/","url":"https:\/\/avmedical.ma\/produit\/attelle-de-clavicule-avec-boucle\/","name":"Attelle de Clavicule - AV MEDICAL","isPartOf":{"@id":"https:\/\/avmedical.ma\/#website"},"primaryImageOfPage":{"@id":"https:\/\/avmedical.ma\/produit\/attelle-de-clavicule-avec-boucle\/#primaryimage"},"image":{"@id":"https:\/\/avmedical.ma\/produit\/attelle-de-clavicule-avec-boucle\/#primaryimage"},"thumbnailUrl":"https:\/\/avmedical.ma\/wp-content\/uploads\/2024\/02\/attelle_calvicule_boucle_resize.jpg","datePublished":"2020-11-12T22:46:27+00:00","dateModified":"2025-05-05T10:59:44+00:00","breadcrumb":{"@id":"https:\/\/avmedical.ma\/produit\/attelle-de-clavicule-avec-boucle\/#breadcrumb"},"inLanguage":"ar","potentialAction":[{"@type":"ReadAction","target":["https:\/\/avmedical.ma\/produit\/attelle-de-clavicule-avec-boucle\/"]}]},{"@type":"ImageObject","inLanguage":"ar","@id":"https:\/\/avmedical.ma\/produit\/attelle-de-clavicule-avec-boucle\/#primaryimage","url":"https:\/\/avmedical.ma\/wp-content\/uploads\/2024\/02\/attelle_calvicule_boucle_resize.jpg","contentUrl":"https:\/\/avmedical.ma\/wp-content\/uploads\/2024\/02\/attelle_calvicule_boucle_resize.jpg","width":385,"height":345},{"@type":"BreadcrumbList","@id":"https:\/\/avmedical.ma\/produit\/attelle-de-clavicule-avec-boucle\/#breadcrumb","itemListElement":[{"@type":"ListItem","position":1,"name":"Accueil","item":"https:\/\/avmedical.ma\/"},{"@type":"ListItem","position":2,"name":"Shop","item":"https:\/\/avmedical.ma\/shop\/"},{"@type":"ListItem","position":3,"name":"Attelle de Clavicule"}]},{"@type":"WebSite","@id":"https:\/\/avmedical.ma\/#website","url":"https:\/\/avmedical.ma\/","name":"AVMEDICAL Maroc","description":"","publisher":{"@id":"https:\/\/avmedical.ma\/#organization"},"potentialAction":[{"@type":"SearchAction","target":{"@type":"EntryPoint","urlTemplate":"https:\/\/avmedical.ma\/?s={search_term_string}"},"query-input":{"@type":"PropertyValueSpecification","valueRequired":true,"valueName":"search_term_string"}}],"inLanguage":"ar"},{"@type":"Organization","@id":"https:\/\/avmedical.ma\/#organization","name":"AVMEDICAL","url":"https:\/\/avmedical.ma\/","logo":{"@type":"ImageObject","inLanguage":"ar","@id":"https:\/\/avmedical.ma\/#\/schema\/logo\/image\/","url":"https:\/\/avmedical.ma\/wp-content\/uploads\/2024\/02\/logo_avmedical_new.png","contentUrl":"https:\/\/avmedical.ma\/wp-content\/uploads\/2024\/02\/logo_avmedical_new.png","width":420,"height":95,"caption":"AVMEDICAL"},"image":{"@id":"https:\/\/avmedical.ma\/#\/schema\/logo\/image\/"}}]}},"_links":{"self":[{"href":"https:\/\/avmedical.ma\/ar\/wp-json\/wp\/v2\/product\/1254","targetHints":{"allow":["GET"]}}],"collection":[{"href":"https:\/\/avmedical.ma\/ar\/wp-json\/wp\/v2\/product"}],"about":[{"href":"https:\/\/avmedical.ma\/ar\/wp-json\/wp\/v2\/types\/product"}],"replies":[{"embeddable":true,"href":"https:\/\/avmedical.ma\/ar\/wp-json\/wp\/v2\/comments?post=1254"}],"wp:featuredmedia":[{"embeddable":true,"href":"https:\/\/avmedical.ma\/ar\/wp-json\/wp\/v2\/media\/1856"}],"wp:attachment":[{"href":"https:\/\/avmedical.ma\/ar\/wp-json\/wp\/v2\/media?parent=1254"}],"wp:term":[{"taxonomy":"product_brand","embeddable":true,"href":"https:\/\/avmedical.ma\/ar\/wp-json\/wp\/v2\/product_brand?post=1254"},{"taxonomy":"product_cat","embeddable":true,"href":"https:\/\/avmedical.ma\/ar\/wp-json\/wp\/v2\/product_cat?post=1254"},{"taxonomy":"product_tag","embeddable":true,"href":"https:\/\/avmedical.ma\/ar\/wp-json\/wp\/v2\/product_tag?post=1254"}],"curies":[{"name":"wp","href":"https:\/\/api.w.org\/{rel}","templated":true}]}}