{"id":1028,"date":"2020-11-06T14:29:33","date_gmt":"2020-11-06T13:29:33","guid":{"rendered":"https:\/\/avmedical.ma\/?post_type=product&#038;p=1028"},"modified":"2024-02-19T22:06:40","modified_gmt":"2024-02-19T21:06:40","slug":"attelle-de-cheville","status":"publish","type":"product","link":"https:\/\/avmedical.ma\/ar\/product\/attelle-de-cheville\/","title":{"rendered":"Attelle de cheville"},"content":{"rendered":"<p align=\"justify\">Cette attelle de cheville est con\u00e7u pour immobiliser, soutenir et stabiliser l&rsquo;articulation de la cheville. en cas de blessure ou offrir une protection aux personnes sujettes \u00e0 des blessures \u00e0 la cheville. La conception rigide de la coque en exosquelette offre une meilleure protection et un meilleur contr\u00f4le de l&rsquo;inversion ou de l&rsquo;aversion de la cheville.<\/p>\n<ul>\n<li>Immobilisation rigide<\/li>\n<li>Rembourrage en mousse<\/li>\n<li>Une taille, qui convient \u00e0 tous<\/li>\n<li>Anatomique<\/li>\n<li>Facile \u00e0 nettoyer<\/li>\n<\/ul>","protected":false},"excerpt":{"rendered":"<p>Cette attelle de cheville est con\u00e7u pour immobiliser, soutenir et stabiliser &#8230; <\/p>","protected":false},"featured_media":1747,"comment_status":"open","ping_status":"closed","template":"","meta":[],"product_brand":[],"product_cat":[136,114],"product_tag":[177],"class_list":{"0":"post-1028","1":"product","2":"type-product","3":"status-publish","4":"has-post-thumbnail","6":"product_cat-cheville","7":"product_cat-orthopedie","8":"product_tag-d-26","10":"first","11":"instock","12":"shipping-taxable","13":"product-type-simple"},"yoast_head":"<!-- This site is optimized with the Yoast SEO plugin v27.2 - https:\/\/yoast.com\/product\/yoast-seo-wordpress\/ -->\n<title>Attelle de cheville - AV MEDICAL<\/title>\n<meta name=\"robots\" content=\"index, follow, max-snippet:-1, max-image-preview:large, max-video-preview:-1\" \/>\n<link rel=\"canonical\" href=\"https:\/\/avmedical.ma\/ar\/product\/attelle-de-cheville\/\" \/>\n<meta property=\"og:locale\" content=\"ar_AR\" \/>\n<meta property=\"og:type\" content=\"article\" \/>\n<meta property=\"og:title\" content=\"Attelle de cheville - AV MEDICAL\" \/>\n<meta property=\"og:description\" content=\"Cette attelle de cheville est con\u00e7u pour immobiliser, soutenir et stabiliser ...\" \/>\n<meta property=\"og:url\" content=\"https:\/\/avmedical.ma\/ar\/product\/attelle-de-cheville\/\" \/>\n<meta property=\"og:site_name\" content=\"AV MEDICAL\" \/>\n<meta property=\"article:modified_time\" content=\"2024-02-19T21:06:40+00:00\" \/>\n<meta property=\"og:image\" content=\"https:\/\/avmedical.ma\/wp-content\/uploads\/2024\/02\/atelle-de-cheville_resize.jpg\" \/>\n\t<meta property=\"og:image:width\" content=\"385\" \/>\n\t<meta property=\"og:image:height\" content=\"345\" \/>\n\t<meta property=\"og:image:type\" content=\"image\/jpeg\" \/>\n<meta name=\"twitter:card\" content=\"summary_large_image\" \/>\n<script type=\"application\/ld+json\" class=\"yoast-schema-graph\">{\"@context\":\"https:\/\/schema.org\",\"@graph\":[{\"@type\":\"WebPage\",\"@id\":\"https:\/\/avmedical.ma\/produit\/attelle-de-cheville\/\",\"url\":\"https:\/\/avmedical.ma\/produit\/attelle-de-cheville\/\",\"name\":\"Attelle de cheville - AV MEDICAL\",\"isPartOf\":{\"@id\":\"https:\/\/avmedical.ma\/#website\"},\"primaryImageOfPage\":{\"@id\":\"https:\/\/avmedical.ma\/produit\/attelle-de-cheville\/#primaryimage\"},\"image\":{\"@id\":\"https:\/\/avmedical.ma\/produit\/attelle-de-cheville\/#primaryimage\"},\"thumbnailUrl\":\"https:\/\/avmedical.ma\/wp-content\/uploads\/2024\/02\/atelle-de-cheville_resize.jpg\",\"datePublished\":\"2020-11-06T13:29:33+00:00\",\"dateModified\":\"2024-02-19T21:06:40+00:00\",\"breadcrumb\":{\"@id\":\"https:\/\/avmedical.ma\/produit\/attelle-de-cheville\/#breadcrumb\"},\"inLanguage\":\"ar\",\"potentialAction\":[{\"@type\":\"ReadAction\",\"target\":[\"https:\/\/avmedical.ma\/produit\/attelle-de-cheville\/\"]}]},{\"@type\":\"ImageObject\",\"inLanguage\":\"ar\",\"@id\":\"https:\/\/avmedical.ma\/produit\/attelle-de-cheville\/#primaryimage\",\"url\":\"https:\/\/avmedical.ma\/wp-content\/uploads\/2024\/02\/atelle-de-cheville_resize.jpg\",\"contentUrl\":\"https:\/\/avmedical.ma\/wp-content\/uploads\/2024\/02\/atelle-de-cheville_resize.jpg\",\"width\":385,\"height\":345},{\"@type\":\"BreadcrumbList\",\"@id\":\"https:\/\/avmedical.ma\/produit\/attelle-de-cheville\/#breadcrumb\",\"itemListElement\":[{\"@type\":\"ListItem\",\"position\":1,\"name\":\"Accueil\",\"item\":\"https:\/\/avmedical.ma\/\"},{\"@type\":\"ListItem\",\"position\":2,\"name\":\"Shop\",\"item\":\"https:\/\/avmedical.ma\/shop\/\"},{\"@type\":\"ListItem\",\"position\":3,\"name\":\"Attelle de cheville\"}]},{\"@type\":\"WebSite\",\"@id\":\"https:\/\/avmedical.ma\/#website\",\"url\":\"https:\/\/avmedical.ma\/\",\"name\":\"AVMEDICAL Maroc\",\"description\":\"\",\"publisher\":{\"@id\":\"https:\/\/avmedical.ma\/#organization\"},\"potentialAction\":[{\"@type\":\"SearchAction\",\"target\":{\"@type\":\"EntryPoint\",\"urlTemplate\":\"https:\/\/avmedical.ma\/?s={search_term_string}\"},\"query-input\":{\"@type\":\"PropertyValueSpecification\",\"valueRequired\":true,\"valueName\":\"search_term_string\"}}],\"inLanguage\":\"ar\"},{\"@type\":\"Organization\",\"@id\":\"https:\/\/avmedical.ma\/#organization\",\"name\":\"AVMEDICAL\",\"url\":\"https:\/\/avmedical.ma\/\",\"logo\":{\"@type\":\"ImageObject\",\"inLanguage\":\"ar\",\"@id\":\"https:\/\/avmedical.ma\/#\/schema\/logo\/image\/\",\"url\":\"https:\/\/avmedical.ma\/wp-content\/uploads\/2024\/02\/logo_avmedical_new.png\",\"contentUrl\":\"https:\/\/avmedical.ma\/wp-content\/uploads\/2024\/02\/logo_avmedical_new.png\",\"width\":420,\"height\":95,\"caption\":\"AVMEDICAL\"},\"image\":{\"@id\":\"https:\/\/avmedical.ma\/#\/schema\/logo\/image\/\"}}]}<\/script>\n<!-- \/ Yoast SEO plugin. -->","yoast_head_json":{"title":"Attelle de cheville - AV MEDICAL","robots":{"index":"index","follow":"follow","max-snippet":"max-snippet:-1","max-image-preview":"max-image-preview:large","max-video-preview":"max-video-preview:-1"},"canonical":"https:\/\/avmedical.ma\/ar\/product\/attelle-de-cheville\/","og_locale":"ar_AR","og_type":"article","og_title":"Attelle de cheville - AV MEDICAL","og_description":"Cette attelle de cheville est con\u00e7u pour immobiliser, soutenir et stabiliser ...","og_url":"https:\/\/avmedical.ma\/ar\/product\/attelle-de-cheville\/","og_site_name":"AV MEDICAL","article_modified_time":"2024-02-19T21:06:40+00:00","og_image":[{"width":385,"height":345,"url":"https:\/\/avmedical.ma\/wp-content\/uploads\/2024\/02\/atelle-de-cheville_resize.jpg","type":"image\/jpeg"}],"twitter_card":"summary_large_image","schema":{"@context":"https:\/\/schema.org","@graph":[{"@type":"WebPage","@id":"https:\/\/avmedical.ma\/produit\/attelle-de-cheville\/","url":"https:\/\/avmedical.ma\/produit\/attelle-de-cheville\/","name":"Attelle de cheville - AV MEDICAL","isPartOf":{"@id":"https:\/\/avmedical.ma\/#website"},"primaryImageOfPage":{"@id":"https:\/\/avmedical.ma\/produit\/attelle-de-cheville\/#primaryimage"},"image":{"@id":"https:\/\/avmedical.ma\/produit\/attelle-de-cheville\/#primaryimage"},"thumbnailUrl":"https:\/\/avmedical.ma\/wp-content\/uploads\/2024\/02\/atelle-de-cheville_resize.jpg","datePublished":"2020-11-06T13:29:33+00:00","dateModified":"2024-02-19T21:06:40+00:00","breadcrumb":{"@id":"https:\/\/avmedical.ma\/produit\/attelle-de-cheville\/#breadcrumb"},"inLanguage":"ar","potentialAction":[{"@type":"ReadAction","target":["https:\/\/avmedical.ma\/produit\/attelle-de-cheville\/"]}]},{"@type":"ImageObject","inLanguage":"ar","@id":"https:\/\/avmedical.ma\/produit\/attelle-de-cheville\/#primaryimage","url":"https:\/\/avmedical.ma\/wp-content\/uploads\/2024\/02\/atelle-de-cheville_resize.jpg","contentUrl":"https:\/\/avmedical.ma\/wp-content\/uploads\/2024\/02\/atelle-de-cheville_resize.jpg","width":385,"height":345},{"@type":"BreadcrumbList","@id":"https:\/\/avmedical.ma\/produit\/attelle-de-cheville\/#breadcrumb","itemListElement":[{"@type":"ListItem","position":1,"name":"Accueil","item":"https:\/\/avmedical.ma\/"},{"@type":"ListItem","position":2,"name":"Shop","item":"https:\/\/avmedical.ma\/shop\/"},{"@type":"ListItem","position":3,"name":"Attelle de cheville"}]},{"@type":"WebSite","@id":"https:\/\/avmedical.ma\/#website","url":"https:\/\/avmedical.ma\/","name":"AVMEDICAL Maroc","description":"","publisher":{"@id":"https:\/\/avmedical.ma\/#organization"},"potentialAction":[{"@type":"SearchAction","target":{"@type":"EntryPoint","urlTemplate":"https:\/\/avmedical.ma\/?s={search_term_string}"},"query-input":{"@type":"PropertyValueSpecification","valueRequired":true,"valueName":"search_term_string"}}],"inLanguage":"ar"},{"@type":"Organization","@id":"https:\/\/avmedical.ma\/#organization","name":"AVMEDICAL","url":"https:\/\/avmedical.ma\/","logo":{"@type":"ImageObject","inLanguage":"ar","@id":"https:\/\/avmedical.ma\/#\/schema\/logo\/image\/","url":"https:\/\/avmedical.ma\/wp-content\/uploads\/2024\/02\/logo_avmedical_new.png","contentUrl":"https:\/\/avmedical.ma\/wp-content\/uploads\/2024\/02\/logo_avmedical_new.png","width":420,"height":95,"caption":"AVMEDICAL"},"image":{"@id":"https:\/\/avmedical.ma\/#\/schema\/logo\/image\/"}}]}},"_links":{"self":[{"href":"https:\/\/avmedical.ma\/ar\/wp-json\/wp\/v2\/product\/1028","targetHints":{"allow":["GET"]}}],"collection":[{"href":"https:\/\/avmedical.ma\/ar\/wp-json\/wp\/v2\/product"}],"about":[{"href":"https:\/\/avmedical.ma\/ar\/wp-json\/wp\/v2\/types\/product"}],"replies":[{"embeddable":true,"href":"https:\/\/avmedical.ma\/ar\/wp-json\/wp\/v2\/comments?post=1028"}],"wp:featuredmedia":[{"embeddable":true,"href":"https:\/\/avmedical.ma\/ar\/wp-json\/wp\/v2\/media\/1747"}],"wp:attachment":[{"href":"https:\/\/avmedical.ma\/ar\/wp-json\/wp\/v2\/media?parent=1028"}],"wp:term":[{"taxonomy":"product_brand","embeddable":true,"href":"https:\/\/avmedical.ma\/ar\/wp-json\/wp\/v2\/product_brand?post=1028"},{"taxonomy":"product_cat","embeddable":true,"href":"https:\/\/avmedical.ma\/ar\/wp-json\/wp\/v2\/product_cat?post=1028"},{"taxonomy":"product_tag","embeddable":true,"href":"https:\/\/avmedical.ma\/ar\/wp-json\/wp\/v2\/product_tag?post=1028"}],"curies":[{"name":"wp","href":"https:\/\/api.w.org\/{rel}","templated":true}]}}