{"id":2200,"date":"2024-02-19T18:11:18","date_gmt":"2024-02-19T17:11:18","guid":{"rendered":"https:\/\/avmedical.ma\/?page_id=2200"},"modified":"2025-05-08T19:01:56","modified_gmt":"2025-05-08T17:01:56","slug":"orthopedie","status":"publish","type":"page","link":"https:\/\/avmedical.ma\/ar\/orthopedie\/","title":{"rendered":"Orthop\u00e9die"},"content":{"rendered":"<div class=\"wpb-content-wrapper\"><div class=\"vc_row wpb_row vc_row-fluid vc_custom_1708625829136\"><div class=\"wpb_column vc_column_container vc_col-sm-12\"><div class=\"vc_column-inner\"><div class=\"wpb_wrapper\"><div id=\"cz_35327\" class=\"cz_35327 cz_title clr cz_smart_fs cz_mobile_text_center cz_title_pos_inline tac\"><div class=\"cz_title_content\"><div class=\"cz_wpe_content\"><h3 style=\"text-align: center;\"><span style=\"font-size: 36px;\">Gamme <span class=\"cz_highlight_1\" style=\"color: #0cddda;\">Orthop\u00e9die<\/span><\/span><\/h3>\n<\/div><\/div><\/div><\/div><\/div><\/div><\/div><div class=\"vc_row wpb_row vc_row-fluid\"><div class=\"wpb_column vc_column_container vc_col-sm-12\"><div class=\"vc_column-inner\"><div class=\"wpb_wrapper\">\n\t\t\t<!-- START Slider 2 REVOLUTION SLIDER 6.6.20 --><p class=\"rs-p-wp-fix\"><\/p>\n\t\t\t<rs-module-wrap id=\"rev_slider_4_1_wrapper\" data-source=\"gallery\" style=\"visibility:hidden;background:transparent;padding:0;margin:0px auto;margin-top:0;margin-bottom:0;\">\n\t\t\t\t<rs-module id=\"rev_slider_4_1\" style=\"\" data-version=\"6.6.20\">\n\t\t\t\t\t<rs-slides style=\"overflow: hidden; position: absolute;\">\n\t\t\t\t\t\t<rs-slide style=\"position: absolute;\" data-key=\"rs-8\" data-title=\"Slide\" data-in=\"o:0;\" data-out=\"a:false;\">\n\t\t\t\t\t\t\t<img decoding=\"async\" src=\"\/\/avmedical.ma\/wp-content\/plugins\/revslider\/public\/assets\/assets\/dummy.png\" alt=\"Slide\" title=\"Orthop\u00e9die\" class=\"rev-slidebg tp-rs-img rs-lazyload\" data-lazyload=\"\/\/avmedical.ma\/wp-content\/plugins\/revslider\/public\/assets\/assets\/transparent.png\" data-no-retina>\n<!--\n\t\t\t\t\t\t\t--><rs-layer\n\t\t\t\t\t\t\t\tid=\"slider-4-slide-8-layer-0\" \n\t\t\t\t\t\t\t\tdata-type=\"image\"\n\t\t\t\t\t\t\t\tdata-rsp_ch=\"on\"\n\t\t\t\t\t\t\t\tdata-xy=\"xo:5px,5px,4px,2px;yo:-6px,-6px,-4px,-2px;\"\n\t\t\t\t\t\t\t\tdata-text=\"w:normal;s:20,20,16,9;l:0,0,20,12;\"\n\t\t\t\t\t\t\t\tdata-dim=\"w:962px,962px,771px,475px;h:578px,578px,463px,285px;\"\n\t\t\t\t\t\t\t\tdata-frame_999=\"o:0;st:w;\"\n\t\t\t\t\t\t\t\tstyle=\"z-index:6;\"\n\t\t\t\t\t\t\t><img decoding=\"async\" src=\"data:image\/svg+xml,%3Csvg%20xmlns%3D&#39;http%3A%2F%2Fwww.w3.org%2F2000%2Fsvg&#39;%20width=&#39;962&#39;%20height=&#39;578&#39;%20viewBox%3D&#39;0%200%20962%20578&#39;%2F%3E\" data-czlz data-src=\"\/\/avmedical.ma\/wp-content\/plugins\/revslider\/public\/assets\/assets\/dummy.png\" alt=\"\" class=\"tp-rs-img rs-lazyload\" width=\"962\" height=\"578\" data-lazyload=\"\/\/avmedical.ma\/wp-content\/uploads\/2024\/02\/ortho_corps.png\" data-no-retina> \n\t\t\t\t\t\t\t<\/rs-layer><!--\n\n\t\t\t\t\t\t\t--><a\n\t\t\t\t\t\t\t\tid=\"slider-4-slide-8-layer-1\" \n\t\t\t\t\t\t\t\tclass=\"rs-layer rev-btn\"\n\t\t\t\t\t\t\t\thref=\"https:\/\/avmedical.ma\/categorie-produit\/epaule\/\" target=\"_self\"\n\t\t\t\t\t\t\t\tdata-type=\"button\"\n\t\t\t\t\t\t\t\tdata-rsp_ch=\"on\"\n\t\t\t\t\t\t\t\tdata-xy=\"xo:233px,233px,186px,114px;yo:23px,23px,18px,11px;\"\n\t\t\t\t\t\t\t\tdata-text=\"w:normal;s:14,14,11,6;l:40,40,32,19;fw:500;\"\n\t\t\t\t\t\t\t\tdata-dim=\"minh:0px,none,none,none;\"\n\t\t\t\t\t\t\t\tdata-padding=\"r:25,25,20,12;l:25,25,20,12;\"\n\t\t\t\t\t\t\t\tdata-border=\"bor:25px,25px,25px,25px;\"\n\t\t\t\t\t\t\t\tdata-frame_999=\"o:0;st:w;\"\n\t\t\t\t\t\t\t\tdata-frame_hover=\"bgc:#007aff;bor:25px,25px,25px,25px;bri:120%;\"\n\t\t\t\t\t\t\t\tstyle=\"z-index:22;background-color:#0fbcb4;font-family:'Roboto';\"\n\t\t\t\t\t\t\t>\u00c9PAULE \n\t\t\t\t\t\t\t<\/a><!--\n\n\t\t\t\t\t\t\t--><a\n\t\t\t\t\t\t\t\tid=\"slider-4-slide-8-layer-2\" \n\t\t\t\t\t\t\t\tclass=\"rs-layer rev-btn\"\n\t\t\t\t\t\t\t\thref=\"https:\/\/avmedical.ma\/categorie-produit\/bras\/\" target=\"_self\"\n\t\t\t\t\t\t\t\tdata-type=\"button\"\n\t\t\t\t\t\t\t\tdata-rsp_ch=\"on\"\n\t\t\t\t\t\t\t\tdata-xy=\"xo:114px,114px,91px,56px;yo:113px,113px,90px,55px;\"\n\t\t\t\t\t\t\t\tdata-text=\"w:normal;s:14,14,11,6;l:40,40,32,19;fw:500;\"\n\t\t\t\t\t\t\t\tdata-dim=\"minh:0px,none,none,none;\"\n\t\t\t\t\t\t\t\tdata-padding=\"r:25,25,20,12;l:25,25,20,12;\"\n\t\t\t\t\t\t\t\tdata-border=\"bor:25px,25px,25px,25px;\"\n\t\t\t\t\t\t\t\tdata-frame_999=\"o:0;st:w;\"\n\t\t\t\t\t\t\t\tdata-frame_hover=\"bgc:#007aff;bor:25px,25px,25px,25px;bri:120%;\"\n\t\t\t\t\t\t\t\tstyle=\"z-index:21;background-color:#0fbcb4;font-family:'Roboto';\"\n\t\t\t\t\t\t\t>BRAS \n\t\t\t\t\t\t\t<\/a><!--\n\n\t\t\t\t\t\t\t--><a\n\t\t\t\t\t\t\t\tid=\"slider-4-slide-8-layer-3\" \n\t\t\t\t\t\t\t\tclass=\"rs-layer rev-btn\"\n\t\t\t\t\t\t\t\thref=\"https:\/\/avmedical.ma\/categorie-produit\/main\/\" target=\"_self\"\n\t\t\t\t\t\t\t\tdata-type=\"button\"\n\t\t\t\t\t\t\t\tdata-rsp_ch=\"on\"\n\t\t\t\t\t\t\t\tdata-xy=\"xo:77px,77px,61px,37px;yo:208px,208px,166px,102px;\"\n\t\t\t\t\t\t\t\tdata-text=\"w:normal;s:14,14,11,6;l:40,40,32,19;fw:500;\"\n\t\t\t\t\t\t\t\tdata-dim=\"minh:0px,none,none,none;\"\n\t\t\t\t\t\t\t\tdata-padding=\"r:25,25,20,12;l:25,25,20,12;\"\n\t\t\t\t\t\t\t\tdata-border=\"bor:25px,25px,25px,25px;\"\n\t\t\t\t\t\t\t\tdata-frame_999=\"o:0;st:w;\"\n\t\t\t\t\t\t\t\tdata-frame_hover=\"bgc:#007aff;bor:25px,25px,25px,25px;bri:120%;\"\n\t\t\t\t\t\t\t\tstyle=\"z-index:20;background-color:#0fbcb4;font-family:'Roboto';\"\n\t\t\t\t\t\t\t>MAIN \n\t\t\t\t\t\t\t<\/a><!--\n\n\t\t\t\t\t\t\t--><a\n\t\t\t\t\t\t\t\tid=\"slider-4-slide-8-layer-4\" \n\t\t\t\t\t\t\t\tclass=\"rs-layer rev-btn\"\n\t\t\t\t\t\t\t\thref=\"https:\/\/avmedical.ma\/categorie-produit\/dos\/\" target=\"_self\"\n\t\t\t\t\t\t\t\tdata-type=\"button\"\n\t\t\t\t\t\t\t\tdata-rsp_ch=\"on\"\n\t\t\t\t\t\t\t\tdata-xy=\"xo:187px,187px,149px,91px;yo:157px,157px,125px,77px;\"\n\t\t\t\t\t\t\t\tdata-text=\"w:normal;s:14,14,11,6;l:40,40,32,19;fw:500;\"\n\t\t\t\t\t\t\t\tdata-dim=\"minh:0px,none,none,none;\"\n\t\t\t\t\t\t\t\tdata-padding=\"r:25,25,20,12;l:25,25,20,12;\"\n\t\t\t\t\t\t\t\tdata-border=\"bor:25px,25px,25px,25px;\"\n\t\t\t\t\t\t\t\tdata-frame_999=\"o:0;st:w;\"\n\t\t\t\t\t\t\t\tdata-frame_hover=\"bgc:#007aff;bor:25px,25px,25px,25px;bri:120%;\"\n\t\t\t\t\t\t\t\tstyle=\"z-index:7;background-color:#0fbcb4;font-family:'Roboto';\"\n\t\t\t\t\t\t\t>DOS<br \/>\n \n\t\t\t\t\t\t\t<\/a><!--\n\n\t\t\t\t\t\t\t--><rs-layer\n\t\t\t\t\t\t\t\tid=\"slider-4-slide-8-layer-5\" \n\t\t\t\t\t\t\t\tclass=\"rev-btn\"\n\t\t\t\t\t\t\t\tdata-type=\"button\"\n\t\t\t\t\t\t\t\tdata-rsp_ch=\"on\"\n\t\t\t\t\t\t\t\tdata-xy=\"xo:77px,77px,61px,37px;yo:208px,208px,166px,102px;\"\n\t\t\t\t\t\t\t\tdata-text=\"w:normal;s:14,14,11,6;l:40,40,32,19;fw:500;\"\n\t\t\t\t\t\t\t\tdata-dim=\"minh:0px,none,none,none;\"\n\t\t\t\t\t\t\t\tdata-padding=\"r:25,25,20,12;l:25,25,20,12;\"\n\t\t\t\t\t\t\t\tdata-border=\"bor:25px,25px,25px,25px;\"\n\t\t\t\t\t\t\t\tdata-frame_999=\"o:0;st:w;\"\n\t\t\t\t\t\t\t\tdata-frame_hover=\"bgc:#007aff;bor:25px,25px,25px,25px;bri:120%;\"\n\t\t\t\t\t\t\t\tstyle=\"z-index:19;background-color:#007aff;font-family:'Roboto';\"\n\t\t\t\t\t\t\t>MAIN \n\t\t\t\t\t\t\t<\/rs-layer><!--\n\n\t\t\t\t\t\t\t--><a\n\t\t\t\t\t\t\t\tid=\"slider-4-slide-8-layer-6\" \n\t\t\t\t\t\t\t\tclass=\"rs-layer rev-btn\"\n\t\t\t\t\t\t\t\thref=\"https:\/\/avmedical.ma\/categorie-produit\/jambe\/\" target=\"_self\"\n\t\t\t\t\t\t\t\tdata-type=\"button\"\n\t\t\t\t\t\t\t\tdata-rsp_ch=\"on\"\n\t\t\t\t\t\t\t\tdata-xy=\"xo:97px,97px,77px,47px;yo:313px,313px,251px,154px;\"\n\t\t\t\t\t\t\t\tdata-text=\"w:normal;s:14,14,11,6;l:40,40,32,19;fw:500;\"\n\t\t\t\t\t\t\t\tdata-dim=\"minh:0px,none,none,none;\"\n\t\t\t\t\t\t\t\tdata-padding=\"r:25,25,20,12;l:25,25,20,12;\"\n\t\t\t\t\t\t\t\tdata-border=\"bor:25px,25px,25px,25px;\"\n\t\t\t\t\t\t\t\tdata-frame_999=\"o:0;st:w;\"\n\t\t\t\t\t\t\t\tdata-frame_hover=\"bgc:#007aff;bor:25px,25px,25px,25px;bri:120%;\"\n\t\t\t\t\t\t\t\tstyle=\"z-index:18;background-color:#0fbcb4;font-family:'Roboto';\"\n\t\t\t\t\t\t\t>JAMBE \n\t\t\t\t\t\t\t<\/a><!--\n\n\t\t\t\t\t\t\t--><rs-layer\n\t\t\t\t\t\t\t\tid=\"slider-4-slide-8-layer-7\" \n\t\t\t\t\t\t\t\tclass=\"rev-btn\"\n\t\t\t\t\t\t\t\tdata-type=\"button\"\n\t\t\t\t\t\t\t\tdata-rsp_ch=\"on\"\n\t\t\t\t\t\t\t\tdata-xy=\"xo:97px,97px,77px,47px;yo:313px,313px,251px,154px;\"\n\t\t\t\t\t\t\t\tdata-text=\"w:normal;s:14,14,11,6;l:40,40,32,19;fw:500;\"\n\t\t\t\t\t\t\t\tdata-dim=\"minh:0px,none,none,none;\"\n\t\t\t\t\t\t\t\tdata-padding=\"r:25,25,20,12;l:25,25,20,12;\"\n\t\t\t\t\t\t\t\tdata-border=\"bor:25px,25px,25px,25px;\"\n\t\t\t\t\t\t\t\tdata-frame_999=\"o:0;st:w;\"\n\t\t\t\t\t\t\t\tdata-frame_hover=\"bgc:#007aff;bor:25px,25px,25px,25px;bri:120%;\"\n\t\t\t\t\t\t\t\tstyle=\"z-index:17;background-color:#007aff;font-family:'Roboto';\"\n\t\t\t\t\t\t\t>JAMBE \n\t\t\t\t\t\t\t<\/rs-layer><!--\n\n\t\t\t\t\t\t\t--><a\n\t\t\t\t\t\t\t\tid=\"slider-4-slide-8-layer-8\" \n\t\t\t\t\t\t\t\tclass=\"rs-layer rev-btn\"\n\t\t\t\t\t\t\t\thref=\"https:\/\/avmedical.ma\/categorie-produit\/cheville\/\" target=\"_self\"\n\t\t\t\t\t\t\t\tdata-type=\"button\"\n\t\t\t\t\t\t\t\tdata-rsp_ch=\"on\"\n\t\t\t\t\t\t\t\tdata-xy=\"xo:65px,65px,52px,32px;yo:459px,459px,368px,227px;\"\n\t\t\t\t\t\t\t\tdata-text=\"w:normal;s:14,14,11,6;l:40,40,32,19;fw:500;\"\n\t\t\t\t\t\t\t\tdata-dim=\"minh:0px,none,none,none;\"\n\t\t\t\t\t\t\t\tdata-padding=\"r:25,25,20,12;l:25,25,20,12;\"\n\t\t\t\t\t\t\t\tdata-border=\"bor:25px,25px,25px,25px;\"\n\t\t\t\t\t\t\t\tdata-frame_999=\"o:0;st:w;\"\n\t\t\t\t\t\t\t\tdata-frame_hover=\"bgc:#007aff;bor:25px,25px,25px,25px;bri:120%;\"\n\t\t\t\t\t\t\t\tstyle=\"z-index:16;background-color:#0fbcb4;font-family:'Roboto';\"\n\t\t\t\t\t\t\t>CHEVILLE \n\t\t\t\t\t\t\t<\/a><!--\n\n\t\t\t\t\t\t\t--><a\n\t\t\t\t\t\t\t\tid=\"slider-4-slide-8-layer-9\" \n\t\t\t\t\t\t\t\tclass=\"rs-layer rev-btn\"\n\t\t\t\t\t\t\t\thref=\"https:\/\/avmedical.ma\/categorie-produit\/pied\/\" target=\"_self\"\n\t\t\t\t\t\t\t\tdata-type=\"button\"\n\t\t\t\t\t\t\t\tdata-rsp_ch=\"on\"\n\t\t\t\t\t\t\t\tdata-xy=\"xo:171px,171px,137px,84px;yo:503px,503px,403px,248px;\"\n\t\t\t\t\t\t\t\tdata-text=\"w:normal;s:14,14,11,6;l:40,40,32,19;fw:500;\"\n\t\t\t\t\t\t\t\tdata-dim=\"minh:0px,none,none,none;\"\n\t\t\t\t\t\t\t\tdata-padding=\"r:25,25,20,12;l:25,25,20,12;\"\n\t\t\t\t\t\t\t\tdata-border=\"bor:25px,25px,25px,25px;\"\n\t\t\t\t\t\t\t\tdata-frame_999=\"o:0;st:w;\"\n\t\t\t\t\t\t\t\tdata-frame_hover=\"bgc:#007aff;bor:25px,25px,25px,25px;bri:120%;\"\n\t\t\t\t\t\t\t\tstyle=\"z-index:15;background-color:#0fbcb4;font-family:'Roboto';\"\n\t\t\t\t\t\t\t>PIED \n\t\t\t\t\t\t\t<\/a><!--\n\n\t\t\t\t\t\t\t--><a\n\t\t\t\t\t\t\t\tid=\"slider-4-slide-8-layer-10\" \n\t\t\t\t\t\t\t\tclass=\"rs-layer rev-btn\"\n\t\t\t\t\t\t\t\thref=\"https:\/\/avmedical.ma\/categorie-produit\/genou\/\" target=\"_self\"\n\t\t\t\t\t\t\t\tdata-type=\"button\"\n\t\t\t\t\t\t\t\tdata-rsp_ch=\"on\"\n\t\t\t\t\t\t\t\tdata-xy=\"xo:656px,656px,526px,324px;yo:313px,313px,251px,154px;\"\n\t\t\t\t\t\t\t\tdata-text=\"w:normal;s:14,14,11,6;l:40,40,32,19;fw:500;\"\n\t\t\t\t\t\t\t\tdata-dim=\"minh:0px,none,none,none;\"\n\t\t\t\t\t\t\t\tdata-padding=\"r:25,25,20,12;l:25,25,20,12;\"\n\t\t\t\t\t\t\t\tdata-border=\"bor:25px,25px,25px,25px;\"\n\t\t\t\t\t\t\t\tdata-frame_999=\"o:0;st:w;\"\n\t\t\t\t\t\t\t\tdata-frame_hover=\"bgc:#007aff;bor:25px,25px,25px,25px;bri:120%;\"\n\t\t\t\t\t\t\t\tstyle=\"z-index:14;background-color:#0fbcb4;font-family:'Roboto';\"\n\t\t\t\t\t\t\t>GENOU \n\t\t\t\t\t\t\t<\/a><!--\n\n\t\t\t\t\t\t\t--><a\n\t\t\t\t\t\t\t\tid=\"slider-4-slide-8-layer-11\" \n\t\t\t\t\t\t\t\tclass=\"rs-layer rev-btn\"\n\t\t\t\t\t\t\t\thref=\"https:\/\/avmedical.ma\/categorie-produit\/abdomen\/\" target=\"_self\"\n\t\t\t\t\t\t\t\tdata-type=\"button\"\n\t\t\t\t\t\t\t\tdata-rsp_ch=\"on\"\n\t\t\t\t\t\t\t\tdata-xy=\"xo:547px,547px,438px,270px;yo:232px,232px,186px,114px;\"\n\t\t\t\t\t\t\t\tdata-text=\"w:normal;s:14,14,11,6;l:40,40,32,19;fw:500;\"\n\t\t\t\t\t\t\t\tdata-dim=\"minh:0px,none,none,none;\"\n\t\t\t\t\t\t\t\tdata-padding=\"r:25,25,20,12;l:25,25,20,12;\"\n\t\t\t\t\t\t\t\tdata-border=\"bor:25px,25px,25px,25px;\"\n\t\t\t\t\t\t\t\tdata-frame_999=\"o:0;st:w;\"\n\t\t\t\t\t\t\t\tdata-frame_hover=\"bgc:#007aff;bor:25px,25px,25px,25px;bri:120%;\"\n\t\t\t\t\t\t\t\tstyle=\"z-index:13;background-color:#0fbcb4;font-family:'Roboto';\"\n\t\t\t\t\t\t\t>ABDOMEN \n\t\t\t\t\t\t\t<\/a><!--\n\n\t\t\t\t\t\t\t--><a\n\t\t\t\t\t\t\t\tid=\"slider-4-slide-8-layer-12\" \n\t\t\t\t\t\t\t\tclass=\"rs-layer rev-btn\"\n\t\t\t\t\t\t\t\thref=\"https:\/\/avmedical.ma\/categorie-produit\/poitrine\/\" target=\"_self\"\n\t\t\t\t\t\t\t\tdata-type=\"button\"\n\t\t\t\t\t\t\t\tdata-rsp_ch=\"on\"\n\t\t\t\t\t\t\t\tdata-xy=\"xo:603px,603px,483px,297px;yo:190px,190px,152px,93px;\"\n\t\t\t\t\t\t\t\tdata-text=\"w:normal;s:14,14,11,6;l:40,40,32,19;fw:500;\"\n\t\t\t\t\t\t\t\tdata-dim=\"minh:0px,none,none,none;\"\n\t\t\t\t\t\t\t\tdata-padding=\"r:25,25,20,12;l:25,25,20,12;\"\n\t\t\t\t\t\t\t\tdata-border=\"bor:25px,25px,25px,25px;\"\n\t\t\t\t\t\t\t\tdata-frame_999=\"o:0;st:w;\"\n\t\t\t\t\t\t\t\tdata-frame_hover=\"bgc:#007aff;bor:25px,25px,25px,25px;bri:120%;\"\n\t\t\t\t\t\t\t\tstyle=\"z-index:12;background-color:#0fbcb4;font-family:'Roboto';\"\n\t\t\t\t\t\t\t>POITRINE \n\t\t\t\t\t\t\t<\/a><!--\n\n\t\t\t\t\t\t\t--><a\n\t\t\t\t\t\t\t\tid=\"slider-4-slide-8-layer-13\" \n\t\t\t\t\t\t\t\tclass=\"rs-layer rev-btn\"\n\t\t\t\t\t\t\t\thref=\"https:\/\/avmedical.ma\/categorie-produit\/coude\/\" target=\"_self\"\n\t\t\t\t\t\t\t\tdata-type=\"button\"\n\t\t\t\t\t\t\t\tdata-rsp_ch=\"on\"\n\t\t\t\t\t\t\t\tdata-xy=\"xo:746px,746px,598px,368px;yo:162px,162px,129px,79px;\"\n\t\t\t\t\t\t\t\tdata-text=\"w:normal;s:14,14,11,6;l:40,40,32,19;fw:500;\"\n\t\t\t\t\t\t\t\tdata-dim=\"minh:0px,none,none,none;\"\n\t\t\t\t\t\t\t\tdata-padding=\"r:25,25,20,12;l:25,25,20,12;\"\n\t\t\t\t\t\t\t\tdata-border=\"bor:25px,25px,25px,25px;\"\n\t\t\t\t\t\t\t\tdata-frame_999=\"o:0;st:w;\"\n\t\t\t\t\t\t\t\tdata-frame_hover=\"bgc:#007aff;bor:25px,25px,25px,25px;bri:120%;\"\n\t\t\t\t\t\t\t\tstyle=\"z-index:11;background-color:#0fbcb4;font-family:'Roboto';\"\n\t\t\t\t\t\t\t>COUDE \n\t\t\t\t\t\t\t<\/a><!--\n\n\t\t\t\t\t\t\t--><a\n\t\t\t\t\t\t\t\tid=\"slider-4-slide-8-layer-14\" \n\t\t\t\t\t\t\t\tclass=\"rs-layer rev-btn\"\n\t\t\t\t\t\t\t\thref=\"https:\/\/avmedical.ma\/categorie-produit\/poignet\/\" target=\"_self\"\n\t\t\t\t\t\t\t\tdata-type=\"button\"\n\t\t\t\t\t\t\t\tdata-rsp_ch=\"on\"\n\t\t\t\t\t\t\t\tdata-xy=\"xo:769px,769px,616px,380px;yo:87px,87px,69px,42px;\"\n\t\t\t\t\t\t\t\tdata-text=\"w:normal;s:14,14,11,6;l:40,40,32,19;fw:500;\"\n\t\t\t\t\t\t\t\tdata-dim=\"minh:0px,none,none,none;\"\n\t\t\t\t\t\t\t\tdata-padding=\"r:25,25,20,12;l:25,25,20,12;\"\n\t\t\t\t\t\t\t\tdata-border=\"bor:25px,25px,25px,25px;\"\n\t\t\t\t\t\t\t\tdata-frame_999=\"o:0;st:w;\"\n\t\t\t\t\t\t\t\tdata-frame_hover=\"bgc:#007aff;bor:25px,25px,25px,25px;bri:120%;\"\n\t\t\t\t\t\t\t\tstyle=\"z-index:10;background-color:#0fbcb4;font-family:'Roboto';\"\n\t\t\t\t\t\t\t>POIGNET \n\t\t\t\t\t\t\t<\/a><!--\n\n\t\t\t\t\t\t\t--><rs-layer\n\t\t\t\t\t\t\t\tid=\"slider-4-slide-8-layer-15\" \n\t\t\t\t\t\t\t\tclass=\"rev-btn\"\n\t\t\t\t\t\t\t\tdata-type=\"button\"\n\t\t\t\t\t\t\t\tdata-rsp_ch=\"on\"\n\t\t\t\t\t\t\t\tdata-xy=\"xo:769px,769px,616px,380px;yo:87px,87px,69px,42px;\"\n\t\t\t\t\t\t\t\tdata-text=\"w:normal;s:14,14,11,6;l:40,40,32,19;fw:500;\"\n\t\t\t\t\t\t\t\tdata-dim=\"minh:0px,none,none,none;\"\n\t\t\t\t\t\t\t\tdata-padding=\"r:25,25,20,12;l:25,25,20,12;\"\n\t\t\t\t\t\t\t\tdata-border=\"bor:25px,25px,25px,25px;\"\n\t\t\t\t\t\t\t\tdata-frame_999=\"o:0;st:w;\"\n\t\t\t\t\t\t\t\tdata-frame_hover=\"bgc:#007aff;bor:25px,25px,25px,25px;bri:120%;\"\n\t\t\t\t\t\t\t\tstyle=\"z-index:9;background-color:#007aff;font-family:'Roboto';\"\n\t\t\t\t\t\t\t>POIGNET \n\t\t\t\t\t\t\t<\/rs-layer><!--\n\n\t\t\t\t\t\t\t--><a\n\t\t\t\t\t\t\t\tid=\"slider-4-slide-8-layer-16\" \n\t\t\t\t\t\t\t\tclass=\"rs-layer rev-btn\"\n\t\t\t\t\t\t\t\thref=\"https:\/\/avmedical.ma\/categorie-produit\/cou\/\" target=\"_self\"\n\t\t\t\t\t\t\t\tdata-type=\"button\"\n\t\t\t\t\t\t\t\tdata-rsp_ch=\"on\"\n\t\t\t\t\t\t\t\tdata-xy=\"xo:792px,792px,635px,391px;yo:14px,14px,11px,6px;\"\n\t\t\t\t\t\t\t\tdata-text=\"w:normal;s:14,14,11,6;l:40,40,32,19;fw:500;\"\n\t\t\t\t\t\t\t\tdata-dim=\"minh:0px,none,none,none;\"\n\t\t\t\t\t\t\t\tdata-padding=\"r:25,25,20,12;l:25,25,20,12;\"\n\t\t\t\t\t\t\t\tdata-border=\"bor:25px,25px,25px,25px;\"\n\t\t\t\t\t\t\t\tdata-frame_999=\"o:0;st:w;\"\n\t\t\t\t\t\t\t\tdata-frame_hover=\"bgc:#007aff;bor:25px,25px,25px,25px;bri:120%;\"\n\t\t\t\t\t\t\t\tstyle=\"z-index:8;background-color:#0fbcb4;font-family:'Roboto';\"\n\t\t\t\t\t\t\t>COU \n\t\t\t\t\t\t\t<\/a><!--\n-->\t\t\t\t\t\t<\/rs-slide>\n\t\t\t\t\t<\/rs-slides>\n\t\t\t\t<\/rs-module>\n\t\t\t\t<script>\n\t\t\t\t\tsetREVStartSize({c: 'rev_slider_4_1',rl:[1240,1024,778,480],el:[580,768,960,720],gw:[970,970,778,480],gh:[580,580,960,290],type:'standard',justify:'',layout:'fullwidth',mh:\"0\"});if (window.RS_MODULES!==undefined && window.RS_MODULES.modules!==undefined && window.RS_MODULES.modules[\"revslider41\"]!==undefined) {window.RS_MODULES.modules[\"revslider41\"].once = false;window.revapi4 = undefined;if (window.RS_MODULES.checkMinimal!==undefined) window.RS_MODULES.checkMinimal()}\n\t\t\t\t<\/script>\n\t\t\t<\/rs-module-wrap>\n\t\t\t<!-- END REVOLUTION SLIDER -->\n<\/div><\/div><\/div><\/div>\n<\/div>","protected":false},"excerpt":{"rendered":"Gamme Orthop\u00e9die \u00c9PAULE BRAS MAIN DOS MAIN JAMBE JAMBE CHEVILLE PIED GENOU ABDOMEN POITRINE COUDE POIGNET POIGNET COU","protected":false},"author":1,"featured_media":0,"parent":0,"menu_order":0,"comment_status":"closed","ping_status":"closed","template":"","meta":{"footnotes":""},"class_list":["post-2200","page","type-page","status-publish","hentry"],"yoast_head":"<!-- This site is optimized with the Yoast SEO plugin v27.2 - https:\/\/yoast.com\/product\/yoast-seo-wordpress\/ -->\n<title>AVMEDICAL Maroc - Orthop\u00e9die<\/title>\n<meta name=\"description\" content=\"AVMEDICAL Maroc, Orthop\u00e9die, Attelle de repos, support de cheville, support de bras , support de poignet, genouill\u00e8re, orth\u00e8se, ceinture dos, ceinture abdominale, kit de traction\" \/>\n<meta name=\"robots\" content=\"index, follow, max-snippet:-1, max-image-preview:large, max-video-preview:-1\" \/>\n<link rel=\"canonical\" href=\"https:\/\/avmedical.ma\/ar\/orthopedie\/\" \/>\n<meta property=\"og:locale\" content=\"ar_AR\" \/>\n<meta property=\"og:type\" content=\"article\" \/>\n<meta property=\"og:title\" content=\"AVMEDICAL Maroc - Orthop\u00e9die\" \/>\n<meta property=\"og:description\" content=\"AVMEDICAL Maroc, Orthop\u00e9die, Attelle de repos, support de cheville, support de bras , support de poignet, genouill\u00e8re, orth\u00e8se, ceinture dos, ceinture abdominale, kit de traction\" \/>\n<meta property=\"og:url\" content=\"https:\/\/avmedical.ma\/ar\/orthopedie\/\" \/>\n<meta property=\"og:site_name\" content=\"AV MEDICAL\" \/>\n<meta property=\"article:modified_time\" content=\"2025-05-08T17:01:56+00:00\" \/>\n<meta name=\"twitter:card\" content=\"summary_large_image\" \/>\n<meta name=\"twitter:label1\" content=\"\u0648\u0642\u062a \u0627\u0644\u0642\u0631\u0627\u0621\u0629 \u0627\u0644\u0645\u064f\u0642\u062f\u0651\u0631\" \/>\n\t<meta name=\"twitter:data1\" content=\"\u062f\u0642\u064a\u0642\u0629 \u0648\u0627\u062d\u062f\u0629\" \/>\n<script type=\"application\/ld+json\" class=\"yoast-schema-graph\">{\"@context\":\"https:\/\/schema.org\",\"@graph\":[{\"@type\":\"WebPage\",\"@id\":\"https:\/\/avmedical.ma\/orthopedie\/\",\"url\":\"https:\/\/avmedical.ma\/orthopedie\/\",\"name\":\"AVMEDICAL Maroc - Orthop\u00e9die\",\"isPartOf\":{\"@id\":\"https:\/\/avmedical.ma\/#website\"},\"datePublished\":\"2024-02-19T17:11:18+00:00\",\"dateModified\":\"2025-05-08T17:01:56+00:00\",\"description\":\"AVMEDICAL Maroc, Orthop\u00e9die, Attelle de repos, support de cheville, support de bras , support de poignet, genouill\u00e8re, orth\u00e8se, ceinture dos, ceinture abdominale, kit de traction\",\"breadcrumb\":{\"@id\":\"https:\/\/avmedical.ma\/orthopedie\/#breadcrumb\"},\"inLanguage\":\"ar\",\"potentialAction\":[{\"@type\":\"ReadAction\",\"target\":[\"https:\/\/avmedical.ma\/orthopedie\/\"]}]},{\"@type\":\"BreadcrumbList\",\"@id\":\"https:\/\/avmedical.ma\/orthopedie\/#breadcrumb\",\"itemListElement\":[{\"@type\":\"ListItem\",\"position\":1,\"name\":\"Accueil\",\"item\":\"https:\/\/avmedical.ma\/\"},{\"@type\":\"ListItem\",\"position\":2,\"name\":\"Orthop\u00e9die\"}]},{\"@type\":\"WebSite\",\"@id\":\"https:\/\/avmedical.ma\/#website\",\"url\":\"https:\/\/avmedical.ma\/\",\"name\":\"AVMEDICAL Maroc\",\"description\":\"\",\"publisher\":{\"@id\":\"https:\/\/avmedical.ma\/#organization\"},\"potentialAction\":[{\"@type\":\"SearchAction\",\"target\":{\"@type\":\"EntryPoint\",\"urlTemplate\":\"https:\/\/avmedical.ma\/?s={search_term_string}\"},\"query-input\":{\"@type\":\"PropertyValueSpecification\",\"valueRequired\":true,\"valueName\":\"search_term_string\"}}],\"inLanguage\":\"ar\"},{\"@type\":\"Organization\",\"@id\":\"https:\/\/avmedical.ma\/#organization\",\"name\":\"AVMEDICAL\",\"url\":\"https:\/\/avmedical.ma\/\",\"logo\":{\"@type\":\"ImageObject\",\"inLanguage\":\"ar\",\"@id\":\"https:\/\/avmedical.ma\/#\/schema\/logo\/image\/\",\"url\":\"https:\/\/avmedical.ma\/wp-content\/uploads\/2024\/02\/logo_avmedical_new.png\",\"contentUrl\":\"https:\/\/avmedical.ma\/wp-content\/uploads\/2024\/02\/logo_avmedical_new.png\",\"width\":420,\"height\":95,\"caption\":\"AVMEDICAL\"},\"image\":{\"@id\":\"https:\/\/avmedical.ma\/#\/schema\/logo\/image\/\"}}]}<\/script>\n<!-- \/ Yoast SEO plugin. -->","yoast_head_json":{"title":"AVMEDICAL Maroc - Orthop\u00e9die","description":"AVMEDICAL Maroc, Orthop\u00e9die, Attelle de repos, support de cheville, support de bras , support de poignet, genouill\u00e8re, orth\u00e8se, ceinture dos, ceinture abdominale, kit de traction","robots":{"index":"index","follow":"follow","max-snippet":"max-snippet:-1","max-image-preview":"max-image-preview:large","max-video-preview":"max-video-preview:-1"},"canonical":"https:\/\/avmedical.ma\/ar\/orthopedie\/","og_locale":"ar_AR","og_type":"article","og_title":"AVMEDICAL Maroc - Orthop\u00e9die","og_description":"AVMEDICAL Maroc, Orthop\u00e9die, Attelle de repos, support de cheville, support de bras , support de poignet, genouill\u00e8re, orth\u00e8se, ceinture dos, ceinture abdominale, kit de traction","og_url":"https:\/\/avmedical.ma\/ar\/orthopedie\/","og_site_name":"AV MEDICAL","article_modified_time":"2025-05-08T17:01:56+00:00","twitter_card":"summary_large_image","twitter_misc":{"\u0648\u0642\u062a \u0627\u0644\u0642\u0631\u0627\u0621\u0629 \u0627\u0644\u0645\u064f\u0642\u062f\u0651\u0631":"\u062f\u0642\u064a\u0642\u0629 \u0648\u0627\u062d\u062f\u0629"},"schema":{"@context":"https:\/\/schema.org","@graph":[{"@type":"WebPage","@id":"https:\/\/avmedical.ma\/orthopedie\/","url":"https:\/\/avmedical.ma\/orthopedie\/","name":"AVMEDICAL Maroc - Orthop\u00e9die","isPartOf":{"@id":"https:\/\/avmedical.ma\/#website"},"datePublished":"2024-02-19T17:11:18+00:00","dateModified":"2025-05-08T17:01:56+00:00","description":"AVMEDICAL Maroc, Orthop\u00e9die, Attelle de repos, support de cheville, support de bras , support de poignet, genouill\u00e8re, orth\u00e8se, ceinture dos, ceinture abdominale, kit de traction","breadcrumb":{"@id":"https:\/\/avmedical.ma\/orthopedie\/#breadcrumb"},"inLanguage":"ar","potentialAction":[{"@type":"ReadAction","target":["https:\/\/avmedical.ma\/orthopedie\/"]}]},{"@type":"BreadcrumbList","@id":"https:\/\/avmedical.ma\/orthopedie\/#breadcrumb","itemListElement":[{"@type":"ListItem","position":1,"name":"Accueil","item":"https:\/\/avmedical.ma\/"},{"@type":"ListItem","position":2,"name":"Orthop\u00e9die"}]},{"@type":"WebSite","@id":"https:\/\/avmedical.ma\/#website","url":"https:\/\/avmedical.ma\/","name":"AVMEDICAL Maroc","description":"","publisher":{"@id":"https:\/\/avmedical.ma\/#organization"},"potentialAction":[{"@type":"SearchAction","target":{"@type":"EntryPoint","urlTemplate":"https:\/\/avmedical.ma\/?s={search_term_string}"},"query-input":{"@type":"PropertyValueSpecification","valueRequired":true,"valueName":"search_term_string"}}],"inLanguage":"ar"},{"@type":"Organization","@id":"https:\/\/avmedical.ma\/#organization","name":"AVMEDICAL","url":"https:\/\/avmedical.ma\/","logo":{"@type":"ImageObject","inLanguage":"ar","@id":"https:\/\/avmedical.ma\/#\/schema\/logo\/image\/","url":"https:\/\/avmedical.ma\/wp-content\/uploads\/2024\/02\/logo_avmedical_new.png","contentUrl":"https:\/\/avmedical.ma\/wp-content\/uploads\/2024\/02\/logo_avmedical_new.png","width":420,"height":95,"caption":"AVMEDICAL"},"image":{"@id":"https:\/\/avmedical.ma\/#\/schema\/logo\/image\/"}}]}},"_links":{"self":[{"href":"https:\/\/avmedical.ma\/ar\/wp-json\/wp\/v2\/pages\/2200","targetHints":{"allow":["GET"]}}],"collection":[{"href":"https:\/\/avmedical.ma\/ar\/wp-json\/wp\/v2\/pages"}],"about":[{"href":"https:\/\/avmedical.ma\/ar\/wp-json\/wp\/v2\/types\/page"}],"author":[{"embeddable":true,"href":"https:\/\/avmedical.ma\/ar\/wp-json\/wp\/v2\/users\/1"}],"replies":[{"embeddable":true,"href":"https:\/\/avmedical.ma\/ar\/wp-json\/wp\/v2\/comments?post=2200"}],"version-history":[{"count":9,"href":"https:\/\/avmedical.ma\/ar\/wp-json\/wp\/v2\/pages\/2200\/revisions"}],"predecessor-version":[{"id":2607,"href":"https:\/\/avmedical.ma\/ar\/wp-json\/wp\/v2\/pages\/2200\/revisions\/2607"}],"wp:attachment":[{"href":"https:\/\/avmedical.ma\/ar\/wp-json\/wp\/v2\/media?parent=2200"}],"curies":[{"name":"wp","href":"https:\/\/api.w.org\/{rel}","templated":true}]}}