{"id":18,"date":"2017-06-10T08:25:52","date_gmt":"2017-06-10T08:25:52","guid":{"rendered":"http:\/\/xtratheme.com\/business\/?page_id=10"},"modified":"2024-02-27T14:35:24","modified_gmt":"2024-02-27T13:35:24","slug":"contact","status":"publish","type":"page","link":"https:\/\/avmedical.ma\/ar\/contact\/","title":{"rendered":"Contact"},"content":{"rendered":"<div class=\"wpb-content-wrapper\"><div class=\"vc_row wpb_row vc_row-fluid vc_custom_1683202178617\"><div class=\"wpb_column vc_column_container vc_col-sm-1\/5 vc_col-md-4\"><div class=\"vc_column-inner\"><div class=\"wpb_wrapper\"><div id=\"cz_83560\" class=\"cz_83560 cz_title clr cz_mobile_text_center cz_title_has_icon cz_title_pos_block tac\"><a href=\"mailto:support@yoursite.com\"><div class=\"cz_title_content\"><i class=\"cz_title_icon_before fa fa-envelope\"><\/i><div class=\"cz_wpe_content\"><h4 style=\"text-align: center;\"><span style=\"font-size: 24px;\">E-mail<\/span><\/h4>\n<p style=\"text-align: center;\"><span style=\"color: #666666;\">contact@avmedical.ma<\/span><\/p>\n<\/div><\/div><\/a><\/div><div class=\"cz_gap clr  hide_on_tablet hide_on_mobile\" style=\"height: 65px\"><\/div><div class=\"cz_gap show_on_tablet clr\" style=\"height: 25px\"><\/div><\/div><\/div><\/div><div class=\"wpb_column vc_column_container vc_col-sm-1\/5 vc_col-md-4\"><div class=\"vc_column-inner\"><div class=\"wpb_wrapper\"><div id=\"cz_38273\" class=\"cz_38273 cz_title clr cz_mobile_text_center cz_title_has_icon cz_title_pos_block tac\"><a href=\"tel:0018183334455\"><div class=\"cz_title_content\"><i class=\"cz_title_icon_before fa fa-volume-control-phone\"><\/i><div class=\"cz_wpe_content\"><h4 style=\"text-align: center;\"><span style=\"font-size: 24px;\">T\u00e9l\u00e9phone<\/span><\/h4>\n<p style=\"text-align: center;\">05 35 60 68 53<\/p>\n<\/div><\/div><\/a><\/div><div class=\"cz_gap clr  hide_on_tablet hide_on_mobile\" style=\"height: 65px\"><\/div><div class=\"cz_gap show_on_tablet clr\" style=\"height: 25px\"><\/div><\/div><\/div><\/div><div class=\"wpb_column vc_column_container vc_col-sm-1\/5 vc_col-md-4\"><div class=\"vc_column-inner\"><div class=\"wpb_wrapper\"><div id=\"cz_37923\" class=\"cz_37923 cz_title clr cz_mobile_text_center cz_title_has_icon cz_title_pos_block tac\"><div class=\"cz_title_content\"><i class=\"cz_title_icon_before fa fa-map-marker\"><\/i><div class=\"cz_wpe_content\"><h4 style=\"text-align: center;\"><span style=\"font-size: 24px;\">Adresse<\/span><\/h4>\n<p style=\"text-align: center;\">63, zone industrielle Ain Chkef, F\u00e8s -Maroc &#8211;<\/p>\n<\/div><\/div><\/div><div class=\"cz_gap clr\" style=\"height: 65px\"><\/div><\/div><\/div><\/div><\/div><div class=\"vc_row wpb_row vc_row-fluid vc_row-o-content-middle vc_row-flex\"><div class=\"wpb_column vc_column_container vc_col-sm-12 vc_col-md-8\"><div class=\"vc_column-inner\"><div class=\"wpb_wrapper\"><div class=\"cz_eqh cz_content_box_parent_fx\"><div id=\"cz_61002\" class=\"cz_61002 cz_content_box clr\"><div class=\"cz_box_front clr\"><div class=\"cz_box_front_inner clr\"><span><\/span><div><div id=\"cz_48333\" class=\"cz_48333 cz_title clr cz_mobile_text_center cz_title_pos_inline\"><div class=\"cz_title_content\"><div class=\"cz_wpe_content\"><h3><span style=\"color: #ffffff;\"><span class=\"cz_highlight_1\" style=\"color: #0cddda;\">Contactez<\/span> Nous !\u00a0<\/span><\/h3>\n<\/div><\/div><\/div><div class=\"cz_gap clr\" style=\"height: 40px\"><\/div><div id=\"cz_44986\" class=\"cz_44986 cz_cf7 clr\"><div>\n<div class=\"wpcf7 no-js\" id=\"wpcf7-f10-o1\" lang=\"fr-FR\" dir=\"ltr\" data-wpcf7-id=\"10\">\n<div class=\"screen-reader-response\"><p role=\"status\" aria-live=\"polite\" aria-atomic=\"true\"><\/p> <ul><\/ul><\/div>\n<form action=\"\/ar\/wp-json\/wp\/v2\/pages\/18#wpcf7-f10-o1\" method=\"post\" class=\"wpcf7-form init\" aria-label=\"Formulaire de contact\" novalidate=\"novalidate\" data-status=\"init\" data-trp-original-action=\"\/ar\/wp-json\/wp\/v2\/pages\/18#wpcf7-f10-o1\">\n<fieldset class=\"hidden-fields-container\"><input type=\"hidden\" name=\"_wpcf7\" value=\"10\" \/><input type=\"hidden\" name=\"_wpcf7_version\" value=\"6.1.5\" \/><input type=\"hidden\" name=\"_wpcf7_locale\" value=\"fr_FR\" \/><input type=\"hidden\" name=\"_wpcf7_unit_tag\" value=\"wpcf7-f10-o1\" \/><input type=\"hidden\" name=\"_wpcf7_container_post\" value=\"0\" \/><input type=\"hidden\" name=\"_wpcf7_posted_data_hash\" value=\"\" \/>\n<\/fieldset>\n<p><label> Votre nom<br \/>\n<span class=\"wpcf7-form-control-wrap\" data-name=\"your-name\"><input size=\"40\" maxlength=\"400\" class=\"wpcf7-form-control wpcf7-text wpcf7-validates-as-required\" autocomplete=\"name\" aria-required=\"true\" aria-invalid=\"false\" value=\"\" type=\"text\" name=\"your-name\" \/><\/span> <\/label>\n<\/p>\n<p><label> Votre e-mail<br \/>\n<span class=\"wpcf7-form-control-wrap\" data-name=\"your-email\"><input size=\"40\" maxlength=\"400\" class=\"wpcf7-form-control wpcf7-email wpcf7-validates-as-required wpcf7-text wpcf7-validates-as-email\" autocomplete=\"email\" aria-required=\"true\" aria-invalid=\"false\" value=\"\" type=\"email\" name=\"your-email\" \/><\/span> <\/label>\n<\/p>\n<p><label> Objet<br \/>\n<span class=\"wpcf7-form-control-wrap\" data-name=\"your-subject\"><input size=\"40\" maxlength=\"400\" class=\"wpcf7-form-control wpcf7-text wpcf7-validates-as-required\" aria-required=\"true\" aria-invalid=\"false\" value=\"\" type=\"text\" name=\"your-subject\" \/><\/span> <\/label>\n<\/p>\n<p><label> Votre message (facultatif)<br \/>\n<span class=\"wpcf7-form-control-wrap\" data-name=\"your-message\"><textarea cols=\"40\" rows=\"10\" maxlength=\"2000\" class=\"wpcf7-form-control wpcf7-textarea\" aria-invalid=\"false\" name=\"your-message\"><\/textarea><\/span> <\/label>\n<\/p>\n<p><input class=\"wpcf7-form-control wpcf7-submit has-spinner\" type=\"submit\" value=\"Envoyer\" \/>\n<\/p><div class=\"wpcf7-response-output\" aria-hidden=\"true\"><\/div>\n<input type=\"hidden\" name=\"trp-form-language\" value=\"ar\"\/><\/form>\n<\/div>\n<\/div><\/div><\/div><\/div><\/div><\/div><\/div><\/div><\/div><\/div><div class=\"wpb_column vc_column_container vc_col-sm-12 vc_col-md-4\"><div class=\"vc_column-inner\"><div class=\"wpb_wrapper\"><div class=\"cz_gap clr\" style=\"height: 20px\"><\/div>\n\t<div class=\"wpb_text_column wpb_content_element\" >\n\t\t<div class=\"wpb_wrapper\">\n\t\t\t<p><iframe style=\"border: 0;\" src=\"https:\/\/www.google.com\/maps\/embed?pb=!1m18!1m12!1m3!1d26465.160171409003!2d-5.0741857256835985!3d33.988808600000006!2m3!1f0!2f0!3f0!3m2!1i1024!2i768!4f13.1!3m3!1m2!1s0xd9f8bbd80130a75%3A0x32554c996292c1ea!2sAV%20MEDICAL%20Si%C3%A8ge!5e0!3m2!1sfr!2sma!4v1708471322832!5m2!1sfr!2sma\" width=\"500\" height=\"620\" allowfullscreen=\"allowfullscreen\"><\/iframe><\/p>\n\n\t\t<\/div>\n\t<\/div>\n<\/div><\/div><\/div><\/div>\n<\/div>","protected":false},"excerpt":{"rendered":"E-mail contact@avmedical.ma T\u00e9l\u00e9phone 05 35 60 68 53 Adresse 63, zone industrielle Ain Chkef, F\u00e8s -Maroc - Contactez Nous !\u00a0","protected":false},"author":1,"featured_media":0,"parent":0,"menu_order":0,"comment_status":"closed","ping_status":"closed","template":"","meta":{"footnotes":""},"class_list":["post-18","page","type-page","status-publish","hentry"],"yoast_head":"<!-- This site is optimized with the Yoast SEO plugin v27.2 - https:\/\/yoast.com\/product\/yoast-seo-wordpress\/ -->\n<title>AVMEDICAL Maroc - Contact<\/title>\n<meta name=\"description\" content=\"AVMEDICAL Maroc : 63, Zone Industrielle Ain Chkef, F\u00e8s. T\u00e9l\u00e9phone : 05 35 60 68 53, E-mail : contact@avmedical.ma\" \/>\n<meta name=\"robots\" content=\"index, follow, max-snippet:-1, max-image-preview:large, max-video-preview:-1\" \/>\n<link rel=\"canonical\" href=\"https:\/\/avmedical.ma\/ar\/contact\/\" \/>\n<meta property=\"og:locale\" content=\"ar_AR\" \/>\n<meta property=\"og:type\" content=\"article\" \/>\n<meta property=\"og:title\" content=\"AVMEDICAL Maroc - Contact\" \/>\n<meta property=\"og:description\" content=\"AVMEDICAL Maroc : 63, Zone Industrielle Ain Chkef, F\u00e8s. T\u00e9l\u00e9phone : 05 35 60 68 53, E-mail : contact@avmedical.ma\" \/>\n<meta property=\"og:url\" content=\"https:\/\/avmedical.ma\/ar\/contact\/\" \/>\n<meta property=\"og:site_name\" content=\"AV MEDICAL\" \/>\n<meta property=\"article:modified_time\" content=\"2024-02-27T13:35:24+00:00\" \/>\n<meta name=\"twitter:card\" content=\"summary_large_image\" \/>\n<meta name=\"twitter:label1\" content=\"\u0648\u0642\u062a \u0627\u0644\u0642\u0631\u0627\u0621\u0629 \u0627\u0644\u0645\u064f\u0642\u062f\u0651\u0631\" \/>\n\t<meta name=\"twitter:data1\" content=\"\u062f\u0642\u064a\u0642\u0629 \u0648\u0627\u062d\u062f\u0629\" \/>\n<script type=\"application\/ld+json\" class=\"yoast-schema-graph\">{\"@context\":\"https:\/\/schema.org\",\"@graph\":[{\"@type\":\"WebPage\",\"@id\":\"https:\/\/avmedical.ma\/contact\/\",\"url\":\"https:\/\/avmedical.ma\/contact\/\",\"name\":\"AVMEDICAL Maroc - Contact\",\"isPartOf\":{\"@id\":\"https:\/\/avmedical.ma\/#website\"},\"datePublished\":\"2017-06-10T08:25:52+00:00\",\"dateModified\":\"2024-02-27T13:35:24+00:00\",\"description\":\"AVMEDICAL Maroc : 63, Zone Industrielle Ain Chkef, F\u00e8s. T\u00e9l\u00e9phone : 05 35 60 68 53, E-mail : contact@avmedical.ma\",\"breadcrumb\":{\"@id\":\"https:\/\/avmedical.ma\/contact\/#breadcrumb\"},\"inLanguage\":\"ar\",\"potentialAction\":[{\"@type\":\"ReadAction\",\"target\":[\"https:\/\/avmedical.ma\/contact\/\"]}]},{\"@type\":\"BreadcrumbList\",\"@id\":\"https:\/\/avmedical.ma\/contact\/#breadcrumb\",\"itemListElement\":[{\"@type\":\"ListItem\",\"position\":1,\"name\":\"Accueil\",\"item\":\"https:\/\/avmedical.ma\/\"},{\"@type\":\"ListItem\",\"position\":2,\"name\":\"Contact\"}]},{\"@type\":\"WebSite\",\"@id\":\"https:\/\/avmedical.ma\/#website\",\"url\":\"https:\/\/avmedical.ma\/\",\"name\":\"AVMEDICAL Maroc\",\"description\":\"\",\"publisher\":{\"@id\":\"https:\/\/avmedical.ma\/#organization\"},\"potentialAction\":[{\"@type\":\"SearchAction\",\"target\":{\"@type\":\"EntryPoint\",\"urlTemplate\":\"https:\/\/avmedical.ma\/?s={search_term_string}\"},\"query-input\":{\"@type\":\"PropertyValueSpecification\",\"valueRequired\":true,\"valueName\":\"search_term_string\"}}],\"inLanguage\":\"ar\"},{\"@type\":\"Organization\",\"@id\":\"https:\/\/avmedical.ma\/#organization\",\"name\":\"AVMEDICAL\",\"url\":\"https:\/\/avmedical.ma\/\",\"logo\":{\"@type\":\"ImageObject\",\"inLanguage\":\"ar\",\"@id\":\"https:\/\/avmedical.ma\/#\/schema\/logo\/image\/\",\"url\":\"https:\/\/avmedical.ma\/wp-content\/uploads\/2024\/02\/logo_avmedical_new.png\",\"contentUrl\":\"https:\/\/avmedical.ma\/wp-content\/uploads\/2024\/02\/logo_avmedical_new.png\",\"width\":420,\"height\":95,\"caption\":\"AVMEDICAL\"},\"image\":{\"@id\":\"https:\/\/avmedical.ma\/#\/schema\/logo\/image\/\"}}]}<\/script>\n<!-- \/ Yoast SEO plugin. -->","yoast_head_json":{"title":"AVMEDICAL Maroc - Contact","description":"AVMEDICAL Maroc : 63, Zone Industrielle Ain Chkef, F\u00e8s. T\u00e9l\u00e9phone : 05 35 60 68 53, E-mail : contact@avmedical.ma","robots":{"index":"index","follow":"follow","max-snippet":"max-snippet:-1","max-image-preview":"max-image-preview:large","max-video-preview":"max-video-preview:-1"},"canonical":"https:\/\/avmedical.ma\/ar\/contact\/","og_locale":"ar_AR","og_type":"article","og_title":"AVMEDICAL Maroc - Contact","og_description":"AVMEDICAL Maroc : 63, Zone Industrielle Ain Chkef, F\u00e8s. T\u00e9l\u00e9phone : 05 35 60 68 53, E-mail : contact@avmedical.ma","og_url":"https:\/\/avmedical.ma\/ar\/contact\/","og_site_name":"AV MEDICAL","article_modified_time":"2024-02-27T13:35:24+00:00","twitter_card":"summary_large_image","twitter_misc":{"\u0648\u0642\u062a \u0627\u0644\u0642\u0631\u0627\u0621\u0629 \u0627\u0644\u0645\u064f\u0642\u062f\u0651\u0631":"\u062f\u0642\u064a\u0642\u0629 \u0648\u0627\u062d\u062f\u0629"},"schema":{"@context":"https:\/\/schema.org","@graph":[{"@type":"WebPage","@id":"https:\/\/avmedical.ma\/contact\/","url":"https:\/\/avmedical.ma\/contact\/","name":"AVMEDICAL Maroc - Contact","isPartOf":{"@id":"https:\/\/avmedical.ma\/#website"},"datePublished":"2017-06-10T08:25:52+00:00","dateModified":"2024-02-27T13:35:24+00:00","description":"AVMEDICAL Maroc : 63, Zone Industrielle Ain Chkef, F\u00e8s. T\u00e9l\u00e9phone : 05 35 60 68 53, E-mail : contact@avmedical.ma","breadcrumb":{"@id":"https:\/\/avmedical.ma\/contact\/#breadcrumb"},"inLanguage":"ar","potentialAction":[{"@type":"ReadAction","target":["https:\/\/avmedical.ma\/contact\/"]}]},{"@type":"BreadcrumbList","@id":"https:\/\/avmedical.ma\/contact\/#breadcrumb","itemListElement":[{"@type":"ListItem","position":1,"name":"Accueil","item":"https:\/\/avmedical.ma\/"},{"@type":"ListItem","position":2,"name":"Contact"}]},{"@type":"WebSite","@id":"https:\/\/avmedical.ma\/#website","url":"https:\/\/avmedical.ma\/","name":"AVMEDICAL Maroc","description":"","publisher":{"@id":"https:\/\/avmedical.ma\/#organization"},"potentialAction":[{"@type":"SearchAction","target":{"@type":"EntryPoint","urlTemplate":"https:\/\/avmedical.ma\/?s={search_term_string}"},"query-input":{"@type":"PropertyValueSpecification","valueRequired":true,"valueName":"search_term_string"}}],"inLanguage":"ar"},{"@type":"Organization","@id":"https:\/\/avmedical.ma\/#organization","name":"AVMEDICAL","url":"https:\/\/avmedical.ma\/","logo":{"@type":"ImageObject","inLanguage":"ar","@id":"https:\/\/avmedical.ma\/#\/schema\/logo\/image\/","url":"https:\/\/avmedical.ma\/wp-content\/uploads\/2024\/02\/logo_avmedical_new.png","contentUrl":"https:\/\/avmedical.ma\/wp-content\/uploads\/2024\/02\/logo_avmedical_new.png","width":420,"height":95,"caption":"AVMEDICAL"},"image":{"@id":"https:\/\/avmedical.ma\/#\/schema\/logo\/image\/"}}]}},"_links":{"self":[{"href":"https:\/\/avmedical.ma\/ar\/wp-json\/wp\/v2\/pages\/18","targetHints":{"allow":["GET"]}}],"collection":[{"href":"https:\/\/avmedical.ma\/ar\/wp-json\/wp\/v2\/pages"}],"about":[{"href":"https:\/\/avmedical.ma\/ar\/wp-json\/wp\/v2\/types\/page"}],"author":[{"embeddable":true,"href":"https:\/\/avmedical.ma\/ar\/wp-json\/wp\/v2\/users\/1"}],"replies":[{"embeddable":true,"href":"https:\/\/avmedical.ma\/ar\/wp-json\/wp\/v2\/comments?post=18"}],"version-history":[{"count":4,"href":"https:\/\/avmedical.ma\/ar\/wp-json\/wp\/v2\/pages\/18\/revisions"}],"predecessor-version":[{"id":2595,"href":"https:\/\/avmedical.ma\/ar\/wp-json\/wp\/v2\/pages\/18\/revisions\/2595"}],"wp:attachment":[{"href":"https:\/\/avmedical.ma\/ar\/wp-json\/wp\/v2\/media?parent=18"}],"curies":[{"name":"wp","href":"https:\/\/api.w.org\/{rel}","templated":true}]}}