{"id":17,"date":"2017-06-10T08:21:56","date_gmt":"2017-06-10T08:21:56","guid":{"rendered":"http:\/\/xtratheme.com\/business\/?page_id=4"},"modified":"2025-05-08T18:54:33","modified_gmt":"2025-05-08T16:54:33","slug":"a-propos","status":"publish","type":"page","link":"https:\/\/avmedical.ma\/ar\/a-propos\/","title":{"rendered":"A Propos"},"content":{"rendered":"<div class=\"wpb-content-wrapper\"><div class=\"vc_row wpb_row vc_row-fluid\"><div class=\"wpb_column vc_column_container vc_col-sm-12\"><div class=\"vc_column-inner\"><div class=\"wpb_wrapper\"><div class=\"cz_gap clr  hide_on_tablet hide_on_mobile\" style=\"height: 80px\"><\/div><div class=\"cz_gap show_on_tablet clr\" style=\"height: 60px\"><\/div><\/div><\/div><\/div><\/div><div class=\"vc_row wpb_row vc_row-fluid z2 vc_custom_1683202601504 vc_row-has-fill\"><div class=\"wpb_column vc_column_container vc_col-sm-12 vc_col-md-6\"><div class=\"vc_column-inner\"><div class=\"wpb_wrapper\"><div id=\"cz_84685\" class=\"cz_84685 cz_image clr cz_image_no_fx center_on_mobile\"><div class=\"\" ><div class=\"cz_image_in\" data-tilt><div class=\"cz_main_image\"><img decoding=\"async\" class=\"\" src=\"data:image\/svg+xml,%3Csvg%20xmlns%3D&#39;http%3A%2F%2Fwww.w3.org%2F2000%2Fsvg&#39;%20width=&#39;780&#39;%20height=&#39;664&#39;%20viewBox%3D&#39;0%200%20780%20664&#39;%2F%3E\" data-czlz data-src=\"https:\/\/avmedical.ma\/wp-content\/uploads\/2024\/02\/avmedical-780x664.jpeg\" width=\"780\" height=\"664\" alt=\"avmedical\" title=\"avmedical\" loading=\"lazy\" \/><\/div><\/div><div class=\"cz_image_caption mt10\"><strong>Leader au Maroc du mat\u00e9riel m\u00e9dical, avec plus de 15 ans d\u2019exp\u00e9rience.<\/strong><\/div><\/div><\/div><\/div><\/div><\/div><div class=\"wpb_column vc_column_container vc_col-sm-12 vc_col-md-6\"><div class=\"vc_column-inner\"><div class=\"wpb_wrapper\"><div class=\"cz_gap clr\" style=\"height: 25px\"><\/div><div id=\"cz_45424\" class=\"cz_45424 cz_title clr cz_smart_fs cz_mobile_text_center cz_title_pos_inline\"><div class=\"cz_title_content\"><div class=\"cz_wpe_content\"><h3><span style=\"font-size: 36px;\">A Propos de <span class=\"cz_highlight_1\" style=\"color: #0d9492;\">AVMEDICAL<\/span><\/span><\/h3>\n<\/div><\/div><\/div><div id=\"cz_97949\" class=\"cz_97949 cz_title clr cz_mobile_text_center cz_title_pos_inline\"><div class=\"cz_title_content\"><div class=\"cz_wpe_content\"><p align=\"justify\"><span style=\"color: #333333;\">Avec pr\u00e8s de 15 ann\u00e9es d\u2019exp\u00e9rience <strong>AV MEDICAL<\/strong> est devenu la r\u00e9f\u00e9rence au Maroc du mat\u00e9riel m\u00e9dical Principalement en orthop\u00e9die, ophtalmologie et appareils auto-dignostics&#8230;<\/span><\/p>\n<p align=\"justify\"><span style=\"color: #333333;\"><strong>AV MEDICAL<\/strong> dispose d\u2019une grande notori\u00e9t\u00e9 refl\u00e9tant l\u2019image de marque de la qualit\u00e9 des produits distribu\u00e9s sur tout son r\u00e9seau de points de vente et aupr\u00e8s de tous ses revendeurs agr\u00e9\u00e9s.<\/span><\/p>\n<p align=\"justify\"><span style=\"color: #333333;\"><strong>AV MEDICAL<\/strong> met \u00e0 votre disposition un personnel bien form\u00e9 aux produits m\u00e9dicaux et notamment \u00e0 la d\u00e9livrance de produits sp\u00e9cifiques n\u00e9cessitant du conseil comme l\u2019orthop\u00e9die ou le maintien \u00e0 domicile ou l\u2019aide \u00e0 la mobilit\u00e9.<\/span><\/p>\n<\/div><\/div><\/div><div class=\"cz_gap clr\" style=\"height: 25px\"><\/div><ul id=\"cz_21961\" class=\"cz_21961 cz_stylish_list clr cz_sl_icon_hover_zoom_out_fade\"><li class=\"clr\"><div class=\"cz_sl_icon\"><i class=\"fa czico-104-tick mr10\" ><\/i><\/div><div><span>Orthop\u00e9die<\/span><\/div><\/li><li class=\"clr\"><div class=\"cz_sl_icon\"><i class=\"fa czico-104-tick mr10\" ><\/i><\/div><div><span>Auto-diagnostic<\/span><\/div><\/li><li class=\"clr\"><div class=\"cz_sl_icon\"><i class=\"fa czico-104-tick mr10\" ><\/i><\/div><div><span>Aide \u00e0 la mobilit\u00e9<\/span><\/div><\/li><li class=\"clr\"><div class=\"cz_sl_icon\"><i class=\"fa czico-104-tick mr10\" ><\/i><\/div><div><span>Ophtalmologie<\/span><\/div><\/li><li class=\"clr\"><div class=\"cz_sl_icon\"><i class=\"fa czico-104-tick mr10\" ><\/i><\/div><div><span>Colostomie<\/span><\/div><\/li><li class=\"clr\"><div class=\"cz_sl_icon\"><i class=\"fa czico-104-tick mr10\" ><\/i><\/div><div><span>Chirurgie G\u00e9n\u00e9rale<\/span><\/div><\/li><li class=\"clr\"><div class=\"cz_sl_icon\"><i class=\"fa czico-104-tick mr10\" ><\/i><\/div><div><span>Concentrateur O2<\/span><\/div><\/li><li class=\"clr\"><div class=\"cz_sl_icon\"><i class=\"fa czico-104-tick mr10\" ><\/i><\/div><div><span>N\u00e9buliseur<\/span><\/div><\/li><li class=\"clr\"><div class=\"cz_sl_icon\"><i class=\"fa czico-104-tick mr10\" ><\/i><\/div><div><span>St\u00e9rilisation<\/span><\/div><\/li><li class=\"clr\"><div class=\"cz_sl_icon\"><i class=\"fa czico-104-tick mr10\" ><\/i><\/div><div><span>Valve de d\u00e9rivation<\/span><\/div><\/li><\/ul><\/div><\/div><\/div><\/div>\n<\/div>","protected":false},"excerpt":{"rendered":"Leader au Maroc du mat\u00e9riel m\u00e9dical, avec plus de 15 ans d\u2019exp\u00e9rience.A Propos de AVMEDICAL Avec pr\u00e8s de 15 ann\u00e9es","protected":false},"author":1,"featured_media":0,"parent":0,"menu_order":0,"comment_status":"closed","ping_status":"closed","template":"","meta":{"footnotes":""},"class_list":["post-17","page","type-page","status-publish","hentry"],"yoast_head":"<!-- This site is optimized with the Yoast SEO plugin v27.2 - https:\/\/yoast.com\/product\/yoast-seo-wordpress\/ -->\n<title>AVMEDICAL Maroc - Mobilier M\u00e9dical - orthop\u00e9die - ophtalmologie<\/title>\n<meta name=\"description\" content=\"AVMEDICAL Maroc, Mobilier M\u00e9dical, orthop\u00e9die, aide \u00e0 la mobilit\u00e9, ophtalmologie, diagnostique m\u00e9dical et mat\u00e9riel chirurgical.\" \/>\n<meta name=\"robots\" content=\"index, follow, max-snippet:-1, max-image-preview:large, max-video-preview:-1\" \/>\n<link rel=\"canonical\" href=\"https:\/\/avmedical.ma\/ar\/a-propos\/\" \/>\n<meta property=\"og:locale\" content=\"ar_AR\" \/>\n<meta property=\"og:type\" content=\"article\" \/>\n<meta property=\"og:title\" content=\"AVMEDICAL Maroc - Mobilier M\u00e9dical - orthop\u00e9die - ophtalmologie\" \/>\n<meta property=\"og:description\" content=\"AVMEDICAL Maroc, Mobilier M\u00e9dical, orthop\u00e9die, aide \u00e0 la mobilit\u00e9, ophtalmologie, diagnostique m\u00e9dical et mat\u00e9riel chirurgical.\" \/>\n<meta property=\"og:url\" content=\"https:\/\/avmedical.ma\/ar\/a-propos\/\" \/>\n<meta property=\"og:site_name\" content=\"AV MEDICAL\" \/>\n<meta property=\"article:modified_time\" content=\"2025-05-08T16:54:33+00:00\" \/>\n<meta name=\"twitter:card\" content=\"summary_large_image\" \/>\n<meta name=\"twitter:label1\" content=\"\u0648\u0642\u062a \u0627\u0644\u0642\u0631\u0627\u0621\u0629 \u0627\u0644\u0645\u064f\u0642\u062f\u0651\u0631\" \/>\n\t<meta name=\"twitter:data1\" content=\"\u062f\u0642\u064a\u0642\u0629 \u0648\u0627\u062d\u062f\u0629\" \/>\n<script type=\"application\/ld+json\" class=\"yoast-schema-graph\">{\"@context\":\"https:\/\/schema.org\",\"@graph\":[{\"@type\":\"WebPage\",\"@id\":\"https:\/\/avmedical.ma\/a-propos\/\",\"url\":\"https:\/\/avmedical.ma\/a-propos\/\",\"name\":\"AVMEDICAL Maroc - Mobilier M\u00e9dical - orthop\u00e9die - ophtalmologie\",\"isPartOf\":{\"@id\":\"https:\/\/avmedical.ma\/#website\"},\"datePublished\":\"2017-06-10T08:21:56+00:00\",\"dateModified\":\"2025-05-08T16:54:33+00:00\",\"description\":\"AVMEDICAL Maroc, Mobilier M\u00e9dical, orthop\u00e9die, aide \u00e0 la mobilit\u00e9, ophtalmologie, diagnostique m\u00e9dical et mat\u00e9riel chirurgical.\",\"breadcrumb\":{\"@id\":\"https:\/\/avmedical.ma\/a-propos\/#breadcrumb\"},\"inLanguage\":\"ar\",\"potentialAction\":[{\"@type\":\"ReadAction\",\"target\":[\"https:\/\/avmedical.ma\/a-propos\/\"]}]},{\"@type\":\"BreadcrumbList\",\"@id\":\"https:\/\/avmedical.ma\/a-propos\/#breadcrumb\",\"itemListElement\":[{\"@type\":\"ListItem\",\"position\":1,\"name\":\"Accueil\",\"item\":\"https:\/\/avmedical.ma\/\"},{\"@type\":\"ListItem\",\"position\":2,\"name\":\"A Propos\"}]},{\"@type\":\"WebSite\",\"@id\":\"https:\/\/avmedical.ma\/#website\",\"url\":\"https:\/\/avmedical.ma\/\",\"name\":\"AVMEDICAL Maroc\",\"description\":\"\",\"publisher\":{\"@id\":\"https:\/\/avmedical.ma\/#organization\"},\"potentialAction\":[{\"@type\":\"SearchAction\",\"target\":{\"@type\":\"EntryPoint\",\"urlTemplate\":\"https:\/\/avmedical.ma\/?s={search_term_string}\"},\"query-input\":{\"@type\":\"PropertyValueSpecification\",\"valueRequired\":true,\"valueName\":\"search_term_string\"}}],\"inLanguage\":\"ar\"},{\"@type\":\"Organization\",\"@id\":\"https:\/\/avmedical.ma\/#organization\",\"name\":\"AVMEDICAL\",\"url\":\"https:\/\/avmedical.ma\/\",\"logo\":{\"@type\":\"ImageObject\",\"inLanguage\":\"ar\",\"@id\":\"https:\/\/avmedical.ma\/#\/schema\/logo\/image\/\",\"url\":\"https:\/\/avmedical.ma\/wp-content\/uploads\/2024\/02\/logo_avmedical_new.png\",\"contentUrl\":\"https:\/\/avmedical.ma\/wp-content\/uploads\/2024\/02\/logo_avmedical_new.png\",\"width\":420,\"height\":95,\"caption\":\"AVMEDICAL\"},\"image\":{\"@id\":\"https:\/\/avmedical.ma\/#\/schema\/logo\/image\/\"}}]}<\/script>\n<!-- \/ Yoast SEO plugin. -->","yoast_head_json":{"title":"AVMEDICAL Maroc - Mobilier M\u00e9dical - orthop\u00e9die - ophtalmologie","description":"AVMEDICAL Maroc, Mobilier M\u00e9dical, orthop\u00e9die, aide \u00e0 la mobilit\u00e9, ophtalmologie, diagnostique m\u00e9dical et mat\u00e9riel chirurgical.","robots":{"index":"index","follow":"follow","max-snippet":"max-snippet:-1","max-image-preview":"max-image-preview:large","max-video-preview":"max-video-preview:-1"},"canonical":"https:\/\/avmedical.ma\/ar\/a-propos\/","og_locale":"ar_AR","og_type":"article","og_title":"AVMEDICAL Maroc - Mobilier M\u00e9dical - orthop\u00e9die - ophtalmologie","og_description":"AVMEDICAL Maroc, Mobilier M\u00e9dical, orthop\u00e9die, aide \u00e0 la mobilit\u00e9, ophtalmologie, diagnostique m\u00e9dical et mat\u00e9riel chirurgical.","og_url":"https:\/\/avmedical.ma\/ar\/a-propos\/","og_site_name":"AV MEDICAL","article_modified_time":"2025-05-08T16:54:33+00:00","twitter_card":"summary_large_image","twitter_misc":{"\u0648\u0642\u062a \u0627\u0644\u0642\u0631\u0627\u0621\u0629 \u0627\u0644\u0645\u064f\u0642\u062f\u0651\u0631":"\u062f\u0642\u064a\u0642\u0629 \u0648\u0627\u062d\u062f\u0629"},"schema":{"@context":"https:\/\/schema.org","@graph":[{"@type":"WebPage","@id":"https:\/\/avmedical.ma\/a-propos\/","url":"https:\/\/avmedical.ma\/a-propos\/","name":"AVMEDICAL Maroc - Mobilier M\u00e9dical - orthop\u00e9die - ophtalmologie","isPartOf":{"@id":"https:\/\/avmedical.ma\/#website"},"datePublished":"2017-06-10T08:21:56+00:00","dateModified":"2025-05-08T16:54:33+00:00","description":"AVMEDICAL Maroc, Mobilier M\u00e9dical, orthop\u00e9die, aide \u00e0 la mobilit\u00e9, ophtalmologie, diagnostique m\u00e9dical et mat\u00e9riel chirurgical.","breadcrumb":{"@id":"https:\/\/avmedical.ma\/a-propos\/#breadcrumb"},"inLanguage":"ar","potentialAction":[{"@type":"ReadAction","target":["https:\/\/avmedical.ma\/a-propos\/"]}]},{"@type":"BreadcrumbList","@id":"https:\/\/avmedical.ma\/a-propos\/#breadcrumb","itemListElement":[{"@type":"ListItem","position":1,"name":"Accueil","item":"https:\/\/avmedical.ma\/"},{"@type":"ListItem","position":2,"name":"A Propos"}]},{"@type":"WebSite","@id":"https:\/\/avmedical.ma\/#website","url":"https:\/\/avmedical.ma\/","name":"AVMEDICAL Maroc","description":"","publisher":{"@id":"https:\/\/avmedical.ma\/#organization"},"potentialAction":[{"@type":"SearchAction","target":{"@type":"EntryPoint","urlTemplate":"https:\/\/avmedical.ma\/?s={search_term_string}"},"query-input":{"@type":"PropertyValueSpecification","valueRequired":true,"valueName":"search_term_string"}}],"inLanguage":"ar"},{"@type":"Organization","@id":"https:\/\/avmedical.ma\/#organization","name":"AVMEDICAL","url":"https:\/\/avmedical.ma\/","logo":{"@type":"ImageObject","inLanguage":"ar","@id":"https:\/\/avmedical.ma\/#\/schema\/logo\/image\/","url":"https:\/\/avmedical.ma\/wp-content\/uploads\/2024\/02\/logo_avmedical_new.png","contentUrl":"https:\/\/avmedical.ma\/wp-content\/uploads\/2024\/02\/logo_avmedical_new.png","width":420,"height":95,"caption":"AVMEDICAL"},"image":{"@id":"https:\/\/avmedical.ma\/#\/schema\/logo\/image\/"}}]}},"_links":{"self":[{"href":"https:\/\/avmedical.ma\/ar\/wp-json\/wp\/v2\/pages\/17","targetHints":{"allow":["GET"]}}],"collection":[{"href":"https:\/\/avmedical.ma\/ar\/wp-json\/wp\/v2\/pages"}],"about":[{"href":"https:\/\/avmedical.ma\/ar\/wp-json\/wp\/v2\/types\/page"}],"author":[{"embeddable":true,"href":"https:\/\/avmedical.ma\/ar\/wp-json\/wp\/v2\/users\/1"}],"replies":[{"embeddable":true,"href":"https:\/\/avmedical.ma\/ar\/wp-json\/wp\/v2\/comments?post=17"}],"version-history":[{"count":25,"href":"https:\/\/avmedical.ma\/ar\/wp-json\/wp\/v2\/pages\/17\/revisions"}],"predecessor-version":[{"id":2594,"href":"https:\/\/avmedical.ma\/ar\/wp-json\/wp\/v2\/pages\/17\/revisions\/2594"}],"wp:attachment":[{"href":"https:\/\/avmedical.ma\/ar\/wp-json\/wp\/v2\/media?parent=17"}],"curies":[{"name":"wp","href":"https:\/\/api.w.org\/{rel}","templated":true}]}}